{"id":6281,"date":"2019-12-19T10:56:38","date_gmt":"2019-12-19T09:56:38","guid":{"rendered":"https:\/\/www.muzej-idrija-cerkno.si\/?page_id=6281"},"modified":"2019-12-19T10:56:38","modified_gmt":"2019-12-19T09:56:38","slug":"siti","status":"publish","type":"page","link":"https:\/\/www.muzej-idrija-cerkno.si\/it\/obiscite-nas\/siti\/","title":{"rendered":"Siti"},"content":{"rendered":"","protected":false},"excerpt":{"rendered":"","protected":false},"author":1,"featured_media":0,"parent":5443,"menu_order":0,"comment_status":"closed","ping_status":"closed","template":"","meta":{"_acf_changed":false,"footnotes":""},"class_list":["post-6281","page","type-page","status-publish","hentry"],"acf":[],"yoast_head":"<!-- This site is optimized with the Yoast SEO plugin v27.2 - https:\/\/yoast.com\/product\/yoast-seo-wordpress\/ -->\n<title>Siti - Mestni muzej Idrija<\/title>\n<meta name=\"description\" content=\"Ciascuno dei siti del Museo civico di Idrija offre un emozionante viaggio sulle orme di persone di cuore e di mani operose. Venite a scoprire le loro storie insieme a noi.\" \/>\n<meta name=\"robots\" content=\"index, follow, max-snippet:-1, max-image-preview:large, max-video-preview:-1\" \/>\n<link rel=\"canonical\" href=\"https:\/\/www.muzej-idrija-cerkno.si\/it\/obiscite-nas\/siti\/\" \/>\n<meta property=\"og:locale\" content=\"it_IT\" \/>\n<meta property=\"og:type\" content=\"article\" \/>\n<meta property=\"og:title\" content=\"Siti - Mestni muzej Idrija\" \/>\n<meta property=\"og:description\" content=\"Ciascuno dei siti del Museo civico di Idrija offre un emozionante viaggio sulle orme di persone di cuore e di mani operose. Venite a scoprire le loro storie insieme a noi.\" \/>\n<meta property=\"og:url\" content=\"https:\/\/www.muzej-idrija-cerkno.si\/it\/obiscite-nas\/siti\/\" \/>\n<meta property=\"og:site_name\" content=\"Mestni muzej Idrija\" \/>\n<meta name=\"twitter:card\" content=\"summary_large_image\" \/>\n<script type=\"application\/ld+json\" class=\"yoast-schema-graph\">{\"@context\":\"https:\/\/schema.org\",\"@graph\":[{\"@type\":\"WebPage\",\"@id\":\"https:\/\/www.muzej-idrija-cerkno.si\/it\/obiscite-nas\/siti\/\",\"url\":\"https:\/\/www.muzej-idrija-cerkno.si\/it\/obiscite-nas\/siti\/\",\"name\":\"Siti - Mestni muzej Idrija\",\"isPartOf\":{\"@id\":\"https:\/\/www.muzej-idrija-cerkno.si\/#website\"},\"datePublished\":\"2019-12-19T09:56:38+00:00\",\"description\":\"Ciascuno dei siti del Museo civico di Idrija offre un emozionante viaggio sulle orme di persone di cuore e di mani operose. Venite a scoprire le loro storie insieme a noi.\",\"breadcrumb\":{\"@id\":\"https:\/\/www.muzej-idrija-cerkno.si\/it\/obiscite-nas\/siti\/#breadcrumb\"},\"inLanguage\":\"it-IT\",\"potentialAction\":[{\"@type\":\"ReadAction\",\"target\":[\"https:\/\/www.muzej-idrija-cerkno.si\/it\/obiscite-nas\/siti\/\"]}]},{\"@type\":\"BreadcrumbList\",\"@id\":\"https:\/\/www.muzej-idrija-cerkno.si\/it\/obiscite-nas\/siti\/#breadcrumb\",\"itemListElement\":[{\"@type\":\"ListItem\",\"position\":1,\"name\":\"Home\",\"item\":\"https:\/\/www.muzej-idrija-cerkno.si\/it\/\"},{\"@type\":\"ListItem\",\"position\":2,\"name\":\"Visitateci\",\"item\":\"https:\/\/www.muzej-idrija-cerkno.si\/it\/obiscite-nas\/\"},{\"@type\":\"ListItem\",\"position\":3,\"name\":\"Siti\"}]},{\"@type\":\"WebSite\",\"@id\":\"https:\/\/www.muzej-idrija-cerkno.si\/#website\",\"url\":\"https:\/\/www.muzej-idrija-cerkno.si\/\",\"name\":\"Mestni muzej Idrija\",\"description\":\"\u0160e eno spleti\u0161\u010de WordPress\",\"potentialAction\":[{\"@type\":\"SearchAction\",\"target\":{\"@type\":\"EntryPoint\",\"urlTemplate\":\"https:\/\/www.muzej-idrija-cerkno.si\/?s={search_term_string}\"},\"query-input\":{\"@type\":\"PropertyValueSpecification\",\"valueRequired\":true,\"valueName\":\"search_term_string\"}}],\"inLanguage\":\"it-IT\"}]}<\/script>\n<!-- \/ Yoast SEO plugin. -->","yoast_head_json":{"title":"Siti - Mestni muzej Idrija","description":"Ciascuno dei siti del Museo civico di Idrija offre un emozionante viaggio sulle orme di persone di cuore e di mani operose. Venite a scoprire le loro storie insieme a noi.","robots":{"index":"index","follow":"follow","max-snippet":"max-snippet:-1","max-image-preview":"max-image-preview:large","max-video-preview":"max-video-preview:-1"},"canonical":"https:\/\/www.muzej-idrija-cerkno.si\/it\/obiscite-nas\/siti\/","og_locale":"it_IT","og_type":"article","og_title":"Siti - Mestni muzej Idrija","og_description":"Ciascuno dei siti del Museo civico di Idrija offre un emozionante viaggio sulle orme di persone di cuore e di mani operose. Venite a scoprire le loro storie insieme a noi.","og_url":"https:\/\/www.muzej-idrija-cerkno.si\/it\/obiscite-nas\/siti\/","og_site_name":"Mestni muzej Idrija","twitter_card":"summary_large_image","schema":{"@context":"https:\/\/schema.org","@graph":[{"@type":"WebPage","@id":"https:\/\/www.muzej-idrija-cerkno.si\/it\/obiscite-nas\/siti\/","url":"https:\/\/www.muzej-idrija-cerkno.si\/it\/obiscite-nas\/siti\/","name":"Siti - Mestni muzej Idrija","isPartOf":{"@id":"https:\/\/www.muzej-idrija-cerkno.si\/#website"},"datePublished":"2019-12-19T09:56:38+00:00","description":"Ciascuno dei siti del Museo civico di Idrija offre un emozionante viaggio sulle orme di persone di cuore e di mani operose. Venite a scoprire le loro storie insieme a noi.","breadcrumb":{"@id":"https:\/\/www.muzej-idrija-cerkno.si\/it\/obiscite-nas\/siti\/#breadcrumb"},"inLanguage":"it-IT","potentialAction":[{"@type":"ReadAction","target":["https:\/\/www.muzej-idrija-cerkno.si\/it\/obiscite-nas\/siti\/"]}]},{"@type":"BreadcrumbList","@id":"https:\/\/www.muzej-idrija-cerkno.si\/it\/obiscite-nas\/siti\/#breadcrumb","itemListElement":[{"@type":"ListItem","position":1,"name":"Home","item":"https:\/\/www.muzej-idrija-cerkno.si\/it\/"},{"@type":"ListItem","position":2,"name":"Visitateci","item":"https:\/\/www.muzej-idrija-cerkno.si\/it\/obiscite-nas\/"},{"@type":"ListItem","position":3,"name":"Siti"}]},{"@type":"WebSite","@id":"https:\/\/www.muzej-idrija-cerkno.si\/#website","url":"https:\/\/www.muzej-idrija-cerkno.si\/","name":"Mestni muzej Idrija","description":"\u0160e eno spleti\u0161\u010de WordPress","potentialAction":[{"@type":"SearchAction","target":{"@type":"EntryPoint","urlTemplate":"https:\/\/www.muzej-idrija-cerkno.si\/?s={search_term_string}"},"query-input":{"@type":"PropertyValueSpecification","valueRequired":true,"valueName":"search_term_string"}}],"inLanguage":"it-IT"}]}},"_links":{"self":[{"href":"https:\/\/www.muzej-idrija-cerkno.si\/it\/wp-json\/wp\/v2\/pages\/6281","targetHints":{"allow":["GET"]}}],"collection":[{"href":"https:\/\/www.muzej-idrija-cerkno.si\/it\/wp-json\/wp\/v2\/pages"}],"about":[{"href":"https:\/\/www.muzej-idrija-cerkno.si\/it\/wp-json\/wp\/v2\/types\/page"}],"author":[{"embeddable":true,"href":"https:\/\/www.muzej-idrija-cerkno.si\/it\/wp-json\/wp\/v2\/users\/1"}],"replies":[{"embeddable":true,"href":"https:\/\/www.muzej-idrija-cerkno.si\/it\/wp-json\/wp\/v2\/comments?post=6281"}],"version-history":[{"count":1,"href":"https:\/\/www.muzej-idrija-cerkno.si\/it\/wp-json\/wp\/v2\/pages\/6281\/revisions"}],"predecessor-version":[{"id":8007,"href":"https:\/\/www.muzej-idrija-cerkno.si\/it\/wp-json\/wp\/v2\/pages\/6281\/revisions\/8007"}],"up":[{"embeddable":true,"href":"https:\/\/www.muzej-idrija-cerkno.si\/it\/wp-json\/wp\/v2\/pages\/5443"}],"wp:attachment":[{"href":"https:\/\/www.muzej-idrija-cerkno.si\/it\/wp-json\/wp\/v2\/media?parent=6281"}],"curies":[{"name":"wp","href":"https:\/\/api.w.org\/{rel}","templated":true}]}}