{"id":5937,"date":"2019-12-19T09:47:53","date_gmt":"2019-12-19T08:47:53","guid":{"rendered":"https:\/\/www.muzej-idrija-cerkno.si\/?page_id=5937"},"modified":"2019-12-19T10:56:36","modified_gmt":"2019-12-19T09:56:36","slug":"collaboriamo","status":"publish","type":"page","link":"https:\/\/www.muzej-idrija-cerkno.si\/it\/il-museo\/collaboriamo\/","title":{"rendered":"Collaboriamo"},"content":{"rendered":"","protected":false},"excerpt":{"rendered":"","protected":false},"author":1,"featured_media":0,"parent":5760,"menu_order":0,"comment_status":"closed","ping_status":"closed","template":"template-o-muzeju_sodelujemo.php","meta":{"_acf_changed":false,"footnotes":""},"class_list":["post-5937","page","type-page","status-publish","hentry"],"acf":[],"yoast_head":"<!-- This site is optimized with the Yoast SEO plugin v27.2 - https:\/\/yoast.com\/product\/yoast-seo-wordpress\/ -->\n<title>Collaboriamo - Mestni muzej Idrija<\/title>\n<meta name=\"description\" content=\"Il Museo civico di Idrija incoraggia la cooperazione tra le varie parti ed \u00e8 presente sia a livello locale, sia europeo. Scoprite tutto quello che facciamo.\" \/>\n<meta name=\"robots\" content=\"index, follow, max-snippet:-1, max-image-preview:large, max-video-preview:-1\" \/>\n<link rel=\"canonical\" href=\"https:\/\/www.muzej-idrija-cerkno.si\/it\/il-museo\/collaboriamo\/\" \/>\n<meta property=\"og:locale\" content=\"it_IT\" \/>\n<meta property=\"og:type\" content=\"article\" \/>\n<meta property=\"og:title\" content=\"Collaboriamo - Mestni muzej Idrija\" \/>\n<meta property=\"og:description\" content=\"Il Museo civico di Idrija incoraggia la cooperazione tra le varie parti ed \u00e8 presente sia a livello locale, sia europeo. Scoprite tutto quello che facciamo.\" \/>\n<meta property=\"og:url\" content=\"https:\/\/www.muzej-idrija-cerkno.si\/it\/il-museo\/collaboriamo\/\" \/>\n<meta property=\"og:site_name\" content=\"Mestni muzej Idrija\" \/>\n<meta property=\"article:modified_time\" content=\"2019-12-19T09:56:36+00:00\" \/>\n<meta name=\"twitter:card\" content=\"summary_large_image\" \/>\n<script type=\"application\/ld+json\" class=\"yoast-schema-graph\">{\"@context\":\"https:\/\/schema.org\",\"@graph\":[{\"@type\":\"WebPage\",\"@id\":\"https:\/\/www.muzej-idrija-cerkno.si\/it\/il-museo\/collaboriamo\/\",\"url\":\"https:\/\/www.muzej-idrija-cerkno.si\/it\/il-museo\/collaboriamo\/\",\"name\":\"Collaboriamo - Mestni muzej Idrija\",\"isPartOf\":{\"@id\":\"https:\/\/www.muzej-idrija-cerkno.si\/#website\"},\"datePublished\":\"2019-12-19T08:47:53+00:00\",\"dateModified\":\"2019-12-19T09:56:36+00:00\",\"description\":\"Il Museo civico di Idrija incoraggia la cooperazione tra le varie parti ed \u00e8 presente sia a livello locale, sia europeo. Scoprite tutto quello che facciamo.\",\"breadcrumb\":{\"@id\":\"https:\/\/www.muzej-idrija-cerkno.si\/it\/il-museo\/collaboriamo\/#breadcrumb\"},\"inLanguage\":\"it-IT\",\"potentialAction\":[{\"@type\":\"ReadAction\",\"target\":[\"https:\/\/www.muzej-idrija-cerkno.si\/it\/il-museo\/collaboriamo\/\"]}]},{\"@type\":\"BreadcrumbList\",\"@id\":\"https:\/\/www.muzej-idrija-cerkno.si\/it\/il-museo\/collaboriamo\/#breadcrumb\",\"itemListElement\":[{\"@type\":\"ListItem\",\"position\":1,\"name\":\"Home\",\"item\":\"https:\/\/www.muzej-idrija-cerkno.si\/it\/\"},{\"@type\":\"ListItem\",\"position\":2,\"name\":\"Il museo\",\"item\":\"https:\/\/www.muzej-idrija-cerkno.si\/it\/il-museo\/\"},{\"@type\":\"ListItem\",\"position\":3,\"name\":\"Collaboriamo\"}]},{\"@type\":\"WebSite\",\"@id\":\"https:\/\/www.muzej-idrija-cerkno.si\/#website\",\"url\":\"https:\/\/www.muzej-idrija-cerkno.si\/\",\"name\":\"Mestni muzej Idrija\",\"description\":\"\u0160e eno spleti\u0161\u010de WordPress\",\"potentialAction\":[{\"@type\":\"SearchAction\",\"target\":{\"@type\":\"EntryPoint\",\"urlTemplate\":\"https:\/\/www.muzej-idrija-cerkno.si\/?s={search_term_string}\"},\"query-input\":{\"@type\":\"PropertyValueSpecification\",\"valueRequired\":true,\"valueName\":\"search_term_string\"}}],\"inLanguage\":\"it-IT\"}]}<\/script>\n<!-- \/ Yoast SEO plugin. -->","yoast_head_json":{"title":"Collaboriamo - Mestni muzej Idrija","description":"Il Museo civico di Idrija incoraggia la cooperazione tra le varie parti ed \u00e8 presente sia a livello locale, sia europeo. Scoprite tutto quello che facciamo.","robots":{"index":"index","follow":"follow","max-snippet":"max-snippet:-1","max-image-preview":"max-image-preview:large","max-video-preview":"max-video-preview:-1"},"canonical":"https:\/\/www.muzej-idrija-cerkno.si\/it\/il-museo\/collaboriamo\/","og_locale":"it_IT","og_type":"article","og_title":"Collaboriamo - Mestni muzej Idrija","og_description":"Il Museo civico di Idrija incoraggia la cooperazione tra le varie parti ed \u00e8 presente sia a livello locale, sia europeo. Scoprite tutto quello che facciamo.","og_url":"https:\/\/www.muzej-idrija-cerkno.si\/it\/il-museo\/collaboriamo\/","og_site_name":"Mestni muzej Idrija","article_modified_time":"2019-12-19T09:56:36+00:00","twitter_card":"summary_large_image","schema":{"@context":"https:\/\/schema.org","@graph":[{"@type":"WebPage","@id":"https:\/\/www.muzej-idrija-cerkno.si\/it\/il-museo\/collaboriamo\/","url":"https:\/\/www.muzej-idrija-cerkno.si\/it\/il-museo\/collaboriamo\/","name":"Collaboriamo - Mestni muzej Idrija","isPartOf":{"@id":"https:\/\/www.muzej-idrija-cerkno.si\/#website"},"datePublished":"2019-12-19T08:47:53+00:00","dateModified":"2019-12-19T09:56:36+00:00","description":"Il Museo civico di Idrija incoraggia la cooperazione tra le varie parti ed \u00e8 presente sia a livello locale, sia europeo. Scoprite tutto quello che facciamo.","breadcrumb":{"@id":"https:\/\/www.muzej-idrija-cerkno.si\/it\/il-museo\/collaboriamo\/#breadcrumb"},"inLanguage":"it-IT","potentialAction":[{"@type":"ReadAction","target":["https:\/\/www.muzej-idrija-cerkno.si\/it\/il-museo\/collaboriamo\/"]}]},{"@type":"BreadcrumbList","@id":"https:\/\/www.muzej-idrija-cerkno.si\/it\/il-museo\/collaboriamo\/#breadcrumb","itemListElement":[{"@type":"ListItem","position":1,"name":"Home","item":"https:\/\/www.muzej-idrija-cerkno.si\/it\/"},{"@type":"ListItem","position":2,"name":"Il museo","item":"https:\/\/www.muzej-idrija-cerkno.si\/it\/il-museo\/"},{"@type":"ListItem","position":3,"name":"Collaboriamo"}]},{"@type":"WebSite","@id":"https:\/\/www.muzej-idrija-cerkno.si\/#website","url":"https:\/\/www.muzej-idrija-cerkno.si\/","name":"Mestni muzej Idrija","description":"\u0160e eno spleti\u0161\u010de WordPress","potentialAction":[{"@type":"SearchAction","target":{"@type":"EntryPoint","urlTemplate":"https:\/\/www.muzej-idrija-cerkno.si\/?s={search_term_string}"},"query-input":{"@type":"PropertyValueSpecification","valueRequired":true,"valueName":"search_term_string"}}],"inLanguage":"it-IT"}]}},"_links":{"self":[{"href":"https:\/\/www.muzej-idrija-cerkno.si\/it\/wp-json\/wp\/v2\/pages\/5937","targetHints":{"allow":["GET"]}}],"collection":[{"href":"https:\/\/www.muzej-idrija-cerkno.si\/it\/wp-json\/wp\/v2\/pages"}],"about":[{"href":"https:\/\/www.muzej-idrija-cerkno.si\/it\/wp-json\/wp\/v2\/types\/page"}],"author":[{"embeddable":true,"href":"https:\/\/www.muzej-idrija-cerkno.si\/it\/wp-json\/wp\/v2\/users\/1"}],"replies":[{"embeddable":true,"href":"https:\/\/www.muzej-idrija-cerkno.si\/it\/wp-json\/wp\/v2\/comments?post=5937"}],"version-history":[{"count":2,"href":"https:\/\/www.muzej-idrija-cerkno.si\/it\/wp-json\/wp\/v2\/pages\/5937\/revisions"}],"predecessor-version":[{"id":7933,"href":"https:\/\/www.muzej-idrija-cerkno.si\/it\/wp-json\/wp\/v2\/pages\/5937\/revisions\/7933"}],"up":[{"embeddable":true,"href":"https:\/\/www.muzej-idrija-cerkno.si\/it\/wp-json\/wp\/v2\/pages\/5760"}],"wp:attachment":[{"href":"https:\/\/www.muzej-idrija-cerkno.si\/it\/wp-json\/wp\/v2\/media?parent=5937"}],"curies":[{"name":"wp","href":"https:\/\/api.w.org\/{rel}","templated":true}]}}