{"id":5885,"date":"2019-12-19T09:48:57","date_gmt":"2019-12-19T08:48:57","guid":{"rendered":"https:\/\/www.muzej-idrija-cerkno.si\/?page_id=5885"},"modified":"2019-12-19T10:56:37","modified_gmt":"2019-12-19T09:56:37","slug":"storia-del-museo","status":"publish","type":"page","link":"https:\/\/www.muzej-idrija-cerkno.si\/it\/il-museo\/storia-del-museo\/","title":{"rendered":"Storia del museo"},"content":{"rendered":"<div id='av_section_1'  class='avia-section av-1051e-bf2209b0095c5c52a11ed683cbb1614c main_color avia-section-default avia-no-border-styling  avia-builder-el-0  el_before_av_section  avia-builder-el-first  avia-bg-style-scroll container_wrap fullsize'  ><div class='container av-section-cont-open' ><main  role=\"main\" itemprop=\"mainContentOfPage\"  class='template-page content  av-content-full alpha units'><div class='post-entry post-entry-type-page post-entry-5885'><div class='entry-content-wrapper clearfix'>\n<section  class='av_textblock_section av-jks223ci-d222087d073da0ffaa008c0b66aac84f '   itemscope=\"itemscope\" itemtype=\"https:\/\/schema.org\/CreativeWork\" ><div class='avia_textblock'  itemprop=\"text\" ><h2>Storia del museo<\/h2>\n<p>Il Museo civico di Idrija fu istituito il 21 gennaio 1953 &#8220;&#8230; con lo scopo di preservare la miniera di mercurio di Idrija, di gestire e conservare monumenti culturali e altri pezzi espositivi che gli vengono assegnati o che vengono raccolti dallo stesso, di organizzare le seguenti collezioni: dipartimento tecnico minerario, dipartimento di storia con divisione speciale sulla lotta di liberazione nazionale, dipartimento di storia naturale e dipartimento etnografico per ricercare, di collezionare, di organizzare mostre, di organizzare una biblioteca per lo studio e di sviluppare un&#8217;attivit\u00e0 pubblicitaria&#8230; &#8220;. Le fondamenta del museo furono gettate, in senso figurato, con la collezione geologica, etnologica e di storia generale. Le sue attivit\u00e0, sin dall&#8217;inizio, hanno incluso la protezione del patrimonio culturale immobile.<\/p>\n<p>Il primo direttore fu Sre\u010dko Logar e il quartier generale del museo era collocato in quello che un tempo era stato un deposito di grano \u2013 il magazzino minerario. Nel 1954, il museo riceve in gestione il Castello Gewerkenegg, dove ha sede tutt&#8217;oggi. Gli ultimi 30 anni del museo sono stati caratterizzati da intense opere di restauro dei monumenti in gestione e dalla realizzazione di nuove mostre permanenti (Cinque secoli della miniera di mercurio e della citt\u00e0 di Idrija; Pietre miliari del 20\u00b0 secolo; Macchinari e dispositivi in miniera; Vita e opera di France Bevk; Il territorio di Cerkno attraverso il tempo ; \u00c8 tutta colpa del Carnevale!: Storia dei Laufarji di Cerkno; Stile di vita di un minatore di Idrija; Il merletto di Idrija, Una storia intessuta con il filo; La pompa di Kley; mostra museale in situ presso l&#8217;Ospedale partigiano Franja; Sulle tracce di Mercurio: Idrija e Almad\u00e9n), mentre gli ultimi cinque anni hanno assistito alla digitalizzazione (libri di inventario digitale), alla valutazione del materiale museale e a un lavoro sistematico e incessante sul patrimonio immateriale (raccolta di storie di vita, registrazione dei processi di lavoro, unit\u00e0 di registrazione).<\/p>\n<\/div><\/section>\n\n<\/div><\/div><\/main><!-- close content main element --><\/div><\/div><div id='av_section_2'  class='avia-section av-15jva-b126233aaabe59db4fe8111f3d2421b8 main_color avia-section-default avia-no-border-styling  avia-builder-el-2  el_after_av_section  avia-builder-el-last  avia-bg-style-scroll container_wrap fullsize'  ><div class='container av-section-cont-open' ><div class='template-page content  av-content-full alpha units'><div class='post-entry post-entry-type-page post-entry-5885'><div class='entry-content-wrapper clearfix'>\n<section  class='av_textblock_section av-jks23x5l-a5e4c89b653562d7e777971d7d0ed513 '   itemscope=\"itemscope\" itemtype=\"https:\/\/schema.org\/CreativeWork\" ><div class='avia_textblock'  itemprop=\"text\" ><h3>Pietre miliari nell&#8217;attivit\u00e0 del Museo civico di Idrija<\/h3>\n<div class=\"wrap_timeline\"><div class=\"leto \"><div class=\"letnica\">1953<\/div><div class=\"leto_opis av-animated-generic right-to-left\"><p>Istituzione del museo; viene rilevata dal precedente comitato museale (costituito nel 1952) la custodia di alcune strutture minerarie (magazzino minerario, Kam\u0161t di Idrija, pompa di Kley, diverse macchine e dispositivi della sala di sortaggio, della fonderia e della centrale elettrica)<\/p>\n<\/div><\/div><div class=\"leto \"><div class=\"letnica\">1954<\/div><div class=\"leto_opis av-animated-generic right-to-left\"><p>Apre al pubblico la famosa Kam\u0161t di Idrija (impianto di pompaggio con una ruota motrice in legno di 13,6 m di diametro, risalente al 1790); la maggior parte delle macchine e installazioni minerarie vengono esposte nel cortile del castello.<\/p>\n<\/div><\/div><div class=\"leto \"><div class=\"letnica\">1956<\/div><div class=\"leto_opis av-animated-generic right-to-left\"><p>Il castello ospita i primi due spazi espositivi (la collezione geologico-mineralogica, Sala Pirnat).<\/p>\n<p>Sotto l&#8217;egida del museo escono i primi numeri della rivista di storia locale &#8220;Idrijski razgledi&#8221;.<\/p>\n<\/div><\/div><div class=\"leto \"><div class=\"letnica\">1957<\/div><div class=\"leto_opis av-animated-generic right-to-left\"><p>La tipografia partigiana &#8220;Slovenija&#8221; di Vojsko passa sotto l&#8217;amministrazione del museo.<\/p>\n<\/div><\/div><div class=\"leto \"><div class=\"letnica\">1963<\/div><div class=\"leto_opis av-animated-generic right-to-left\"><p>Il museo prende in gestione l&#8217;ospedale partigiano Franja di Dolenjji Novaki pri Cerknem.<\/p>\n<\/div><\/div><div class=\"leto \"><div class=\"letnica\">1956-1968<\/div><div class=\"leto_opis av-animated-generic right-to-left\"><p>Completamento delle collezioni museali e di nuove mostre permanenti: collezione carsica-speleologica, rappresentazione di una miniera, settore fonderia, settore strumenti di salvataggio e protezione, settore lotta di liberazione nazionale (NOB) e settore storia dell&#8217;arte.<\/p>\n<\/div><\/div><div class=\"leto \"><div class=\"letnica\">1969<\/div><div class=\"leto_opis av-animated-generic right-to-left\"><p>Inizio delle attivit\u00e0 della galleria d&#8217;arte, apertura della Galleria Idrija e organizzazione di corsi di pittura di alto livello.<\/p>\n<\/div><\/div><div class=\"leto \"><div class=\"letnica\">1972<\/div><div class=\"leto_opis av-animated-generic right-to-left\"><p>Il Divje jezero (Lago selvaggio), gestito dal museo, viene proclamato primo museo nella natura in Slovenia.<\/p>\n<\/div><\/div><div class=\"leto \"><div class=\"letnica\">1978<\/div><div class=\"leto_opis av-animated-generic right-to-left\"><p>Apertura del settore sulla lotta di liberazione nazionale nell&#8217;edificio della vecchia scuola elementare, a Cerkno.<\/p>\n<\/div><\/div><div class=\"leto \"><div class=\"letnica\">1985<\/div><div class=\"leto_opis av-animated-generic right-to-left\"><p>Acquisizione di una tipica casa di minatori a Idrija, in via Bazovi\u0161ka 4, e della fattoria dello scrittore France Bevk, a Zakojca.<\/p>\n<\/div><\/div><div class=\"leto \"><div class=\"letnica\">1988<\/div><div class=\"leto_opis av-animated-generic right-to-left\"><p>Inizio della completa e sistematica ristrutturazione del castello Gewerkenegg sulla base del programma di conservazione dell&#8217;Istituto per la protezione dei monumenti di Nova Gorica.<\/p>\n<\/div><\/div><div class=\"leto \"><div class=\"letnica\">1989-1990<\/div><div class=\"leto_opis av-animated-generic right-to-left\"><p>Restauro dell&#8217;ospedale partigiano Franja dopo una frana che aveva bloccato la via di accesso e danneggiato alcune baracche sulla piana presso l&#8217;ingresso nel gennaio 1989.<\/p>\n<\/div><\/div><div class=\"leto \"><div class=\"letnica\">1990-2009<\/div><div class=\"leto_opis av-animated-generic right-to-left\"><p>Trasferimento delle macchine e delle attrezzature della miniera dal cortile del castello all&#8217;area del pozzo di Francesco, dove viene allestito il settore tecnico del museo; i singoli spazi espositivi vengono gradualmente aperti ai visitatori: macchinari e dispositivi (1992, 1998), macchine di lavorazione (1998), pompa di Kley (2009).<\/p>\n<\/div><\/div><div class=\"leto \"><div class=\"letnica\">1990<\/div><div class=\"leto_opis av-animated-generic right-to-left\"><p>In occasione del centenario della nascita dello scrittore France Bevk, apertura dell&#8217;esposizione nella sua fattoria a Zakojca.<\/p>\n<\/div><\/div><div class=\"leto \"><div class=\"letnica\">1991<\/div><div class=\"leto_opis av-animated-generic right-to-left\"><p>Completamento della ricostruzione pluriennale delle barriere idriche in muratura \u2013 le chiuse sui fiumi Idrijca e Belca.<\/p>\n<\/div><\/div><div class=\"leto \"><div class=\"letnica\">1990-1994<\/div><div class=\"leto_opis av-animated-generic right-to-left\"><p>Lavori di ristrutturazione della Kam\u0161t di Idrija.<\/p>\n<\/div><\/div><div class=\"leto \"><div class=\"letnica\">1995<\/div><div class=\"leto_opis av-animated-generic right-to-left\"><p>Inaugurazione della mostra permanente sul design contemporaneo &#8220;Cinque secoli della miniera di mercurio e della citt\u00e0 di Idrija&#8221;, al primo piano ristrutturato del castello Gewerkenegg.<\/p>\n<\/div><\/div><div class=\"leto \"><div class=\"letnica\">1997<\/div><div class=\"leto_opis av-animated-generic right-to-left\"><p>Il museo, per la mostra &#8220;Cinque secoli della miniera di mercurio e della citt\u00e0 di Idrija&#8221;, nonch\u00e9 per la sua completa operativit\u00e0, viene insignito del premio Luigi Micheletti dal Forum dei musei europei e viene proclamato miglior museo europeo sul patrimonio industriale e tecnico.<\/p>\n<\/div><\/div><div class=\"leto \"><div class=\"letnica\">1998-2001<\/div><div class=\"leto_opis av-animated-generic right-to-left\"><p>Ristrutturazione della casa-museo a Cerkno e ristrutturazione di alcuni locali per le nuove mostre permanenti e temporanee.<\/p>\n<\/div><\/div><div class=\"leto \"><div class=\"letnica\">2000<\/div><div class=\"leto_opis av-animated-generic right-to-left\"><p>Locomotive e carri per il trasporto dei minerali vengono esposti sulla piana sopra la Kam\u0161t.<\/p>\n<\/div><\/div><div class=\"leto \"><div class=\"letnica\">2002<\/div><div class=\"leto_opis av-animated-generic right-to-left\"><p>Rappresentazione degli ambienti tipici di una famiglia di minatori all&#8217;inizio del XX secolo nella casa restaurata dei minatori di Idrija.<\/p>\n<\/div><\/div><div class=\"leto \"><div class=\"letnica\">2003<\/div><div class=\"leto_opis av-animated-generic right-to-left\"><p>Apertura delle mostre permanenti &#8220;Pietre miliari del 20\u00b0 secolo&#8221; al castello Gewerkenegg di Idrija e &#8220;Cerkno attraverso i secoli&#8221; al Museo di Cerkno.<\/p>\n<\/div><\/div><div class=\"leto \"><div class=\"letnica\">2005<\/div><div class=\"leto_opis av-animated-generic right-to-left\"><p>Fine del restauro delle chiuse di Kanomelj; ricostruzione del meccanismo di apertura delle paratie.<\/p>\n<\/div><\/div><div class=\"leto \"><div class=\"letnica\">2006<\/div><div class=\"leto_opis av-animated-generic right-to-left\"><p>Apertura della mostra permanente &#8220;\u00c8 tutta colpa di Carnevale! Storia dei Laufarji di Cerkno&#8221; presso il Museo di Cerkno. I numerosi lavori di risanamento sul pendio del Veliki Njiv\u010d, sopra la gola di Pasice, consentono nuovamente la visita sicura dell&#8217;Ospedale partigiano Franja.<\/p>\n<\/div><\/div><div class=\"leto \"><div class=\"letnica\">2008<\/div><div class=\"leto_opis av-animated-generic right-to-left\"><p>Inaugurazione della mostra permanente &#8220;Il merletto di Idrija, una storia intessuta con il filo&#8221; presso il Castello di Idrija.<\/p>\n<\/div><\/div><div class=\"leto \"><div class=\"letnica\">2010<\/div><div class=\"leto_opis av-animated-generic right-to-left\"><p>Apertura del rinnovato Ospedale partigiano Franja dopo la devastante alluvione del settembre 2007.<\/p>\n<\/div><\/div><div class=\"leto \"><div class=\"letnica\">2012<\/div><div class=\"leto_opis av-animated-generic right-to-left\"><p>L&#8217;eredit\u00e0 del mercurio. Almad\u00e9n e Idrija entrano nella lista del Patrimonio mondiale dell&#8217;Unesco; una serie di reperti gestiti dal museo viene iscritta come Patrimonio dell&#8217;UNESCO.<\/p>\n<\/div><\/div><div class=\"leto \"><div class=\"letnica\">2012-2014<\/div><div class=\"leto_opis av-animated-generic right-to-left\"><p>Il museo pubblica la prima monografia completa sul merletto di Idrija in sloveno e in inglese<em>(Il merletto di Idrija, una storia intessuta con il filo)<\/em>.<\/p>\n<\/div><\/div><div class=\"leto \"><div class=\"letnica\">2013<\/div><div class=\"leto_opis av-animated-generic right-to-left\"><p>La tessitura del merletto di Idrija, su iniziativa del museo, viene iscritta nel registro dell&#8217;eredit\u00e0 culturale immateriale della Repubblica di Slovenia.<\/p>\n<p>Apre l&#8217;esposizione permanente sul Patrimonio dell&#8217;UNESCO di Idrija e Almad\u00e9n &#8220;Sulle tracce di Mercurio: Idrija e Almad\u00e9n&#8221;.<\/p>\n<\/div><\/div><div class=\"leto \"><div class=\"letnica\">2014<\/div><div class=\"leto_opis av-animated-generic right-to-left\"><p>La grandine colpisce i dintorni della tipografia partigiana Slovenija, lasciandola per\u00f2 intatta.<\/p>\n<\/div><\/div><div class=\"leto \"><div class=\"letnica\">2017<\/div><div class=\"leto_opis av-animated-generic right-to-left\"><p>La ristrutturazione statica delle colonne del porticato e il rinnovo del corridoio dei portici concludono i lavori di bonifica del castello Gewerkenegg.<\/p>\n<\/div><\/div><div class=\"leto \"><div class=\"letnica\">2018<\/div><div class=\"leto_opis av-animated-generic right-to-left\"><p>Sistemazione del lapidario del castello, che presenta monumenti epigrafici risalenti al periodo tra il XVI e il XIX secolo.<\/p>\n<p>La lavorazione del merletto in Slovenia viene iscritta nella lista rappresentativa dell&#8217;UNESCO del Patrimonio culturale immateriale dell&#8217;Umanit\u00e0; il museo ha partecipato alla preparazione della candidatura.<\/p>\n<\/div><\/div><\/div>\n<\/div><\/section>\n\n","protected":false},"excerpt":{"rendered":"","protected":false},"author":1,"featured_media":0,"parent":5760,"menu_order":0,"comment_status":"closed","ping_status":"closed","template":"template-o-muzeju_zgodovina-muzeja.php","meta":{"_acf_changed":false,"footnotes":""},"class_list":["post-5885","page","type-page","status-publish","hentry"],"acf":[],"yoast_head":"<!-- This site is optimized with the Yoast SEO plugin v27.2 - https:\/\/yoast.com\/product\/yoast-seo-wordpress\/ -->\n<title>Storia del museo - Mestni muzej Idrija<\/title>\n<meta name=\"description\" content=\"Approfondite gli eventi che sin dall&#039;apertura, nel 1953, hanno segnato maggiormente lo sviluppo del nostro museo e portato il nostro patrimonio nel mondo.\" \/>\n<meta name=\"robots\" content=\"index, follow, max-snippet:-1, max-image-preview:large, max-video-preview:-1\" \/>\n<link rel=\"canonical\" href=\"https:\/\/www.muzej-idrija-cerkno.si\/it\/il-museo\/storia-del-museo\/\" \/>\n<meta property=\"og:locale\" content=\"it_IT\" \/>\n<meta property=\"og:type\" content=\"article\" \/>\n<meta property=\"og:title\" content=\"Storia del museo - Mestni muzej Idrija\" \/>\n<meta property=\"og:description\" content=\"Approfondite gli eventi che sin dall&#039;apertura, nel 1953, hanno segnato maggiormente lo sviluppo del nostro museo e portato il nostro patrimonio nel mondo.\" \/>\n<meta property=\"og:url\" content=\"https:\/\/www.muzej-idrija-cerkno.si\/it\/il-museo\/storia-del-museo\/\" \/>\n<meta property=\"og:site_name\" content=\"Mestni muzej Idrija\" \/>\n<meta property=\"article:modified_time\" content=\"2019-12-19T09:56:37+00:00\" \/>\n<meta name=\"twitter:card\" content=\"summary_large_image\" \/>\n<meta name=\"twitter:label1\" content=\"Tempo di lettura stimato\" \/>\n\t<meta name=\"twitter:data1\" content=\"3 minuti\" \/>\n<script type=\"application\/ld+json\" class=\"yoast-schema-graph\">{\"@context\":\"https:\/\/schema.org\",\"@graph\":[{\"@type\":\"WebPage\",\"@id\":\"https:\/\/www.muzej-idrija-cerkno.si\/it\/il-museo\/storia-del-museo\/\",\"url\":\"https:\/\/www.muzej-idrija-cerkno.si\/it\/il-museo\/storia-del-museo\/\",\"name\":\"Storia del museo - Mestni muzej Idrija\",\"isPartOf\":{\"@id\":\"https:\/\/www.muzej-idrija-cerkno.si\/#website\"},\"datePublished\":\"2019-12-19T08:48:57+00:00\",\"dateModified\":\"2019-12-19T09:56:37+00:00\",\"description\":\"Approfondite gli eventi che sin dall'apertura, nel 1953, hanno segnato maggiormente lo sviluppo del nostro museo e portato il nostro patrimonio nel mondo.\",\"breadcrumb\":{\"@id\":\"https:\/\/www.muzej-idrija-cerkno.si\/it\/il-museo\/storia-del-museo\/#breadcrumb\"},\"inLanguage\":\"it-IT\",\"potentialAction\":[{\"@type\":\"ReadAction\",\"target\":[\"https:\/\/www.muzej-idrija-cerkno.si\/it\/il-museo\/storia-del-museo\/\"]}]},{\"@type\":\"BreadcrumbList\",\"@id\":\"https:\/\/www.muzej-idrija-cerkno.si\/it\/il-museo\/storia-del-museo\/#breadcrumb\",\"itemListElement\":[{\"@type\":\"ListItem\",\"position\":1,\"name\":\"Home\",\"item\":\"https:\/\/www.muzej-idrija-cerkno.si\/it\/\"},{\"@type\":\"ListItem\",\"position\":2,\"name\":\"Il museo\",\"item\":\"https:\/\/www.muzej-idrija-cerkno.si\/it\/il-museo\/\"},{\"@type\":\"ListItem\",\"position\":3,\"name\":\"Storia del museo\"}]},{\"@type\":\"WebSite\",\"@id\":\"https:\/\/www.muzej-idrija-cerkno.si\/#website\",\"url\":\"https:\/\/www.muzej-idrija-cerkno.si\/\",\"name\":\"Mestni muzej Idrija\",\"description\":\"\u0160e eno spleti\u0161\u010de WordPress\",\"potentialAction\":[{\"@type\":\"SearchAction\",\"target\":{\"@type\":\"EntryPoint\",\"urlTemplate\":\"https:\/\/www.muzej-idrija-cerkno.si\/?s={search_term_string}\"},\"query-input\":{\"@type\":\"PropertyValueSpecification\",\"valueRequired\":true,\"valueName\":\"search_term_string\"}}],\"inLanguage\":\"it-IT\"}]}<\/script>\n<!-- \/ Yoast SEO plugin. -->","yoast_head_json":{"title":"Storia del museo - Mestni muzej Idrija","description":"Approfondite gli eventi che sin dall'apertura, nel 1953, hanno segnato maggiormente lo sviluppo del nostro museo e portato il nostro patrimonio nel mondo.","robots":{"index":"index","follow":"follow","max-snippet":"max-snippet:-1","max-image-preview":"max-image-preview:large","max-video-preview":"max-video-preview:-1"},"canonical":"https:\/\/www.muzej-idrija-cerkno.si\/it\/il-museo\/storia-del-museo\/","og_locale":"it_IT","og_type":"article","og_title":"Storia del museo - Mestni muzej Idrija","og_description":"Approfondite gli eventi che sin dall'apertura, nel 1953, hanno segnato maggiormente lo sviluppo del nostro museo e portato il nostro patrimonio nel mondo.","og_url":"https:\/\/www.muzej-idrija-cerkno.si\/it\/il-museo\/storia-del-museo\/","og_site_name":"Mestni muzej Idrija","article_modified_time":"2019-12-19T09:56:37+00:00","twitter_card":"summary_large_image","twitter_misc":{"Tempo di lettura stimato":"3 minuti"},"schema":{"@context":"https:\/\/schema.org","@graph":[{"@type":"WebPage","@id":"https:\/\/www.muzej-idrija-cerkno.si\/it\/il-museo\/storia-del-museo\/","url":"https:\/\/www.muzej-idrija-cerkno.si\/it\/il-museo\/storia-del-museo\/","name":"Storia del museo - Mestni muzej Idrija","isPartOf":{"@id":"https:\/\/www.muzej-idrija-cerkno.si\/#website"},"datePublished":"2019-12-19T08:48:57+00:00","dateModified":"2019-12-19T09:56:37+00:00","description":"Approfondite gli eventi che sin dall'apertura, nel 1953, hanno segnato maggiormente lo sviluppo del nostro museo e portato il nostro patrimonio nel mondo.","breadcrumb":{"@id":"https:\/\/www.muzej-idrija-cerkno.si\/it\/il-museo\/storia-del-museo\/#breadcrumb"},"inLanguage":"it-IT","potentialAction":[{"@type":"ReadAction","target":["https:\/\/www.muzej-idrija-cerkno.si\/it\/il-museo\/storia-del-museo\/"]}]},{"@type":"BreadcrumbList","@id":"https:\/\/www.muzej-idrija-cerkno.si\/it\/il-museo\/storia-del-museo\/#breadcrumb","itemListElement":[{"@type":"ListItem","position":1,"name":"Home","item":"https:\/\/www.muzej-idrija-cerkno.si\/it\/"},{"@type":"ListItem","position":2,"name":"Il museo","item":"https:\/\/www.muzej-idrija-cerkno.si\/it\/il-museo\/"},{"@type":"ListItem","position":3,"name":"Storia del museo"}]},{"@type":"WebSite","@id":"https:\/\/www.muzej-idrija-cerkno.si\/#website","url":"https:\/\/www.muzej-idrija-cerkno.si\/","name":"Mestni muzej Idrija","description":"\u0160e eno spleti\u0161\u010de WordPress","potentialAction":[{"@type":"SearchAction","target":{"@type":"EntryPoint","urlTemplate":"https:\/\/www.muzej-idrija-cerkno.si\/?s={search_term_string}"},"query-input":{"@type":"PropertyValueSpecification","valueRequired":true,"valueName":"search_term_string"}}],"inLanguage":"it-IT"}]}},"_links":{"self":[{"href":"https:\/\/www.muzej-idrija-cerkno.si\/it\/wp-json\/wp\/v2\/pages\/5885","targetHints":{"allow":["GET"]}}],"collection":[{"href":"https:\/\/www.muzej-idrija-cerkno.si\/it\/wp-json\/wp\/v2\/pages"}],"about":[{"href":"https:\/\/www.muzej-idrija-cerkno.si\/it\/wp-json\/wp\/v2\/types\/page"}],"author":[{"embeddable":true,"href":"https:\/\/www.muzej-idrija-cerkno.si\/it\/wp-json\/wp\/v2\/users\/1"}],"replies":[{"embeddable":true,"href":"https:\/\/www.muzej-idrija-cerkno.si\/it\/wp-json\/wp\/v2\/comments?post=5885"}],"version-history":[{"count":2,"href":"https:\/\/www.muzej-idrija-cerkno.si\/it\/wp-json\/wp\/v2\/pages\/5885\/revisions"}],"predecessor-version":[{"id":7936,"href":"https:\/\/www.muzej-idrija-cerkno.si\/it\/wp-json\/wp\/v2\/pages\/5885\/revisions\/7936"}],"up":[{"embeddable":true,"href":"https:\/\/www.muzej-idrija-cerkno.si\/it\/wp-json\/wp\/v2\/pages\/5760"}],"wp:attachment":[{"href":"https:\/\/www.muzej-idrija-cerkno.si\/it\/wp-json\/wp\/v2\/media?parent=5885"}],"curies":[{"name":"wp","href":"https:\/\/api.w.org\/{rel}","templated":true}]}}