{"id":5825,"date":"2019-12-19T10:56:36","date_gmt":"2019-12-19T09:56:36","guid":{"rendered":"https:\/\/www.muzej-idrija-cerkno.si\/?page_id=5825"},"modified":"2019-12-19T10:56:36","modified_gmt":"2019-12-19T09:56:36","slug":"premi-e-riconoscimenti","status":"publish","type":"page","link":"https:\/\/www.muzej-idrija-cerkno.si\/it\/il-museo\/premi-e-riconoscimenti\/","title":{"rendered":"Premi e riconoscimenti"},"content":{"rendered":"<div id='av_section_1'  class='avia-section av-11y5y-aa6ebc3cd1d0267069cb337d78d3d932 main_color avia-section-default avia-no-border-styling  avia-builder-el-0  avia-builder-el-no-sibling  avia-bg-style-scroll container_wrap fullsize'  ><div class='container av-section-cont-open' ><main  role=\"main\" itemprop=\"mainContentOfPage\"  class='template-page content  av-content-full alpha units'><div class='post-entry post-entry-type-page post-entry-5825'><div class='entry-content-wrapper clearfix'>\n<section  class='av_textblock_section av-jkt9loyu-02c301bd3ffb5f3bcb426b066fe682e7 '   itemscope=\"itemscope\" itemtype=\"https:\/\/schema.org\/CreativeWork\" ><div class='avia_textblock'  itemprop=\"text\" ><div class=\"wrap_nagrad\"><div class=\"posamezna_nagrada\" id=\"nagrada0\"><h2>Premio Pirnat 1993<\/h2><div class=\"imgwrap\"><img decoding=\"async\" src=\"https:\/\/www.muzej-idrija-cerkno.si\/wp-content\/uploads\/2018\/08\/Prinatova_nagrada_remake-1.jpg\"><\/div><div class=\"opis\"><p>Il Premio Pirnat, il pi\u00f9 alto riconoscimento del comune di Idrija, viene assegnato a individui, gruppi, organizzazioni e comunit\u00e0 per il loro lavoro creativo pluriennale e per celebrare il successo dei loro risultati nella cultura e nelle arti. Il Museo civico di Idrija lo ha ricevuto il 1\u00b0 ottobre 1993, in occasione del 40\u00b0 anniversario di attivit\u00e0, per il suo lavoro nella ricerca e conservazione del ricco patrimonio tecnico, storico e culturale del comune minerario di Idrija e del circondario e per la presentazione esemplare di Idrija a numerosi visitatori locali e stranieri.<\/p>\n<\/div><\/div><div class=\"posamezna_nagrada\" id=\"nagrada1\"><h2>Riconoscimento Valvasor 2008<\/h2><div class=\"imgwrap\"><img decoding=\"async\" src=\"https:\/\/www.muzej-idrija-cerkno.si\/wp-content\/uploads\/2018\/08\/Valvasorjevo-priznanje-novo-220-1.jpg\"><\/div><div class=\"opis\"><p>L'Associazione dei Musei della Slovenia ha assegnato, il 19 maggio 2009, il pi\u00f9 grande riconoscimento per curatori in Slovenia, il premio Valvasor 2008, agli autori-curatori e ai progettisti della mostra permanente \"Il merletto di Idrija, Una storia intessuta con il filo\" \u2013 Ivana Leskovec, dott.ssa Mirjam Gnezda Bogataj, Marija Terpin Mlinar, Monika Mili\u010d e Andrej Furlan, per la presentazione completa del tema e come riconoscimento dell'importante risultato museale. Questa mostra colloca in modo originale Idrija sulla mappa slovena ed europea dei centri di produzione del pizzo. Nella preparazione della mostra, il museo ha collaborato con numerose istituzioni culturali e scientifiche, locali e estere, nonch\u00e9 con individui che, con le loro conoscenze, hanno contribuito alla raccolta del materiale e all'impostazione del formato.<\/p>\n<\/div><\/div><div class=\"posamezna_nagrada\" id=\"nagrada2\"><h2>Iscrizione del patrimonio del mercurio di Idrija e Almad\u00e9n nella Lista UNESCO dei Patrimoni dell&#8217;Umanit\u00e0 2012<\/h2><div class=\"imgwrap\"><img decoding=\"async\" src=\"https:\/\/www.muzej-idrija-cerkno.si\/wp-content\/uploads\/2018\/08\/whc_si_sp_almaden_idrija_si-1-2.jpg\"><\/div><div class=\"opis\"><p>Alla 36a riunione ordinaria del Comitato UNESCO per il Patrimonio dell'Umanit\u00e0 a San Pietroburgo (giugno-luglio 2012), si \u00e8 conclusa con successo, dopo sei anni di intenso lavoro, la nomina di due importanti siti minerari, Idrija per la Slovenia e Almad\u00e9n per la Spagna.  Il patrimonio del mercurio. Almad\u00e9n e Idrija sono state iscritte nell'elenco del patrimonio naturale e culturale mondiale. \u00c8 stato valutato che l'area designata soddisfa la condizione di eccezionale valore universale, ovvero di integrit\u00e0 ed autenticit\u00e0. Idrija e Almad\u00e9n, essendo le due pi\u00f9 grandi miniere di mercurio dell'et\u00e0 moderna, hanno contribuito in modo significativo alla modellazione della storia del mondo. Il mercurio di entrambe le miniere \u00e8 stato ampiamente utilizzato nelle miniere sudamericane a partire dalla met\u00e0 del XVI secolo nel processo di amalgamazione di argento e oro, metalli che sono quindi affluiti in Europa apportando grandi fortune al vecchio continente, promuovendo lo sviluppo dell'economia e consentendo lo sviluppo di scienza, arte e cultura in generale. Idrija e Almad\u00e9n hanno conservato sino a oggigiorno gli elementi essenziali dell'ex struttura mineraria, dimostrando a livello materiale e simbolico risultati tecnologici e lo scambio di conoscenze specifiche, nonch\u00e9 l'importanza internazionale della produzione di mercurio per la vita delle persone, oggi cos\u00ec come in futuro. Nell'ambito delle sue attivit\u00e0, il Museo civico di Idrija ha contribuito in maniera importante alla conservazione di questo patrimonio, gestendo i monumenti iscritti nella Lista UNESCO (la Kam\u0161t di Idrija, il Castello Gewerkenegg, la Casa del minatore di Idrija) e contribuendo in modo significativo alla preparazione della documentazione per la candidatura.<\/p>\n<p><a href=\"https:\/\/idrija.si\/objava\/69327\">Maggiori informazioni sulla Lista UNESCO dei Patrimoni dell'Umanit\u00e0<\/a><\/p>\n<\/div><\/div><div class=\"posamezna_nagrada\" id=\"nagrada3\"><h2>Premio Jo\u017eef Mrak 2013<\/h2><div class=\"imgwrap\"><img decoding=\"async\" src=\"https:\/\/www.muzej-idrija-cerkno.si\/wp-content\/uploads\/2018\/08\/Small-nagrada_Joz\u030cefa_Mraka_za_leto_2013_redesign-1.jpg\"><\/div><div class=\"opis\"><p>Il comune di Idrija assegna il premio Jo\u017eef Mrak per risultati eccezionali in vari settori della vita e del lavoro. Il 19 giugno 2013, questi \u00e8 stato ricevuto dal gruppo di lavoro per la candidatura del patrimonio minerario di Idrija alla lista UNESCO del Patrimonio delll'Umanit\u00e0, per l'eccellente attuazione del progetto. Per tutto il periodo compreso tra il 2006 e la conclusione, nel 2012, ha fatto parte del gruppo di lavoro anche Ivana Leskovec, direttrice del Museo civico di Idrija, che nel periodo finale ha diretto anche tale gruppo di lavoro. Il gruppo di lavoro, insieme a svariati collaboratori esterni, ha preparato i fascicoli per la nomina, \u00e8 stato coinvolto nell'adozione di atti professionali e legali per la corretta identificazione e protezione formale del patrimonio, ha partecipato a singoli interventi di restauro e alla preparazione della documentazione del progetto e ha gestito tutte le procedure necessarie a Idrija, in Slovenia e presso le istituzioni internazionali, informando il pubblico locale e pi\u00f9 ampio riguardo alla diversit\u00e0 e all'importanza del patrimonio di Idrija. Sulla base di un lavoro ben fatto da parte del gruppo, nel 2012 l'eredit\u00e0 del mercurio a  Almad\u00e9n e a Idrija sono state iscritte nella Lista UNESCO del Patrimonio naturale e culturale dell'Umanit\u00e0.<\/p>\n<\/div><\/div><div class=\"posamezna_nagrada\" id=\"nagrada4\"><h2>Marchio del patrimonio europeo 2015<\/h2><div class=\"imgwrap\"><img decoding=\"async\" src=\"https:\/\/www.muzej-idrija-cerkno.si\/wp-content\/uploads\/2018\/08\/Znak-evropske-dedi\u0161\u010dine.jpg\"><\/div><div class=\"opis\"><p>Il Marchio del patrimonio europeo \u00e8 un'azione dell'Unione europea e si basa su un'iniziativa intergovernativa del 2006.  Mira a rafforzare il senso di appartenenza dei cittadini europei, in particolare dei giovani, all'Unione europea sulla base dei valori condivisi, di elementi della storia e del patrimonio culturale europei, del rispetto della diversit\u00e0 nazionale e regionale e del dialogo interculturale. Nel 2015, l'Ospedale partigiano Franja \u00e8 stato il primo in Slovenia a ricevere il Marchio del patrimonio europeo ai sensi del nuovo regolamento dell'Unione europea.  Nella sua spiegazione, la Commissione europea riporta tra l'altro la seguente dizione: \"L'Ospedale partigiano Franja \u00e8 un caso unico di cure mediche in situazioni estreme e rappresenta un notevole simbolo di umanit\u00e0, solidariet\u00e0 e cameratismo tra la gente del posto, il personale ospedaliero e soldati feriti di diverse nazionalit\u00e0, compresi i militari nemici, durante la Seconda guerra mondiale. In virt\u00f9 dell'importante ruolo che ha svolto nella storia e nella cultura dell'Europa, l'Unione Europea l'ha inserito nella Lista del Patrimonio Europeo\". Il Marchio ha ulteriormente sottolineato l'importanza simbolica di questo sito storico. Il Museo civico di Idrija, con programmi progettati per diversi gruppi target, comprendenti lezioni, visite guidate, conferenze, mostre, concerti, aumenta sistematicamente la nostra consapevolezza della storia europea comune. Esso rivolge una particolare attenzione ai giovani. Nel programma speciale \"Educazione per la pace\", l'Ospedale partigiano Franja viene presentato come un luogo di memoria con un valore comunicativo straordinario.<\/p>\n<p><a href=\"https:\/\/ec.europa.eu\/programmes\/creative-europe\/news\/20150311-ehl-sites-designated_en\">Maggiori informazioni sul Marchio del patrimonio europeo<\/a> <\/p>\n<\/div><\/div><div class=\"posamezna_nagrada\" id=\"nagrada5\"><h2>Premio ICOM Slovenia 2015<\/h2><div class=\"imgwrap\"><img decoding=\"async\" src=\"https:\/\/www.muzej-idrija-cerkno.si\/wp-content\/uploads\/2018\/08\/Nagrada_ICOM_Slovenija-1.jpg\"><\/div><div class=\"opis\"><p>Il premio ICOM Slovenia incoraggia, diffonde e promuove il collegamento internazionale dei pensieri e del lavoro dei musei sloveni. Il Museo civico di Idrija ha ricevuto il premio grazie alla sua promozione del tema ICOM con il progetto internazionale Smuggling Anthologies \u2013 Antologie del contrabbando. L'argomento ha riunito tre istituzioni in tre Paesi (Slovenia, Croazia e Italia), ognuna delle quali ha affrontato l'attivit\u00e0 di contrabbando con un suo approccio. Il Museo di Idrija ha presentato i risultati attraverso la mostra Smuggling Anthologies e Il plagio dalla A alla Z, l'organizzazione di un simposio internazionale, la produzione della fiaba cinematografica Melchiorca e la sua borsa da contrabbando, un evento museale ispirato alle favole \"Psst, Contrabbandieri!\" e la pubblicazione di articoli su Smuggling Anthologies Reader e Idrijski Razgledi. L'argomento, discusso in modo esaustivo, \u00e8 stato ulteriormente migliorato dall'aggiornamento dell'importanza e del ruolo della deviazione morale degli uomini per e nella societ\u00e0 responsabile.<\/p>\n<\/div><\/div><div class=\"posamezna_nagrada\" id=\"nagrada6\"><h2>Premio della Fondazione Luigi Micheletti 1997<\/h2><div class=\"imgwrap\"><img decoding=\"async\" src=\"https:\/\/www.muzej-idrija-cerkno.si\/wp-content\/uploads\/2018\/08\/Nagrada_fundacije_Luigi_Micheletti-1.jpg\"><\/div><div class=\"opis\"><p>Il forum museo europeo (European Museum Forum), sotto l'egida del Consiglio d'Europa, ha assegnato al Museo civico di Idrija il Premio Fondazione Luigi Micheletti 1997 quale miglior museo europeo sul patrimonio tecnico e industriale, in una cerimonia tenuta a Losanna, in Svizzera, il 19 aprile 1997. Il museo ha ricevuto il prestigioso riconoscimento per la sua mostra permanente \"Cinque secoli della miniera di mercurio e della citt\u00e0 di Idrija\", nonch\u00e9 per l'attenta conservazione e presentazione dei numerosi monumenti culturali e tecnici nelle regioni di Idrija e Cerkno.<\/p>\n<\/div><\/div><div class=\"posamezna_nagrada\" id=\"nagrada7\"><h2>Premio Bevk per il 2013<\/h2><div class=\"imgwrap\"><img decoding=\"async\" src=\"https:\/\/www.muzej-idrija-cerkno.si\/wp-content\/uploads\/2018\/08\/Bevkovo-priznanje_2013_novo-200-1.jpg\"><\/div><div class=\"opis\"><p>Il comune di Cerkno assegna il Premio Bevk e riconoscimenti per risultati speciali in varie aree della vita sociale, che contribuiscono in modo significativo all'ulteriore sviluppo del comune. Durante la festa comunale del 1\u00b0 ottobre 2013, il comune ha assegnato al Museo civico di Idrija un riconoscimento particolare per 50 anni di gestione esemplare dell'Ospedale partigiano Franja. Il lavoro continuo, pianificato e professionale del museo negli anni passati \u00e8 stato di fondamentale importanza per la conservazione dell'Ospedale partigiano Franja, che oggi, anche grazie all'attivit\u00e0 del museo, rimane un simbolo di integrazione e resistenza a livello internazionale e, soprattutto, un prezioso ricordo di umanit\u00e0, nobilt\u00e0 e cameratismo.<\/p>\n<\/div><\/div><\/div>\n<\/div><\/section>\n\n","protected":false},"excerpt":{"rendered":"","protected":false},"author":1,"featured_media":0,"parent":5760,"menu_order":0,"comment_status":"closed","ping_status":"closed","template":"template-o-muzeju.php","meta":{"_acf_changed":false,"footnotes":""},"class_list":["post-5825","page","type-page","status-publish","hentry"],"acf":[],"yoast_head":"<!-- This site is optimized with the Yoast SEO plugin v27.2 - https:\/\/yoast.com\/product\/yoast-seo-wordpress\/ -->\n<title>Premi e riconoscimenti - Mestni muzej Idrija<\/title>\n<meta name=\"description\" content=\"I nostri numerosi riconoscimenti testimoniano il nostro duro lavoro e i nostri sforzi per preservare il nostro patrimonio culturale e naturale. Scoprite le pietre miliari del nostro successo.\" \/>\n<meta name=\"robots\" content=\"index, follow, max-snippet:-1, max-image-preview:large, max-video-preview:-1\" \/>\n<link rel=\"canonical\" href=\"https:\/\/www.muzej-idrija-cerkno.si\/it\/il-museo\/premi-e-riconoscimenti\/\" \/>\n<meta property=\"og:locale\" content=\"it_IT\" \/>\n<meta property=\"og:type\" content=\"article\" \/>\n<meta property=\"og:title\" content=\"Premi e riconoscimenti - Mestni muzej Idrija\" \/>\n<meta property=\"og:description\" content=\"I nostri numerosi riconoscimenti testimoniano il nostro duro lavoro e i nostri sforzi per preservare il nostro patrimonio culturale e naturale. Scoprite le pietre miliari del nostro successo.\" \/>\n<meta property=\"og:url\" content=\"https:\/\/www.muzej-idrija-cerkno.si\/it\/il-museo\/premi-e-riconoscimenti\/\" \/>\n<meta property=\"og:site_name\" content=\"Mestni muzej Idrija\" \/>\n<meta name=\"twitter:card\" content=\"summary_large_image\" \/>\n<meta name=\"twitter:label1\" content=\"Tempo di lettura stimato\" \/>\n\t<meta name=\"twitter:data1\" content=\"1 minuto\" \/>\n<script type=\"application\/ld+json\" class=\"yoast-schema-graph\">{\"@context\":\"https:\/\/schema.org\",\"@graph\":[{\"@type\":\"WebPage\",\"@id\":\"https:\/\/www.muzej-idrija-cerkno.si\/it\/il-museo\/premi-e-riconoscimenti\/\",\"url\":\"https:\/\/www.muzej-idrija-cerkno.si\/it\/il-museo\/premi-e-riconoscimenti\/\",\"name\":\"Premi e riconoscimenti - Mestni muzej Idrija\",\"isPartOf\":{\"@id\":\"https:\/\/www.muzej-idrija-cerkno.si\/#website\"},\"datePublished\":\"2019-12-19T09:56:36+00:00\",\"description\":\"I nostri numerosi riconoscimenti testimoniano il nostro duro lavoro e i nostri sforzi per preservare il nostro patrimonio culturale e naturale. Scoprite le pietre miliari del nostro successo.\",\"breadcrumb\":{\"@id\":\"https:\/\/www.muzej-idrija-cerkno.si\/it\/il-museo\/premi-e-riconoscimenti\/#breadcrumb\"},\"inLanguage\":\"it-IT\",\"potentialAction\":[{\"@type\":\"ReadAction\",\"target\":[\"https:\/\/www.muzej-idrija-cerkno.si\/it\/il-museo\/premi-e-riconoscimenti\/\"]}]},{\"@type\":\"BreadcrumbList\",\"@id\":\"https:\/\/www.muzej-idrija-cerkno.si\/it\/il-museo\/premi-e-riconoscimenti\/#breadcrumb\",\"itemListElement\":[{\"@type\":\"ListItem\",\"position\":1,\"name\":\"Home\",\"item\":\"https:\/\/www.muzej-idrija-cerkno.si\/it\/\"},{\"@type\":\"ListItem\",\"position\":2,\"name\":\"Il museo\",\"item\":\"https:\/\/www.muzej-idrija-cerkno.si\/it\/il-museo\/\"},{\"@type\":\"ListItem\",\"position\":3,\"name\":\"Premi e riconoscimenti\"}]},{\"@type\":\"WebSite\",\"@id\":\"https:\/\/www.muzej-idrija-cerkno.si\/#website\",\"url\":\"https:\/\/www.muzej-idrija-cerkno.si\/\",\"name\":\"Mestni muzej Idrija\",\"description\":\"\u0160e eno spleti\u0161\u010de WordPress\",\"potentialAction\":[{\"@type\":\"SearchAction\",\"target\":{\"@type\":\"EntryPoint\",\"urlTemplate\":\"https:\/\/www.muzej-idrija-cerkno.si\/?s={search_term_string}\"},\"query-input\":{\"@type\":\"PropertyValueSpecification\",\"valueRequired\":true,\"valueName\":\"search_term_string\"}}],\"inLanguage\":\"it-IT\"}]}<\/script>\n<!-- \/ Yoast SEO plugin. -->","yoast_head_json":{"title":"Premi e riconoscimenti - Mestni muzej Idrija","description":"I nostri numerosi riconoscimenti testimoniano il nostro duro lavoro e i nostri sforzi per preservare il nostro patrimonio culturale e naturale. Scoprite le pietre miliari del nostro successo.","robots":{"index":"index","follow":"follow","max-snippet":"max-snippet:-1","max-image-preview":"max-image-preview:large","max-video-preview":"max-video-preview:-1"},"canonical":"https:\/\/www.muzej-idrija-cerkno.si\/it\/il-museo\/premi-e-riconoscimenti\/","og_locale":"it_IT","og_type":"article","og_title":"Premi e riconoscimenti - Mestni muzej Idrija","og_description":"I nostri numerosi riconoscimenti testimoniano il nostro duro lavoro e i nostri sforzi per preservare il nostro patrimonio culturale e naturale. Scoprite le pietre miliari del nostro successo.","og_url":"https:\/\/www.muzej-idrija-cerkno.si\/it\/il-museo\/premi-e-riconoscimenti\/","og_site_name":"Mestni muzej Idrija","twitter_card":"summary_large_image","twitter_misc":{"Tempo di lettura stimato":"1 minuto"},"schema":{"@context":"https:\/\/schema.org","@graph":[{"@type":"WebPage","@id":"https:\/\/www.muzej-idrija-cerkno.si\/it\/il-museo\/premi-e-riconoscimenti\/","url":"https:\/\/www.muzej-idrija-cerkno.si\/it\/il-museo\/premi-e-riconoscimenti\/","name":"Premi e riconoscimenti - Mestni muzej Idrija","isPartOf":{"@id":"https:\/\/www.muzej-idrija-cerkno.si\/#website"},"datePublished":"2019-12-19T09:56:36+00:00","description":"I nostri numerosi riconoscimenti testimoniano il nostro duro lavoro e i nostri sforzi per preservare il nostro patrimonio culturale e naturale. Scoprite le pietre miliari del nostro successo.","breadcrumb":{"@id":"https:\/\/www.muzej-idrija-cerkno.si\/it\/il-museo\/premi-e-riconoscimenti\/#breadcrumb"},"inLanguage":"it-IT","potentialAction":[{"@type":"ReadAction","target":["https:\/\/www.muzej-idrija-cerkno.si\/it\/il-museo\/premi-e-riconoscimenti\/"]}]},{"@type":"BreadcrumbList","@id":"https:\/\/www.muzej-idrija-cerkno.si\/it\/il-museo\/premi-e-riconoscimenti\/#breadcrumb","itemListElement":[{"@type":"ListItem","position":1,"name":"Home","item":"https:\/\/www.muzej-idrija-cerkno.si\/it\/"},{"@type":"ListItem","position":2,"name":"Il museo","item":"https:\/\/www.muzej-idrija-cerkno.si\/it\/il-museo\/"},{"@type":"ListItem","position":3,"name":"Premi e riconoscimenti"}]},{"@type":"WebSite","@id":"https:\/\/www.muzej-idrija-cerkno.si\/#website","url":"https:\/\/www.muzej-idrija-cerkno.si\/","name":"Mestni muzej Idrija","description":"\u0160e eno spleti\u0161\u010de WordPress","potentialAction":[{"@type":"SearchAction","target":{"@type":"EntryPoint","urlTemplate":"https:\/\/www.muzej-idrija-cerkno.si\/?s={search_term_string}"},"query-input":{"@type":"PropertyValueSpecification","valueRequired":true,"valueName":"search_term_string"}}],"inLanguage":"it-IT"}]}},"_links":{"self":[{"href":"https:\/\/www.muzej-idrija-cerkno.si\/it\/wp-json\/wp\/v2\/pages\/5825","targetHints":{"allow":["GET"]}}],"collection":[{"href":"https:\/\/www.muzej-idrija-cerkno.si\/it\/wp-json\/wp\/v2\/pages"}],"about":[{"href":"https:\/\/www.muzej-idrija-cerkno.si\/it\/wp-json\/wp\/v2\/types\/page"}],"author":[{"embeddable":true,"href":"https:\/\/www.muzej-idrija-cerkno.si\/it\/wp-json\/wp\/v2\/users\/1"}],"replies":[{"embeddable":true,"href":"https:\/\/www.muzej-idrija-cerkno.si\/it\/wp-json\/wp\/v2\/comments?post=5825"}],"version-history":[{"count":2,"href":"https:\/\/www.muzej-idrija-cerkno.si\/it\/wp-json\/wp\/v2\/pages\/5825\/revisions"}],"predecessor-version":[{"id":19700,"href":"https:\/\/www.muzej-idrija-cerkno.si\/it\/wp-json\/wp\/v2\/pages\/5825\/revisions\/19700"}],"up":[{"embeddable":true,"href":"https:\/\/www.muzej-idrija-cerkno.si\/it\/wp-json\/wp\/v2\/pages\/5760"}],"wp:attachment":[{"href":"https:\/\/www.muzej-idrija-cerkno.si\/it\/wp-json\/wp\/v2\/media?parent=5825"}],"curies":[{"name":"wp","href":"https:\/\/api.w.org\/{rel}","templated":true}]}}