{"id":5823,"date":"2019-12-19T09:23:57","date_gmt":"2019-12-19T08:23:57","guid":{"rendered":"https:\/\/www.muzej-idrija-cerkno.si\/?page_id=5823"},"modified":"2024-01-16T22:21:41","modified_gmt":"2024-01-16T21:21:41","slug":"presentazione-e-missione","status":"publish","type":"page","link":"https:\/\/www.muzej-idrija-cerkno.si\/it\/il-museo\/presentazione-e-missione\/","title":{"rendered":"Presentazione e missione"},"content":{"rendered":"<div id='av_section_1'  class='avia-section av-1k134-da2593e486aea1667e9b1b611c85add4 main_color avia-section-default avia-no-border-styling  avia-builder-el-0  el_before_av_section  avia-builder-el-first  avia-bg-style-scroll container_wrap fullsize'  ><div class='container av-section-cont-open' ><main  role=\"main\" itemprop=\"mainContentOfPage\"  class='template-page content  av-content-full alpha units'><div class='post-entry post-entry-type-page post-entry-5823'><div class='entry-content-wrapper clearfix'>\n<section  class='av_textblock_section av-jkrzulub-c4f71f07b50bae3e37d52d794dd3b239 '   itemscope=\"itemscope\" itemtype=\"https:\/\/schema.org\/CreativeWork\" ><div class='avia_textblock'  itemprop=\"text\" ><h2>Il Museo civico di Idrija<\/h2>\n<p>Il Museo civico di Idrija \u00e8 un ente di carattere generale, apprezzato e riconosciuto su un vasto territorio per la sua attivit\u00e0 di conservazione del patrimonio tecnico della miniera di mercurio di Idrija, la seconda del genere pi\u00f9 grande al mondo, della tradizione della produzione di merletti in pizzo e del famoso ospedale partigiano Franja, importante punto di riferimento durante la Seconda Guerra Mondiale. Siamo stati ampiamente premiati durante i nostri 70 anni di lavoro professionale e appassionato nella conservazione del patrimonio culturale. Nel 1997 il Museo ha ricevuto il Premio Luigi Micheletti ed \u00e8 stato nominato quale miglior museo europeo per la conservazione del patrimonio industriale e tecnico.<\/p>\n<p>I monumenti del patrimonio tecnico gestiti dal museo sono stati elencati, assieme al resto del retaggio minerario di Idrija, nella Lista del Patrimonio mondiale dell&#8217;UNESCO nel 2012, mentre nel 2015 l&#8217;Ospedale partigiano di Franja \u00e8 stato il primo spazio monumentale in Slovenia a ricevere il Marchio del Patrimonio europeo. Il museo svolge la propria attivit\u00e0 nella sede originaria di Idrija e nell&#8217;unit\u00e0 distaccata di Cerkno. Gestisce monumenti straordinari del patrimonio immobiliare che il comune gli ha affidato al momento della sua fondazione o che il museo ha gradualmente accolto sotto la sua egida.<\/p>\n<\/div><\/section>\n<\/div><\/div><\/main><!-- close content main element --><\/div><\/div><div id='av_section_2'  class='avia-section av-3yh0-f0552b43bf38a54ddc75004b1dfe937d main_color avia-section-default avia-no-border-styling  avia-builder-el-2  el_after_av_section  el_before_av_section  avia-bg-style-scroll container_wrap fullsize'  ><div class='container av-section-cont-open' ><div class='template-page content  av-content-full alpha units'><div class='post-entry post-entry-type-page post-entry-5823'><div class='entry-content-wrapper clearfix'>\n<section  class='av_textblock_section av-jkrzulub-9901abcc0dad8466246c96897fe86fc1 '   itemscope=\"itemscope\" itemtype=\"https:\/\/schema.org\/CreativeWork\" ><div class='avia_textblock'  itemprop=\"text\" ><h2>La nostra missione<\/h2>\n<p>Il compito centrale del Museo civico di Idrija \u00e8 la cura del patrimonio mobile e immateriale della storia, dell&#8217;etnologia, della storia dell&#8217;arte e del patrimonio tecnico nella regione di Idrija-Cerkno. Ci\u00f2 significa che raccogliamo oggetti, li documentiamo, archiviamo, proteggiamo, ricerchiamo, esibiamo e, in tal modo, avviciniamo il pubblico alla nostra istituzione e al patrimonio in generale.<\/p>\n<p>Il museo enfatizza il proprio ruolo nel processo educativo, in particolare riguardo la storia locale, e attraverso le sue mostre permanenti e temporanee rappresenta l&#8217;anello di unione tra i contenuti dei libri di testo e le testimonianze autentiche del passato raccolte sul campo. L&#8217;attivit\u00e0 espositiva \u00e8 completata dalla pubblicazione di articoli scientifici e di cataloghi, da vari programmi pedagogici, da lezioni e seminari per bambini e ragazzi, da visite guidate, lezioni e presentazioni per adulti. Grazie alla digitalizzazione del materiale immagazzinato, siamo collegati inoltre ai musei e alle istituzioni che rendono il patrimonio culturale accessibile al vasto pubblico proprio attraverso le moderne tecnologie dell&#8217;informazione.<\/p>\n<\/div><\/section>\n<\/p>\n<\/div><\/div><\/div><!-- close content main div --><\/div><\/div><div id='av_section_3'  class='avia-section av-3yh0-41753da54e931049f8bef4c26554dc05 main_color avia-section-default avia-no-border-styling  avia-builder-el-4  el_after_av_section  el_before_av_section  bgedtext avia-bg-style-scroll container_wrap fullsize'  ><div class='container av-section-cont-open' ><div class='template-page content  av-content-full alpha units'><div class='post-entry post-entry-type-page post-entry-5823'><div class='entry-content-wrapper clearfix'>\n<section  class='av_textblock_section av-jkrzulub-9901abcc0dad8466246c96897fe86fc1 '   itemscope=\"itemscope\" itemtype=\"https:\/\/schema.org\/CreativeWork\" ><div class='avia_textblock'  itemprop=\"text\" ><h2>Cos&#8217;\u00e8 un museo?<\/h2>\n<p>Un museo \u00e8 un luogo di incontro, socializzazione, educazione, dialogo multiculturale. Uno spazio in cui possiamo porre domande e ottenere risposte, in cui ci \u00e8 permesso di pensare e stupirci. Nel nostro museo stiamo costruendo una consapevolezza di appartenenza allo spazio in cui viviamo e di rispetto dei valori che hanno modellato la vita dei nostri antenati e che dovrebbero rimanere parte del mondo moderno come valori universali dell&#8217;umanit\u00e0.<\/p>\n<\/div><\/section>\n\n<\/div><\/div><\/div><!-- close content main div --><\/div><\/div><div id='av_section_4'  class='avia-section av-yhp8-26195f965d903777c3d56bda68e66be6 main_color avia-section-default avia-no-border-styling  avia-builder-el-6  el_after_av_section  avia-builder-el-last  avia-bg-style-scroll container_wrap fullsize'  ><div class='container av-section-cont-open' ><div class='template-page content  av-content-full alpha units'><div class='post-entry post-entry-type-page post-entry-5823'><div class='entry-content-wrapper clearfix'>\n<section  class='av_textblock_section av-jks0xcg3-a30feae2b61d325c6433fab138560523 '   itemscope=\"itemscope\" itemtype=\"https:\/\/schema.org\/CreativeWork\" ><div class='avia_textblock'  itemprop=\"text\" ><h3>Biglietto da visita<\/h3>\n<div class=\"vizitka_wrap\"><div class=\"program_row\"><div class=\"notificationblock_title\">Denominazione:<\/div><div class=\"notificationblock_content\">Museo civico di Idrija, Museo della regione di Idrija-Cerkno<\/div><\/div><div class=\"program_row\"><div class=\"notificationblock_title\">Sede centrale:<\/div><div class=\"notificationblock_content\">Prelov\u010deva 9, SI-5280 Idrija<\/div><\/div><div class=\"program_row\"><div class=\"notificationblock_title\">Telefono::<\/div><div class=\"notificationblock_content\">+386 (5) 37 266 00<\/div><\/div><div class=\"program_row\"><div class=\"notificationblock_title\">Fax:<\/div><div class=\"notificationblock_content\">+ 386 (5) 37 735 80<\/div><\/div><div class=\"program_row\"><div class=\"notificationblock_title\">Indirizzo e-mail:<\/div><div class=\"notificationblock_content\"><a class=\"\" href=\"mailto:tajnistvo@muzej-idrija-cerkno.si\" >tajnistvo@muzej-idrija-cerkno.si<\/a><\/div><\/div><div class=\"program_row\"><div class=\"notificationblock_title\">Sito web:<\/div><div class=\"notificationblock_content\"><a class=\"\" href=\"https:\/\/www.muzej-idrija-cerkno.si\" >www.muzej-idrija-cerkno.si<\/a><\/div><\/div><div class=\"program_row\"><div class=\"notificationblock_title\">Numero di registrazione :<\/div><div class=\"notificationblock_content\">5055741<\/div><\/div><div class=\"program_row\"><div class=\"notificationblock_title\">Codice fiscale:<\/div><div class=\"notificationblock_content\">72695439<\/div><\/div><div class=\"program_row\"><div class=\"notificationblock_title\">Conto corrente:<\/div><div class=\"notificationblock_content\">Numero di conto presso l'Agenzia della Repubblica di Slovenia per i pagamenti pubblici:  SI56 0123 6603 0375 893<\/div><\/div><\/div>\n<\/div><\/section>\n\n","protected":false},"excerpt":{"rendered":"","protected":false},"author":1,"featured_media":0,"parent":5760,"menu_order":0,"comment_status":"closed","ping_status":"closed","template":"template-o-muzeju_predstavitev-poslanstvo.php","meta":{"_acf_changed":false,"footnotes":""},"class_list":["post-5823","page","type-page","status-publish","hentry"],"acf":[],"yoast_head":"<!-- This site is optimized with the Yoast SEO plugin v27.2 - https:\/\/yoast.com\/product\/yoast-seo-wordpress\/ -->\n<title>Presentazione e missione - Mestni muzej Idrija<\/title>\n<meta name=\"description\" content=\"Da 65 anni ci occupiamo del patrimonio mobile e immateriale nei settori di storia, etnologia e storia dell&#039;arte, nonch\u00e9 del patrimonio tecnico di Idrija e Cerkno\" \/>\n<meta name=\"robots\" content=\"index, follow, max-snippet:-1, max-image-preview:large, max-video-preview:-1\" \/>\n<link rel=\"canonical\" href=\"https:\/\/www.muzej-idrija-cerkno.si\/it\/il-museo\/presentazione-e-missione\/\" \/>\n<meta property=\"og:locale\" content=\"it_IT\" \/>\n<meta property=\"og:type\" content=\"article\" \/>\n<meta property=\"og:title\" content=\"Presentazione e missione - Mestni muzej Idrija\" \/>\n<meta property=\"og:description\" content=\"Da 65 anni ci occupiamo del patrimonio mobile e immateriale nei settori di storia, etnologia e storia dell&#039;arte, nonch\u00e9 del patrimonio tecnico di Idrija e Cerkno\" \/>\n<meta property=\"og:url\" content=\"https:\/\/www.muzej-idrija-cerkno.si\/it\/il-museo\/presentazione-e-missione\/\" \/>\n<meta property=\"og:site_name\" content=\"Mestni muzej Idrija\" \/>\n<meta property=\"article:modified_time\" content=\"2024-01-16T21:21:41+00:00\" \/>\n<meta name=\"twitter:card\" content=\"summary_large_image\" \/>\n<meta name=\"twitter:label1\" content=\"Tempo di lettura stimato\" \/>\n\t<meta name=\"twitter:data1\" content=\"4 minuti\" \/>\n<script type=\"application\/ld+json\" class=\"yoast-schema-graph\">{\"@context\":\"https:\/\/schema.org\",\"@graph\":[{\"@type\":\"WebPage\",\"@id\":\"https:\/\/www.muzej-idrija-cerkno.si\/it\/il-museo\/presentazione-e-missione\/\",\"url\":\"https:\/\/www.muzej-idrija-cerkno.si\/it\/il-museo\/presentazione-e-missione\/\",\"name\":\"Presentazione e missione - Mestni muzej Idrija\",\"isPartOf\":{\"@id\":\"https:\/\/www.muzej-idrija-cerkno.si\/#website\"},\"datePublished\":\"2019-12-19T08:23:57+00:00\",\"dateModified\":\"2024-01-16T21:21:41+00:00\",\"description\":\"Da 65 anni ci occupiamo del patrimonio mobile e immateriale nei settori di storia, etnologia e storia dell'arte, nonch\u00e9 del patrimonio tecnico di Idrija e Cerkno\",\"breadcrumb\":{\"@id\":\"https:\/\/www.muzej-idrija-cerkno.si\/it\/il-museo\/presentazione-e-missione\/#breadcrumb\"},\"inLanguage\":\"it-IT\",\"potentialAction\":[{\"@type\":\"ReadAction\",\"target\":[\"https:\/\/www.muzej-idrija-cerkno.si\/it\/il-museo\/presentazione-e-missione\/\"]}]},{\"@type\":\"BreadcrumbList\",\"@id\":\"https:\/\/www.muzej-idrija-cerkno.si\/it\/il-museo\/presentazione-e-missione\/#breadcrumb\",\"itemListElement\":[{\"@type\":\"ListItem\",\"position\":1,\"name\":\"Home\",\"item\":\"https:\/\/www.muzej-idrija-cerkno.si\/it\/\"},{\"@type\":\"ListItem\",\"position\":2,\"name\":\"Il museo\",\"item\":\"https:\/\/www.muzej-idrija-cerkno.si\/it\/il-museo\/\"},{\"@type\":\"ListItem\",\"position\":3,\"name\":\"Presentazione e missione\"}]},{\"@type\":\"WebSite\",\"@id\":\"https:\/\/www.muzej-idrija-cerkno.si\/#website\",\"url\":\"https:\/\/www.muzej-idrija-cerkno.si\/\",\"name\":\"Mestni muzej Idrija\",\"description\":\"\u0160e eno spleti\u0161\u010de WordPress\",\"potentialAction\":[{\"@type\":\"SearchAction\",\"target\":{\"@type\":\"EntryPoint\",\"urlTemplate\":\"https:\/\/www.muzej-idrija-cerkno.si\/?s={search_term_string}\"},\"query-input\":{\"@type\":\"PropertyValueSpecification\",\"valueRequired\":true,\"valueName\":\"search_term_string\"}}],\"inLanguage\":\"it-IT\"}]}<\/script>\n<!-- \/ Yoast SEO plugin. -->","yoast_head_json":{"title":"Presentazione e missione - Mestni muzej Idrija","description":"Da 65 anni ci occupiamo del patrimonio mobile e immateriale nei settori di storia, etnologia e storia dell'arte, nonch\u00e9 del patrimonio tecnico di Idrija e Cerkno","robots":{"index":"index","follow":"follow","max-snippet":"max-snippet:-1","max-image-preview":"max-image-preview:large","max-video-preview":"max-video-preview:-1"},"canonical":"https:\/\/www.muzej-idrija-cerkno.si\/it\/il-museo\/presentazione-e-missione\/","og_locale":"it_IT","og_type":"article","og_title":"Presentazione e missione - Mestni muzej Idrija","og_description":"Da 65 anni ci occupiamo del patrimonio mobile e immateriale nei settori di storia, etnologia e storia dell'arte, nonch\u00e9 del patrimonio tecnico di Idrija e Cerkno","og_url":"https:\/\/www.muzej-idrija-cerkno.si\/it\/il-museo\/presentazione-e-missione\/","og_site_name":"Mestni muzej Idrija","article_modified_time":"2024-01-16T21:21:41+00:00","twitter_card":"summary_large_image","twitter_misc":{"Tempo di lettura stimato":"4 minuti"},"schema":{"@context":"https:\/\/schema.org","@graph":[{"@type":"WebPage","@id":"https:\/\/www.muzej-idrija-cerkno.si\/it\/il-museo\/presentazione-e-missione\/","url":"https:\/\/www.muzej-idrija-cerkno.si\/it\/il-museo\/presentazione-e-missione\/","name":"Presentazione e missione - Mestni muzej Idrija","isPartOf":{"@id":"https:\/\/www.muzej-idrija-cerkno.si\/#website"},"datePublished":"2019-12-19T08:23:57+00:00","dateModified":"2024-01-16T21:21:41+00:00","description":"Da 65 anni ci occupiamo del patrimonio mobile e immateriale nei settori di storia, etnologia e storia dell'arte, nonch\u00e9 del patrimonio tecnico di Idrija e Cerkno","breadcrumb":{"@id":"https:\/\/www.muzej-idrija-cerkno.si\/it\/il-museo\/presentazione-e-missione\/#breadcrumb"},"inLanguage":"it-IT","potentialAction":[{"@type":"ReadAction","target":["https:\/\/www.muzej-idrija-cerkno.si\/it\/il-museo\/presentazione-e-missione\/"]}]},{"@type":"BreadcrumbList","@id":"https:\/\/www.muzej-idrija-cerkno.si\/it\/il-museo\/presentazione-e-missione\/#breadcrumb","itemListElement":[{"@type":"ListItem","position":1,"name":"Home","item":"https:\/\/www.muzej-idrija-cerkno.si\/it\/"},{"@type":"ListItem","position":2,"name":"Il museo","item":"https:\/\/www.muzej-idrija-cerkno.si\/it\/il-museo\/"},{"@type":"ListItem","position":3,"name":"Presentazione e missione"}]},{"@type":"WebSite","@id":"https:\/\/www.muzej-idrija-cerkno.si\/#website","url":"https:\/\/www.muzej-idrija-cerkno.si\/","name":"Mestni muzej Idrija","description":"\u0160e eno spleti\u0161\u010de WordPress","potentialAction":[{"@type":"SearchAction","target":{"@type":"EntryPoint","urlTemplate":"https:\/\/www.muzej-idrija-cerkno.si\/?s={search_term_string}"},"query-input":{"@type":"PropertyValueSpecification","valueRequired":true,"valueName":"search_term_string"}}],"inLanguage":"it-IT"}]}},"_links":{"self":[{"href":"https:\/\/www.muzej-idrija-cerkno.si\/it\/wp-json\/wp\/v2\/pages\/5823","targetHints":{"allow":["GET"]}}],"collection":[{"href":"https:\/\/www.muzej-idrija-cerkno.si\/it\/wp-json\/wp\/v2\/pages"}],"about":[{"href":"https:\/\/www.muzej-idrija-cerkno.si\/it\/wp-json\/wp\/v2\/types\/page"}],"author":[{"embeddable":true,"href":"https:\/\/www.muzej-idrija-cerkno.si\/it\/wp-json\/wp\/v2\/users\/1"}],"replies":[{"embeddable":true,"href":"https:\/\/www.muzej-idrija-cerkno.si\/it\/wp-json\/wp\/v2\/comments?post=5823"}],"version-history":[{"count":4,"href":"https:\/\/www.muzej-idrija-cerkno.si\/it\/wp-json\/wp\/v2\/pages\/5823\/revisions"}],"predecessor-version":[{"id":21158,"href":"https:\/\/www.muzej-idrija-cerkno.si\/it\/wp-json\/wp\/v2\/pages\/5823\/revisions\/21158"}],"up":[{"embeddable":true,"href":"https:\/\/www.muzej-idrija-cerkno.si\/it\/wp-json\/wp\/v2\/pages\/5760"}],"wp:attachment":[{"href":"https:\/\/www.muzej-idrija-cerkno.si\/it\/wp-json\/wp\/v2\/media?parent=5823"}],"curies":[{"name":"wp","href":"https:\/\/api.w.org\/{rel}","templated":true}]}}