{"id":5760,"date":"2019-12-19T10:56:34","date_gmt":"2019-12-19T09:56:34","guid":{"rendered":"https:\/\/www.muzej-idrija-cerkno.si\/?page_id=5760"},"modified":"2023-08-21T11:33:29","modified_gmt":"2023-08-21T09:33:29","slug":"il-museo","status":"publish","type":"page","link":"https:\/\/www.muzej-idrija-cerkno.si\/it\/il-museo\/","title":{"rendered":"Il museo"},"content":{"rendered":"\n<style type=\"text\/css\" data-created_by=\"avia_inline_auto\" id=\"style-css-av-jjtx9fil-cc2eaf674a017d439ff7f79c0ee56f20\">\n.avia-section.av-jjtx9fil-cc2eaf674a017d439ff7f79c0ee56f20{\nbackground-repeat:no-repeat;\nbackground-image:url(https:\/\/www.muzej-idrija-cerkno.si\/wp-content\/uploads\/2018\/07\/lokacije-bg-1.jpg);\nbackground-position:0% 0%;\nbackground-attachment:scroll;\n}\n<\/style>\n<div id='av_section_1'  class='avia-section av-jjtx9fil-cc2eaf674a017d439ff7f79c0ee56f20 main_color avia-section-default avia-no-border-styling  avia-builder-el-0  el_before_av_section  avia-builder-el-first  header header-hero header-top-menu-padding avia-bg-style-scroll container_wrap fullsize'  data-section-bg-repeat='no-repeat'><div class='container av-section-cont-open' ><main  role=\"main\" itemprop=\"mainContentOfPage\"  class='template-page content  av-content-full alpha units'><div class='post-entry post-entry-type-page post-entry-5760'><div class='entry-content-wrapper clearfix'>\n\n<style type=\"text\/css\" data-created_by=\"avia_inline_auto\" id=\"style-css-av-7emv-2c6cfb9aab43875b565a39dbaa7e3e02\">\n.flex_column.av-7emv-2c6cfb9aab43875b565a39dbaa7e3e02{\nborder-radius:0px 0px 0px 0px;\npadding:0px 0px 0px 0px;\n}\n<\/style>\n<div  class='flex_column av-7emv-2c6cfb9aab43875b565a39dbaa7e3e02 av_two_fifth  avia-builder-el-1  el_before_av_three_fifth  avia-builder-el-first  first flex_column_div av-zero-column-padding  '     ><section  class='av_textblock_section av-kiv-6e785a5da9303b51a494d47ce64d517a '   itemscope=\"itemscope\" itemtype=\"https:\/\/schema.org\/CreativeWork\" ><div class='avia_textblock'  itemprop=\"text\" ><h1>Il museo<\/h1>\n<\/div><\/section><br \/>\n<section  class='av_textblock_section av-jjtxlc6c-ff567b8adb54577c339abddf56743dbb '   itemscope=\"itemscope\" itemtype=\"https:\/\/schema.org\/CreativeWork\" ><div class='avia_textblock'  itemprop=\"text\" ><p><strong><strong>Venite a scoprire il nostro museo, che gestisce gli eccezionali monumenti culturali del circondario di Idrija e Cerkno e che custodisce i tesori del patrimonio culturale di quest&#8217;area.<\/strong><\/strong><\/p>\n<p>Grazie di lavoro professionale e appassionato nel campo della protezione del patrimonio culturale, ha ricevuto numerosi premi e riconoscimenti locali e internazionali.<\/p>\n<\/div><\/section><\/p><\/div>\n<style type=\"text\/css\" data-created_by=\"avia_inline_auto\" id=\"style-css-av-38kn-a4512eff9cae1e199044b641efa4768a\">\n.flex_column.av-38kn-a4512eff9cae1e199044b641efa4768a{\nborder-radius:0px 0px 0px 0px;\npadding:0px 0px 0px 0px;\n}\n<\/style>\n<div  class='flex_column av-38kn-a4512eff9cae1e199044b641efa4768a av_three_fifth  avia-builder-el-4  el_after_av_two_fifth  avia-builder-el-last  flex_column_div av-zero-column-padding  '     ><style type=\"text\/css\" data-created_by=\"avia_inline_auto\" id=\"style-css-av-jjzgdvec-915533840ee4fd89a2e424b86e355365\">\n.avia-image-container.av-jjzgdvec-915533840ee4fd89a2e424b86e355365 img.avia_image{\nbox-shadow:none;\n}\n.avia-image-container.av-jjzgdvec-915533840ee4fd89a2e424b86e355365 .av-image-caption-overlay-center{\ncolor:#ffffff;\n}\n<\/style>\n<div  class='avia-image-container av-jjzgdvec-915533840ee4fd89a2e424b86e355365 av-styling- avia-align-center  avia-builder-el-5  avia-builder-el-no-sibling '   itemprop=\"image\" itemscope=\"itemscope\" itemtype=\"https:\/\/schema.org\/ImageObject\" ><div class=\"avia-image-container-inner\"><div class=\"avia-image-overlay-wrap\"><img fetchpriority=\"high\" class='wp-image-8005 avia-img-lazy-loading-not-8005 avia_image ' src='https:\/\/www.muzej-idrija-cerkno.si\/wp-content\/uploads\/2018\/10\/o_muzeju-1.jpg' alt='' title='o_muzeju-1'  height=\"550\" width=\"808\"  itemprop=\"thumbnailUrl\"  \/><\/div><\/div><\/div><\/div><\/div><\/div><\/main><!-- close content main element --><\/div><\/div><div id='av_section_2'  class='avia-section av-10a9f-101fefcc2e6091a02f66e514d55692f9 main_color avia-section-default avia-no-border-styling  avia-builder-el-6  el_after_av_section  avia-builder-el-last  avia-bg-style-scroll container_wrap fullsize'  ><div class='container av-section-cont-open' ><div class='template-page content  av-content-full alpha units'><div class='post-entry post-entry-type-page post-entry-5760'><div class='entry-content-wrapper clearfix'>\n<section  class='av_textblock_section av-jldaofxj-e1236d413c6b1b0feab2d85f716e1f37 '   itemscope=\"itemscope\" itemtype=\"https:\/\/schema.org\/CreativeWork\" ><div class='avia_textblock'  itemprop=\"text\" ><div class=\"wrap_povezav\"><div class=\"povezave_s_sliko bgedelements\"><div class=\"av_one_half first zelena\"><a href=\"https:\/\/www.muzej-idrija-cerkno.si\/o-muzeju\/predstavitev-in-poslanstvo\/\" class=\"imagewrap\"><img decoding=\"async\" src=\"https:\/\/www.muzej-idrija-cerkno.si\/wp-content\/uploads\/2018\/10\/poslanstvo-1.jpg\"><div class=\"bgplustextwrap\"><div class=\"textdiv\">Presentazione e missione<\/div><\/div><span class=\"image-overlay overlay-type-extern\" style=\"left: -5px; top: 0px; overflow: hidden; display: block; height: 631px; width: 641px;\"><span class=\"image-overlay-inside\"><\/span><\/span><\/a><\/div><div class=\"av_one_half  zelena\"><a href=\"https:\/\/www.muzej-idrija-cerkno.si\/o-muzeju\/kdo-smo\/\" class=\"imagewrap\"><img decoding=\"async\" src=\"https:\/\/www.muzej-idrija-cerkno.si\/wp-content\/uploads\/2018\/10\/Zgodovinske_slike_Janka_Tros\u030cta_8-1.jpg\"><div class=\"bgplustextwrap\"><div class=\"textdiv\">Chi siamo<\/div><\/div><span class=\"image-overlay overlay-type-extern\" style=\"left: -5px; top: 0px; overflow: hidden; display: block; height: 631px; width: 641px;\"><span class=\"image-overlay-inside\"><\/span><\/span><\/a><\/div><\/div><div class=\"povezave_z_ikono\"><div class=\"av_one_third first\"><div class=\"naslovwrap\"><a href=\"https:\/\/www.muzej-idrija-cerkno.si\/o-muzeju\/zgodovina-muzeja\/\" class=\"imagewrap\"><div class=\"ikona\"><img decoding=\"async\" src=\"https:\/\/www.muzej-idrija-cerkno.si\/wp-content\/uploads\/2018\/08\/zgodovina.svg\"><\/div><div class=\"naslov\">Storia<\/div><\/a><\/div><div class=\"tekst\">Dalla sua fondazione, nel 1953, il museo \u00e8 stato incaricato della gestione di 8 monumenti culturali a Idrija e Cerkno.<\/div><div class=\"povezava\"><a href=\"https:\/\/www.muzej-idrija-cerkno.si\/o-muzeju\/zgodovina-muzeja\/\" class=\"imagewrap\">Per saperne di pi\u00f9...<\/a><\/div><\/div><div class=\"av_one_third \"><div class=\"naslovwrap\"><a href=\"https:\/\/www.muzej-idrija-cerkno.si\/o-muzeju\/nagrade-in-priznanja\/\" class=\"imagewrap\"><div class=\"ikona\"><img decoding=\"async\" src=\"https:\/\/www.muzej-idrija-cerkno.si\/wp-content\/uploads\/2018\/08\/nagrade.svg\"><\/div><div class=\"naslov\">Premi e riconoscimenti<\/div><\/a><\/div><div class=\"tekst\">Numerosi riconoscimenti nazionali e internazionali incoronano il successo della missione del museo.  <\/div><div class=\"povezava\"><a href=\"https:\/\/www.muzej-idrija-cerkno.si\/o-muzeju\/nagrade-in-priznanja\/\" class=\"imagewrap\">Per saperne di pi\u00f9...<\/a><\/div><\/div><div class=\"av_one_third \"><div class=\"naslovwrap\"><a href=\"https:\/\/www.muzej-idrija-cerkno.si\/o-muzeju\/zalozniska-dejavnost\/\" class=\"imagewrap\"><div class=\"ikona\"><img decoding=\"async\" src=\"https:\/\/www.muzej-idrija-cerkno.si\/wp-content\/uploads\/2018\/08\/zalozniska.svg\"><\/div><div class=\"naslov\">Attivit\u00e0 editoriale<\/div><\/a><\/div><div class=\"tekst\">Il museo pubblica periodicamente cataloghi e monografie di mostre, nonch\u00e9 la rivista biennale \"Idrijski razgledi\" (Sguardi sull'Idria).<\/div><div class=\"povezava\"><a href=\"https:\/\/www.muzej-idrija-cerkno.si\/o-muzeju\/zalozniska-dejavnost\/\" class=\"imagewrap\">Per saperne di pi\u00f9...<\/a><\/div><\/div><div class=\"av_one_third first\"><div class=\"naslovwrap\"><a href=\"https:\/\/www.muzej-idrija-cerkno.si\/o-muzeju\/sodelujemo\/\" class=\"imagewrap\"><div class=\"ikona\"><img decoding=\"async\" src=\"https:\/\/www.muzej-idrija-cerkno.si\/wp-content\/uploads\/2018\/08\/sodelujemo.svg\"><\/div><div class=\"naslov\">Collaboriamo<\/div><\/a><\/div><div class=\"tekst\">In occasione di eventi di carattere locale e nazionale, il museo complementa con le sue attivit\u00e0 l'offerta turistica culturale dei circondari di Idrija e Cerkno.<\/div><div class=\"povezava\"><a href=\"https:\/\/www.muzej-idrija-cerkno.si\/o-muzeju\/sodelujemo\/\" class=\"imagewrap\">Per saperne di pi\u00f9...<\/a><\/div><\/div><div class=\"av_one_third \"><div class=\"naslovwrap\"><a href=\"https:\/\/www.muzej-idrija-cerkno.si\/o-muzeju\/projekti\/\" class=\"imagewrap\"><div class=\"ikona\"><img decoding=\"async\" src=\"https:\/\/www.muzej-idrija-cerkno.si\/wp-content\/uploads\/2018\/08\/projekti.svg\"><\/div><div class=\"naslov\">Progetti<\/div><\/a><\/div><div class=\"tekst\">Per diffondere la conoscenza del patrimonio culturale locale nel nostro Paese e all'estero, il museo collabora con diversi partner in progetti sia sloveni che internazionali.<\/div><div class=\"povezava\"><a href=\"https:\/\/www.muzej-idrija-cerkno.si\/o-muzeju\/projekti\/\" class=\"imagewrap\">Per saperne di pi\u00f9...<\/a><\/div><\/div><\/div><\/div>\n<\/div><\/section>\n<\/p>\n","protected":false},"excerpt":{"rendered":"","protected":false},"author":1,"featured_media":0,"parent":0,"menu_order":0,"comment_status":"closed","ping_status":"closed","template":"template-o_muzeju.php","meta":{"_acf_changed":false,"footnotes":""},"class_list":["post-5760","page","type-page","status-publish","hentry"],"acf":[],"yoast_head":"<!-- This site is optimized with the Yoast SEO plugin v27.2 - https:\/\/yoast.com\/product\/yoast-seo-wordpress\/ -->\n<title>Il museo - Mestni muzej Idrija<\/title>\n<meta name=\"description\" content=\"Venite a scoprire il museo che gestisce i pi\u00f9 grandi monumenti culturali dei circondari di Idrija e di Cerkno e che, con le sue collezioni, fa rivivere il patrimonio culturale della zona.\" \/>\n<meta name=\"robots\" content=\"index, follow, max-snippet:-1, max-image-preview:large, max-video-preview:-1\" \/>\n<link rel=\"canonical\" href=\"https:\/\/www.muzej-idrija-cerkno.si\/it\/il-museo\/\" \/>\n<meta property=\"og:locale\" content=\"it_IT\" \/>\n<meta property=\"og:type\" content=\"article\" \/>\n<meta property=\"og:title\" content=\"Il museo - Mestni muzej Idrija\" \/>\n<meta property=\"og:description\" content=\"Venite a scoprire il museo che gestisce i pi\u00f9 grandi monumenti culturali dei circondari di Idrija e di Cerkno e che, con le sue collezioni, fa rivivere il patrimonio culturale della zona.\" \/>\n<meta property=\"og:url\" content=\"https:\/\/www.muzej-idrija-cerkno.si\/it\/il-museo\/\" \/>\n<meta property=\"og:site_name\" content=\"Mestni muzej Idrija\" \/>\n<meta property=\"article:modified_time\" content=\"2023-08-21T09:33:29+00:00\" \/>\n<meta name=\"twitter:card\" content=\"summary_large_image\" \/>\n<meta name=\"twitter:label1\" content=\"Tempo di lettura stimato\" \/>\n\t<meta name=\"twitter:data1\" content=\"2 minuti\" \/>\n<script type=\"application\/ld+json\" class=\"yoast-schema-graph\">{\"@context\":\"https:\/\/schema.org\",\"@graph\":[{\"@type\":\"WebPage\",\"@id\":\"https:\/\/www.muzej-idrija-cerkno.si\/it\/il-museo\/\",\"url\":\"https:\/\/www.muzej-idrija-cerkno.si\/it\/il-museo\/\",\"name\":\"Il museo - Mestni muzej Idrija\",\"isPartOf\":{\"@id\":\"https:\/\/www.muzej-idrija-cerkno.si\/#website\"},\"datePublished\":\"2019-12-19T09:56:34+00:00\",\"dateModified\":\"2023-08-21T09:33:29+00:00\",\"description\":\"Venite a scoprire il museo che gestisce i pi\u00f9 grandi monumenti culturali dei circondari di Idrija e di Cerkno e che, con le sue collezioni, fa rivivere il patrimonio culturale della zona.\",\"breadcrumb\":{\"@id\":\"https:\/\/www.muzej-idrija-cerkno.si\/it\/il-museo\/#breadcrumb\"},\"inLanguage\":\"it-IT\",\"potentialAction\":[{\"@type\":\"ReadAction\",\"target\":[\"https:\/\/www.muzej-idrija-cerkno.si\/it\/il-museo\/\"]}]},{\"@type\":\"BreadcrumbList\",\"@id\":\"https:\/\/www.muzej-idrija-cerkno.si\/it\/il-museo\/#breadcrumb\",\"itemListElement\":[{\"@type\":\"ListItem\",\"position\":1,\"name\":\"Home\",\"item\":\"https:\/\/www.muzej-idrija-cerkno.si\/it\/\"},{\"@type\":\"ListItem\",\"position\":2,\"name\":\"Il museo\"}]},{\"@type\":\"WebSite\",\"@id\":\"https:\/\/www.muzej-idrija-cerkno.si\/#website\",\"url\":\"https:\/\/www.muzej-idrija-cerkno.si\/\",\"name\":\"Mestni muzej Idrija\",\"description\":\"\u0160e eno spleti\u0161\u010de WordPress\",\"potentialAction\":[{\"@type\":\"SearchAction\",\"target\":{\"@type\":\"EntryPoint\",\"urlTemplate\":\"https:\/\/www.muzej-idrija-cerkno.si\/?s={search_term_string}\"},\"query-input\":{\"@type\":\"PropertyValueSpecification\",\"valueRequired\":true,\"valueName\":\"search_term_string\"}}],\"inLanguage\":\"it-IT\"}]}<\/script>\n<!-- \/ Yoast SEO plugin. -->","yoast_head_json":{"title":"Il museo - Mestni muzej Idrija","description":"Venite a scoprire il museo che gestisce i pi\u00f9 grandi monumenti culturali dei circondari di Idrija e di Cerkno e che, con le sue collezioni, fa rivivere il patrimonio culturale della zona.","robots":{"index":"index","follow":"follow","max-snippet":"max-snippet:-1","max-image-preview":"max-image-preview:large","max-video-preview":"max-video-preview:-1"},"canonical":"https:\/\/www.muzej-idrija-cerkno.si\/it\/il-museo\/","og_locale":"it_IT","og_type":"article","og_title":"Il museo - Mestni muzej Idrija","og_description":"Venite a scoprire il museo che gestisce i pi\u00f9 grandi monumenti culturali dei circondari di Idrija e di Cerkno e che, con le sue collezioni, fa rivivere il patrimonio culturale della zona.","og_url":"https:\/\/www.muzej-idrija-cerkno.si\/it\/il-museo\/","og_site_name":"Mestni muzej Idrija","article_modified_time":"2023-08-21T09:33:29+00:00","twitter_card":"summary_large_image","twitter_misc":{"Tempo di lettura stimato":"2 minuti"},"schema":{"@context":"https:\/\/schema.org","@graph":[{"@type":"WebPage","@id":"https:\/\/www.muzej-idrija-cerkno.si\/it\/il-museo\/","url":"https:\/\/www.muzej-idrija-cerkno.si\/it\/il-museo\/","name":"Il museo - Mestni muzej Idrija","isPartOf":{"@id":"https:\/\/www.muzej-idrija-cerkno.si\/#website"},"datePublished":"2019-12-19T09:56:34+00:00","dateModified":"2023-08-21T09:33:29+00:00","description":"Venite a scoprire il museo che gestisce i pi\u00f9 grandi monumenti culturali dei circondari di Idrija e di Cerkno e che, con le sue collezioni, fa rivivere il patrimonio culturale della zona.","breadcrumb":{"@id":"https:\/\/www.muzej-idrija-cerkno.si\/it\/il-museo\/#breadcrumb"},"inLanguage":"it-IT","potentialAction":[{"@type":"ReadAction","target":["https:\/\/www.muzej-idrija-cerkno.si\/it\/il-museo\/"]}]},{"@type":"BreadcrumbList","@id":"https:\/\/www.muzej-idrija-cerkno.si\/it\/il-museo\/#breadcrumb","itemListElement":[{"@type":"ListItem","position":1,"name":"Home","item":"https:\/\/www.muzej-idrija-cerkno.si\/it\/"},{"@type":"ListItem","position":2,"name":"Il museo"}]},{"@type":"WebSite","@id":"https:\/\/www.muzej-idrija-cerkno.si\/#website","url":"https:\/\/www.muzej-idrija-cerkno.si\/","name":"Mestni muzej Idrija","description":"\u0160e eno spleti\u0161\u010de WordPress","potentialAction":[{"@type":"SearchAction","target":{"@type":"EntryPoint","urlTemplate":"https:\/\/www.muzej-idrija-cerkno.si\/?s={search_term_string}"},"query-input":{"@type":"PropertyValueSpecification","valueRequired":true,"valueName":"search_term_string"}}],"inLanguage":"it-IT"}]}},"_links":{"self":[{"href":"https:\/\/www.muzej-idrija-cerkno.si\/it\/wp-json\/wp\/v2\/pages\/5760","targetHints":{"allow":["GET"]}}],"collection":[{"href":"https:\/\/www.muzej-idrija-cerkno.si\/it\/wp-json\/wp\/v2\/pages"}],"about":[{"href":"https:\/\/www.muzej-idrija-cerkno.si\/it\/wp-json\/wp\/v2\/types\/page"}],"author":[{"embeddable":true,"href":"https:\/\/www.muzej-idrija-cerkno.si\/it\/wp-json\/wp\/v2\/users\/1"}],"replies":[{"embeddable":true,"href":"https:\/\/www.muzej-idrija-cerkno.si\/it\/wp-json\/wp\/v2\/comments?post=5760"}],"version-history":[{"count":7,"href":"https:\/\/www.muzej-idrija-cerkno.si\/it\/wp-json\/wp\/v2\/pages\/5760\/revisions"}],"predecessor-version":[{"id":19973,"href":"https:\/\/www.muzej-idrija-cerkno.si\/it\/wp-json\/wp\/v2\/pages\/5760\/revisions\/19973"}],"wp:attachment":[{"href":"https:\/\/www.muzej-idrija-cerkno.si\/it\/wp-json\/wp\/v2\/media?parent=5760"}],"curies":[{"name":"wp","href":"https:\/\/api.w.org\/{rel}","templated":true}]}}