{"id":5467,"date":"2018-07-26T10:14:03","date_gmt":"2018-07-26T08:14:03","guid":{"rendered":"https:\/\/www.muzej-idrija-cerkno.si\/obiscite-nas\/kje-smo\/"},"modified":"2019-12-19T10:56:38","modified_gmt":"2019-12-19T09:56:38","slug":"kje-smo","status":"publish","type":"page","link":"https:\/\/www.muzej-idrija-cerkno.si\/it\/obiscite-nas\/kje-smo\/","title":{"rendered":"Dove siamo"},"content":{"rendered":"","protected":false},"excerpt":{"rendered":"","protected":false},"author":1,"featured_media":0,"parent":5443,"menu_order":0,"comment_status":"closed","ping_status":"closed","template":"template-onas-kjesmo.php","meta":{"_acf_changed":false,"footnotes":""},"class_list":["post-5467","page","type-page","status-publish","hentry"],"acf":[],"yoast_head":"<!-- This site is optimized with the Yoast SEO plugin v27.2 - https:\/\/yoast.com\/product\/yoast-seo-wordpress\/ -->\n<title>Dove siamo - Mestni muzej Idrija<\/title>\n<meta name=\"description\" content=\"Il nostro museo riunisce le maggiori attrazioni locali in ben otto localit\u00e0. Scoprite come organizzare una gita indimenticabile nella regione di Idrija e Cerkno.\" \/>\n<meta name=\"robots\" content=\"index, follow, max-snippet:-1, max-image-preview:large, max-video-preview:-1\" \/>\n<link rel=\"canonical\" href=\"https:\/\/www.muzej-idrija-cerkno.si\/it\/obiscite-nas\/kje-smo\/\" \/>\n<meta property=\"og:locale\" content=\"it_IT\" \/>\n<meta property=\"og:type\" content=\"article\" \/>\n<meta property=\"og:title\" content=\"Dove siamo - Mestni muzej Idrija\" \/>\n<meta property=\"og:description\" content=\"Il nostro museo riunisce le maggiori attrazioni locali in ben otto localit\u00e0. Scoprite come organizzare una gita indimenticabile nella regione di Idrija e Cerkno.\" \/>\n<meta property=\"og:url\" content=\"https:\/\/www.muzej-idrija-cerkno.si\/it\/obiscite-nas\/kje-smo\/\" \/>\n<meta property=\"og:site_name\" content=\"Mestni muzej Idrija\" \/>\n<meta property=\"article:modified_time\" content=\"2019-12-19T09:56:38+00:00\" \/>\n<meta name=\"twitter:card\" content=\"summary_large_image\" \/>\n<script type=\"application\/ld+json\" class=\"yoast-schema-graph\">{\"@context\":\"https:\/\/schema.org\",\"@graph\":[{\"@type\":\"WebPage\",\"@id\":\"https:\/\/www.muzej-idrija-cerkno.si\/it\/obiscite-nas\/kje-smo\/\",\"url\":\"https:\/\/www.muzej-idrija-cerkno.si\/it\/obiscite-nas\/kje-smo\/\",\"name\":\"Dove siamo - Mestni muzej Idrija\",\"isPartOf\":{\"@id\":\"https:\/\/www.muzej-idrija-cerkno.si\/#website\"},\"datePublished\":\"2018-07-26T08:14:03+00:00\",\"dateModified\":\"2019-12-19T09:56:38+00:00\",\"description\":\"Il nostro museo riunisce le maggiori attrazioni locali in ben otto localit\u00e0. Scoprite come organizzare una gita indimenticabile nella regione di Idrija e Cerkno.\",\"breadcrumb\":{\"@id\":\"https:\/\/www.muzej-idrija-cerkno.si\/it\/obiscite-nas\/kje-smo\/#breadcrumb\"},\"inLanguage\":\"it-IT\",\"potentialAction\":[{\"@type\":\"ReadAction\",\"target\":[\"https:\/\/www.muzej-idrija-cerkno.si\/it\/obiscite-nas\/kje-smo\/\"]}]},{\"@type\":\"BreadcrumbList\",\"@id\":\"https:\/\/www.muzej-idrija-cerkno.si\/it\/obiscite-nas\/kje-smo\/#breadcrumb\",\"itemListElement\":[{\"@type\":\"ListItem\",\"position\":1,\"name\":\"Home\",\"item\":\"https:\/\/www.muzej-idrija-cerkno.si\/it\/\"},{\"@type\":\"ListItem\",\"position\":2,\"name\":\"Visitateci\",\"item\":\"https:\/\/www.muzej-idrija-cerkno.si\/it\/obiscite-nas\/\"},{\"@type\":\"ListItem\",\"position\":3,\"name\":\"Dove siamo\"}]},{\"@type\":\"WebSite\",\"@id\":\"https:\/\/www.muzej-idrija-cerkno.si\/#website\",\"url\":\"https:\/\/www.muzej-idrija-cerkno.si\/\",\"name\":\"Mestni muzej Idrija\",\"description\":\"\u0160e eno spleti\u0161\u010de WordPress\",\"potentialAction\":[{\"@type\":\"SearchAction\",\"target\":{\"@type\":\"EntryPoint\",\"urlTemplate\":\"https:\/\/www.muzej-idrija-cerkno.si\/?s={search_term_string}\"},\"query-input\":{\"@type\":\"PropertyValueSpecification\",\"valueRequired\":true,\"valueName\":\"search_term_string\"}}],\"inLanguage\":\"it-IT\"}]}<\/script>\n<!-- \/ Yoast SEO plugin. -->","yoast_head_json":{"title":"Dove siamo - Mestni muzej Idrija","description":"Il nostro museo riunisce le maggiori attrazioni locali in ben otto localit\u00e0. Scoprite come organizzare una gita indimenticabile nella regione di Idrija e Cerkno.","robots":{"index":"index","follow":"follow","max-snippet":"max-snippet:-1","max-image-preview":"max-image-preview:large","max-video-preview":"max-video-preview:-1"},"canonical":"https:\/\/www.muzej-idrija-cerkno.si\/it\/obiscite-nas\/kje-smo\/","og_locale":"it_IT","og_type":"article","og_title":"Dove siamo - Mestni muzej Idrija","og_description":"Il nostro museo riunisce le maggiori attrazioni locali in ben otto localit\u00e0. Scoprite come organizzare una gita indimenticabile nella regione di Idrija e Cerkno.","og_url":"https:\/\/www.muzej-idrija-cerkno.si\/it\/obiscite-nas\/kje-smo\/","og_site_name":"Mestni muzej Idrija","article_modified_time":"2019-12-19T09:56:38+00:00","twitter_card":"summary_large_image","schema":{"@context":"https:\/\/schema.org","@graph":[{"@type":"WebPage","@id":"https:\/\/www.muzej-idrija-cerkno.si\/it\/obiscite-nas\/kje-smo\/","url":"https:\/\/www.muzej-idrija-cerkno.si\/it\/obiscite-nas\/kje-smo\/","name":"Dove siamo - Mestni muzej Idrija","isPartOf":{"@id":"https:\/\/www.muzej-idrija-cerkno.si\/#website"},"datePublished":"2018-07-26T08:14:03+00:00","dateModified":"2019-12-19T09:56:38+00:00","description":"Il nostro museo riunisce le maggiori attrazioni locali in ben otto localit\u00e0. Scoprite come organizzare una gita indimenticabile nella regione di Idrija e Cerkno.","breadcrumb":{"@id":"https:\/\/www.muzej-idrija-cerkno.si\/it\/obiscite-nas\/kje-smo\/#breadcrumb"},"inLanguage":"it-IT","potentialAction":[{"@type":"ReadAction","target":["https:\/\/www.muzej-idrija-cerkno.si\/it\/obiscite-nas\/kje-smo\/"]}]},{"@type":"BreadcrumbList","@id":"https:\/\/www.muzej-idrija-cerkno.si\/it\/obiscite-nas\/kje-smo\/#breadcrumb","itemListElement":[{"@type":"ListItem","position":1,"name":"Home","item":"https:\/\/www.muzej-idrija-cerkno.si\/it\/"},{"@type":"ListItem","position":2,"name":"Visitateci","item":"https:\/\/www.muzej-idrija-cerkno.si\/it\/obiscite-nas\/"},{"@type":"ListItem","position":3,"name":"Dove siamo"}]},{"@type":"WebSite","@id":"https:\/\/www.muzej-idrija-cerkno.si\/#website","url":"https:\/\/www.muzej-idrija-cerkno.si\/","name":"Mestni muzej Idrija","description":"\u0160e eno spleti\u0161\u010de WordPress","potentialAction":[{"@type":"SearchAction","target":{"@type":"EntryPoint","urlTemplate":"https:\/\/www.muzej-idrija-cerkno.si\/?s={search_term_string}"},"query-input":{"@type":"PropertyValueSpecification","valueRequired":true,"valueName":"search_term_string"}}],"inLanguage":"it-IT"}]}},"_links":{"self":[{"href":"https:\/\/www.muzej-idrija-cerkno.si\/it\/wp-json\/wp\/v2\/pages\/5467","targetHints":{"allow":["GET"]}}],"collection":[{"href":"https:\/\/www.muzej-idrija-cerkno.si\/it\/wp-json\/wp\/v2\/pages"}],"about":[{"href":"https:\/\/www.muzej-idrija-cerkno.si\/it\/wp-json\/wp\/v2\/types\/page"}],"author":[{"embeddable":true,"href":"https:\/\/www.muzej-idrija-cerkno.si\/it\/wp-json\/wp\/v2\/users\/1"}],"replies":[{"embeddable":true,"href":"https:\/\/www.muzej-idrija-cerkno.si\/it\/wp-json\/wp\/v2\/comments?post=5467"}],"version-history":[{"count":2,"href":"https:\/\/www.muzej-idrija-cerkno.si\/it\/wp-json\/wp\/v2\/pages\/5467\/revisions"}],"predecessor-version":[{"id":6433,"href":"https:\/\/www.muzej-idrija-cerkno.si\/it\/wp-json\/wp\/v2\/pages\/5467\/revisions\/6433"}],"up":[{"embeddable":true,"href":"https:\/\/www.muzej-idrija-cerkno.si\/it\/wp-json\/wp\/v2\/pages\/5443"}],"wp:attachment":[{"href":"https:\/\/www.muzej-idrija-cerkno.si\/it\/wp-json\/wp\/v2\/media?parent=5467"}],"curies":[{"name":"wp","href":"https:\/\/api.w.org\/{rel}","templated":true}]}}