{"id":5443,"date":"2018-07-20T13:24:38","date_gmt":"2018-07-20T11:24:38","guid":{"rendered":"https:\/\/www.muzej-idrija-cerkno.si\/obiscite-nas\/"},"modified":"2020-01-13T14:21:06","modified_gmt":"2020-01-13T13:21:06","slug":"obiscite-nas","status":"publish","type":"page","link":"https:\/\/www.muzej-idrija-cerkno.si\/it\/obiscite-nas\/","title":{"rendered":"Visitateci"},"content":{"rendered":"\n<style type=\"text\/css\" data-created_by=\"avia_inline_auto\" id=\"style-css-av-jjtx9fil-cc2eaf674a017d439ff7f79c0ee56f20\">\n.avia-section.av-jjtx9fil-cc2eaf674a017d439ff7f79c0ee56f20{\nbackground-repeat:no-repeat;\nbackground-image:url(https:\/\/www.muzej-idrija-cerkno.si\/wp-content\/uploads\/2018\/07\/lokacije-bg-1.jpg);\nbackground-position:0% 0%;\nbackground-attachment:scroll;\n}\n<\/style>\n<div id='av_section_1'  class='avia-section av-jjtx9fil-cc2eaf674a017d439ff7f79c0ee56f20 main_color avia-section-default avia-no-border-styling  avia-builder-el-0  el_before_av_section  avia-builder-el-first  header header-hero header-top-menu-padding avia-bg-style-scroll container_wrap fullsize'  data-section-bg-repeat='no-repeat'><div class='container av-section-cont-open' ><main  role=\"main\" itemprop=\"mainContentOfPage\"  class='template-page content  av-content-full alpha units'><div class='post-entry post-entry-type-page post-entry-5443'><div class='entry-content-wrapper clearfix'>\n\n<style type=\"text\/css\" data-created_by=\"avia_inline_auto\" id=\"style-css-av-7emv-2c6cfb9aab43875b565a39dbaa7e3e02\">\n.flex_column.av-7emv-2c6cfb9aab43875b565a39dbaa7e3e02{\nborder-radius:0px 0px 0px 0px;\npadding:0px 0px 0px 0px;\n}\n<\/style>\n<div  class='flex_column av-7emv-2c6cfb9aab43875b565a39dbaa7e3e02 av_two_fifth  avia-builder-el-1  el_before_av_three_fifth  avia-builder-el-first  first flex_column_div av-zero-column-padding  '     ><section  class='av_textblock_section av-kiv-6e785a5da9303b51a494d47ce64d517a '   itemscope=\"itemscope\" itemtype=\"https:\/\/schema.org\/CreativeWork\" ><div class='avia_textblock'  itemprop=\"text\" ><h1>Visitateci<\/h1>\n<\/div><\/section><br \/>\n<section  class='av_textblock_section av-jjtxlc6c-ff567b8adb54577c339abddf56743dbb '   itemscope=\"itemscope\" itemtype=\"https:\/\/schema.org\/CreativeWork\" ><div class='avia_textblock'  itemprop=\"text\" ><p><strong>Mete per escursioni <\/strong><\/p>\n<p>Il territorio di Idrija e Cerkno \u00e8 una destinazione affascinante in tutte le stagioni, interessante per chi desidera scoprire la storia, senza limiti di et\u00e0. Il museo vanta svariate sedi, aperte 365 giorni all&#8217;anno.<\/p>\n<\/div><\/section><\/p><\/div>\n<style type=\"text\/css\" data-created_by=\"avia_inline_auto\" id=\"style-css-av-38kn-a4512eff9cae1e199044b641efa4768a\">\n.flex_column.av-38kn-a4512eff9cae1e199044b641efa4768a{\nborder-radius:0px 0px 0px 0px;\npadding:0px 0px 0px 0px;\n}\n<\/style>\n<div  class='flex_column av-38kn-a4512eff9cae1e199044b641efa4768a av_three_fifth  avia-builder-el-4  el_after_av_two_fifth  avia-builder-el-last  flex_column_div av-zero-column-padding  '     ><style type=\"text\/css\" data-created_by=\"avia_inline_auto\" id=\"style-css-av-jjzgdvec-2f2239ffe0c47623e784be465f6d36e9\">\n.avia-image-container.av-jjzgdvec-2f2239ffe0c47623e784be465f6d36e9 img.avia_image{\nbox-shadow:none;\n}\n.avia-image-container.av-jjzgdvec-2f2239ffe0c47623e784be465f6d36e9 .av-image-caption-overlay-center{\ncolor:#ffffff;\n}\n<\/style>\n<div  class='avia-image-container av-jjzgdvec-2f2239ffe0c47623e784be465f6d36e9 av-styling- avia-align-center  avia-builder-el-5  avia-builder-el-no-sibling '   itemprop=\"image\" itemscope=\"itemscope\" itemtype=\"https:\/\/schema.org\/ImageObject\" ><div class=\"avia-image-container-inner\"><div class=\"avia-image-overlay-wrap\"><img fetchpriority=\"high\" class='wp-image-5742 avia-img-lazy-loading-not-5742 avia_image ' src='https:\/\/www.muzej-idrija-cerkno.si\/wp-content\/uploads\/2019\/01\/Obi\u0161\u010dite-nas_naslovna-foto-1.jpg' alt='' title='Obi\u0161\u010dite nas_naslovna foto (1)'  height=\"600\" width=\"900\"  itemprop=\"thumbnailUrl\"  \/><\/div><\/div><\/div><\/div><\/div><\/div><\/main><!-- close content main element --><\/div><\/div><div id='av_section_2'  class='avia-section av-10a9f-101fefcc2e6091a02f66e514d55692f9 main_color avia-section-default avia-no-border-styling  avia-builder-el-6  el_after_av_section  avia-builder-el-last  avia-bg-style-scroll container_wrap fullsize'  ><div class='container av-section-cont-open' ><div class='template-page content  av-content-full alpha units'><div class='post-entry post-entry-type-page post-entry-5443'><div class='entry-content-wrapper clearfix'>\n<section  class='av_textblock_section av-jldaofxj-e1236d413c6b1b0feab2d85f716e1f37 '   itemscope=\"itemscope\" itemtype=\"https:\/\/schema.org\/CreativeWork\" ><div class='avia_textblock'  itemprop=\"text\" ><div class=\"wrap_povezav\"><div class=\"povezave_s_sliko bgedelements\"><div class=\"av_one_third first zelena\"><a href=\"https:\/\/www.muzej-idrija-cerkno.si\/it\/obiscite-nas\/top-10-zanimivosti\/\" class=\"imagewrap\"><img decoding=\"async\" src=\"https:\/\/www.muzej-idrija-cerkno.si\/wp-content\/uploads\/2018\/09\/top_10_zanimivosti-1.jpg\"><div class=\"bgplustextwrap\"><div class=\"textdiv\">Le 10 migliori attrazioni<\/div><\/div><span class=\"image-overlay overlay-type-extern\" style=\"left: -5px; top: 0px; overflow: hidden; display: block; height: 631px; width: 641px;\"><span class=\"image-overlay-inside\"><\/span><\/span><\/a><\/div><div class=\"av_one_third  zelena\"><a href=\"https:\/\/www.muzej-idrija-cerkno.si\/it\/obiscite-nas\/programmi-per-gruppi-di-adulti\/\" class=\"imagewrap\"><img decoding=\"async\" src=\"https:\/\/www.muzej-idrija-cerkno.si\/wp-content\/uploads\/2018\/09\/programi_za_odrasle-1.jpg\"><div class=\"bgplustextwrap\"><div class=\"textdiv\">Programmi per gruppi di adulti<\/div><\/div><span class=\"image-overlay overlay-type-extern\" style=\"left: -5px; top: 0px; overflow: hidden; display: block; height: 631px; width: 641px;\"><span class=\"image-overlay-inside\"><\/span><\/span><\/a><\/div><div class=\"av_one_third  zelena\"><a href=\"https:\/\/www.muzej-idrija-cerkno.si\/it\/obiscite-nas\/programmi-per-le-scuole\/\" class=\"imagewrap\"><img decoding=\"async\" src=\"https:\/\/www.muzej-idrija-cerkno.si\/wp-content\/uploads\/2019\/01\/Geolo\u0161ka-zbirka-4.jpg\"><div class=\"bgplustextwrap\"><div class=\"textdiv\">Programmi per le scuole<\/div><\/div><span class=\"image-overlay overlay-type-extern\" style=\"left: -5px; top: 0px; overflow: hidden; display: block; height: 631px; width: 641px;\"><span class=\"image-overlay-inside\"><\/span><\/span><\/a><\/div><\/div><div class=\"povezave_z_ikono\"><div class=\"av_one_third first\"><div class=\"naslovwrap\"><a href=\"https:\/\/www.muzej-idrija-cerkno.si\/it\/obiscite-nas\/kam-na-izlet\/\" class=\"imagewrap\"><div class=\"ikona\"><img decoding=\"async\" src=\"https:\/\/www.muzej-idrija-cerkno.si\/wp-content\/uploads\/2018\/10\/kam-na-izlet.svg\"><\/div><div class=\"naslov\">Mete per escursioni<\/div><\/a><\/div><div class=\"tekst\">Abbiamo preparato alcune proposte di escursioni per aiutarvi a scegliere.   Venite a trovarci!<\/div><div class=\"povezava\"><a href=\"https:\/\/www.muzej-idrija-cerkno.si\/it\/obiscite-nas\/kam-na-izlet\/\" class=\"imagewrap\">Per saperne di pi\u00f9...<\/a><\/div><\/div><div class=\"av_one_third \"><div class=\"naslovwrap\"><a href=\"https:\/\/www.muzej-idrija-cerkno.si\/it\/obiscite-nas\/kje-smo\/\" class=\"imagewrap\"><div class=\"ikona\"><img decoding=\"async\" src=\"https:\/\/www.muzej-idrija-cerkno.si\/wp-content\/uploads\/2018\/10\/kje-smo.svg\"><\/div><div class=\"naslov\">Dove siamo<\/div><\/a><\/div><div class=\"tekst\">Con l'aiuto della descrizione delle localit\u00e0 e della mappa, ci troverete ancora prima.  Provate!<\/div><div class=\"povezava\"><a href=\"https:\/\/www.muzej-idrija-cerkno.si\/it\/obiscite-nas\/kje-smo\/\" class=\"imagewrap\">Per saperne di pi\u00f9...<\/a><\/div><\/div><div class=\"av_one_third \"><div class=\"naslovwrap\"><a href=\"https:\/\/www.muzej-idrija-cerkno.si\/it\/obiscite-nas\/biglietti\/\" class=\"imagewrap\"><div class=\"ikona\"><img decoding=\"async\" src=\"https:\/\/www.muzej-idrija-cerkno.si\/wp-content\/uploads\/2018\/10\/vstopnice.svg\"><\/div><div class=\"naslov\">Biglietti<\/div><\/a><\/div><div class=\"tekst\">Esistono diverse opzioni per l'acquisto dei biglietti.  Scegliete quella pi\u00f9 conveniente per voi!<\/div><div class=\"povezava\"><a href=\"https:\/\/www.muzej-idrija-cerkno.si\/it\/obiscite-nas\/biglietti\/\" class=\"imagewrap\">Per saperne di pi\u00f9...<\/a><\/div><\/div><\/div><\/div>\n<\/div><\/section>\n<\/p>\n","protected":false},"excerpt":{"rendered":"","protected":false},"author":1,"featured_media":0,"parent":0,"menu_order":0,"comment_status":"closed","ping_status":"closed","template":"template-obiscite_nas.php","meta":{"_acf_changed":false,"footnotes":""},"class_list":["post-5443","page","type-page","status-publish","hentry"],"acf":[],"yoast_head":"<!-- This site is optimized with the Yoast SEO plugin v27.2 - https:\/\/yoast.com\/product\/yoast-seo-wordpress\/ -->\n<title>Visitateci - Mestni muzej Idrija<\/title>\n<meta name=\"description\" content=\"Il territorio di Idrija e Cerkno \u00e8 una destinazione di viaggio perfetta in qualsiasi stagione e affascina i visitatori di ogni et\u00e0 con i suoi musei, mostre ed esposizioni aperti tutto l&#039;anno. Benvenuti!\" \/>\n<meta name=\"robots\" content=\"index, follow, max-snippet:-1, max-image-preview:large, max-video-preview:-1\" \/>\n<link rel=\"canonical\" href=\"https:\/\/www.muzej-idrija-cerkno.si\/it\/obiscite-nas\/\" \/>\n<meta property=\"og:locale\" content=\"it_IT\" \/>\n<meta property=\"og:type\" content=\"article\" \/>\n<meta property=\"og:title\" content=\"Visitateci - Mestni muzej Idrija\" \/>\n<meta property=\"og:description\" content=\"Il territorio di Idrija e Cerkno \u00e8 una destinazione di viaggio perfetta in qualsiasi stagione e affascina i visitatori di ogni et\u00e0 con i suoi musei, mostre ed esposizioni aperti tutto l&#039;anno. Benvenuti!\" \/>\n<meta property=\"og:url\" content=\"https:\/\/www.muzej-idrija-cerkno.si\/it\/obiscite-nas\/\" \/>\n<meta property=\"og:site_name\" content=\"Mestni muzej Idrija\" \/>\n<meta property=\"article:modified_time\" content=\"2020-01-13T13:21:06+00:00\" \/>\n<meta name=\"twitter:card\" content=\"summary_large_image\" \/>\n<meta name=\"twitter:label1\" content=\"Tempo di lettura stimato\" \/>\n\t<meta name=\"twitter:data1\" content=\"3 minuti\" \/>\n<script type=\"application\/ld+json\" class=\"yoast-schema-graph\">{\"@context\":\"https:\/\/schema.org\",\"@graph\":[{\"@type\":\"WebPage\",\"@id\":\"https:\/\/www.muzej-idrija-cerkno.si\/it\/obiscite-nas\/\",\"url\":\"https:\/\/www.muzej-idrija-cerkno.si\/it\/obiscite-nas\/\",\"name\":\"Visitateci - Mestni muzej Idrija\",\"isPartOf\":{\"@id\":\"https:\/\/www.muzej-idrija-cerkno.si\/#website\"},\"datePublished\":\"2018-07-20T11:24:38+00:00\",\"dateModified\":\"2020-01-13T13:21:06+00:00\",\"description\":\"Il territorio di Idrija e Cerkno \u00e8 una destinazione di viaggio perfetta in qualsiasi stagione e affascina i visitatori di ogni et\u00e0 con i suoi musei, mostre ed esposizioni aperti tutto l'anno. Benvenuti!\",\"breadcrumb\":{\"@id\":\"https:\/\/www.muzej-idrija-cerkno.si\/it\/obiscite-nas\/#breadcrumb\"},\"inLanguage\":\"it-IT\",\"potentialAction\":[{\"@type\":\"ReadAction\",\"target\":[\"https:\/\/www.muzej-idrija-cerkno.si\/it\/obiscite-nas\/\"]}]},{\"@type\":\"BreadcrumbList\",\"@id\":\"https:\/\/www.muzej-idrija-cerkno.si\/it\/obiscite-nas\/#breadcrumb\",\"itemListElement\":[{\"@type\":\"ListItem\",\"position\":1,\"name\":\"Home\",\"item\":\"https:\/\/www.muzej-idrija-cerkno.si\/it\/\"},{\"@type\":\"ListItem\",\"position\":2,\"name\":\"Visitateci\"}]},{\"@type\":\"WebSite\",\"@id\":\"https:\/\/www.muzej-idrija-cerkno.si\/#website\",\"url\":\"https:\/\/www.muzej-idrija-cerkno.si\/\",\"name\":\"Mestni muzej Idrija\",\"description\":\"\u0160e eno spleti\u0161\u010de WordPress\",\"potentialAction\":[{\"@type\":\"SearchAction\",\"target\":{\"@type\":\"EntryPoint\",\"urlTemplate\":\"https:\/\/www.muzej-idrija-cerkno.si\/?s={search_term_string}\"},\"query-input\":{\"@type\":\"PropertyValueSpecification\",\"valueRequired\":true,\"valueName\":\"search_term_string\"}}],\"inLanguage\":\"it-IT\"}]}<\/script>\n<!-- \/ Yoast SEO plugin. -->","yoast_head_json":{"title":"Visitateci - Mestni muzej Idrija","description":"Il territorio di Idrija e Cerkno \u00e8 una destinazione di viaggio perfetta in qualsiasi stagione e affascina i visitatori di ogni et\u00e0 con i suoi musei, mostre ed esposizioni aperti tutto l'anno. Benvenuti!","robots":{"index":"index","follow":"follow","max-snippet":"max-snippet:-1","max-image-preview":"max-image-preview:large","max-video-preview":"max-video-preview:-1"},"canonical":"https:\/\/www.muzej-idrija-cerkno.si\/it\/obiscite-nas\/","og_locale":"it_IT","og_type":"article","og_title":"Visitateci - Mestni muzej Idrija","og_description":"Il territorio di Idrija e Cerkno \u00e8 una destinazione di viaggio perfetta in qualsiasi stagione e affascina i visitatori di ogni et\u00e0 con i suoi musei, mostre ed esposizioni aperti tutto l'anno. Benvenuti!","og_url":"https:\/\/www.muzej-idrija-cerkno.si\/it\/obiscite-nas\/","og_site_name":"Mestni muzej Idrija","article_modified_time":"2020-01-13T13:21:06+00:00","twitter_card":"summary_large_image","twitter_misc":{"Tempo di lettura stimato":"3 minuti"},"schema":{"@context":"https:\/\/schema.org","@graph":[{"@type":"WebPage","@id":"https:\/\/www.muzej-idrija-cerkno.si\/it\/obiscite-nas\/","url":"https:\/\/www.muzej-idrija-cerkno.si\/it\/obiscite-nas\/","name":"Visitateci - Mestni muzej Idrija","isPartOf":{"@id":"https:\/\/www.muzej-idrija-cerkno.si\/#website"},"datePublished":"2018-07-20T11:24:38+00:00","dateModified":"2020-01-13T13:21:06+00:00","description":"Il territorio di Idrija e Cerkno \u00e8 una destinazione di viaggio perfetta in qualsiasi stagione e affascina i visitatori di ogni et\u00e0 con i suoi musei, mostre ed esposizioni aperti tutto l'anno. Benvenuti!","breadcrumb":{"@id":"https:\/\/www.muzej-idrija-cerkno.si\/it\/obiscite-nas\/#breadcrumb"},"inLanguage":"it-IT","potentialAction":[{"@type":"ReadAction","target":["https:\/\/www.muzej-idrija-cerkno.si\/it\/obiscite-nas\/"]}]},{"@type":"BreadcrumbList","@id":"https:\/\/www.muzej-idrija-cerkno.si\/it\/obiscite-nas\/#breadcrumb","itemListElement":[{"@type":"ListItem","position":1,"name":"Home","item":"https:\/\/www.muzej-idrija-cerkno.si\/it\/"},{"@type":"ListItem","position":2,"name":"Visitateci"}]},{"@type":"WebSite","@id":"https:\/\/www.muzej-idrija-cerkno.si\/#website","url":"https:\/\/www.muzej-idrija-cerkno.si\/","name":"Mestni muzej Idrija","description":"\u0160e eno spleti\u0161\u010de WordPress","potentialAction":[{"@type":"SearchAction","target":{"@type":"EntryPoint","urlTemplate":"https:\/\/www.muzej-idrija-cerkno.si\/?s={search_term_string}"},"query-input":{"@type":"PropertyValueSpecification","valueRequired":true,"valueName":"search_term_string"}}],"inLanguage":"it-IT"}]}},"_links":{"self":[{"href":"https:\/\/www.muzej-idrija-cerkno.si\/it\/wp-json\/wp\/v2\/pages\/5443","targetHints":{"allow":["GET"]}}],"collection":[{"href":"https:\/\/www.muzej-idrija-cerkno.si\/it\/wp-json\/wp\/v2\/pages"}],"about":[{"href":"https:\/\/www.muzej-idrija-cerkno.si\/it\/wp-json\/wp\/v2\/types\/page"}],"author":[{"embeddable":true,"href":"https:\/\/www.muzej-idrija-cerkno.si\/it\/wp-json\/wp\/v2\/users\/1"}],"replies":[{"embeddable":true,"href":"https:\/\/www.muzej-idrija-cerkno.si\/it\/wp-json\/wp\/v2\/comments?post=5443"}],"version-history":[{"count":4,"href":"https:\/\/www.muzej-idrija-cerkno.si\/it\/wp-json\/wp\/v2\/pages\/5443\/revisions"}],"predecessor-version":[{"id":5450,"href":"https:\/\/www.muzej-idrija-cerkno.si\/it\/wp-json\/wp\/v2\/pages\/5443\/revisions\/5450"}],"wp:attachment":[{"href":"https:\/\/www.muzej-idrija-cerkno.si\/it\/wp-json\/wp\/v2\/media?parent=5443"}],"curies":[{"name":"wp","href":"https:\/\/api.w.org\/{rel}","templated":true}]}}