{"id":5398,"date":"2018-07-20T13:24:48","date_gmt":"2018-07-20T11:24:48","guid":{"rendered":"https:\/\/www.muzej-idrija-cerkno.si\/lokacije-in-razstave\/"},"modified":"2019-12-19T10:56:37","modified_gmt":"2019-12-19T09:56:37","slug":"lokacije-in-razstave","status":"publish","type":"page","link":"https:\/\/www.muzej-idrija-cerkno.si\/it\/lokacije-in-razstave\/","title":{"rendered":"Siti ed esposizioni"},"content":{"rendered":"\n<style type=\"text\/css\" data-created_by=\"avia_inline_auto\" id=\"style-css-av-jjtx9fil-cc2eaf674a017d439ff7f79c0ee56f20\">\n.avia-section.av-jjtx9fil-cc2eaf674a017d439ff7f79c0ee56f20{\nbackground-repeat:no-repeat;\nbackground-image:url(https:\/\/www.muzej-idrija-cerkno.si\/wp-content\/uploads\/2018\/07\/lokacije-bg-1.jpg);\nbackground-position:0% 0%;\nbackground-attachment:scroll;\n}\n<\/style>\n<div id='av_section_1'  class='avia-section av-jjtx9fil-cc2eaf674a017d439ff7f79c0ee56f20 main_color avia-section-default avia-no-border-styling  avia-builder-el-0  el_before_av_section  avia-builder-el-first  header header-hero header-top-menu-padding avia-bg-style-scroll container_wrap fullsize'  data-section-bg-repeat='no-repeat'><div class='container av-section-cont-open' ><main  role=\"main\" itemprop=\"mainContentOfPage\"  class='template-page content  av-content-full alpha units'><div class='post-entry post-entry-type-page post-entry-5398'><div class='entry-content-wrapper clearfix'>\n\n<style type=\"text\/css\" data-created_by=\"avia_inline_auto\" id=\"style-css-av-7emv-2c6cfb9aab43875b565a39dbaa7e3e02\">\n.flex_column.av-7emv-2c6cfb9aab43875b565a39dbaa7e3e02{\nborder-radius:0px 0px 0px 0px;\npadding:0px 0px 0px 0px;\n}\n<\/style>\n<div  class='flex_column av-7emv-2c6cfb9aab43875b565a39dbaa7e3e02 av_two_fifth  avia-builder-el-1  el_before_av_three_fifth  avia-builder-el-first  first flex_column_div av-zero-column-padding  '     ><section  class='av_textblock_section av-kiv-6e785a5da9303b51a494d47ce64d517a '   itemscope=\"itemscope\" itemtype=\"https:\/\/schema.org\/CreativeWork\" ><div class='avia_textblock'  itemprop=\"text\" ><h1>Siti ed esposizioni<\/h1>\n<\/div><\/section><br \/>\n<section  class='av_textblock_section av-jjtxlc6c-ff567b8adb54577c339abddf56743dbb '   itemscope=\"itemscope\" itemtype=\"https:\/\/schema.org\/CreativeWork\" ><div class='avia_textblock'  itemprop=\"text\" ><p><strong>Un museo, otto sedi.<\/strong><\/p>\n<p>Nel circondario di Idrija potrete trovarci al castello Gewerkenegg, alla ruota per il pompaggio dell&#8217;acqua, nota come &#8220;Kam\u0161t&#8221; di Idrija, alla casa del minatore di Idrija, ael dipartimento tecnico del museo presso il pozzo di Francesco e alla tipografia partigiana Slovenija di Vojsko. Nel circondario di Cerkno potrete invece trovarci al Museo di Cerkno, all&#8217;ospedale partigiano Franja di Dolenji Novaki pri Cerknem e alla fattoria Bevk di Zakojca.<\/p>\n<\/div><\/section><\/p><\/div>\n<style type=\"text\/css\" data-created_by=\"avia_inline_auto\" id=\"style-css-av-38kn-a4512eff9cae1e199044b641efa4768a\">\n.flex_column.av-38kn-a4512eff9cae1e199044b641efa4768a{\nborder-radius:0px 0px 0px 0px;\npadding:0px 0px 0px 0px;\n}\n<\/style>\n<div  class='flex_column av-38kn-a4512eff9cae1e199044b641efa4768a av_three_fifth  avia-builder-el-4  el_after_av_two_fifth  avia-builder-el-last  flex_column_div av-zero-column-padding  '     ><style type=\"text\/css\" data-created_by=\"avia_inline_auto\" id=\"style-css-av-jjzgdvec-ae6396b5cce55388e949ea850626448e\">\n.avia-image-container.av-jjzgdvec-ae6396b5cce55388e949ea850626448e img.avia_image{\nbox-shadow:none;\n}\n.avia-image-container.av-jjzgdvec-ae6396b5cce55388e949ea850626448e .av-image-caption-overlay-center{\ncolor:#ffffff;\n}\n<\/style>\n<div  class='avia-image-container av-jjzgdvec-ae6396b5cce55388e949ea850626448e av-styling- avia-align-center  avia-builder-el-5  avia-builder-el-no-sibling '   itemprop=\"image\" itemscope=\"itemscope\" itemtype=\"https:\/\/schema.org\/ImageObject\" ><div class=\"avia-image-container-inner\"><div class=\"avia-image-overlay-wrap\"><img fetchpriority=\"high\" class='wp-image-5399 avia-img-lazy-loading-not-5399 avia_image ' src='https:\/\/www.muzej-idrija-cerkno.si\/wp-content\/uploads\/2018\/07\/lokacije-in-razstave-1.jpg' alt='' title='lokacije-in-razstave (1)'  height=\"550\" width=\"808\"  itemprop=\"thumbnailUrl\"  \/><\/div><\/div><\/div><\/div>\n\n<\/div><\/div><\/main><!-- close content main element --><\/div><\/div><div id='seznam-lokacij'  class='avia-section av-zj3r-a16b338f7104b129cd93d05f669f9e70 main_color avia-section-default avia-no-border-styling  avia-builder-el-6  el_after_av_section  avia-builder-el-last  avia-bg-style-scroll container_wrap fullsize'  ><div class='container av-section-cont-open' ><div class='template-page content  av-content-full alpha units'><div class='post-entry post-entry-type-page post-entry-5398'><div class='entry-content-wrapper clearfix'>\n<section  class='av_textblock_section av-jk27tmi6-45b78a3655f22bf654a26fdab9a2445d '   itemscope=\"itemscope\" itemtype=\"https:\/\/schema.org\/CreativeWork\" ><div class='avia_textblock'  itemprop=\"text\" ><div class=\"seznam_lokacij_wrap bgedelements greenbgs\"><div class=\"av_one_third first\"><a href=\"https:\/\/www.muzej-idrija-cerkno.si\/it\/?post_type=lokacija&p=13331\" class=\"imagewrap\"><img decoding=\"async\" src=\"\"><div class=\"bgplustextwrap\"><div class=\"textdiv\"><\/div><\/div><\/a><div class=\"seznam_lokacij_subtext\"><\/div><\/div><div class=\"av_one_third \"><a href=\"https:\/\/www.muzej-idrija-cerkno.si\/it\/lokacija\/castello-gewerkenegg\/\" class=\"imagewrap\"><img decoding=\"async\" src=\"https:\/\/www.muzej-idrija-cerkno.si\/wp-content\/uploads\/2018\/07\/gradG-1-420x420.jpg\"><div class=\"bgplustextwrap\"><div class=\"textdiv\">Castello Gewerkenegg<\/div><\/div><\/a><div class=\"seznam_lokacij_subtext\">castello minerario degli inizi del XVI secolo, che ospita la sede del Museo civico di Idrija e mostre sull'estrazione del mercurio, sulla citt\u00e0 e sul merletto di Idrija<\/div><\/div><div class=\"av_one_third \"><a href=\"https:\/\/www.muzej-idrija-cerkno.si\/it\/lokacija\/ospedale-partigiano-franja\/\" class=\"imagewrap\"><img decoding=\"async\" src=\"https:\/\/www.muzej-idrija-cerkno.si\/wp-content\/uploads\/2018\/07\/bolnica-franja-2-420x420.jpg\"><div class=\"bgplustextwrap\"><div class=\"textdiv\">Ospedale partigiano Franja &#8211; CHIUSO a causa di danni causati dalla tempesta<\/div><\/div><\/a><div class=\"seznam_lokacij_subtext\">Un monumento dell'umanit\u00e0 e un ricordo della Seconda guerra mondiale nella gola di Pasice<\/div><\/div><div class=\"av_one_half first\"><a href=\"https:\/\/www.muzej-idrija-cerkno.si\/it\/lokacija\/la-kamst-di-idrija-stazione-di-pompaggio\/\" class=\"imagewrap\"><img decoding=\"async\" src=\"https:\/\/www.muzej-idrija-cerkno.si\/wp-content\/uploads\/2018\/07\/kamst-2-1-2-662x662.jpg\"><div class=\"bgplustextwrap\"><div class=\"textdiv\">La Kam\u0161t di Idrija \u2013 stazione di pompaggio<\/div><\/div><\/a><div class=\"seznam_lokacij_subtext\">La pompa per l'acqua sotterranea del 1790, con la pi\u00f9 grande ruota motrice di legno in Europa, dal diametro di 13,6 m<\/div><\/div><div class=\"av_one_half \"><a href=\"https:\/\/www.muzej-idrija-cerkno.si\/it\/lokacija\/museo-di-cerkno\/\" class=\"imagewrap\"><img decoding=\"async\" src=\"https:\/\/www.muzej-idrija-cerkno.si\/wp-content\/uploads\/2018\/07\/cerkljanski-muzej-prikazna-662x662.jpg\"><div class=\"bgplustextwrap\"><div class=\"textdiv\">Museo di Cerkno<\/div><\/div><\/a><div class=\"seznam_lokacij_subtext\">sezione del Museo civico di Idrija con le mostre su Cerkno e i suoi \"Laufarji\"  <\/div><\/div><div class=\"av_one_third first\"><a href=\"https:\/\/www.muzej-idrija-cerkno.si\/it\/lokacija\/idrijska-rudarska-hisa\/\" class=\"imagewrap\"><img decoding=\"async\" src=\"https:\/\/www.muzej-idrija-cerkno.si\/wp-content\/uploads\/2018\/07\/idrijska-rudarska-hisa-prikazna-420x420.jpg\"><div class=\"badges\"><img decoding=\"async\" src=\"https:\/\/www.muzej-idrija-cerkno.si\/wp-content\/uploads\/2019\/12\/unesco-znacka.svg\"><\/div><div class=\"bgplustextwrap\"><div class=\"textdiv\">Casa del minatore di Idrija<\/div><\/div><\/a><div class=\"seznam_lokacij_subtext\">condominio ospitante le famiglie dei minatori di Idrija, eretto nella seconda met\u00e0 del XVIII secolo<\/div><\/div><div class=\"av_one_third \"><a href=\"https:\/\/www.muzej-idrija-cerkno.si\/it\/lokacija\/fattoria-dello-scrittore-franc-bevk\/\" class=\"imagewrap\"><img decoding=\"async\" src=\"https:\/\/www.muzej-idrija-cerkno.si\/wp-content\/uploads\/2018\/07\/DSC_0140-420x420.jpg\"><div class=\"bgplustextwrap\"><div class=\"textdiv\">Fattoria dello scrittore Franc Bevk<\/div><\/div><\/a><div class=\"seznam_lokacij_subtext\">La casa dei Volar, a Zakojca, paese natale dello scrittore, ora ospita il museo commemorativo<\/div><\/div><div class=\"av_one_third \"><a href=\"https:\/\/www.muzej-idrija-cerkno.si\/it\/lokacija\/tipografia-partigiana-slovenija\/\" class=\"imagewrap\"><img decoding=\"async\" src=\"https:\/\/www.muzej-idrija-cerkno.si\/wp-content\/uploads\/2018\/07\/partizanska-tiskarna-prikazna-420x420.jpg\"><div class=\"bgplustextwrap\"><div class=\"textdiv\">Tipografia partigiana &#8220;Slovenija&#8221;<\/div><\/div><\/a><div class=\"seznam_lokacij_subtext\">la pi\u00f9 grande tipografia illegale dei partigiani nella regione del Litorale sloveno durante la Seconda guerra mondiale e un autentico monumento alla resistenza <\/div><\/div><div class=\"av_one_third \"><a href=\"https:\/\/www.muzej-idrija-cerkno.si\/it\/lokacija\/settore-tecnico-del-museo-del-pozzo-di-francesco\/\" class=\"imagewrap\"><img decoding=\"async\" src=\"https:\/\/www.muzej-idrija-cerkno.si\/wp-content\/uploads\/2018\/07\/Franciskov-jasek-prikazna-420x420.jpg\"><div class=\"bgplustextwrap\"><div class=\"textdiv\">Settore tecnico del museo del pozzo di Francesco<\/div><\/div><\/a><div class=\"seznam_lokacij_subtext\">edificio d'ingresso alla miniera di mercurio di Idrija, risalente al 1792, oggi sede della sezione tecnica del museo <\/div><\/div><\/div>\n<\/div><\/section>\n\n","protected":false},"excerpt":{"rendered":"","protected":false},"author":1,"featured_media":0,"parent":0,"menu_order":0,"comment_status":"closed","ping_status":"closed","template":"","meta":{"_acf_changed":false,"footnotes":""},"class_list":["post-5398","page","type-page","status-publish","hentry"],"acf":[],"yoast_head":"<!-- This site is optimized with the Yoast SEO plugin v27.2 - https:\/\/yoast.com\/product\/yoast-seo-wordpress\/ -->\n<title>Siti ed esposizioni - Mestni muzej Idrija<\/title>\n<meta name=\"description\" content=\"Le attrazioni che compongono l&#039;offerta del nostro museo possono essere ammirate in ben otto sedi distinte. Scoprite dove siamo e venite a visitarci.\" \/>\n<meta name=\"robots\" content=\"index, follow, max-snippet:-1, max-image-preview:large, max-video-preview:-1\" \/>\n<link rel=\"canonical\" href=\"https:\/\/www.muzej-idrija-cerkno.si\/it\/lokacije-in-razstave\/\" \/>\n<meta property=\"og:locale\" content=\"it_IT\" \/>\n<meta property=\"og:type\" content=\"article\" \/>\n<meta property=\"og:title\" content=\"Siti ed esposizioni - Mestni muzej Idrija\" \/>\n<meta property=\"og:description\" content=\"Le attrazioni che compongono l&#039;offerta del nostro museo possono essere ammirate in ben otto sedi distinte. Scoprite dove siamo e venite a visitarci.\" \/>\n<meta property=\"og:url\" content=\"https:\/\/www.muzej-idrija-cerkno.si\/it\/lokacije-in-razstave\/\" \/>\n<meta property=\"og:site_name\" content=\"Mestni muzej Idrija\" \/>\n<meta property=\"article:modified_time\" content=\"2019-12-19T09:56:37+00:00\" \/>\n<meta name=\"twitter:card\" content=\"summary_large_image\" \/>\n<meta name=\"twitter:label1\" content=\"Tempo di lettura stimato\" \/>\n\t<meta name=\"twitter:data1\" content=\"3 minuti\" \/>\n<script type=\"application\/ld+json\" class=\"yoast-schema-graph\">{\"@context\":\"https:\/\/schema.org\",\"@graph\":[{\"@type\":\"WebPage\",\"@id\":\"https:\/\/www.muzej-idrija-cerkno.si\/it\/lokacije-in-razstave\/\",\"url\":\"https:\/\/www.muzej-idrija-cerkno.si\/it\/lokacije-in-razstave\/\",\"name\":\"Siti ed esposizioni - Mestni muzej Idrija\",\"isPartOf\":{\"@id\":\"https:\/\/www.muzej-idrija-cerkno.si\/#website\"},\"datePublished\":\"2018-07-20T11:24:48+00:00\",\"dateModified\":\"2019-12-19T09:56:37+00:00\",\"description\":\"Le attrazioni che compongono l'offerta del nostro museo possono essere ammirate in ben otto sedi distinte. Scoprite dove siamo e venite a visitarci.\",\"breadcrumb\":{\"@id\":\"https:\/\/www.muzej-idrija-cerkno.si\/it\/lokacije-in-razstave\/#breadcrumb\"},\"inLanguage\":\"it-IT\",\"potentialAction\":[{\"@type\":\"ReadAction\",\"target\":[\"https:\/\/www.muzej-idrija-cerkno.si\/it\/lokacije-in-razstave\/\"]}]},{\"@type\":\"BreadcrumbList\",\"@id\":\"https:\/\/www.muzej-idrija-cerkno.si\/it\/lokacije-in-razstave\/#breadcrumb\",\"itemListElement\":[{\"@type\":\"ListItem\",\"position\":1,\"name\":\"Home\",\"item\":\"https:\/\/www.muzej-idrija-cerkno.si\/it\/\"},{\"@type\":\"ListItem\",\"position\":2,\"name\":\"Siti ed esposizioni\"}]},{\"@type\":\"WebSite\",\"@id\":\"https:\/\/www.muzej-idrija-cerkno.si\/#website\",\"url\":\"https:\/\/www.muzej-idrija-cerkno.si\/\",\"name\":\"Mestni muzej Idrija\",\"description\":\"\u0160e eno spleti\u0161\u010de WordPress\",\"potentialAction\":[{\"@type\":\"SearchAction\",\"target\":{\"@type\":\"EntryPoint\",\"urlTemplate\":\"https:\/\/www.muzej-idrija-cerkno.si\/?s={search_term_string}\"},\"query-input\":{\"@type\":\"PropertyValueSpecification\",\"valueRequired\":true,\"valueName\":\"search_term_string\"}}],\"inLanguage\":\"it-IT\"}]}<\/script>\n<!-- \/ Yoast SEO plugin. -->","yoast_head_json":{"title":"Siti ed esposizioni - Mestni muzej Idrija","description":"Le attrazioni che compongono l'offerta del nostro museo possono essere ammirate in ben otto sedi distinte. Scoprite dove siamo e venite a visitarci.","robots":{"index":"index","follow":"follow","max-snippet":"max-snippet:-1","max-image-preview":"max-image-preview:large","max-video-preview":"max-video-preview:-1"},"canonical":"https:\/\/www.muzej-idrija-cerkno.si\/it\/lokacije-in-razstave\/","og_locale":"it_IT","og_type":"article","og_title":"Siti ed esposizioni - Mestni muzej Idrija","og_description":"Le attrazioni che compongono l'offerta del nostro museo possono essere ammirate in ben otto sedi distinte. Scoprite dove siamo e venite a visitarci.","og_url":"https:\/\/www.muzej-idrija-cerkno.si\/it\/lokacije-in-razstave\/","og_site_name":"Mestni muzej Idrija","article_modified_time":"2019-12-19T09:56:37+00:00","twitter_card":"summary_large_image","twitter_misc":{"Tempo di lettura stimato":"3 minuti"},"schema":{"@context":"https:\/\/schema.org","@graph":[{"@type":"WebPage","@id":"https:\/\/www.muzej-idrija-cerkno.si\/it\/lokacije-in-razstave\/","url":"https:\/\/www.muzej-idrija-cerkno.si\/it\/lokacije-in-razstave\/","name":"Siti ed esposizioni - Mestni muzej Idrija","isPartOf":{"@id":"https:\/\/www.muzej-idrija-cerkno.si\/#website"},"datePublished":"2018-07-20T11:24:48+00:00","dateModified":"2019-12-19T09:56:37+00:00","description":"Le attrazioni che compongono l'offerta del nostro museo possono essere ammirate in ben otto sedi distinte. Scoprite dove siamo e venite a visitarci.","breadcrumb":{"@id":"https:\/\/www.muzej-idrija-cerkno.si\/it\/lokacije-in-razstave\/#breadcrumb"},"inLanguage":"it-IT","potentialAction":[{"@type":"ReadAction","target":["https:\/\/www.muzej-idrija-cerkno.si\/it\/lokacije-in-razstave\/"]}]},{"@type":"BreadcrumbList","@id":"https:\/\/www.muzej-idrija-cerkno.si\/it\/lokacije-in-razstave\/#breadcrumb","itemListElement":[{"@type":"ListItem","position":1,"name":"Home","item":"https:\/\/www.muzej-idrija-cerkno.si\/it\/"},{"@type":"ListItem","position":2,"name":"Siti ed esposizioni"}]},{"@type":"WebSite","@id":"https:\/\/www.muzej-idrija-cerkno.si\/#website","url":"https:\/\/www.muzej-idrija-cerkno.si\/","name":"Mestni muzej Idrija","description":"\u0160e eno spleti\u0161\u010de WordPress","potentialAction":[{"@type":"SearchAction","target":{"@type":"EntryPoint","urlTemplate":"https:\/\/www.muzej-idrija-cerkno.si\/?s={search_term_string}"},"query-input":{"@type":"PropertyValueSpecification","valueRequired":true,"valueName":"search_term_string"}}],"inLanguage":"it-IT"}]}},"_links":{"self":[{"href":"https:\/\/www.muzej-idrija-cerkno.si\/it\/wp-json\/wp\/v2\/pages\/5398","targetHints":{"allow":["GET"]}}],"collection":[{"href":"https:\/\/www.muzej-idrija-cerkno.si\/it\/wp-json\/wp\/v2\/pages"}],"about":[{"href":"https:\/\/www.muzej-idrija-cerkno.si\/it\/wp-json\/wp\/v2\/types\/page"}],"author":[{"embeddable":true,"href":"https:\/\/www.muzej-idrija-cerkno.si\/it\/wp-json\/wp\/v2\/users\/1"}],"replies":[{"embeddable":true,"href":"https:\/\/www.muzej-idrija-cerkno.si\/it\/wp-json\/wp\/v2\/comments?post=5398"}],"version-history":[{"count":3,"href":"https:\/\/www.muzej-idrija-cerkno.si\/it\/wp-json\/wp\/v2\/pages\/5398\/revisions"}],"predecessor-version":[{"id":5405,"href":"https:\/\/www.muzej-idrija-cerkno.si\/it\/wp-json\/wp\/v2\/pages\/5398\/revisions\/5405"}],"wp:attachment":[{"href":"https:\/\/www.muzej-idrija-cerkno.si\/it\/wp-json\/wp\/v2\/media?parent=5398"}],"curies":[{"name":"wp","href":"https:\/\/api.w.org\/{rel}","templated":true}]}}