{"id":16678,"date":"2022-09-16T13:25:12","date_gmt":"2022-09-16T11:25:12","guid":{"rendered":"https:\/\/www.muzej-idrija-cerkno.si\/varstvo-osebnih-podatkov\/"},"modified":"2022-09-29T10:24:31","modified_gmt":"2022-09-29T08:24:31","slug":"protezione-dei-dati-personali","status":"publish","type":"page","link":"https:\/\/www.muzej-idrija-cerkno.si\/it\/protezione-dei-dati-personali\/","title":{"rendered":"Protezione dei dati personali"},"content":{"rendered":"\n<style type=\"text\/css\" data-created_by=\"avia_inline_auto\" id=\"style-css-av-jkc338aw-528a0c82730fdba7b9c22ca843fa7756\">\n.avia-section.av-jkc338aw-528a0c82730fdba7b9c22ca843fa7756{\nbackground-repeat:no-repeat;\nbackground-image:url(https:\/\/www.muzej-idrija-cerkno.si\/wp-content\/uploads\/2018\/08\/aktualno-header-1.jpg);\nbackground-position:0% 0%;\nbackground-attachment:scroll;\n}\n<\/style>\n<div id='av_section_1'  class='avia-section av-jkc338aw-528a0c82730fdba7b9c22ca843fa7756 main_color avia-section-default avia-no-border-styling  avia-builder-el-0  el_before_av_section  avia-builder-el-first  aktualno-header avia-bg-style-scroll av-minimum-height av-minimum-height-custom av-height-custom  container_wrap fullsize'  data-section-bg-repeat='no-repeat' data-av_minimum_height_px='460'><div class='container av-section-cont-open' style='height:460px'><main  role=\"main\" itemprop=\"mainContentOfPage\"  class='template-page content  av-content-full alpha units'><div class='post-entry post-entry-type-page post-entry-16678'><div class='entry-content-wrapper clearfix'>\n<section  class='av_textblock_section av-jkc35m6x-ba7822a8e40bd58317fc2c8c714a2c5c '   itemscope=\"itemscope\" itemtype=\"https:\/\/schema.org\/CreativeWork\" ><div class='avia_textblock breadcrumbs'  itemprop=\"text\" ><div class=\"bcwrap\"><a href=\"https:\/\/www.muzej-idrija-cerkno.si\">Home<\/a><span class=\"bcsep\"><\/span><span class=\"currbc\">Protezione dei dati personali<\/span><\/div>\n<\/div><\/section>\n<section  class='av_textblock_section av-jkc35uy8-8f8ccf999c9af147f390caa6ca7f8d2b '   itemscope=\"itemscope\" itemtype=\"https:\/\/schema.org\/CreativeWork\" ><div class='avia_textblock'  itemprop=\"text\" ><h1>Protezione dei dati personali<\/h1>\n<\/div><\/section>\n\n<\/div><\/div><\/main><!-- close content main element --><\/div><\/div><div id='av_section_2'  class='avia-section av-31mlfy-33d8c8a0ee15b5b8a0af944418d5956e main_color avia-section-default avia-no-border-styling  avia-builder-el-3  el_after_av_section  avia-builder-el-last  avia-bg-style-scroll container_wrap fullsize'  ><div class='container av-section-cont-open' ><div class='template-page content  av-content-full alpha units'><div class='post-entry post-entry-type-page post-entry-16678'><div class='entry-content-wrapper clearfix'>\n<section  class='av_textblock_section av-joibvyb1-7b325a36f4017f31dcb8baaffc58d46f '   itemscope=\"itemscope\" itemtype=\"https:\/\/schema.org\/CreativeWork\" ><div class='avia_textblock'  itemprop=\"text\" ><p>In conformit\u00e0 all\u2019articolo 37 del regolamento (UE) 2016\/679 del Parlamento europeo e del consiglio, del 27 aprile 2016, abbiamo nominato come responsabile esterno e autorizzato la societ\u00e0:<\/p>\n<p><strong><a href=\"http:\/\/datainfo.si\/\" target=\"_blank\" rel=\"nofollow noopener\">DATAINFO.SI<\/a>, d.o.o.<\/strong><br \/>\nTr\u017ea\u0161ka cesta 85, SI-2000 Maribor<br \/>\n<a href=\"http:\/\/www.datainfo.si\/\" target=\"_blank\" rel=\"nofollow noopener\">www.datainfo.si<\/a><br \/>\n<strong>e<\/strong>&#8211;<strong>mail<\/strong>:\u00a0<a href=\"mailto:dpo@datainfo.si\" target=\"_blank\" rel=\"nofollow noopener\">dpo@datainfo.si<\/a><br \/>\n<strong>telefono<\/strong>: +386 (0) 2 620 4 300<\/p>\n<\/div><\/section>\n\n","protected":false},"excerpt":{"rendered":"","protected":false},"author":1,"featured_media":0,"parent":0,"menu_order":0,"comment_status":"closed","ping_status":"closed","template":"","meta":{"_acf_changed":false,"footnotes":""},"class_list":["post-16678","page","type-page","status-publish","hentry"],"acf":[],"yoast_head":"<!-- This site is optimized with the Yoast SEO plugin v27.2 - https:\/\/yoast.com\/product\/yoast-seo-wordpress\/ -->\n<title>Protezione dei dati personali - Mestni muzej Idrija<\/title>\n<meta name=\"robots\" content=\"index, follow, max-snippet:-1, max-image-preview:large, max-video-preview:-1\" \/>\n<link rel=\"canonical\" href=\"https:\/\/www.muzej-idrija-cerkno.si\/it\/protezione-dei-dati-personali\/\" \/>\n<meta property=\"og:locale\" content=\"it_IT\" \/>\n<meta property=\"og:type\" content=\"article\" \/>\n<meta property=\"og:title\" content=\"Protezione dei dati personali - Mestni muzej Idrija\" \/>\n<meta property=\"og:url\" content=\"https:\/\/www.muzej-idrija-cerkno.si\/it\/protezione-dei-dati-personali\/\" \/>\n<meta property=\"og:site_name\" content=\"Mestni muzej Idrija\" \/>\n<meta property=\"article:modified_time\" content=\"2022-09-29T08:24:31+00:00\" \/>\n<meta name=\"twitter:card\" content=\"summary_large_image\" \/>\n<meta name=\"twitter:label1\" content=\"Tempo di lettura stimato\" \/>\n\t<meta name=\"twitter:data1\" content=\"2 minuti\" \/>\n<script type=\"application\/ld+json\" class=\"yoast-schema-graph\">{\"@context\":\"https:\/\/schema.org\",\"@graph\":[{\"@type\":\"WebPage\",\"@id\":\"https:\/\/www.muzej-idrija-cerkno.si\/it\/protezione-dei-dati-personali\/\",\"url\":\"https:\/\/www.muzej-idrija-cerkno.si\/it\/protezione-dei-dati-personali\/\",\"name\":\"Protezione dei dati personali - Mestni muzej Idrija\",\"isPartOf\":{\"@id\":\"https:\/\/www.muzej-idrija-cerkno.si\/#website\"},\"datePublished\":\"2022-09-16T11:25:12+00:00\",\"dateModified\":\"2022-09-29T08:24:31+00:00\",\"breadcrumb\":{\"@id\":\"https:\/\/www.muzej-idrija-cerkno.si\/it\/protezione-dei-dati-personali\/#breadcrumb\"},\"inLanguage\":\"it-IT\",\"potentialAction\":[{\"@type\":\"ReadAction\",\"target\":[\"https:\/\/www.muzej-idrija-cerkno.si\/it\/protezione-dei-dati-personali\/\"]}]},{\"@type\":\"BreadcrumbList\",\"@id\":\"https:\/\/www.muzej-idrija-cerkno.si\/it\/protezione-dei-dati-personali\/#breadcrumb\",\"itemListElement\":[{\"@type\":\"ListItem\",\"position\":1,\"name\":\"Home\",\"item\":\"https:\/\/www.muzej-idrija-cerkno.si\/it\/\"},{\"@type\":\"ListItem\",\"position\":2,\"name\":\"Protezione dei dati personali\"}]},{\"@type\":\"WebSite\",\"@id\":\"https:\/\/www.muzej-idrija-cerkno.si\/#website\",\"url\":\"https:\/\/www.muzej-idrija-cerkno.si\/\",\"name\":\"Mestni muzej Idrija\",\"description\":\"\u0160e eno spleti\u0161\u010de WordPress\",\"potentialAction\":[{\"@type\":\"SearchAction\",\"target\":{\"@type\":\"EntryPoint\",\"urlTemplate\":\"https:\/\/www.muzej-idrija-cerkno.si\/?s={search_term_string}\"},\"query-input\":{\"@type\":\"PropertyValueSpecification\",\"valueRequired\":true,\"valueName\":\"search_term_string\"}}],\"inLanguage\":\"it-IT\"}]}<\/script>\n<!-- \/ Yoast SEO plugin. -->","yoast_head_json":{"title":"Protezione dei dati personali - Mestni muzej Idrija","robots":{"index":"index","follow":"follow","max-snippet":"max-snippet:-1","max-image-preview":"max-image-preview:large","max-video-preview":"max-video-preview:-1"},"canonical":"https:\/\/www.muzej-idrija-cerkno.si\/it\/protezione-dei-dati-personali\/","og_locale":"it_IT","og_type":"article","og_title":"Protezione dei dati personali - Mestni muzej Idrija","og_url":"https:\/\/www.muzej-idrija-cerkno.si\/it\/protezione-dei-dati-personali\/","og_site_name":"Mestni muzej Idrija","article_modified_time":"2022-09-29T08:24:31+00:00","twitter_card":"summary_large_image","twitter_misc":{"Tempo di lettura stimato":"2 minuti"},"schema":{"@context":"https:\/\/schema.org","@graph":[{"@type":"WebPage","@id":"https:\/\/www.muzej-idrija-cerkno.si\/it\/protezione-dei-dati-personali\/","url":"https:\/\/www.muzej-idrija-cerkno.si\/it\/protezione-dei-dati-personali\/","name":"Protezione dei dati personali - Mestni muzej Idrija","isPartOf":{"@id":"https:\/\/www.muzej-idrija-cerkno.si\/#website"},"datePublished":"2022-09-16T11:25:12+00:00","dateModified":"2022-09-29T08:24:31+00:00","breadcrumb":{"@id":"https:\/\/www.muzej-idrija-cerkno.si\/it\/protezione-dei-dati-personali\/#breadcrumb"},"inLanguage":"it-IT","potentialAction":[{"@type":"ReadAction","target":["https:\/\/www.muzej-idrija-cerkno.si\/it\/protezione-dei-dati-personali\/"]}]},{"@type":"BreadcrumbList","@id":"https:\/\/www.muzej-idrija-cerkno.si\/it\/protezione-dei-dati-personali\/#breadcrumb","itemListElement":[{"@type":"ListItem","position":1,"name":"Home","item":"https:\/\/www.muzej-idrija-cerkno.si\/it\/"},{"@type":"ListItem","position":2,"name":"Protezione dei dati personali"}]},{"@type":"WebSite","@id":"https:\/\/www.muzej-idrija-cerkno.si\/#website","url":"https:\/\/www.muzej-idrija-cerkno.si\/","name":"Mestni muzej Idrija","description":"\u0160e eno spleti\u0161\u010de WordPress","potentialAction":[{"@type":"SearchAction","target":{"@type":"EntryPoint","urlTemplate":"https:\/\/www.muzej-idrija-cerkno.si\/?s={search_term_string}"},"query-input":{"@type":"PropertyValueSpecification","valueRequired":true,"valueName":"search_term_string"}}],"inLanguage":"it-IT"}]}},"_links":{"self":[{"href":"https:\/\/www.muzej-idrija-cerkno.si\/it\/wp-json\/wp\/v2\/pages\/16678","targetHints":{"allow":["GET"]}}],"collection":[{"href":"https:\/\/www.muzej-idrija-cerkno.si\/it\/wp-json\/wp\/v2\/pages"}],"about":[{"href":"https:\/\/www.muzej-idrija-cerkno.si\/it\/wp-json\/wp\/v2\/types\/page"}],"author":[{"embeddable":true,"href":"https:\/\/www.muzej-idrija-cerkno.si\/it\/wp-json\/wp\/v2\/users\/1"}],"replies":[{"embeddable":true,"href":"https:\/\/www.muzej-idrija-cerkno.si\/it\/wp-json\/wp\/v2\/comments?post=16678"}],"version-history":[{"count":3,"href":"https:\/\/www.muzej-idrija-cerkno.si\/it\/wp-json\/wp\/v2\/pages\/16678\/revisions"}],"predecessor-version":[{"id":19980,"href":"https:\/\/www.muzej-idrija-cerkno.si\/it\/wp-json\/wp\/v2\/pages\/16678\/revisions\/19980"}],"wp:attachment":[{"href":"https:\/\/www.muzej-idrija-cerkno.si\/it\/wp-json\/wp\/v2\/media?parent=16678"}],"curies":[{"name":"wp","href":"https:\/\/api.w.org\/{rel}","templated":true}]}}