{"id":6991,"date":"2019-12-17T11:02:13","date_gmt":"2019-12-17T10:02:13","guid":{"rendered":"https:\/\/www.muzej-idrija-cerkno.si\/?page_id=6991"},"modified":"2019-12-17T11:02:13","modified_gmt":"2019-12-17T10:02:13","slug":"eksrp-projects","status":"publish","type":"page","link":"https:\/\/www.muzej-idrija-cerkno.si\/en\/about-the-museum\/eksrp-projects\/","title":{"rendered":"EKSRP projects"},"content":{"rendered":"<div id='av_section_1'  class='avia-section av-29geqf-e3f08d49028ccdf3c8ac6f3b39d21dab main_color avia-section-default avia-no-border-styling  avia-builder-el-0  avia-builder-el-no-sibling  avia-bg-style-scroll container_wrap fullsize'  ><div class='container av-section-cont-open' ><main  role=\"main\" itemprop=\"mainContentOfPage\"  class='template-page content  av-content-full alpha units'><div class='post-entry post-entry-type-page post-entry-6991'><div class='entry-content-wrapper clearfix'>\n<section  class='av_textblock_section av-jwakni0a-cf2d96ba71d12330c666743b6e8ab0a2 '   itemscope=\"itemscope\" itemtype=\"https:\/\/schema.org\/CreativeWork\" ><div class='avia_textblock'  itemprop=\"text\" ><div class=\"wrap_projekti\"><\/div>\n<\/div><\/section>\n\n","protected":false},"excerpt":{"rendered":"","protected":false},"author":1,"featured_media":0,"parent":5709,"menu_order":0,"comment_status":"closed","ping_status":"closed","template":"template-o-muzeju.php","meta":{"_acf_changed":false,"footnotes":""},"class_list":["post-6991","page","type-page","status-publish","hentry"],"acf":[],"yoast_head":"<!-- This site is optimized with the Yoast SEO plugin v27.2 - https:\/\/yoast.com\/product\/yoast-seo-wordpress\/ -->\n<title>EKSRP projects - Mestni muzej Idrija<\/title>\n<meta name=\"robots\" content=\"index, follow, max-snippet:-1, max-image-preview:large, max-video-preview:-1\" \/>\n<link rel=\"canonical\" href=\"https:\/\/www.muzej-idrija-cerkno.si\/en\/about-the-museum\/eksrp-projects\/\" \/>\n<meta property=\"og:locale\" content=\"en_US\" \/>\n<meta property=\"og:type\" content=\"article\" \/>\n<meta property=\"og:title\" content=\"EKSRP projects - Mestni muzej Idrija\" \/>\n<meta property=\"og:url\" content=\"https:\/\/www.muzej-idrija-cerkno.si\/en\/about-the-museum\/eksrp-projects\/\" \/>\n<meta property=\"og:site_name\" content=\"Mestni muzej Idrija\" \/>\n<meta name=\"twitter:card\" content=\"summary_large_image\" \/>\n<meta name=\"twitter:label1\" content=\"Est. reading time\" \/>\n\t<meta name=\"twitter:data1\" content=\"1 minute\" \/>\n<script type=\"application\/ld+json\" class=\"yoast-schema-graph\">{\"@context\":\"https:\/\/schema.org\",\"@graph\":[{\"@type\":\"WebPage\",\"@id\":\"https:\/\/www.muzej-idrija-cerkno.si\/en\/about-the-museum\/eksrp-projects\/\",\"url\":\"https:\/\/www.muzej-idrija-cerkno.si\/en\/about-the-museum\/eksrp-projects\/\",\"name\":\"EKSRP projects - Mestni muzej Idrija\",\"isPartOf\":{\"@id\":\"https:\/\/www.muzej-idrija-cerkno.si\/#website\"},\"datePublished\":\"2019-12-17T10:02:13+00:00\",\"breadcrumb\":{\"@id\":\"https:\/\/www.muzej-idrija-cerkno.si\/en\/about-the-museum\/eksrp-projects\/#breadcrumb\"},\"inLanguage\":\"en-US\",\"potentialAction\":[{\"@type\":\"ReadAction\",\"target\":[\"https:\/\/www.muzej-idrija-cerkno.si\/en\/about-the-museum\/eksrp-projects\/\"]}]},{\"@type\":\"BreadcrumbList\",\"@id\":\"https:\/\/www.muzej-idrija-cerkno.si\/en\/about-the-museum\/eksrp-projects\/#breadcrumb\",\"itemListElement\":[{\"@type\":\"ListItem\",\"position\":1,\"name\":\"Home\",\"item\":\"https:\/\/www.muzej-idrija-cerkno.si\/en\/\"},{\"@type\":\"ListItem\",\"position\":2,\"name\":\"About the museum\",\"item\":\"https:\/\/www.muzej-idrija-cerkno.si\/en\/about-the-museum\/\"},{\"@type\":\"ListItem\",\"position\":3,\"name\":\"EKSRP projects\"}]},{\"@type\":\"WebSite\",\"@id\":\"https:\/\/www.muzej-idrija-cerkno.si\/#website\",\"url\":\"https:\/\/www.muzej-idrija-cerkno.si\/\",\"name\":\"Mestni muzej Idrija\",\"description\":\"\u0160e eno spleti\u0161\u010de WordPress\",\"potentialAction\":[{\"@type\":\"SearchAction\",\"target\":{\"@type\":\"EntryPoint\",\"urlTemplate\":\"https:\/\/www.muzej-idrija-cerkno.si\/?s={search_term_string}\"},\"query-input\":{\"@type\":\"PropertyValueSpecification\",\"valueRequired\":true,\"valueName\":\"search_term_string\"}}],\"inLanguage\":\"en-US\"}]}<\/script>\n<!-- \/ Yoast SEO plugin. -->","yoast_head_json":{"title":"EKSRP projects - Mestni muzej Idrija","robots":{"index":"index","follow":"follow","max-snippet":"max-snippet:-1","max-image-preview":"max-image-preview:large","max-video-preview":"max-video-preview:-1"},"canonical":"https:\/\/www.muzej-idrija-cerkno.si\/en\/about-the-museum\/eksrp-projects\/","og_locale":"en_US","og_type":"article","og_title":"EKSRP projects - Mestni muzej Idrija","og_url":"https:\/\/www.muzej-idrija-cerkno.si\/en\/about-the-museum\/eksrp-projects\/","og_site_name":"Mestni muzej Idrija","twitter_card":"summary_large_image","twitter_misc":{"Est. reading time":"1 minute"},"schema":{"@context":"https:\/\/schema.org","@graph":[{"@type":"WebPage","@id":"https:\/\/www.muzej-idrija-cerkno.si\/en\/about-the-museum\/eksrp-projects\/","url":"https:\/\/www.muzej-idrija-cerkno.si\/en\/about-the-museum\/eksrp-projects\/","name":"EKSRP projects - Mestni muzej Idrija","isPartOf":{"@id":"https:\/\/www.muzej-idrija-cerkno.si\/#website"},"datePublished":"2019-12-17T10:02:13+00:00","breadcrumb":{"@id":"https:\/\/www.muzej-idrija-cerkno.si\/en\/about-the-museum\/eksrp-projects\/#breadcrumb"},"inLanguage":"en-US","potentialAction":[{"@type":"ReadAction","target":["https:\/\/www.muzej-idrija-cerkno.si\/en\/about-the-museum\/eksrp-projects\/"]}]},{"@type":"BreadcrumbList","@id":"https:\/\/www.muzej-idrija-cerkno.si\/en\/about-the-museum\/eksrp-projects\/#breadcrumb","itemListElement":[{"@type":"ListItem","position":1,"name":"Home","item":"https:\/\/www.muzej-idrija-cerkno.si\/en\/"},{"@type":"ListItem","position":2,"name":"About the museum","item":"https:\/\/www.muzej-idrija-cerkno.si\/en\/about-the-museum\/"},{"@type":"ListItem","position":3,"name":"EKSRP projects"}]},{"@type":"WebSite","@id":"https:\/\/www.muzej-idrija-cerkno.si\/#website","url":"https:\/\/www.muzej-idrija-cerkno.si\/","name":"Mestni muzej Idrija","description":"\u0160e eno spleti\u0161\u010de WordPress","potentialAction":[{"@type":"SearchAction","target":{"@type":"EntryPoint","urlTemplate":"https:\/\/www.muzej-idrija-cerkno.si\/?s={search_term_string}"},"query-input":{"@type":"PropertyValueSpecification","valueRequired":true,"valueName":"search_term_string"}}],"inLanguage":"en-US"}]}},"_links":{"self":[{"href":"https:\/\/www.muzej-idrija-cerkno.si\/en\/wp-json\/wp\/v2\/pages\/6991","targetHints":{"allow":["GET"]}}],"collection":[{"href":"https:\/\/www.muzej-idrija-cerkno.si\/en\/wp-json\/wp\/v2\/pages"}],"about":[{"href":"https:\/\/www.muzej-idrija-cerkno.si\/en\/wp-json\/wp\/v2\/types\/page"}],"author":[{"embeddable":true,"href":"https:\/\/www.muzej-idrija-cerkno.si\/en\/wp-json\/wp\/v2\/users\/1"}],"replies":[{"embeddable":true,"href":"https:\/\/www.muzej-idrija-cerkno.si\/en\/wp-json\/wp\/v2\/comments?post=6991"}],"version-history":[{"count":2,"href":"https:\/\/www.muzej-idrija-cerkno.si\/en\/wp-json\/wp\/v2\/pages\/6991\/revisions"}],"predecessor-version":[{"id":7321,"href":"https:\/\/www.muzej-idrija-cerkno.si\/en\/wp-json\/wp\/v2\/pages\/6991\/revisions\/7321"}],"up":[{"embeddable":true,"href":"https:\/\/www.muzej-idrija-cerkno.si\/en\/wp-json\/wp\/v2\/pages\/5709"}],"wp:attachment":[{"href":"https:\/\/www.muzej-idrija-cerkno.si\/en\/wp-json\/wp\/v2\/media?parent=6991"}],"curies":[{"name":"wp","href":"https:\/\/api.w.org\/{rel}","templated":true}]}}