{"id":5900,"date":"2019-12-17T11:01:48","date_gmt":"2019-12-17T10:01:48","guid":{"rendered":"https:\/\/www.muzej-idrija-cerkno.si\/?page_id=5900"},"modified":"2019-12-17T11:01:48","modified_gmt":"2019-12-17T10:01:48","slug":"awards-and-recognitions","status":"publish","type":"page","link":"https:\/\/www.muzej-idrija-cerkno.si\/en\/about-the-museum\/awards-and-recognitions\/","title":{"rendered":"Awards and recognitions"},"content":{"rendered":"<div id='av_section_1'  class='avia-section av-11y5y-aa6ebc3cd1d0267069cb337d78d3d932 main_color avia-section-default avia-no-border-styling  avia-builder-el-0  avia-builder-el-no-sibling  avia-bg-style-scroll container_wrap fullsize'  ><div class='container av-section-cont-open' ><main  role=\"main\" itemprop=\"mainContentOfPage\"  class='template-page content  av-content-full alpha units'><div class='post-entry post-entry-type-page post-entry-5900'><div class='entry-content-wrapper clearfix'>\n<section  class='av_textblock_section av-jkt9loyu-02c301bd3ffb5f3bcb426b066fe682e7 '   itemscope=\"itemscope\" itemtype=\"https:\/\/schema.org\/CreativeWork\" ><div class='avia_textblock'  itemprop=\"text\" ><div class=\"wrap_nagrad\"><div class=\"posamezna_nagrada\" id=\"nagrada0\"><h2>Valvasor Award 2008<\/h2><div class=\"imgwrap\"><img decoding=\"async\" src=\"https:\/\/www.muzej-idrija-cerkno.si\/wp-content\/uploads\/2018\/08\/Valvasorjevo-priznanje-novo-220-1.jpg\"><\/div><div class=\"opis\"><p>The authors \u2013 the curators and designers of the \u201cIdrija Lace, a History Written in Thread\u201d exhibition \u2013 Ivana Leskovec, MSc Mirjam Gnezda Bogataj, Marija Terpin Mlinar, Monika Mili\u010d and Andrej Furlan were awarded the highest Slovenian professional recognition in this sector \u2013 the Valvasor Award for 2008 granted by Slovenian Museum Society on 19 May 2009, for a comprehensively presented topic and an important achievement in the field of museum treasures. The exhibition shows the centuries-long tradition of Idrija lace and bobbin lacemaking in Idrija, placing Idrija on the Slovenian and European map of lacemaking centres. When setting up the exhibition, the museum cooperated with many domestic and foreign cultural and scientific institutions, as well as individuals who have helped with their knowledge in collecting material and establishing an exhibition.<\/p>\n<\/div><\/div><div class=\"posamezna_nagrada\" id=\"nagrada1\"><h2>Luigi Micheletti Foundation Award 1997<\/h2><div class=\"imgwrap\"><img decoding=\"async\" src=\"https:\/\/www.muzej-idrija-cerkno.si\/wp-content\/uploads\/2018\/08\/Nagrada_fundacije_Luigi_Micheletti-1.jpg\"><\/div><div class=\"opis\"><p>The European Museum Forum, which operated under the aegis of the Council of Europe, granted the award of the Luigi Micheletti Foundation to the Idrija Municipal Museum on 19 April 1997 in Lausanne, Switzerland, for the best European museum of technical and industrial heritage in 1997. The museum received this prestigious recognition for setting up a permanent exhibition called \u201cFive Centuries of the Mercury Mine and the Town of Idrija\u201d and the careful conservation and presentation of numerous monuments of cultural and technical heritage in the Idrija and Cerkno regions.<\/p>\n<\/div><\/div><div class=\"posamezna_nagrada\" id=\"nagrada2\"><h2>Jo\u017eef Mrak Award 2013<\/h2><div class=\"imgwrap\"><img decoding=\"async\" src=\"https:\/\/www.muzej-idrija-cerkno.si\/wp-content\/uploads\/2018\/08\/Small-nagrada_Joz\u030cefa_Mraka_za_leto_2013_redesign-1.jpg\"><\/div><div class=\"opis\"><p>The Municipality of Idrija grants the Jo\u017eef Mrak Award for outstanding achievements in the individual areas of life and work. On 19 June 2013, the award went to the working group for the excellent preparation of the nomination to enter Idrija mining heritage on the UNESCO World Heritage List. A director of Idrija Municipal Museum Ivana Leskovec was one of the group members who participated from the start in 2006 until the end in 2012, also leading the working group in the final period. The working group and many external associates prepared the nomination dossier, it was involved in the adoption of professional and legal acts for appropriate identification and formal protection of the heritage, participated in certain restoration works and preparation of the project documentation, led all the necessary procedures in Idrija, Slovenia and international institutions, while informing the local and general public about the diversity and importance of Idrija mining heritage. Based on the successfully work, the heritage of mercury in Almad\u00e9n and Idrija were entered into the UNESCO World Natural and Cultural Heritage List in 2012.<\/p>\n<\/div><\/div><div class=\"posamezna_nagrada\" id=\"nagrada3\"><h2>Bevk Award 2013<\/h2><div class=\"imgwrap\"><img decoding=\"async\" src=\"https:\/\/www.muzej-idrija-cerkno.si\/wp-content\/uploads\/2018\/08\/Bevkovo-priznanje_2013_novo-200-1.jpg\"><\/div><div class=\"opis\"><p>The Municipality of Cerkno grants the Bevk Award and recognitions for specific achievements in various areas of social life, which make an important contribution to further development of the municipality. Idrija Municipal Museum received the award on 1 October 2013 for 50 years of exemplary management of Franja Partisan Hospital. Continued, planned and professional work of the museum in recent years has been crucial to preserve Franja Partisan Hospital, which today, also thanks to the museum, remains a symbol of international integration and resistance, and above all, a valuable reminder of humanity, nobility and companionship.<\/p>\n<\/div><\/div><div class=\"posamezna_nagrada\" id=\"nagrada4\"><h2>Pirnat Award 1993<\/h2><div class=\"imgwrap\"><img decoding=\"async\" src=\"https:\/\/www.muzej-idrija-cerkno.si\/wp-content\/uploads\/2018\/08\/Prinatova_nagrada_remake-1.jpg\"><\/div><div class=\"opis\"><p>The Pirnat Award is the highest prize in the Municipally of Idrija granted by its Municipal Council to individual, groups, organisations and communities for long-term successful and creative work, and for visible achievements in culture and art. Idrija Municipal Museum received it for successful and selfless work in the research and maintenance of the rich technical, historical and cultural heritage of mining in Idrija and the Municipally of Idrija, as well as the exemplary presentation of Idrija to numerous local and foreign visitors. The museum received the award on a municipal holiday on 1 October 1993, on the 40th anniversary of its operation.<\/p>\n<\/div><\/div><div class=\"posamezna_nagrada\" id=\"nagrada5\"><h2>2015 Slovenia ICOM Award<\/h2><div class=\"imgwrap\"><img decoding=\"async\" src=\"https:\/\/www.muzej-idrija-cerkno.si\/wp-content\/uploads\/2018\/08\/Nagrada_ICOM_Slovenija-1.jpg\"><\/div><div class=\"opis\"><p>The Slovenia ICOM Award encourages, popularises and promotes international networking of Slovenian museum thought and work. Idrija Municipal Museum had become one of the award winners for the promotion of ICOM's annual theme with an international project called Smuggling Anthologies. The theme connected three institutions in three countries (Slovenia, Croatia and Italy), each of them researching the activity of smuggling with their own approach. Idrija Municipal Museum presented its results with two exhibitions called \u201cSmuggled Anthologies\u201d and \u201cCheating from A to Z\u201d, organising an international symposium, with the museum film-tale called \u201cMelhiorca and Her Smuggling Pouch\u201d, a museum story-hour called \u201cShhh, the Smugglers!\u201d, and with the articles in the Smuggling Anthologies Reader and The Panorama of Idrija (Idrijski razgledi). The comprehensive research of the theme was awarded with actualisation of the importance and role of man\u2019s pathways for and in a responsible society.<\/p>\n<\/div><\/div><div class=\"posamezna_nagrada\" id=\"nagrada6\"><h2>2012 entry of Idrija Mercury Mine and Almad\u00e9n on the UNESCO World Heritage List<\/h2><div class=\"imgwrap\"><img decoding=\"async\" src=\"https:\/\/www.muzej-idrija-cerkno.si\/wp-content\/uploads\/2018\/08\/whc_si_sp_almaden_idrija_si-1-2.jpg\"><\/div><div class=\"opis\"><p>The nomination of two exceptional mining sites, Idrija, Slovenia and Almad\u00e9n, Spain, was successfully completed after six years of intensive work at the 36th regular meeting of the UNESCO World Heritage Committee in Saint Petersburg (June\u2013July 2012). The Heritage of Mercury. Almad\u00e9n and Idrija were entered into the World Natural and Cultural Heritage List. It was assessed that the nominated site meets the condition of exceptional universal value, integrity and authenticity. Idrija and Almad\u00e9n as two of the world's largest mercury mines significantly co-formed the world history of the modern age. The mercury produced at the two mines was used in the silver and gold mines of South America starting in the beginning of 16th century in amalgamation, a process of producing silver and gold, which came back to Europe as a wealth and promoted economic development and the development of science, art and culture in general. Idrija and Almad\u00e9n has preserved the essential elements of the former mining order, which provide evidence of the material and symbolic level of technological achievements and the exchange of specific knowledge, as well as the international importance of mercury production for people's life \u2013 in the past, today and in the future. The Idrija Municipal Museum has contributed to the conservation of this heritage, it manages the monuments outlined on the List (Idrija \u201cKam\u0161t\u201d, Gewerkenegg Castle, Idrija Miner\u2019s House) and significantly contributed to the preparation of the nomination documentation.<\/p>\n<p><a href=\"https:\/\/idrija.si\/objava\/69327\">Read more about entering the UNESCO World Natural and Cultural Heritage List<\/a><\/p>\n<\/div><\/div><div class=\"posamezna_nagrada\" id=\"nagrada7\"><h2>European Heritage Label 2015<\/h2><div class=\"imgwrap\"><img decoding=\"async\" src=\"https:\/\/www.muzej-idrija-cerkno.si\/wp-content\/uploads\/2018\/08\/Znak-evropske-dedi\u0161\u010dine.jpg\"><\/div><div class=\"opis\"><p>The European Heritage Label is a European Union action and is based on a 2006 intergovernmental initiative. It is intended to enhance the sense of belonging of European citizens, especially the young, to the European Union based on common values, elements of the European history and cultural heritage, and respect of national and regional diversity and strengthening intercultural dialogue. Franja Partisan Hospital received the European Heritage Label in 2015 as the first site in Slovenia. The European Commission's explanation states: \u201cThe Franja Partisan Hospital is a unique example of healthcare of people in extreme situations, and a remarkable symbol of humanity, solidarity and companionship among the locals, the hospital staff and the injured soldiers of various nationalities, including the soldiers of the enemy army, during the Second World War. Due to the important role it played in the history and culture of Europe, the European Union entered it on the World Heritage List.\u201d The Label additionally highlighted the symbolic significance of this monument site. Idrija Municipal Museum is systematically reinforcing awareness of our common European history among various target groups by preparing programmes, such as learning classes, guided tours, lectures, exhibitions and concerts, paying special attention to the young. A special programme called Education for Peace presents Franja Hospital as a memorial with an exceptional value of sending the message out.<\/p>\n<p><a href=\"https:\/\/ec.europa.eu\/programmes\/creative-europe\/news\/20150311-ehl-sites-designated_en\">Read more about the European Heritage Label<\/a><\/p>\n<\/div><\/div><\/div>\n<\/div><\/section>\n\n","protected":false},"excerpt":{"rendered":"","protected":false},"author":1,"featured_media":0,"parent":5709,"menu_order":0,"comment_status":"closed","ping_status":"closed","template":"template-o-muzeju.php","meta":{"_acf_changed":false,"footnotes":""},"class_list":["post-5900","page","type-page","status-publish","hentry"],"acf":[],"yoast_head":"<!-- This site is optimized with the Yoast SEO plugin v27.2 - https:\/\/yoast.com\/product\/yoast-seo-wordpress\/ -->\n<title>Awards and recognitions - Mestni muzej Idrija<\/title>\n<meta name=\"description\" content=\"Numerous awards we\u2019ve received are a reflection of hard work and efforts to preserve cultural and natural heritage. See the milestones of our success.\" \/>\n<meta name=\"robots\" content=\"index, follow, max-snippet:-1, max-image-preview:large, max-video-preview:-1\" \/>\n<link rel=\"canonical\" href=\"https:\/\/www.muzej-idrija-cerkno.si\/en\/about-the-museum\/awards-and-recognitions\/\" \/>\n<meta property=\"og:locale\" content=\"en_US\" \/>\n<meta property=\"og:type\" content=\"article\" \/>\n<meta property=\"og:title\" content=\"Awards and recognitions - Mestni muzej Idrija\" \/>\n<meta property=\"og:description\" content=\"Numerous awards we\u2019ve received are a reflection of hard work and efforts to preserve cultural and natural heritage. See the milestones of our success.\" \/>\n<meta property=\"og:url\" content=\"https:\/\/www.muzej-idrija-cerkno.si\/en\/about-the-museum\/awards-and-recognitions\/\" \/>\n<meta property=\"og:site_name\" content=\"Mestni muzej Idrija\" \/>\n<meta name=\"twitter:card\" content=\"summary_large_image\" \/>\n<meta name=\"twitter:label1\" content=\"Est. reading time\" \/>\n\t<meta name=\"twitter:data1\" content=\"1 minute\" \/>\n<script type=\"application\/ld+json\" class=\"yoast-schema-graph\">{\"@context\":\"https:\/\/schema.org\",\"@graph\":[{\"@type\":\"WebPage\",\"@id\":\"https:\/\/www.muzej-idrija-cerkno.si\/en\/about-the-museum\/awards-and-recognitions\/\",\"url\":\"https:\/\/www.muzej-idrija-cerkno.si\/en\/about-the-museum\/awards-and-recognitions\/\",\"name\":\"Awards and recognitions - Mestni muzej Idrija\",\"isPartOf\":{\"@id\":\"https:\/\/www.muzej-idrija-cerkno.si\/#website\"},\"datePublished\":\"2019-12-17T10:01:48+00:00\",\"description\":\"Numerous awards we\u2019ve received are a reflection of hard work and efforts to preserve cultural and natural heritage. See the milestones of our success.\",\"breadcrumb\":{\"@id\":\"https:\/\/www.muzej-idrija-cerkno.si\/en\/about-the-museum\/awards-and-recognitions\/#breadcrumb\"},\"inLanguage\":\"en-US\",\"potentialAction\":[{\"@type\":\"ReadAction\",\"target\":[\"https:\/\/www.muzej-idrija-cerkno.si\/en\/about-the-museum\/awards-and-recognitions\/\"]}]},{\"@type\":\"BreadcrumbList\",\"@id\":\"https:\/\/www.muzej-idrija-cerkno.si\/en\/about-the-museum\/awards-and-recognitions\/#breadcrumb\",\"itemListElement\":[{\"@type\":\"ListItem\",\"position\":1,\"name\":\"Home\",\"item\":\"https:\/\/www.muzej-idrija-cerkno.si\/en\/\"},{\"@type\":\"ListItem\",\"position\":2,\"name\":\"About the museum\",\"item\":\"https:\/\/www.muzej-idrija-cerkno.si\/en\/about-the-museum\/\"},{\"@type\":\"ListItem\",\"position\":3,\"name\":\"Awards and recognitions\"}]},{\"@type\":\"WebSite\",\"@id\":\"https:\/\/www.muzej-idrija-cerkno.si\/#website\",\"url\":\"https:\/\/www.muzej-idrija-cerkno.si\/\",\"name\":\"Mestni muzej Idrija\",\"description\":\"\u0160e eno spleti\u0161\u010de WordPress\",\"potentialAction\":[{\"@type\":\"SearchAction\",\"target\":{\"@type\":\"EntryPoint\",\"urlTemplate\":\"https:\/\/www.muzej-idrija-cerkno.si\/?s={search_term_string}\"},\"query-input\":{\"@type\":\"PropertyValueSpecification\",\"valueRequired\":true,\"valueName\":\"search_term_string\"}}],\"inLanguage\":\"en-US\"}]}<\/script>\n<!-- \/ Yoast SEO plugin. -->","yoast_head_json":{"title":"Awards and recognitions - Mestni muzej Idrija","description":"Numerous awards we\u2019ve received are a reflection of hard work and efforts to preserve cultural and natural heritage. See the milestones of our success.","robots":{"index":"index","follow":"follow","max-snippet":"max-snippet:-1","max-image-preview":"max-image-preview:large","max-video-preview":"max-video-preview:-1"},"canonical":"https:\/\/www.muzej-idrija-cerkno.si\/en\/about-the-museum\/awards-and-recognitions\/","og_locale":"en_US","og_type":"article","og_title":"Awards and recognitions - Mestni muzej Idrija","og_description":"Numerous awards we\u2019ve received are a reflection of hard work and efforts to preserve cultural and natural heritage. See the milestones of our success.","og_url":"https:\/\/www.muzej-idrija-cerkno.si\/en\/about-the-museum\/awards-and-recognitions\/","og_site_name":"Mestni muzej Idrija","twitter_card":"summary_large_image","twitter_misc":{"Est. reading time":"1 minute"},"schema":{"@context":"https:\/\/schema.org","@graph":[{"@type":"WebPage","@id":"https:\/\/www.muzej-idrija-cerkno.si\/en\/about-the-museum\/awards-and-recognitions\/","url":"https:\/\/www.muzej-idrija-cerkno.si\/en\/about-the-museum\/awards-and-recognitions\/","name":"Awards and recognitions - Mestni muzej Idrija","isPartOf":{"@id":"https:\/\/www.muzej-idrija-cerkno.si\/#website"},"datePublished":"2019-12-17T10:01:48+00:00","description":"Numerous awards we\u2019ve received are a reflection of hard work and efforts to preserve cultural and natural heritage. See the milestones of our success.","breadcrumb":{"@id":"https:\/\/www.muzej-idrija-cerkno.si\/en\/about-the-museum\/awards-and-recognitions\/#breadcrumb"},"inLanguage":"en-US","potentialAction":[{"@type":"ReadAction","target":["https:\/\/www.muzej-idrija-cerkno.si\/en\/about-the-museum\/awards-and-recognitions\/"]}]},{"@type":"BreadcrumbList","@id":"https:\/\/www.muzej-idrija-cerkno.si\/en\/about-the-museum\/awards-and-recognitions\/#breadcrumb","itemListElement":[{"@type":"ListItem","position":1,"name":"Home","item":"https:\/\/www.muzej-idrija-cerkno.si\/en\/"},{"@type":"ListItem","position":2,"name":"About the museum","item":"https:\/\/www.muzej-idrija-cerkno.si\/en\/about-the-museum\/"},{"@type":"ListItem","position":3,"name":"Awards and recognitions"}]},{"@type":"WebSite","@id":"https:\/\/www.muzej-idrija-cerkno.si\/#website","url":"https:\/\/www.muzej-idrija-cerkno.si\/","name":"Mestni muzej Idrija","description":"\u0160e eno spleti\u0161\u010de WordPress","potentialAction":[{"@type":"SearchAction","target":{"@type":"EntryPoint","urlTemplate":"https:\/\/www.muzej-idrija-cerkno.si\/?s={search_term_string}"},"query-input":{"@type":"PropertyValueSpecification","valueRequired":true,"valueName":"search_term_string"}}],"inLanguage":"en-US"}]}},"_links":{"self":[{"href":"https:\/\/www.muzej-idrija-cerkno.si\/en\/wp-json\/wp\/v2\/pages\/5900","targetHints":{"allow":["GET"]}}],"collection":[{"href":"https:\/\/www.muzej-idrija-cerkno.si\/en\/wp-json\/wp\/v2\/pages"}],"about":[{"href":"https:\/\/www.muzej-idrija-cerkno.si\/en\/wp-json\/wp\/v2\/types\/page"}],"author":[{"embeddable":true,"href":"https:\/\/www.muzej-idrija-cerkno.si\/en\/wp-json\/wp\/v2\/users\/1"}],"replies":[{"embeddable":true,"href":"https:\/\/www.muzej-idrija-cerkno.si\/en\/wp-json\/wp\/v2\/comments?post=5900"}],"version-history":[{"count":1,"href":"https:\/\/www.muzej-idrija-cerkno.si\/en\/wp-json\/wp\/v2\/pages\/5900\/revisions"}],"predecessor-version":[{"id":5915,"href":"https:\/\/www.muzej-idrija-cerkno.si\/en\/wp-json\/wp\/v2\/pages\/5900\/revisions\/5915"}],"up":[{"embeddable":true,"href":"https:\/\/www.muzej-idrija-cerkno.si\/en\/wp-json\/wp\/v2\/pages\/5709"}],"wp:attachment":[{"href":"https:\/\/www.muzej-idrija-cerkno.si\/en\/wp-json\/wp\/v2\/media?parent=5900"}],"curies":[{"name":"wp","href":"https:\/\/api.w.org\/{rel}","templated":true}]}}