{"id":5840,"date":"2019-12-17T11:02:13","date_gmt":"2019-12-17T10:02:13","guid":{"rendered":"https:\/\/www.muzej-idrija-cerkno.si\/?page_id=5840"},"modified":"2019-12-19T09:44:17","modified_gmt":"2019-12-19T08:44:17","slug":"teaming-up","status":"publish","type":"page","link":"https:\/\/www.muzej-idrija-cerkno.si\/en\/about-the-museum\/teaming-up\/","title":{"rendered":"Teaming up"},"content":{"rendered":"","protected":false},"excerpt":{"rendered":"","protected":false},"author":1,"featured_media":0,"parent":5709,"menu_order":0,"comment_status":"closed","ping_status":"closed","template":"template-o-muzeju_sodelujemo.php","meta":{"_acf_changed":false,"footnotes":""},"class_list":["post-5840","page","type-page","status-publish","hentry"],"acf":[],"yoast_head":"<!-- This site is optimized with the Yoast SEO plugin v27.2 - https:\/\/yoast.com\/product\/yoast-seo-wordpress\/ -->\n<title>Teaming up - Mestni muzej Idrija<\/title>\n<meta name=\"description\" content=\"At Idrija Municipal Museum, we support cooperation between many stakeholders and we are present at both the local and European level. Read about everything we do.\" \/>\n<meta name=\"robots\" content=\"index, follow, max-snippet:-1, max-image-preview:large, max-video-preview:-1\" \/>\n<link rel=\"canonical\" href=\"https:\/\/www.muzej-idrija-cerkno.si\/en\/about-the-museum\/teaming-up\/\" \/>\n<meta property=\"og:locale\" content=\"en_US\" \/>\n<meta property=\"og:type\" content=\"article\" \/>\n<meta property=\"og:title\" content=\"Teaming up - Mestni muzej Idrija\" \/>\n<meta property=\"og:description\" content=\"At Idrija Municipal Museum, we support cooperation between many stakeholders and we are present at both the local and European level. Read about everything we do.\" \/>\n<meta property=\"og:url\" content=\"https:\/\/www.muzej-idrija-cerkno.si\/en\/about-the-museum\/teaming-up\/\" \/>\n<meta property=\"og:site_name\" content=\"Mestni muzej Idrija\" \/>\n<meta property=\"article:modified_time\" content=\"2019-12-19T08:44:17+00:00\" \/>\n<meta name=\"twitter:card\" content=\"summary_large_image\" \/>\n<script type=\"application\/ld+json\" class=\"yoast-schema-graph\">{\"@context\":\"https:\/\/schema.org\",\"@graph\":[{\"@type\":\"WebPage\",\"@id\":\"https:\/\/www.muzej-idrija-cerkno.si\/en\/about-the-museum\/teaming-up\/\",\"url\":\"https:\/\/www.muzej-idrija-cerkno.si\/en\/about-the-museum\/teaming-up\/\",\"name\":\"Teaming up - Mestni muzej Idrija\",\"isPartOf\":{\"@id\":\"https:\/\/www.muzej-idrija-cerkno.si\/#website\"},\"datePublished\":\"2019-12-17T10:02:13+00:00\",\"dateModified\":\"2019-12-19T08:44:17+00:00\",\"description\":\"At Idrija Municipal Museum, we support cooperation between many stakeholders and we are present at both the local and European level. Read about everything we do.\",\"breadcrumb\":{\"@id\":\"https:\/\/www.muzej-idrija-cerkno.si\/en\/about-the-museum\/teaming-up\/#breadcrumb\"},\"inLanguage\":\"en-US\",\"potentialAction\":[{\"@type\":\"ReadAction\",\"target\":[\"https:\/\/www.muzej-idrija-cerkno.si\/en\/about-the-museum\/teaming-up\/\"]}]},{\"@type\":\"BreadcrumbList\",\"@id\":\"https:\/\/www.muzej-idrija-cerkno.si\/en\/about-the-museum\/teaming-up\/#breadcrumb\",\"itemListElement\":[{\"@type\":\"ListItem\",\"position\":1,\"name\":\"Home\",\"item\":\"https:\/\/www.muzej-idrija-cerkno.si\/en\/\"},{\"@type\":\"ListItem\",\"position\":2,\"name\":\"About the museum\",\"item\":\"https:\/\/www.muzej-idrija-cerkno.si\/en\/about-the-museum\/\"},{\"@type\":\"ListItem\",\"position\":3,\"name\":\"Teaming up\"}]},{\"@type\":\"WebSite\",\"@id\":\"https:\/\/www.muzej-idrija-cerkno.si\/#website\",\"url\":\"https:\/\/www.muzej-idrija-cerkno.si\/\",\"name\":\"Mestni muzej Idrija\",\"description\":\"\u0160e eno spleti\u0161\u010de WordPress\",\"potentialAction\":[{\"@type\":\"SearchAction\",\"target\":{\"@type\":\"EntryPoint\",\"urlTemplate\":\"https:\/\/www.muzej-idrija-cerkno.si\/?s={search_term_string}\"},\"query-input\":{\"@type\":\"PropertyValueSpecification\",\"valueRequired\":true,\"valueName\":\"search_term_string\"}}],\"inLanguage\":\"en-US\"}]}<\/script>\n<!-- \/ Yoast SEO plugin. -->","yoast_head_json":{"title":"Teaming up - Mestni muzej Idrija","description":"At Idrija Municipal Museum, we support cooperation between many stakeholders and we are present at both the local and European level. Read about everything we do.","robots":{"index":"index","follow":"follow","max-snippet":"max-snippet:-1","max-image-preview":"max-image-preview:large","max-video-preview":"max-video-preview:-1"},"canonical":"https:\/\/www.muzej-idrija-cerkno.si\/en\/about-the-museum\/teaming-up\/","og_locale":"en_US","og_type":"article","og_title":"Teaming up - Mestni muzej Idrija","og_description":"At Idrija Municipal Museum, we support cooperation between many stakeholders and we are present at both the local and European level. Read about everything we do.","og_url":"https:\/\/www.muzej-idrija-cerkno.si\/en\/about-the-museum\/teaming-up\/","og_site_name":"Mestni muzej Idrija","article_modified_time":"2019-12-19T08:44:17+00:00","twitter_card":"summary_large_image","schema":{"@context":"https:\/\/schema.org","@graph":[{"@type":"WebPage","@id":"https:\/\/www.muzej-idrija-cerkno.si\/en\/about-the-museum\/teaming-up\/","url":"https:\/\/www.muzej-idrija-cerkno.si\/en\/about-the-museum\/teaming-up\/","name":"Teaming up - Mestni muzej Idrija","isPartOf":{"@id":"https:\/\/www.muzej-idrija-cerkno.si\/#website"},"datePublished":"2019-12-17T10:02:13+00:00","dateModified":"2019-12-19T08:44:17+00:00","description":"At Idrija Municipal Museum, we support cooperation between many stakeholders and we are present at both the local and European level. Read about everything we do.","breadcrumb":{"@id":"https:\/\/www.muzej-idrija-cerkno.si\/en\/about-the-museum\/teaming-up\/#breadcrumb"},"inLanguage":"en-US","potentialAction":[{"@type":"ReadAction","target":["https:\/\/www.muzej-idrija-cerkno.si\/en\/about-the-museum\/teaming-up\/"]}]},{"@type":"BreadcrumbList","@id":"https:\/\/www.muzej-idrija-cerkno.si\/en\/about-the-museum\/teaming-up\/#breadcrumb","itemListElement":[{"@type":"ListItem","position":1,"name":"Home","item":"https:\/\/www.muzej-idrija-cerkno.si\/en\/"},{"@type":"ListItem","position":2,"name":"About the museum","item":"https:\/\/www.muzej-idrija-cerkno.si\/en\/about-the-museum\/"},{"@type":"ListItem","position":3,"name":"Teaming up"}]},{"@type":"WebSite","@id":"https:\/\/www.muzej-idrija-cerkno.si\/#website","url":"https:\/\/www.muzej-idrija-cerkno.si\/","name":"Mestni muzej Idrija","description":"\u0160e eno spleti\u0161\u010de WordPress","potentialAction":[{"@type":"SearchAction","target":{"@type":"EntryPoint","urlTemplate":"https:\/\/www.muzej-idrija-cerkno.si\/?s={search_term_string}"},"query-input":{"@type":"PropertyValueSpecification","valueRequired":true,"valueName":"search_term_string"}}],"inLanguage":"en-US"}]}},"_links":{"self":[{"href":"https:\/\/www.muzej-idrija-cerkno.si\/en\/wp-json\/wp\/v2\/pages\/5840","targetHints":{"allow":["GET"]}}],"collection":[{"href":"https:\/\/www.muzej-idrija-cerkno.si\/en\/wp-json\/wp\/v2\/pages"}],"about":[{"href":"https:\/\/www.muzej-idrija-cerkno.si\/en\/wp-json\/wp\/v2\/types\/page"}],"author":[{"embeddable":true,"href":"https:\/\/www.muzej-idrija-cerkno.si\/en\/wp-json\/wp\/v2\/users\/1"}],"replies":[{"embeddable":true,"href":"https:\/\/www.muzej-idrija-cerkno.si\/en\/wp-json\/wp\/v2\/comments?post=5840"}],"version-history":[{"count":1,"href":"https:\/\/www.muzej-idrija-cerkno.si\/en\/wp-json\/wp\/v2\/pages\/5840\/revisions"}],"predecessor-version":[{"id":7199,"href":"https:\/\/www.muzej-idrija-cerkno.si\/en\/wp-json\/wp\/v2\/pages\/5840\/revisions\/7199"}],"up":[{"embeddable":true,"href":"https:\/\/www.muzej-idrija-cerkno.si\/en\/wp-json\/wp\/v2\/pages\/5709"}],"wp:attachment":[{"href":"https:\/\/www.muzej-idrija-cerkno.si\/en\/wp-json\/wp\/v2\/media?parent=5840"}],"curies":[{"name":"wp","href":"https:\/\/api.w.org\/{rel}","templated":true}]}}