{"id":5780,"date":"2019-12-17T11:02:13","date_gmt":"2019-12-17T10:02:13","guid":{"rendered":"https:\/\/www.muzej-idrija-cerkno.si\/?page_id=5780"},"modified":"2024-01-16T22:19:34","modified_gmt":"2024-01-16T21:19:34","slug":"presentation-and-mission","status":"publish","type":"page","link":"https:\/\/www.muzej-idrija-cerkno.si\/en\/about-the-museum\/presentation-and-mission\/","title":{"rendered":"Presentation and mission"},"content":{"rendered":"<div id='av_section_1'  class='avia-section av-1k134-da2593e486aea1667e9b1b611c85add4 main_color avia-section-default avia-no-border-styling  avia-builder-el-0  el_before_av_section  avia-builder-el-first  avia-bg-style-scroll container_wrap fullsize'  ><div class='container av-section-cont-open' ><main  role=\"main\" itemprop=\"mainContentOfPage\"  class='template-page content  av-content-full alpha units'><div class='post-entry post-entry-type-page post-entry-5780'><div class='entry-content-wrapper clearfix'>\n<section  class='av_textblock_section av-jkrzulub-c4f71f07b50bae3e37d52d794dd3b239 '   itemscope=\"itemscope\" itemtype=\"https:\/\/schema.org\/CreativeWork\" ><div class='avia_textblock'  itemprop=\"text\" ><h2>About Idrija Municipal Museum<\/h2>\n<p>Idrija Municipal Museum is a general character museum, widely recognised for its care for technical heritage of Idrija Mercury Mine, the second largest mercury mine in the world, the heritage of hand-knitting Idrija lace and the famous Second World War Partisan Hospital \u2013 Franja. We have been rewarded for our 70 years of professional and dedicated work in the field of cultural heritage. In 1997, the museum received the Luigi Micheleti award and was declared the best European museum of industrial and technical heritage.<\/p>\n<p>Technical heritage monuments that the museum manages, among other things, were included in the World Heritage List in 2012 along with other mining heritage of Idrija, and Franja Partisan Hospital received the European Heritage Label in 2015 as the first site in Slovenia. The museum develops its activities in its parent unit in Idrija and a dislocated unit in Cerkno. It manages exceptional monuments of immovable heritage which the Municipality entrusted it to manage, or were eventually brought under its auspices.<\/p>\n<\/div><\/section>\n<\/div><\/div><\/main><!-- close content main element --><\/div><\/div><div id='av_section_2'  class='avia-section av-3yh0-f0552b43bf38a54ddc75004b1dfe937d main_color avia-section-default avia-no-border-styling  avia-builder-el-2  el_after_av_section  el_before_av_section  avia-bg-style-scroll container_wrap fullsize'  ><div class='container av-section-cont-open' ><div class='template-page content  av-content-full alpha units'><div class='post-entry post-entry-type-page post-entry-5780'><div class='entry-content-wrapper clearfix'>\n<section  class='av_textblock_section av-jkrzulub-9901abcc0dad8466246c96897fe86fc1 '   itemscope=\"itemscope\" itemtype=\"https:\/\/schema.org\/CreativeWork\" ><div class='avia_textblock'  itemprop=\"text\" ><h2>Our mission<\/h2>\n<p>The central task of the Idrija Municipal Museum is the care of movable and intangible heritage in the fields of history, ethnology, art history and technical heritage in the Idrija and Cerkno regions. This means that we gather objects on the field, document them, store and safeguard them, we research, exhibit and thus popularise our institution and the heritage in general.<\/p>\n<p>The museum underlines its role in the education process, particularly in the area of homeland history, and represents a link between the textbook history and the remains of the past in the field with its permanent and occasional exhibitions. The exhibition activity is complemented by issuing professional publications and catalogues, various educational programmes, learning classes and workshops for the youngest and our youth, as well as the guided tours, lectures and presentations for adults. By digitisation of our stored material, we are one of those museums and other institutions that allow accessibility to cultural heritage for a wide general public through modern information technologies.<\/p>\n<\/div><\/section>\n<\/p>\n<\/div><\/div><\/div><!-- close content main div --><\/div><\/div><div id='av_section_3'  class='avia-section av-3yh0-41753da54e931049f8bef4c26554dc05 main_color avia-section-default avia-no-border-styling  avia-builder-el-4  el_after_av_section  el_before_av_section  bgedtext avia-bg-style-scroll container_wrap fullsize'  ><div class='container av-section-cont-open' ><div class='template-page content  av-content-full alpha units'><div class='post-entry post-entry-type-page post-entry-5780'><div class='entry-content-wrapper clearfix'>\n<section  class='av_textblock_section av-jkrzulub-9901abcc0dad8466246c96897fe86fc1 '   itemscope=\"itemscope\" itemtype=\"https:\/\/schema.org\/CreativeWork\" ><div class='avia_textblock'  itemprop=\"text\" ><h2>What is a museum?<\/h2>\n<p>A museum is a place of meeting, integrating, educating and multi-cultural dialogue. A place where we can ask questions and get answers, where it is allowed to think and wonder. We at the museum build an awareness of loyalty to the place where we live, respect values that have shaped the lives of our ancestors and should remain a part of the modern world as universal values.<\/p>\n<\/div><\/section>\n\n<\/div><\/div><\/div><!-- close content main div --><\/div><\/div><div id='av_section_4'  class='avia-section av-yhp8-26195f965d903777c3d56bda68e66be6 main_color avia-section-default avia-no-border-styling  avia-builder-el-6  el_after_av_section  avia-builder-el-last  avia-bg-style-scroll container_wrap fullsize'  ><div class='container av-section-cont-open' ><div class='template-page content  av-content-full alpha units'><div class='post-entry post-entry-type-page post-entry-5780'><div class='entry-content-wrapper clearfix'>\n<section  class='av_textblock_section av-jks0xcg3-a30feae2b61d325c6433fab138560523 '   itemscope=\"itemscope\" itemtype=\"https:\/\/schema.org\/CreativeWork\" ><div class='avia_textblock'  itemprop=\"text\" ><h3>About<\/h3>\n<div class=\"vizitka_wrap\"><div class=\"program_row\"><div class=\"notificationblock_title\">Title:<\/div><div class=\"notificationblock_content\">Idrija Municipal Museum, the museum for the Idrija and Cerkno regions<\/div><\/div><div class=\"program_row\"><div class=\"notificationblock_title\">Head Office:<\/div><div class=\"notificationblock_content\">Prelov\u010deva 9, SI-5280 Idrija<\/div><\/div><div class=\"program_row\"><div class=\"notificationblock_title\">Telephone:<\/div><div class=\"notificationblock_content\">+386 (5) 37 266 00<\/div><\/div><div class=\"program_row\"><div class=\"notificationblock_title\">Fax:<\/div><div class=\"notificationblock_content\">+ 386 (5) 37 735 80<\/div><\/div><div class=\"program_row\"><div class=\"notificationblock_title\">E-mail:<\/div><div class=\"notificationblock_content\"><a class=\"\" href=\"mailto:tajnistvo@muzej-idrija-cerkno.si\" >tajnistvo@muzej-idrija-cerkno.si<\/a><\/div><\/div><div class=\"program_row\"><div class=\"notificationblock_title\">Homepage:<\/div><div class=\"notificationblock_content\"><a class=\"\" href=\"https:\/\/www.muzej-idrija-cerkno.si\" >www.muzej-idrija-cerkno.si<\/a><\/div><\/div><div class=\"program_row\"><div class=\"notificationblock_title\">Registration number:<\/div><div class=\"notificationblock_content\">5055741<\/div><\/div><div class=\"program_row\"><div class=\"notificationblock_title\">Tax number:<\/div><div class=\"notificationblock_content\">72695439<\/div><\/div><div class=\"program_row\"><div class=\"notificationblock_title\">Transaction account:<\/div><div class=\"notificationblock_content\">Account at the Public Payments Administration of the Republic of Slovenia, number: SI56 0123 6603 0375 893<\/div><\/div><\/div>\n<\/div><\/section>\n\n","protected":false},"excerpt":{"rendered":"","protected":false},"author":1,"featured_media":0,"parent":5709,"menu_order":0,"comment_status":"closed","ping_status":"closed","template":"template-o-muzeju_predstavitev-poslanstvo.php","meta":{"_acf_changed":false,"footnotes":""},"class_list":["post-5780","page","type-page","status-publish","hentry"],"acf":[],"yoast_head":"<!-- This site is optimized with the Yoast SEO plugin v27.2 - https:\/\/yoast.com\/product\/yoast-seo-wordpress\/ -->\n<title>Presentation and mission - Mestni muzej Idrija<\/title>\n<meta name=\"description\" content=\"For 65 years now, we have taken care of the movable and intangible heritage of the fields of history, ethnology, history of art and technical heritage in the Idrija and Cerkno regions.\" \/>\n<meta name=\"robots\" content=\"index, follow, max-snippet:-1, max-image-preview:large, max-video-preview:-1\" \/>\n<link rel=\"canonical\" href=\"https:\/\/www.muzej-idrija-cerkno.si\/en\/about-the-museum\/presentation-and-mission\/\" \/>\n<meta property=\"og:locale\" content=\"en_US\" \/>\n<meta property=\"og:type\" content=\"article\" \/>\n<meta property=\"og:title\" content=\"Presentation and mission - Mestni muzej Idrija\" \/>\n<meta property=\"og:description\" content=\"For 65 years now, we have taken care of the movable and intangible heritage of the fields of history, ethnology, history of art and technical heritage in the Idrija and Cerkno regions.\" \/>\n<meta property=\"og:url\" content=\"https:\/\/www.muzej-idrija-cerkno.si\/en\/about-the-museum\/presentation-and-mission\/\" \/>\n<meta property=\"og:site_name\" content=\"Mestni muzej Idrija\" \/>\n<meta property=\"article:modified_time\" content=\"2024-01-16T21:19:34+00:00\" \/>\n<meta name=\"twitter:card\" content=\"summary_large_image\" \/>\n<meta name=\"twitter:label1\" content=\"Est. reading time\" \/>\n\t<meta name=\"twitter:data1\" content=\"4 minutes\" \/>\n<script type=\"application\/ld+json\" class=\"yoast-schema-graph\">{\"@context\":\"https:\/\/schema.org\",\"@graph\":[{\"@type\":\"WebPage\",\"@id\":\"https:\/\/www.muzej-idrija-cerkno.si\/en\/about-the-museum\/presentation-and-mission\/\",\"url\":\"https:\/\/www.muzej-idrija-cerkno.si\/en\/about-the-museum\/presentation-and-mission\/\",\"name\":\"Presentation and mission - Mestni muzej Idrija\",\"isPartOf\":{\"@id\":\"https:\/\/www.muzej-idrija-cerkno.si\/#website\"},\"datePublished\":\"2019-12-17T10:02:13+00:00\",\"dateModified\":\"2024-01-16T21:19:34+00:00\",\"description\":\"For 65 years now, we have taken care of the movable and intangible heritage of the fields of history, ethnology, history of art and technical heritage in the Idrija and Cerkno regions.\",\"breadcrumb\":{\"@id\":\"https:\/\/www.muzej-idrija-cerkno.si\/en\/about-the-museum\/presentation-and-mission\/#breadcrumb\"},\"inLanguage\":\"en-US\",\"potentialAction\":[{\"@type\":\"ReadAction\",\"target\":[\"https:\/\/www.muzej-idrija-cerkno.si\/en\/about-the-museum\/presentation-and-mission\/\"]}]},{\"@type\":\"BreadcrumbList\",\"@id\":\"https:\/\/www.muzej-idrija-cerkno.si\/en\/about-the-museum\/presentation-and-mission\/#breadcrumb\",\"itemListElement\":[{\"@type\":\"ListItem\",\"position\":1,\"name\":\"Home\",\"item\":\"https:\/\/www.muzej-idrija-cerkno.si\/en\/\"},{\"@type\":\"ListItem\",\"position\":2,\"name\":\"About the museum\",\"item\":\"https:\/\/www.muzej-idrija-cerkno.si\/en\/about-the-museum\/\"},{\"@type\":\"ListItem\",\"position\":3,\"name\":\"Presentation and mission\"}]},{\"@type\":\"WebSite\",\"@id\":\"https:\/\/www.muzej-idrija-cerkno.si\/#website\",\"url\":\"https:\/\/www.muzej-idrija-cerkno.si\/\",\"name\":\"Mestni muzej Idrija\",\"description\":\"\u0160e eno spleti\u0161\u010de WordPress\",\"potentialAction\":[{\"@type\":\"SearchAction\",\"target\":{\"@type\":\"EntryPoint\",\"urlTemplate\":\"https:\/\/www.muzej-idrija-cerkno.si\/?s={search_term_string}\"},\"query-input\":{\"@type\":\"PropertyValueSpecification\",\"valueRequired\":true,\"valueName\":\"search_term_string\"}}],\"inLanguage\":\"en-US\"}]}<\/script>\n<!-- \/ Yoast SEO plugin. -->","yoast_head_json":{"title":"Presentation and mission - Mestni muzej Idrija","description":"For 65 years now, we have taken care of the movable and intangible heritage of the fields of history, ethnology, history of art and technical heritage in the Idrija and Cerkno regions.","robots":{"index":"index","follow":"follow","max-snippet":"max-snippet:-1","max-image-preview":"max-image-preview:large","max-video-preview":"max-video-preview:-1"},"canonical":"https:\/\/www.muzej-idrija-cerkno.si\/en\/about-the-museum\/presentation-and-mission\/","og_locale":"en_US","og_type":"article","og_title":"Presentation and mission - Mestni muzej Idrija","og_description":"For 65 years now, we have taken care of the movable and intangible heritage of the fields of history, ethnology, history of art and technical heritage in the Idrija and Cerkno regions.","og_url":"https:\/\/www.muzej-idrija-cerkno.si\/en\/about-the-museum\/presentation-and-mission\/","og_site_name":"Mestni muzej Idrija","article_modified_time":"2024-01-16T21:19:34+00:00","twitter_card":"summary_large_image","twitter_misc":{"Est. reading time":"4 minutes"},"schema":{"@context":"https:\/\/schema.org","@graph":[{"@type":"WebPage","@id":"https:\/\/www.muzej-idrija-cerkno.si\/en\/about-the-museum\/presentation-and-mission\/","url":"https:\/\/www.muzej-idrija-cerkno.si\/en\/about-the-museum\/presentation-and-mission\/","name":"Presentation and mission - Mestni muzej Idrija","isPartOf":{"@id":"https:\/\/www.muzej-idrija-cerkno.si\/#website"},"datePublished":"2019-12-17T10:02:13+00:00","dateModified":"2024-01-16T21:19:34+00:00","description":"For 65 years now, we have taken care of the movable and intangible heritage of the fields of history, ethnology, history of art and technical heritage in the Idrija and Cerkno regions.","breadcrumb":{"@id":"https:\/\/www.muzej-idrija-cerkno.si\/en\/about-the-museum\/presentation-and-mission\/#breadcrumb"},"inLanguage":"en-US","potentialAction":[{"@type":"ReadAction","target":["https:\/\/www.muzej-idrija-cerkno.si\/en\/about-the-museum\/presentation-and-mission\/"]}]},{"@type":"BreadcrumbList","@id":"https:\/\/www.muzej-idrija-cerkno.si\/en\/about-the-museum\/presentation-and-mission\/#breadcrumb","itemListElement":[{"@type":"ListItem","position":1,"name":"Home","item":"https:\/\/www.muzej-idrija-cerkno.si\/en\/"},{"@type":"ListItem","position":2,"name":"About the museum","item":"https:\/\/www.muzej-idrija-cerkno.si\/en\/about-the-museum\/"},{"@type":"ListItem","position":3,"name":"Presentation and mission"}]},{"@type":"WebSite","@id":"https:\/\/www.muzej-idrija-cerkno.si\/#website","url":"https:\/\/www.muzej-idrija-cerkno.si\/","name":"Mestni muzej Idrija","description":"\u0160e eno spleti\u0161\u010de WordPress","potentialAction":[{"@type":"SearchAction","target":{"@type":"EntryPoint","urlTemplate":"https:\/\/www.muzej-idrija-cerkno.si\/?s={search_term_string}"},"query-input":{"@type":"PropertyValueSpecification","valueRequired":true,"valueName":"search_term_string"}}],"inLanguage":"en-US"}]}},"_links":{"self":[{"href":"https:\/\/www.muzej-idrija-cerkno.si\/en\/wp-json\/wp\/v2\/pages\/5780","targetHints":{"allow":["GET"]}}],"collection":[{"href":"https:\/\/www.muzej-idrija-cerkno.si\/en\/wp-json\/wp\/v2\/pages"}],"about":[{"href":"https:\/\/www.muzej-idrija-cerkno.si\/en\/wp-json\/wp\/v2\/types\/page"}],"author":[{"embeddable":true,"href":"https:\/\/www.muzej-idrija-cerkno.si\/en\/wp-json\/wp\/v2\/users\/1"}],"replies":[{"embeddable":true,"href":"https:\/\/www.muzej-idrija-cerkno.si\/en\/wp-json\/wp\/v2\/comments?post=5780"}],"version-history":[{"count":3,"href":"https:\/\/www.muzej-idrija-cerkno.si\/en\/wp-json\/wp\/v2\/pages\/5780\/revisions"}],"predecessor-version":[{"id":21154,"href":"https:\/\/www.muzej-idrija-cerkno.si\/en\/wp-json\/wp\/v2\/pages\/5780\/revisions\/21154"}],"up":[{"embeddable":true,"href":"https:\/\/www.muzej-idrija-cerkno.si\/en\/wp-json\/wp\/v2\/pages\/5709"}],"wp:attachment":[{"href":"https:\/\/www.muzej-idrija-cerkno.si\/en\/wp-json\/wp\/v2\/media?parent=5780"}],"curies":[{"name":"wp","href":"https:\/\/api.w.org\/{rel}","templated":true}]}}