{"id":5439,"date":"2018-07-20T13:24:38","date_gmt":"2018-07-20T11:24:38","guid":{"rendered":"https:\/\/www.muzej-idrija-cerkno.si\/obiscite-nas\/"},"modified":"2023-03-26T20:06:47","modified_gmt":"2023-03-26T18:06:47","slug":"obiscite-nas","status":"publish","type":"page","link":"https:\/\/www.muzej-idrija-cerkno.si\/en\/obiscite-nas\/","title":{"rendered":"Visit us"},"content":{"rendered":"\n<style type=\"text\/css\" data-created_by=\"avia_inline_auto\" id=\"style-css-av-jjtx9fil-cc2eaf674a017d439ff7f79c0ee56f20\">\n.avia-section.av-jjtx9fil-cc2eaf674a017d439ff7f79c0ee56f20{\nbackground-repeat:no-repeat;\nbackground-image:url(https:\/\/www.muzej-idrija-cerkno.si\/wp-content\/uploads\/2018\/07\/lokacije-bg-1.jpg);\nbackground-position:0% 0%;\nbackground-attachment:scroll;\n}\n<\/style>\n<div id='av_section_1'  class='avia-section av-jjtx9fil-cc2eaf674a017d439ff7f79c0ee56f20 main_color avia-section-default avia-no-border-styling  avia-builder-el-0  el_before_av_section  avia-builder-el-first  header header-hero header-top-menu-padding avia-bg-style-scroll container_wrap fullsize'  data-section-bg-repeat='no-repeat'><div class='container av-section-cont-open' ><main  role=\"main\" itemprop=\"mainContentOfPage\"  class='template-page content  av-content-full alpha units'><div class='post-entry post-entry-type-page post-entry-5439'><div class='entry-content-wrapper clearfix'>\n\n<style type=\"text\/css\" data-created_by=\"avia_inline_auto\" id=\"style-css-av-7emv-2c6cfb9aab43875b565a39dbaa7e3e02\">\n.flex_column.av-7emv-2c6cfb9aab43875b565a39dbaa7e3e02{\nborder-radius:0px 0px 0px 0px;\npadding:0px 0px 0px 0px;\n}\n<\/style>\n<div  class='flex_column av-7emv-2c6cfb9aab43875b565a39dbaa7e3e02 av_two_fifth  avia-builder-el-1  el_before_av_three_fifth  avia-builder-el-first  first flex_column_div av-zero-column-padding  '     ><section  class='av_textblock_section av-kiv-6e785a5da9303b51a494d47ce64d517a '   itemscope=\"itemscope\" itemtype=\"https:\/\/schema.org\/CreativeWork\" ><div class='avia_textblock'  itemprop=\"text\" ><h1>Visit us<\/h1>\n<\/div><\/section><br \/>\n<section  class='av_textblock_section av-jjtxlc6c-3b98c58c317eda4af3db68f42a542f31 '   itemscope=\"itemscope\" itemtype=\"https:\/\/schema.org\/CreativeWork\" ><div class='avia_textblock'  itemprop=\"text\" ><p><strong>Where to go on a trip? <\/strong><\/p>\n<p>The Idrija and Cerkno regions are tempting destinations in all seasons, interesting for small and big explorers of the past. The museum boasts several locations open for groups 365 days of the year.<\/p>\n<\/div><\/section><\/p><\/div>\n<style type=\"text\/css\" data-created_by=\"avia_inline_auto\" id=\"style-css-av-38kn-a4512eff9cae1e199044b641efa4768a\">\n.flex_column.av-38kn-a4512eff9cae1e199044b641efa4768a{\nborder-radius:0px 0px 0px 0px;\npadding:0px 0px 0px 0px;\n}\n<\/style>\n<div  class='flex_column av-38kn-a4512eff9cae1e199044b641efa4768a av_three_fifth  avia-builder-el-4  el_after_av_two_fifth  avia-builder-el-last  flex_column_div av-zero-column-padding  '     ><style type=\"text\/css\" data-created_by=\"avia_inline_auto\" id=\"style-css-av-jjzgdvec-e88fa1434553c295fe486fc8e6032419\">\n.avia-image-container.av-jjzgdvec-e88fa1434553c295fe486fc8e6032419 img.avia_image{\nbox-shadow:none;\n}\n.avia-image-container.av-jjzgdvec-e88fa1434553c295fe486fc8e6032419 .av-image-caption-overlay-center{\ncolor:#ffffff;\n}\n<\/style>\n<div  class='avia-image-container av-jjzgdvec-e88fa1434553c295fe486fc8e6032419 av-styling- avia-align-center  avia-builder-el-5  avia-builder-el-no-sibling '   itemprop=\"image\" itemscope=\"itemscope\" itemtype=\"https:\/\/schema.org\/ImageObject\" ><div class=\"avia-image-container-inner\"><div class=\"avia-image-overlay-wrap\"><img fetchpriority=\"high\" class='wp-image-5802 avia-img-lazy-loading-not-5802 avia_image ' src='https:\/\/www.muzej-idrija-cerkno.si\/wp-content\/uploads\/2019\/01\/Obi\u0161\u010dite-nas_naslovna-foto-1.jpg' alt='' title='Obi\u0161\u010dite nas_naslovna foto (1)'  height=\"600\" width=\"900\"  itemprop=\"thumbnailUrl\"  \/><\/div><\/div><\/div><\/div><\/div><\/div><\/main><!-- close content main element --><\/div><\/div><div id='av_section_2'  class='avia-section av-10a9f-101fefcc2e6091a02f66e514d55692f9 main_color avia-section-default avia-no-border-styling  avia-builder-el-6  el_after_av_section  avia-builder-el-last  avia-bg-style-scroll container_wrap fullsize'  ><div class='container av-section-cont-open' ><div class='template-page content  av-content-full alpha units'><div class='post-entry post-entry-type-page post-entry-5439'><div class='entry-content-wrapper clearfix'>\n<section  class='av_textblock_section av-jldaofxj-e1236d413c6b1b0feab2d85f716e1f37 '   itemscope=\"itemscope\" itemtype=\"https:\/\/schema.org\/CreativeWork\" ><div class='avia_textblock'  itemprop=\"text\" ><div class=\"wrap_povezav\"><div class=\"povezave_s_sliko bgedelements\"><div class=\"av_one_third first zelena\"><a href=\"https:\/\/www.muzej-idrija-cerkno.si\/en\/obiscite-nas\/top-10-zanimivosti\/\" class=\"imagewrap\"><img decoding=\"async\" src=\"https:\/\/www.muzej-idrija-cerkno.si\/wp-content\/uploads\/2018\/09\/top_10_zanimivosti-1.jpg\"><div class=\"bgplustextwrap\"><div class=\"textdiv\">Top 10 attractions<\/div><\/div><span class=\"image-overlay overlay-type-extern\" style=\"left: -5px; top: 0px; overflow: hidden; display: block; height: 631px; width: 641px;\"><span class=\"image-overlay-inside\"><\/span><\/span><\/a><\/div><div class=\"av_one_third  zelena\"><a href=\"https:\/\/www.muzej-idrija-cerkno.si\/en\/obiscite-nas\/programmes-for-adult-groups\/\" class=\"imagewrap\"><img decoding=\"async\" src=\"https:\/\/www.muzej-idrija-cerkno.si\/wp-content\/uploads\/2018\/09\/programi_za_odrasle-1.jpg\"><div class=\"bgplustextwrap\"><div class=\"textdiv\">Programmes for adult groups<\/div><\/div><span class=\"image-overlay overlay-type-extern\" style=\"left: -5px; top: 0px; overflow: hidden; display: block; height: 631px; width: 641px;\"><span class=\"image-overlay-inside\"><\/span><\/span><\/a><\/div><div class=\"av_one_third  zelena\"><a href=\"https:\/\/www.muzej-idrija-cerkno.si\/en\/obiscite-nas\/school-programmes\/\" class=\"imagewrap\"><img decoding=\"async\" src=\"https:\/\/www.muzej-idrija-cerkno.si\/wp-content\/uploads\/2019\/01\/Geolo\u0161ka-zbirka-4.jpg\"><div class=\"bgplustextwrap\"><div class=\"textdiv\">School programmes<\/div><\/div><span class=\"image-overlay overlay-type-extern\" style=\"left: -5px; top: 0px; overflow: hidden; display: block; height: 631px; width: 641px;\"><span class=\"image-overlay-inside\"><\/span><\/span><\/a><\/div><\/div><div class=\"povezave_z_ikono\"><div class=\"av_one_third first\"><div class=\"naslovwrap\"><a href=\"https:\/\/www.muzej-idrija-cerkno.si\/en\/obiscite-nas\/kam-na-izlet\/\" class=\"imagewrap\"><div class=\"ikona\"><img decoding=\"async\" src=\"https:\/\/www.muzej-idrija-cerkno.si\/wp-content\/uploads\/2018\/10\/kam-na-izlet.svg\"><\/div><div class=\"naslov\">Where to go on a trip<\/div><\/a><\/div><div class=\"tekst\">To make your decision easier, we have put together several suggestions for your trip.  We warmly welcome you!<\/div><div class=\"povezava\"><a href=\"https:\/\/www.muzej-idrija-cerkno.si\/en\/obiscite-nas\/kam-na-izlet\/\" class=\"imagewrap\">Read more<\/a><\/div><\/div><div class=\"av_one_third \"><div class=\"naslovwrap\"><a href=\"https:\/\/www.muzej-idrija-cerkno.si\/en\/obiscite-nas\/kje-smo\/\" class=\"imagewrap\"><div class=\"ikona\"><img decoding=\"async\" src=\"https:\/\/www.muzej-idrija-cerkno.si\/wp-content\/uploads\/2018\/10\/kje-smo.svg\"><\/div><div class=\"naslov\">Where to find us<\/div><\/a><\/div><div class=\"tekst\">You'll find us faster with the locations described and the map. Just try it!<\/div><div class=\"povezava\"><a href=\"https:\/\/www.muzej-idrija-cerkno.si\/en\/obiscite-nas\/kje-smo\/\" class=\"imagewrap\">Read more<\/a><\/div><\/div><div class=\"av_one_third \"><div class=\"naslovwrap\"><a href=\"https:\/\/www.muzej-idrija-cerkno.si\/en\/obiscite-nas\/tickets\/\" class=\"imagewrap\"><div class=\"ikona\"><img decoding=\"async\" src=\"https:\/\/www.muzej-idrija-cerkno.si\/wp-content\/uploads\/2018\/10\/vstopnice.svg\"><\/div><div class=\"naslov\">Tickets<\/div><\/a><\/div><div class=\"tekst\">There are several options for purchasing the tickets. Choose the one closest to you!<\/div><div class=\"povezava\"><a href=\"https:\/\/www.muzej-idrija-cerkno.si\/en\/obiscite-nas\/tickets\/\" class=\"imagewrap\">Read more<\/a><\/div><\/div><\/div><\/div>\n<\/div><\/section>\n<\/p>\n","protected":false},"excerpt":{"rendered":"","protected":false},"author":1,"featured_media":0,"parent":0,"menu_order":0,"comment_status":"closed","ping_status":"closed","template":"template-obiscite_nas.php","meta":{"_acf_changed":false,"footnotes":""},"class_list":["post-5439","page","type-page","status-publish","hentry"],"acf":[],"yoast_head":"<!-- This site is optimized with the Yoast SEO plugin v27.2 - https:\/\/yoast.com\/product\/yoast-seo-wordpress\/ -->\n<title>Visit us - Mestni muzej Idrija<\/title>\n<meta name=\"description\" content=\"The Idrija and Cerkno regions are a perfect destinations for travellers in all seasons, inspiring all generations with the museum destinations, open all year round. Welcome!\" \/>\n<meta name=\"robots\" content=\"index, follow, max-snippet:-1, max-image-preview:large, max-video-preview:-1\" \/>\n<link rel=\"canonical\" href=\"https:\/\/www.muzej-idrija-cerkno.si\/en\/obiscite-nas\/\" \/>\n<meta property=\"og:locale\" content=\"en_US\" \/>\n<meta property=\"og:type\" content=\"article\" \/>\n<meta property=\"og:title\" content=\"Visit us - Mestni muzej Idrija\" \/>\n<meta property=\"og:description\" content=\"The Idrija and Cerkno regions are a perfect destinations for travellers in all seasons, inspiring all generations with the museum destinations, open all year round. Welcome!\" \/>\n<meta property=\"og:url\" content=\"https:\/\/www.muzej-idrija-cerkno.si\/en\/obiscite-nas\/\" \/>\n<meta property=\"og:site_name\" content=\"Mestni muzej Idrija\" \/>\n<meta property=\"article:modified_time\" content=\"2023-03-26T18:06:47+00:00\" \/>\n<meta name=\"twitter:card\" content=\"summary_large_image\" \/>\n<meta name=\"twitter:label1\" content=\"Est. reading time\" \/>\n\t<meta name=\"twitter:data1\" content=\"2 minutes\" \/>\n<script type=\"application\/ld+json\" class=\"yoast-schema-graph\">{\"@context\":\"https:\/\/schema.org\",\"@graph\":[{\"@type\":\"WebPage\",\"@id\":\"https:\/\/www.muzej-idrija-cerkno.si\/en\/obiscite-nas\/\",\"url\":\"https:\/\/www.muzej-idrija-cerkno.si\/en\/obiscite-nas\/\",\"name\":\"Visit us - Mestni muzej Idrija\",\"isPartOf\":{\"@id\":\"https:\/\/www.muzej-idrija-cerkno.si\/#website\"},\"datePublished\":\"2018-07-20T11:24:38+00:00\",\"dateModified\":\"2023-03-26T18:06:47+00:00\",\"description\":\"The Idrija and Cerkno regions are a perfect destinations for travellers in all seasons, inspiring all generations with the museum destinations, open all year round. Welcome!\",\"breadcrumb\":{\"@id\":\"https:\/\/www.muzej-idrija-cerkno.si\/en\/obiscite-nas\/#breadcrumb\"},\"inLanguage\":\"en-US\",\"potentialAction\":[{\"@type\":\"ReadAction\",\"target\":[\"https:\/\/www.muzej-idrija-cerkno.si\/en\/obiscite-nas\/\"]}]},{\"@type\":\"BreadcrumbList\",\"@id\":\"https:\/\/www.muzej-idrija-cerkno.si\/en\/obiscite-nas\/#breadcrumb\",\"itemListElement\":[{\"@type\":\"ListItem\",\"position\":1,\"name\":\"Home\",\"item\":\"https:\/\/www.muzej-idrija-cerkno.si\/en\/\"},{\"@type\":\"ListItem\",\"position\":2,\"name\":\"Visit us\"}]},{\"@type\":\"WebSite\",\"@id\":\"https:\/\/www.muzej-idrija-cerkno.si\/#website\",\"url\":\"https:\/\/www.muzej-idrija-cerkno.si\/\",\"name\":\"Mestni muzej Idrija\",\"description\":\"\u0160e eno spleti\u0161\u010de WordPress\",\"potentialAction\":[{\"@type\":\"SearchAction\",\"target\":{\"@type\":\"EntryPoint\",\"urlTemplate\":\"https:\/\/www.muzej-idrija-cerkno.si\/?s={search_term_string}\"},\"query-input\":{\"@type\":\"PropertyValueSpecification\",\"valueRequired\":true,\"valueName\":\"search_term_string\"}}],\"inLanguage\":\"en-US\"}]}<\/script>\n<!-- \/ Yoast SEO plugin. -->","yoast_head_json":{"title":"Visit us - Mestni muzej Idrija","description":"The Idrija and Cerkno regions are a perfect destinations for travellers in all seasons, inspiring all generations with the museum destinations, open all year round. Welcome!","robots":{"index":"index","follow":"follow","max-snippet":"max-snippet:-1","max-image-preview":"max-image-preview:large","max-video-preview":"max-video-preview:-1"},"canonical":"https:\/\/www.muzej-idrija-cerkno.si\/en\/obiscite-nas\/","og_locale":"en_US","og_type":"article","og_title":"Visit us - Mestni muzej Idrija","og_description":"The Idrija and Cerkno regions are a perfect destinations for travellers in all seasons, inspiring all generations with the museum destinations, open all year round. Welcome!","og_url":"https:\/\/www.muzej-idrija-cerkno.si\/en\/obiscite-nas\/","og_site_name":"Mestni muzej Idrija","article_modified_time":"2023-03-26T18:06:47+00:00","twitter_card":"summary_large_image","twitter_misc":{"Est. reading time":"2 minutes"},"schema":{"@context":"https:\/\/schema.org","@graph":[{"@type":"WebPage","@id":"https:\/\/www.muzej-idrija-cerkno.si\/en\/obiscite-nas\/","url":"https:\/\/www.muzej-idrija-cerkno.si\/en\/obiscite-nas\/","name":"Visit us - Mestni muzej Idrija","isPartOf":{"@id":"https:\/\/www.muzej-idrija-cerkno.si\/#website"},"datePublished":"2018-07-20T11:24:38+00:00","dateModified":"2023-03-26T18:06:47+00:00","description":"The Idrija and Cerkno regions are a perfect destinations for travellers in all seasons, inspiring all generations with the museum destinations, open all year round. Welcome!","breadcrumb":{"@id":"https:\/\/www.muzej-idrija-cerkno.si\/en\/obiscite-nas\/#breadcrumb"},"inLanguage":"en-US","potentialAction":[{"@type":"ReadAction","target":["https:\/\/www.muzej-idrija-cerkno.si\/en\/obiscite-nas\/"]}]},{"@type":"BreadcrumbList","@id":"https:\/\/www.muzej-idrija-cerkno.si\/en\/obiscite-nas\/#breadcrumb","itemListElement":[{"@type":"ListItem","position":1,"name":"Home","item":"https:\/\/www.muzej-idrija-cerkno.si\/en\/"},{"@type":"ListItem","position":2,"name":"Visit us"}]},{"@type":"WebSite","@id":"https:\/\/www.muzej-idrija-cerkno.si\/#website","url":"https:\/\/www.muzej-idrija-cerkno.si\/","name":"Mestni muzej Idrija","description":"\u0160e eno spleti\u0161\u010de WordPress","potentialAction":[{"@type":"SearchAction","target":{"@type":"EntryPoint","urlTemplate":"https:\/\/www.muzej-idrija-cerkno.si\/?s={search_term_string}"},"query-input":{"@type":"PropertyValueSpecification","valueRequired":true,"valueName":"search_term_string"}}],"inLanguage":"en-US"}]}},"_links":{"self":[{"href":"https:\/\/www.muzej-idrija-cerkno.si\/en\/wp-json\/wp\/v2\/pages\/5439","targetHints":{"allow":["GET"]}}],"collection":[{"href":"https:\/\/www.muzej-idrija-cerkno.si\/en\/wp-json\/wp\/v2\/pages"}],"about":[{"href":"https:\/\/www.muzej-idrija-cerkno.si\/en\/wp-json\/wp\/v2\/types\/page"}],"author":[{"embeddable":true,"href":"https:\/\/www.muzej-idrija-cerkno.si\/en\/wp-json\/wp\/v2\/users\/1"}],"replies":[{"embeddable":true,"href":"https:\/\/www.muzej-idrija-cerkno.si\/en\/wp-json\/wp\/v2\/comments?post=5439"}],"version-history":[{"count":6,"href":"https:\/\/www.muzej-idrija-cerkno.si\/en\/wp-json\/wp\/v2\/pages\/5439\/revisions"}],"predecessor-version":[{"id":19812,"href":"https:\/\/www.muzej-idrija-cerkno.si\/en\/wp-json\/wp\/v2\/pages\/5439\/revisions\/19812"}],"wp:attachment":[{"href":"https:\/\/www.muzej-idrija-cerkno.si\/en\/wp-json\/wp\/v2\/media?parent=5439"}],"curies":[{"name":"wp","href":"https:\/\/api.w.org\/{rel}","templated":true}]}}