{"id":5416,"date":"2018-11-15T09:23:43","date_gmt":"2018-11-15T08:23:43","guid":{"rendered":"https:\/\/www.muzej-idrija-cerkno.si\/politika-zasebnosti\/"},"modified":"2019-12-11T10:32:41","modified_gmt":"2019-12-11T09:32:41","slug":"politika-zasebnosti","status":"publish","type":"page","link":"https:\/\/www.muzej-idrija-cerkno.si\/en\/politika-zasebnosti\/","title":{"rendered":"Privacy policy"},"content":{"rendered":"\n<style type=\"text\/css\" data-created_by=\"avia_inline_auto\" id=\"style-css-av-jkc338aw-528a0c82730fdba7b9c22ca843fa7756\">\n.avia-section.av-jkc338aw-528a0c82730fdba7b9c22ca843fa7756{\nbackground-repeat:no-repeat;\nbackground-image:url(https:\/\/www.muzej-idrija-cerkno.si\/wp-content\/uploads\/2018\/08\/aktualno-header-1.jpg);\nbackground-position:0% 0%;\nbackground-attachment:scroll;\n}\n<\/style>\n<div id='av_section_1'  class='avia-section av-jkc338aw-528a0c82730fdba7b9c22ca843fa7756 main_color avia-section-default avia-no-border-styling  avia-builder-el-0  el_before_av_section  avia-builder-el-first  aktualno-header avia-bg-style-scroll av-minimum-height av-minimum-height-custom av-height-custom  container_wrap fullsize'  data-section-bg-repeat='no-repeat' data-av_minimum_height_px='460'><div class='container av-section-cont-open' style='height:460px'><main  role=\"main\" itemprop=\"mainContentOfPage\"  class='template-page content  av-content-full alpha units'><div class='post-entry post-entry-type-page post-entry-5416'><div class='entry-content-wrapper clearfix'>\n<section  class='av_textblock_section av-jkc35m6x-ba7822a8e40bd58317fc2c8c714a2c5c '   itemscope=\"itemscope\" itemtype=\"https:\/\/schema.org\/CreativeWork\" ><div class='avia_textblock breadcrumbs'  itemprop=\"text\" ><div class=\"bcwrap\"><a href=\"https:\/\/www.muzej-idrija-cerkno.si\">Home<\/a><span class=\"bcsep\"><\/span><span class=\"currbc\">Privacy policy<\/span><\/div>\n<\/div><\/section>\n<section  class='av_textblock_section av-jkc35uy8-8f8ccf999c9af147f390caa6ca7f8d2b '   itemscope=\"itemscope\" itemtype=\"https:\/\/schema.org\/CreativeWork\" ><div class='avia_textblock'  itemprop=\"text\" ><h1>Privacy policy<\/h1>\n<\/div><\/section>\n\n<\/div><\/div><\/main><!-- close content main element --><\/div><\/div><div id='av_section_2'  class='avia-section av-31mlfy-33d8c8a0ee15b5b8a0af944418d5956e main_color avia-section-default avia-no-border-styling  avia-builder-el-3  el_after_av_section  avia-builder-el-last  avia-bg-style-scroll container_wrap fullsize'  ><div class='container av-section-cont-open' ><div class='template-page content  av-content-full alpha units'><div class='post-entry post-entry-type-page post-entry-5416'><div class='entry-content-wrapper clearfix'>\n<section  class='av_textblock_section av-joibvyb1-7b325a36f4017f31dcb8baaffc58d46f '   itemscope=\"itemscope\" itemtype=\"https:\/\/schema.org\/CreativeWork\" ><div class='avia_textblock'  itemprop=\"text\" ><h2><strong>1. Privacy statement:<\/strong><\/h2>\n<p>The Idrija Municipal Museum respects your right to privacy and is committed to its compliance with the laws and<br \/>\nregulations governing the protection of personal data. The purpose of the Privacy statement is to inform you<br \/>\nabout how the personal data collected will be used and how you can change or<br \/>\nrequest the deletion of all the information we keep about you.<br \/>\nIdrija Municipal Museum undertakes to use the collected personal data in accordance with this Privacy<br \/>\nStatement.<\/p>\n<h2><strong>2. General<\/strong><\/h2>\n<p>The users of this website may be natural or legal persons and, under the EU General Data<br \/>\nProtection Regulation (GDPR), only the data of natural persons are considered personal data.<br \/>\nIdrija Municipal Museum undertakes to protect the personal data you submit to us by using our<br \/>\nwebsite. In order to prevent unauthorised access to this data or its disclosure,<br \/>\nto ensure the accuracy of the personal data and its proper use, we use technical<br \/>\nand organisational procedures for personal data protection in accordance with the Personal Data Protection<br \/>\nAct.<br \/>\nSince there are certain links on the Idrija Municipal Museum website leading to other websites, which<br \/>\nare not in any way connected with Idrija Municipal Museum, we assume no liability for the protection<br \/>\nof data on these websites.<\/p>\n<h3>Website visits<\/h3>\n<p>Every time a person visits the Idrija Municipal Museum website, the<br \/>\nGoogle Analytics service makes web log files to be stored (IP number, browser version,<br \/>\noperating system version, operating system language, location, visit time, subpage visit frequency<br \/>\nfor each website visitor). Idrija Municipal Museum does not separately process<br \/>\nthe data collected this way and does not connect them with other data. Web log files are stored under<br \/>\nthe Google Analytics service conditions.<\/p>\n<h3>Subscription to e-news (notifications)<\/h3>\n<p>If you have subscribed to the system for receiving e-news (notifications), Idrija Municipal Museum can inform you<br \/>\nwith e-mails about its services and products or novelties regarding offers, services and<br \/>\nproducts that are directly connected with Idrija Municipal Museum. If you do not want to receive these notifications any more, please<br \/>\nunsubscribe using the automatic unsubscribe link found in each e-newsletter (notifications).<br \/>\nIdrija Municipal Museum collects the personal data (name and surname, and e-mail address) exclusively<br \/>\nin the form of voluntary transfer of the personal data when subscribing to e-news (notifications). All the data collected<br \/>\nunder these conditions will be used in accordance with the purpose for which they have been collected and will<br \/>\nnot be transmitted to third parties without your consent. They are stored until you unsubscribe from receiving the e-news (notifications)<br \/>\nand then they are deleted.<\/p>\n<h3>Surveys<\/h3>\n<p>Idrija Municipal Museum may occasionally conduct surveys on its website. In the event of completion<br \/>\nof the survey, the following information shall be stored on the user: IP number, time and date of voting.<br \/>\nIdrija Municipal Museum collects personal data only on the voluntary completion of the<br \/>\nsurvey. Personal data shall be kept for 1 month and then deleted.<\/p>\n<h2>3. Cookies<\/h2>\n<p>Idrija Municipal Museum may use cookies to collect information on your website use.<\/p>\n<p>The cookie is a small file which is placed on the users&#8217; computer when he \/ she visits a certain<br \/>\nwebsite. At any revisit, the website will retrieve the information on the cookie and<br \/>\nrecognise the user. Cookies are important for the website functioning in order to improve the user&#8217;s<br \/>\nexperience. They can be used to analyse website traffic.<br \/>\n<a href=\"https:\/\/www.optiweb.com\/razlaga-piskotkov\/?host=optiweb.com\">Learn more about cookies<\/a><\/p>\n<h2>4. Data users<\/h2>\n<p>Data users are administrator and the Idrija Municipal Museum\u2019s website administrator.<br \/>\nThe person responsible for managing website users\u2019 personal data will answer any questions you might<br \/>\nhave about how the data is collected and used, or if you<br \/>\nrequest additional information:<\/p>\n<p>Idrija Municipal Museum<br \/>\nPrelov\u010deva 9, SI-5280 Idrija<br \/>\nContact person: Mirjam Gnezda Bogataj<br \/>\nTelephone number: +386 (0)5 37 26 600<br \/>\nE-mail: mirjam.gnezda@muzej-idrija-cerkno.si<\/p>\n<\/div><\/section>\n\n","protected":false},"excerpt":{"rendered":"","protected":false},"author":1,"featured_media":0,"parent":0,"menu_order":0,"comment_status":"closed","ping_status":"closed","template":"","meta":{"_acf_changed":false,"footnotes":""},"class_list":["post-5416","page","type-page","status-publish","hentry"],"acf":[],"yoast_head":"<!-- This site is optimized with the Yoast SEO plugin v27.2 - https:\/\/yoast.com\/product\/yoast-seo-wordpress\/ -->\n<title>Privacy policy - Mestni muzej Idrija<\/title>\n<meta name=\"description\" content=\"The Idrija Municipal Museum respects your right to privacy and is committed to its compliance with the laws and regulations governing the protection of personal data.\" \/>\n<meta name=\"robots\" content=\"index, follow, max-snippet:-1, max-image-preview:large, max-video-preview:-1\" \/>\n<link rel=\"canonical\" href=\"https:\/\/www.muzej-idrija-cerkno.si\/en\/politika-zasebnosti\/\" \/>\n<meta property=\"og:locale\" content=\"en_US\" \/>\n<meta property=\"og:type\" content=\"article\" \/>\n<meta property=\"og:title\" content=\"Privacy policy - Mestni muzej Idrija\" \/>\n<meta property=\"og:description\" content=\"The Idrija Municipal Museum respects your right to privacy and is committed to its compliance with the laws and regulations governing the protection of personal data.\" \/>\n<meta property=\"og:url\" content=\"https:\/\/www.muzej-idrija-cerkno.si\/en\/politika-zasebnosti\/\" \/>\n<meta property=\"og:site_name\" content=\"Mestni muzej Idrija\" \/>\n<meta property=\"article:modified_time\" content=\"2019-12-11T09:32:41+00:00\" \/>\n<meta name=\"twitter:card\" content=\"summary_large_image\" \/>\n<meta name=\"twitter:label1\" content=\"Est. reading time\" \/>\n\t<meta name=\"twitter:data1\" content=\"5 minutes\" \/>\n<script type=\"application\/ld+json\" class=\"yoast-schema-graph\">{\"@context\":\"https:\/\/schema.org\",\"@graph\":[{\"@type\":\"WebPage\",\"@id\":\"https:\/\/www.muzej-idrija-cerkno.si\/en\/politika-zasebnosti\/\",\"url\":\"https:\/\/www.muzej-idrija-cerkno.si\/en\/politika-zasebnosti\/\",\"name\":\"Privacy policy - Mestni muzej Idrija\",\"isPartOf\":{\"@id\":\"https:\/\/www.muzej-idrija-cerkno.si\/#website\"},\"datePublished\":\"2018-11-15T08:23:43+00:00\",\"dateModified\":\"2019-12-11T09:32:41+00:00\",\"description\":\"The Idrija Municipal Museum respects your right to privacy and is committed to its compliance with the laws and regulations governing the protection of personal data.\",\"breadcrumb\":{\"@id\":\"https:\/\/www.muzej-idrija-cerkno.si\/en\/politika-zasebnosti\/#breadcrumb\"},\"inLanguage\":\"en-US\",\"potentialAction\":[{\"@type\":\"ReadAction\",\"target\":[\"https:\/\/www.muzej-idrija-cerkno.si\/en\/politika-zasebnosti\/\"]}]},{\"@type\":\"BreadcrumbList\",\"@id\":\"https:\/\/www.muzej-idrija-cerkno.si\/en\/politika-zasebnosti\/#breadcrumb\",\"itemListElement\":[{\"@type\":\"ListItem\",\"position\":1,\"name\":\"Home\",\"item\":\"https:\/\/www.muzej-idrija-cerkno.si\/en\/\"},{\"@type\":\"ListItem\",\"position\":2,\"name\":\"Privacy policy\"}]},{\"@type\":\"WebSite\",\"@id\":\"https:\/\/www.muzej-idrija-cerkno.si\/#website\",\"url\":\"https:\/\/www.muzej-idrija-cerkno.si\/\",\"name\":\"Mestni muzej Idrija\",\"description\":\"\u0160e eno spleti\u0161\u010de WordPress\",\"potentialAction\":[{\"@type\":\"SearchAction\",\"target\":{\"@type\":\"EntryPoint\",\"urlTemplate\":\"https:\/\/www.muzej-idrija-cerkno.si\/?s={search_term_string}\"},\"query-input\":{\"@type\":\"PropertyValueSpecification\",\"valueRequired\":true,\"valueName\":\"search_term_string\"}}],\"inLanguage\":\"en-US\"}]}<\/script>\n<!-- \/ Yoast SEO plugin. -->","yoast_head_json":{"title":"Privacy policy - Mestni muzej Idrija","description":"The Idrija Municipal Museum respects your right to privacy and is committed to its compliance with the laws and regulations governing the protection of personal data.","robots":{"index":"index","follow":"follow","max-snippet":"max-snippet:-1","max-image-preview":"max-image-preview:large","max-video-preview":"max-video-preview:-1"},"canonical":"https:\/\/www.muzej-idrija-cerkno.si\/en\/politika-zasebnosti\/","og_locale":"en_US","og_type":"article","og_title":"Privacy policy - Mestni muzej Idrija","og_description":"The Idrija Municipal Museum respects your right to privacy and is committed to its compliance with the laws and regulations governing the protection of personal data.","og_url":"https:\/\/www.muzej-idrija-cerkno.si\/en\/politika-zasebnosti\/","og_site_name":"Mestni muzej Idrija","article_modified_time":"2019-12-11T09:32:41+00:00","twitter_card":"summary_large_image","twitter_misc":{"Est. reading time":"5 minutes"},"schema":{"@context":"https:\/\/schema.org","@graph":[{"@type":"WebPage","@id":"https:\/\/www.muzej-idrija-cerkno.si\/en\/politika-zasebnosti\/","url":"https:\/\/www.muzej-idrija-cerkno.si\/en\/politika-zasebnosti\/","name":"Privacy policy - Mestni muzej Idrija","isPartOf":{"@id":"https:\/\/www.muzej-idrija-cerkno.si\/#website"},"datePublished":"2018-11-15T08:23:43+00:00","dateModified":"2019-12-11T09:32:41+00:00","description":"The Idrija Municipal Museum respects your right to privacy and is committed to its compliance with the laws and regulations governing the protection of personal data.","breadcrumb":{"@id":"https:\/\/www.muzej-idrija-cerkno.si\/en\/politika-zasebnosti\/#breadcrumb"},"inLanguage":"en-US","potentialAction":[{"@type":"ReadAction","target":["https:\/\/www.muzej-idrija-cerkno.si\/en\/politika-zasebnosti\/"]}]},{"@type":"BreadcrumbList","@id":"https:\/\/www.muzej-idrija-cerkno.si\/en\/politika-zasebnosti\/#breadcrumb","itemListElement":[{"@type":"ListItem","position":1,"name":"Home","item":"https:\/\/www.muzej-idrija-cerkno.si\/en\/"},{"@type":"ListItem","position":2,"name":"Privacy policy"}]},{"@type":"WebSite","@id":"https:\/\/www.muzej-idrija-cerkno.si\/#website","url":"https:\/\/www.muzej-idrija-cerkno.si\/","name":"Mestni muzej Idrija","description":"\u0160e eno spleti\u0161\u010de WordPress","potentialAction":[{"@type":"SearchAction","target":{"@type":"EntryPoint","urlTemplate":"https:\/\/www.muzej-idrija-cerkno.si\/?s={search_term_string}"},"query-input":{"@type":"PropertyValueSpecification","valueRequired":true,"valueName":"search_term_string"}}],"inLanguage":"en-US"}]}},"_links":{"self":[{"href":"https:\/\/www.muzej-idrija-cerkno.si\/en\/wp-json\/wp\/v2\/pages\/5416","targetHints":{"allow":["GET"]}}],"collection":[{"href":"https:\/\/www.muzej-idrija-cerkno.si\/en\/wp-json\/wp\/v2\/pages"}],"about":[{"href":"https:\/\/www.muzej-idrija-cerkno.si\/en\/wp-json\/wp\/v2\/types\/page"}],"author":[{"embeddable":true,"href":"https:\/\/www.muzej-idrija-cerkno.si\/en\/wp-json\/wp\/v2\/users\/1"}],"replies":[{"embeddable":true,"href":"https:\/\/www.muzej-idrija-cerkno.si\/en\/wp-json\/wp\/v2\/comments?post=5416"}],"version-history":[{"count":3,"href":"https:\/\/www.muzej-idrija-cerkno.si\/en\/wp-json\/wp\/v2\/pages\/5416\/revisions"}],"predecessor-version":[{"id":19112,"href":"https:\/\/www.muzej-idrija-cerkno.si\/en\/wp-json\/wp\/v2\/pages\/5416\/revisions\/19112"}],"wp:attachment":[{"href":"https:\/\/www.muzej-idrija-cerkno.si\/en\/wp-json\/wp\/v2\/media?parent=5416"}],"curies":[{"name":"wp","href":"https:\/\/api.w.org\/{rel}","templated":true}]}}