{"id":5394,"date":"2018-07-20T13:24:48","date_gmt":"2018-07-20T11:24:48","guid":{"rendered":"https:\/\/www.muzej-idrija-cerkno.si\/lokacije-in-razstave\/"},"modified":"2019-12-11T10:29:20","modified_gmt":"2019-12-11T09:29:20","slug":"lokacije-in-razstave","status":"publish","type":"page","link":"https:\/\/www.muzej-idrija-cerkno.si\/en\/lokacije-in-razstave\/","title":{"rendered":"Locations and exhibitions"},"content":{"rendered":"\n<style type=\"text\/css\" data-created_by=\"avia_inline_auto\" id=\"style-css-av-jjtx9fil-cc2eaf674a017d439ff7f79c0ee56f20\">\n.avia-section.av-jjtx9fil-cc2eaf674a017d439ff7f79c0ee56f20{\nbackground-repeat:no-repeat;\nbackground-image:url(https:\/\/www.muzej-idrija-cerkno.si\/wp-content\/uploads\/2018\/07\/lokacije-bg-1.jpg);\nbackground-position:0% 0%;\nbackground-attachment:scroll;\n}\n<\/style>\n<div id='av_section_1'  class='avia-section av-jjtx9fil-cc2eaf674a017d439ff7f79c0ee56f20 main_color avia-section-default avia-no-border-styling  avia-builder-el-0  el_before_av_section  avia-builder-el-first  header header-hero header-top-menu-padding avia-bg-style-scroll container_wrap fullsize'  data-section-bg-repeat='no-repeat'><div class='container av-section-cont-open' ><main  role=\"main\" itemprop=\"mainContentOfPage\"  class='template-page content  av-content-full alpha units'><div class='post-entry post-entry-type-page post-entry-5394'><div class='entry-content-wrapper clearfix'>\n\n<style type=\"text\/css\" data-created_by=\"avia_inline_auto\" id=\"style-css-av-7emv-2c6cfb9aab43875b565a39dbaa7e3e02\">\n.flex_column.av-7emv-2c6cfb9aab43875b565a39dbaa7e3e02{\nborder-radius:0px 0px 0px 0px;\npadding:0px 0px 0px 0px;\n}\n<\/style>\n<div  class='flex_column av-7emv-2c6cfb9aab43875b565a39dbaa7e3e02 av_two_fifth  avia-builder-el-1  el_before_av_three_fifth  avia-builder-el-first  first flex_column_div av-zero-column-padding  '     ><section  class='av_textblock_section av-kiv-6e785a5da9303b51a494d47ce64d517a '   itemscope=\"itemscope\" itemtype=\"https:\/\/schema.org\/CreativeWork\" ><div class='avia_textblock'  itemprop=\"text\" ><h1>Locations and exhibitions<\/h1>\n<\/div><\/section><br \/>\n<section  class='av_textblock_section av-jjtxlc6c-ff567b8adb54577c339abddf56743dbb '   itemscope=\"itemscope\" itemtype=\"https:\/\/schema.org\/CreativeWork\" ><div class='avia_textblock'  itemprop=\"text\" ><p><strong>One museum and eight locations.<\/strong><\/p>\n<p>Visitors can find us in Gewerkenegg Castle, the Idrija \u201cKam\u0161t\u201d, the Idrija Mine House, the technical department of the museum in the Francis&#8217; Shaft and in the Slovenia Partisan Printing Shop in Vojsko. In Cerkno, find us in the Cerkno Museum, the Franja Partisan Hospital in Dolenji Novaki near Cerkno and Bevk Homestead in Zakojca.<\/p>\n<\/div><\/section><\/p><\/div>\n<style type=\"text\/css\" data-created_by=\"avia_inline_auto\" id=\"style-css-av-38kn-a4512eff9cae1e199044b641efa4768a\">\n.flex_column.av-38kn-a4512eff9cae1e199044b641efa4768a{\nborder-radius:0px 0px 0px 0px;\npadding:0px 0px 0px 0px;\n}\n<\/style>\n<div  class='flex_column av-38kn-a4512eff9cae1e199044b641efa4768a av_three_fifth  avia-builder-el-4  el_after_av_two_fifth  avia-builder-el-last  flex_column_div av-zero-column-padding  '     ><style type=\"text\/css\" data-created_by=\"avia_inline_auto\" id=\"style-css-av-jjzgdvec-4265d6db3758a115ce06b112965370ed\">\n.avia-image-container.av-jjzgdvec-4265d6db3758a115ce06b112965370ed img.avia_image{\nbox-shadow:none;\n}\n.avia-image-container.av-jjzgdvec-4265d6db3758a115ce06b112965370ed .av-image-caption-overlay-center{\ncolor:#ffffff;\n}\n<\/style>\n<div  class='avia-image-container av-jjzgdvec-4265d6db3758a115ce06b112965370ed av-styling- avia-align-center  avia-builder-el-5  avia-builder-el-no-sibling '   itemprop=\"image\" itemscope=\"itemscope\" itemtype=\"https:\/\/schema.org\/ImageObject\" ><div class=\"avia-image-container-inner\"><div class=\"avia-image-overlay-wrap\"><img fetchpriority=\"high\" class='wp-image-5395 avia-img-lazy-loading-not-5395 avia_image ' src='https:\/\/www.muzej-idrija-cerkno.si\/wp-content\/uploads\/2018\/07\/lokacije-in-razstave-1.jpg' alt='' title='lokacije-in-razstave (1)'  height=\"550\" width=\"808\"  itemprop=\"thumbnailUrl\"  \/><\/div><\/div><\/div><\/div>\n\n<\/div><\/div><\/main><!-- close content main element --><\/div><\/div><div id='seznam-lokacij'  class='avia-section av-zj3r-a16b338f7104b129cd93d05f669f9e70 main_color avia-section-default avia-no-border-styling  avia-builder-el-6  el_after_av_section  avia-builder-el-last  avia-bg-style-scroll container_wrap fullsize'  ><div class='container av-section-cont-open' ><div class='template-page content  av-content-full alpha units'><div class='post-entry post-entry-type-page post-entry-5394'><div class='entry-content-wrapper clearfix'>\n<section  class='av_textblock_section av-jk27tmi6-45b78a3655f22bf654a26fdab9a2445d '   itemscope=\"itemscope\" itemtype=\"https:\/\/schema.org\/CreativeWork\" ><div class='avia_textblock'  itemprop=\"text\" ><div class=\"seznam_lokacij_wrap bgedelements greenbgs\"><div class=\"av_one_third first\"><a href=\"https:\/\/www.muzej-idrija-cerkno.si\/en\/lokacija\/grad-gewerkenegg\/\" class=\"imagewrap\"><img decoding=\"async\" src=\"https:\/\/www.muzej-idrija-cerkno.si\/wp-content\/uploads\/2018\/07\/gradG-1-420x420.jpg\"><div class=\"bgplustextwrap\"><div class=\"textdiv\">Gewerkenegg Castle<\/div><\/div><\/a><div class=\"seznam_lokacij_subtext\">The Mining Castle from the beginning of the 16th century with the Idrija Municipal Museum headquarters and exhibitions about the Idrija Mercury Mine, the town and the Idrija lace<\/div><\/div><div class=\"av_one_third \"><a href=\"https:\/\/www.muzej-idrija-cerkno.si\/en\/lokacija\/franja-partisan-hospital\/\" class=\"imagewrap\"><img decoding=\"async\" src=\"https:\/\/www.muzej-idrija-cerkno.si\/wp-content\/uploads\/2018\/07\/bolnica-franja-2-420x420.jpg\"><div class=\"bgplustextwrap\"><div class=\"textdiv\">Franja Partisan Hospital &#8211; CLOSED due to storm damage<\/div><\/div><\/a><div class=\"seznam_lokacij_subtext\">Humanity monument from the Second World War in Pasica gorge<\/div><\/div><div class=\"av_one_third \"><a href=\"https:\/\/www.muzej-idrija-cerkno.si\/en\/lokacija\/idrijski-kamst\/\" class=\"imagewrap\"><img decoding=\"async\" src=\"https:\/\/www.muzej-idrija-cerkno.si\/wp-content\/uploads\/2018\/07\/kamst-2-1-2-420x420.jpg\"><div class=\"bgplustextwrap\"><div class=\"textdiv\">Idrija \u201cKam\u0161t\u201d<\/div><\/div><\/a><div class=\"seznam_lokacij_subtext\">The 1790 mine pump for pit water with the largest wooden drive wheel in Europe with a diameter of 13.6m.<\/div><\/div><div class=\"av_one_half first\"><a href=\"https:\/\/www.muzej-idrija-cerkno.si\/en\/lokacija\/cerkno-museum\/\" class=\"imagewrap\"><img decoding=\"async\" src=\"https:\/\/www.muzej-idrija-cerkno.si\/wp-content\/uploads\/2018\/07\/cerkljanski-muzej-prikazna-662x662.jpg\"><div class=\"bgplustextwrap\"><div class=\"textdiv\">Cerkno Museum<\/div><\/div><\/a><div class=\"seznam_lokacij_subtext\">Idrija Municipal Museum department with the exhibition about the Cerkno region and its runners (laufarji)  <\/div><\/div><div class=\"av_one_half \"><a href=\"https:\/\/www.muzej-idrija-cerkno.si\/en\/lokacija\/idrija-miners-house\/\" class=\"imagewrap\"><img decoding=\"async\" src=\"https:\/\/www.muzej-idrija-cerkno.si\/wp-content\/uploads\/2018\/07\/idrijska-rudarska-hisa-prikazna-662x662.jpg\"><div class=\"bgplustextwrap\"><div class=\"textdiv\">Idrija Miner\u2019s House<\/div><\/div><\/a><div class=\"seznam_lokacij_subtext\">A multi-storey house of Idrija miners\u2019 families from the second half of the 18th century<\/div><\/div><div class=\"av_one_third first\"><a href=\"https:\/\/www.muzej-idrija-cerkno.si\/en\/lokacija\/homestead-of-the-writer-france-bevk\/\" class=\"imagewrap\"><img decoding=\"async\" src=\"https:\/\/www.muzej-idrija-cerkno.si\/wp-content\/uploads\/2018\/07\/DSC_0140-420x420.jpg\"><div class=\"bgplustextwrap\"><div class=\"textdiv\">Homestead of the writer France Bevk<\/div><\/div><\/a><div class=\"seznam_lokacij_subtext\">Volar House, became into the municipal memorial museum in Zakojca where the writer was born<\/div><\/div><div class=\"av_one_third \"><a href=\"https:\/\/www.muzej-idrija-cerkno.si\/en\/lokacija\/slovenia-partisan-printing-shop\/\" class=\"imagewrap\"><img decoding=\"async\" src=\"https:\/\/www.muzej-idrija-cerkno.si\/wp-content\/uploads\/2018\/07\/partizanska-tiskarna-prikazna-420x420.jpg\"><div class=\"bgplustextwrap\"><div class=\"textdiv\">Slovenija Partisan Printing Shop<\/div><\/div><\/a><div class=\"seznam_lokacij_subtext\">The largest illegal partisan printing shop in Primorska region during the Second World War and an authentic monument of the resistance <\/div><\/div><div class=\"av_one_third \"><a href=\"https:\/\/www.muzej-idrija-cerkno.si\/en\/lokacija\/technical-department-of-the-museum-in-the-francis-shaft\/\" class=\"imagewrap\"><img decoding=\"async\" src=\"https:\/\/www.muzej-idrija-cerkno.si\/wp-content\/uploads\/2018\/07\/Franciskov-jasek-prikazna-420x420.jpg\"><div class=\"bgplustextwrap\"><div class=\"textdiv\">Technical department of the museum in the Francis&#8217; Shaft<\/div><\/div><\/a><div class=\"seznam_lokacij_subtext\">The Idrija Mercury Mine entrance building from 1792, with the technical department of the museum <\/div><\/div><\/div>\n<\/div><\/section>\n\n","protected":false},"excerpt":{"rendered":"","protected":false},"author":1,"featured_media":0,"parent":0,"menu_order":0,"comment_status":"closed","ping_status":"closed","template":"","meta":{"_acf_changed":false,"footnotes":""},"class_list":["post-5394","page","type-page","status-publish","hentry"],"acf":[],"yoast_head":"<!-- This site is optimized with the Yoast SEO plugin v27.2 - https:\/\/yoast.com\/product\/yoast-seo-wordpress\/ -->\n<title>Locations and exhibitions - Mestni muzej Idrija<\/title>\n<meta name=\"description\" content=\"You can admire the specificities within the scope of our museum at eight locations. Find out where we are and visit us.\" \/>\n<meta name=\"robots\" content=\"index, follow, max-snippet:-1, max-image-preview:large, max-video-preview:-1\" \/>\n<link rel=\"canonical\" href=\"https:\/\/www.muzej-idrija-cerkno.si\/en\/lokacije-in-razstave\/\" \/>\n<meta property=\"og:locale\" content=\"en_US\" \/>\n<meta property=\"og:type\" content=\"article\" \/>\n<meta property=\"og:title\" content=\"Locations and exhibitions - Mestni muzej Idrija\" \/>\n<meta property=\"og:description\" content=\"You can admire the specificities within the scope of our museum at eight locations. Find out where we are and visit us.\" \/>\n<meta property=\"og:url\" content=\"https:\/\/www.muzej-idrija-cerkno.si\/en\/lokacije-in-razstave\/\" \/>\n<meta property=\"og:site_name\" content=\"Mestni muzej Idrija\" \/>\n<meta property=\"article:modified_time\" content=\"2019-12-11T09:29:20+00:00\" \/>\n<meta name=\"twitter:card\" content=\"summary_large_image\" \/>\n<meta name=\"twitter:label1\" content=\"Est. reading time\" \/>\n\t<meta name=\"twitter:data1\" content=\"3 minutes\" \/>\n<script type=\"application\/ld+json\" class=\"yoast-schema-graph\">{\"@context\":\"https:\/\/schema.org\",\"@graph\":[{\"@type\":\"WebPage\",\"@id\":\"https:\/\/www.muzej-idrija-cerkno.si\/en\/lokacije-in-razstave\/\",\"url\":\"https:\/\/www.muzej-idrija-cerkno.si\/en\/lokacije-in-razstave\/\",\"name\":\"Locations and exhibitions - Mestni muzej Idrija\",\"isPartOf\":{\"@id\":\"https:\/\/www.muzej-idrija-cerkno.si\/#website\"},\"datePublished\":\"2018-07-20T11:24:48+00:00\",\"dateModified\":\"2019-12-11T09:29:20+00:00\",\"description\":\"You can admire the specificities within the scope of our museum at eight locations. Find out where we are and visit us.\",\"breadcrumb\":{\"@id\":\"https:\/\/www.muzej-idrija-cerkno.si\/en\/lokacije-in-razstave\/#breadcrumb\"},\"inLanguage\":\"en-US\",\"potentialAction\":[{\"@type\":\"ReadAction\",\"target\":[\"https:\/\/www.muzej-idrija-cerkno.si\/en\/lokacije-in-razstave\/\"]}]},{\"@type\":\"BreadcrumbList\",\"@id\":\"https:\/\/www.muzej-idrija-cerkno.si\/en\/lokacije-in-razstave\/#breadcrumb\",\"itemListElement\":[{\"@type\":\"ListItem\",\"position\":1,\"name\":\"Home\",\"item\":\"https:\/\/www.muzej-idrija-cerkno.si\/en\/\"},{\"@type\":\"ListItem\",\"position\":2,\"name\":\"Locations and exhibitions\"}]},{\"@type\":\"WebSite\",\"@id\":\"https:\/\/www.muzej-idrija-cerkno.si\/#website\",\"url\":\"https:\/\/www.muzej-idrija-cerkno.si\/\",\"name\":\"Mestni muzej Idrija\",\"description\":\"\u0160e eno spleti\u0161\u010de WordPress\",\"potentialAction\":[{\"@type\":\"SearchAction\",\"target\":{\"@type\":\"EntryPoint\",\"urlTemplate\":\"https:\/\/www.muzej-idrija-cerkno.si\/?s={search_term_string}\"},\"query-input\":{\"@type\":\"PropertyValueSpecification\",\"valueRequired\":true,\"valueName\":\"search_term_string\"}}],\"inLanguage\":\"en-US\"}]}<\/script>\n<!-- \/ Yoast SEO plugin. -->","yoast_head_json":{"title":"Locations and exhibitions - Mestni muzej Idrija","description":"You can admire the specificities within the scope of our museum at eight locations. Find out where we are and visit us.","robots":{"index":"index","follow":"follow","max-snippet":"max-snippet:-1","max-image-preview":"max-image-preview:large","max-video-preview":"max-video-preview:-1"},"canonical":"https:\/\/www.muzej-idrija-cerkno.si\/en\/lokacije-in-razstave\/","og_locale":"en_US","og_type":"article","og_title":"Locations and exhibitions - Mestni muzej Idrija","og_description":"You can admire the specificities within the scope of our museum at eight locations. Find out where we are and visit us.","og_url":"https:\/\/www.muzej-idrija-cerkno.si\/en\/lokacije-in-razstave\/","og_site_name":"Mestni muzej Idrija","article_modified_time":"2019-12-11T09:29:20+00:00","twitter_card":"summary_large_image","twitter_misc":{"Est. reading time":"3 minutes"},"schema":{"@context":"https:\/\/schema.org","@graph":[{"@type":"WebPage","@id":"https:\/\/www.muzej-idrija-cerkno.si\/en\/lokacije-in-razstave\/","url":"https:\/\/www.muzej-idrija-cerkno.si\/en\/lokacije-in-razstave\/","name":"Locations and exhibitions - Mestni muzej Idrija","isPartOf":{"@id":"https:\/\/www.muzej-idrija-cerkno.si\/#website"},"datePublished":"2018-07-20T11:24:48+00:00","dateModified":"2019-12-11T09:29:20+00:00","description":"You can admire the specificities within the scope of our museum at eight locations. Find out where we are and visit us.","breadcrumb":{"@id":"https:\/\/www.muzej-idrija-cerkno.si\/en\/lokacije-in-razstave\/#breadcrumb"},"inLanguage":"en-US","potentialAction":[{"@type":"ReadAction","target":["https:\/\/www.muzej-idrija-cerkno.si\/en\/lokacije-in-razstave\/"]}]},{"@type":"BreadcrumbList","@id":"https:\/\/www.muzej-idrija-cerkno.si\/en\/lokacije-in-razstave\/#breadcrumb","itemListElement":[{"@type":"ListItem","position":1,"name":"Home","item":"https:\/\/www.muzej-idrija-cerkno.si\/en\/"},{"@type":"ListItem","position":2,"name":"Locations and exhibitions"}]},{"@type":"WebSite","@id":"https:\/\/www.muzej-idrija-cerkno.si\/#website","url":"https:\/\/www.muzej-idrija-cerkno.si\/","name":"Mestni muzej Idrija","description":"\u0160e eno spleti\u0161\u010de WordPress","potentialAction":[{"@type":"SearchAction","target":{"@type":"EntryPoint","urlTemplate":"https:\/\/www.muzej-idrija-cerkno.si\/?s={search_term_string}"},"query-input":{"@type":"PropertyValueSpecification","valueRequired":true,"valueName":"search_term_string"}}],"inLanguage":"en-US"}]}},"_links":{"self":[{"href":"https:\/\/www.muzej-idrija-cerkno.si\/en\/wp-json\/wp\/v2\/pages\/5394","targetHints":{"allow":["GET"]}}],"collection":[{"href":"https:\/\/www.muzej-idrija-cerkno.si\/en\/wp-json\/wp\/v2\/pages"}],"about":[{"href":"https:\/\/www.muzej-idrija-cerkno.si\/en\/wp-json\/wp\/v2\/types\/page"}],"author":[{"embeddable":true,"href":"https:\/\/www.muzej-idrija-cerkno.si\/en\/wp-json\/wp\/v2\/users\/1"}],"replies":[{"embeddable":true,"href":"https:\/\/www.muzej-idrija-cerkno.si\/en\/wp-json\/wp\/v2\/comments?post=5394"}],"version-history":[{"count":3,"href":"https:\/\/www.muzej-idrija-cerkno.si\/en\/wp-json\/wp\/v2\/pages\/5394\/revisions"}],"predecessor-version":[{"id":5784,"href":"https:\/\/www.muzej-idrija-cerkno.si\/en\/wp-json\/wp\/v2\/pages\/5394\/revisions\/5784"}],"wp:attachment":[{"href":"https:\/\/www.muzej-idrija-cerkno.si\/en\/wp-json\/wp\/v2\/media?parent=5394"}],"curies":[{"name":"wp","href":"https:\/\/api.w.org\/{rel}","templated":true}]}}