{"id":24135,"date":"2025-09-23T18:13:12","date_gmt":"2025-09-23T16:13:12","guid":{"rendered":"https:\/\/www.muzej-idrija-cerkno.si\/obiscite-nas\/programmes-for-groups\/"},"modified":"2025-09-23T18:20:34","modified_gmt":"2025-09-23T16:20:34","slug":"programmes-for-groups","status":"publish","type":"page","link":"https:\/\/www.muzej-idrija-cerkno.si\/en\/obiscite-nas\/programmes-for-groups\/","title":{"rendered":"Programmes for groups"},"content":{"rendered":"\n<style type=\"text\/css\" data-created_by=\"avia_inline_auto\" id=\"style-css-av-jjtx9fil-cc2eaf674a017d439ff7f79c0ee56f20\">\n.avia-section.av-jjtx9fil-cc2eaf674a017d439ff7f79c0ee56f20{\nbackground-repeat:no-repeat;\nbackground-image:url(https:\/\/www.muzej-idrija-cerkno.si\/wp-content\/uploads\/2018\/07\/lokacije-bg-1.jpg);\nbackground-position:0% 0%;\nbackground-attachment:scroll;\n}\n<\/style>\n<div id='av_section_1'  class='avia-section av-jjtx9fil-cc2eaf674a017d439ff7f79c0ee56f20 main_color avia-section-default avia-no-border-styling  avia-builder-el-0  el_before_av_section  avia-builder-el-first  header header-hero header-top-menu-padding avia-bg-style-scroll container_wrap fullsize'  data-section-bg-repeat='no-repeat'><div class='container av-section-cont-open' ><main  role=\"main\" itemprop=\"mainContentOfPage\"  class='template-page content  av-content-full alpha units'><div class='post-entry post-entry-type-page post-entry-24135'><div class='entry-content-wrapper clearfix'>\n\n<style type=\"text\/css\" data-created_by=\"avia_inline_auto\" id=\"style-css-av-7emv-2c6cfb9aab43875b565a39dbaa7e3e02\">\n.flex_column.av-7emv-2c6cfb9aab43875b565a39dbaa7e3e02{\nborder-radius:0px 0px 0px 0px;\npadding:0px 0px 0px 0px;\n}\n<\/style>\n<div  class='flex_column av-7emv-2c6cfb9aab43875b565a39dbaa7e3e02 av_two_fifth  avia-builder-el-1  el_before_av_three_fifth  avia-builder-el-first  first flex_column_div av-zero-column-padding  '     ><p><section  class='av_textblock_section av-kiv-b5875610f34ac69491c271b819549c0d '   itemscope=\"itemscope\" itemtype=\"https:\/\/schema.org\/CreativeWork\" ><div class='avia_textblock single_breadcrumbs'  itemprop=\"text\" ><div class=\"bcwrap\"><a href=\"https:\/\/www.muzej-idrija-cerkno.si\">Home<\/a><span class=\"bcsep\"><\/span><a href=\"https:\/\/www.muzej-idrija-cerkno.si\/en\/obiscite-nas\/\">Visit us<\/a><span class=\"bcsep\"><\/span><span class=\"currbc\">Programmes for groups<\/span><\/div>\n<\/div><\/section><br \/>\n<section  class='av_textblock_section av-kiv-4-db05aaf700f06cbdbb09733fdf6ae0cb '   itemscope=\"itemscope\" itemtype=\"https:\/\/schema.org\/CreativeWork\" ><div class='avia_textblock'  itemprop=\"text\" ><h1>Programmes for groups<\/h1>\n<\/div><\/section><\/p><\/div>\n<style type=\"text\/css\" data-created_by=\"avia_inline_auto\" id=\"style-css-av-38kn-a4512eff9cae1e199044b641efa4768a\">\n.flex_column.av-38kn-a4512eff9cae1e199044b641efa4768a{\nborder-radius:0px 0px 0px 0px;\npadding:0px 0px 0px 0px;\n}\n<\/style>\n<div  class='flex_column av-38kn-a4512eff9cae1e199044b641efa4768a av_three_fifth  avia-builder-el-4  el_after_av_two_fifth  avia-builder-el-last  flex_column_div av-zero-column-padding  '     ><style type=\"text\/css\" data-created_by=\"avia_inline_auto\" id=\"style-css-av-jjzgdvec-0006ab04be8034d6f7b61606058ae336\">\n.avia-image-container.av-jjzgdvec-0006ab04be8034d6f7b61606058ae336 img.avia_image{\nbox-shadow:none;\n}\n.avia-image-container.av-jjzgdvec-0006ab04be8034d6f7b61606058ae336 .av-image-caption-overlay-center{\ncolor:#ffffff;\n}\n<\/style>\n<div  class='avia-image-container av-jjzgdvec-0006ab04be8034d6f7b61606058ae336 av-styling- avia-align-center  avia-builder-el-5  avia-builder-el-no-sibling '   itemprop=\"image\" itemscope=\"itemscope\" itemtype=\"https:\/\/schema.org\/ImageObject\" ><div class=\"avia-image-container-inner\"><div class=\"avia-image-overlay-wrap\"><img fetchpriority=\"high\" class='wp-image-5440 avia-img-lazy-loading-not-5440 avia_image ' src='https:\/\/www.muzej-idrija-cerkno.si\/wp-content\/uploads\/2018\/09\/obisciteNas-1.jpg' alt='' title='obisciteNas (1)'  height=\"550\" width=\"808\"  itemprop=\"thumbnailUrl\"  \/><\/div><\/div><\/div><\/div><\/div><\/div><\/main><!-- close content main element --><\/div><\/div><div id='av_section_2'  class='avia-section av-pwmzs-d1f983192921c79485e7e9e40445a21b main_color avia-section-default avia-no-border-styling  avia-builder-el-6  el_after_av_section  el_before_av_section  programi_nagovor avia-bg-style-scroll container_wrap fullsize'  ><div class='container av-section-cont-open' ><div class='template-page content  av-content-full alpha units'><div class='post-entry post-entry-type-page post-entry-24135'><div class='entry-content-wrapper clearfix'>\n\n<style type=\"text\/css\" data-created_by=\"avia_inline_auto\" id=\"style-css-av-mfpb4-2fcb7856bdc8566cccc6a3814ccd2eda\">\n.flex_column.av-mfpb4-2fcb7856bdc8566cccc6a3814ccd2eda{\nborder-radius:0px 0px 0px 0px;\npadding:0px 0px 0px 0px;\n}\n<\/style>\n<div  class='flex_column av-mfpb4-2fcb7856bdc8566cccc6a3814ccd2eda av_one_half  avia-builder-el-7  el_before_av_one_half  avia-builder-el-first  first flex_column_div av-zero-column-padding  '     ><section  class='av_textblock_section av-hdsp4-c5c9b6eb493dcf6f5cc4ffc14c64d99d '   itemscope=\"itemscope\" itemtype=\"https:\/\/schema.org\/CreativeWork\" ><div class='avia_textblock'  itemprop=\"text\" ><div class=\"ugodnosti_prog bgedelements\"><div class=\"posamezen_post\"><div class=\"innerpost\" style=\"background-image:url()\"><div class=\"ugodnosti_cont\"><div class=\"ugodnosti_ikona\"><img decoding=\"async\" src=\"https:\/\/www.muzej-idrija-cerkno.si\/wp-content\/uploads\/2018\/08\/Shape-2.svg\"><\/div><div class=\"ugodnosti_tekst\"><div class=\"ugodnosti_heading\">Programme tickets<\/div><div class=\"ugodnosti_opis\"><p>Pay for 2 tours, <strong>get the 3rd one free!<\/strong><\/p>\n<\/div><\/div><\/div><\/div><\/div><\/div>\n<\/div><\/section><\/div>\n<style type=\"text\/css\" data-created_by=\"avia_inline_auto\" id=\"style-css-av-a45ps-b4c8d409816ecbdca3cfa6a1724c9ed8\">\n.flex_column.av-a45ps-b4c8d409816ecbdca3cfa6a1724c9ed8{\nborder-radius:0px 0px 0px 0px;\npadding:0px 0px 0px 0px;\n}\n<\/style>\n<div  class='flex_column av-a45ps-b4c8d409816ecbdca3cfa6a1724c9ed8 av_one_half  avia-builder-el-9  el_after_av_one_half  avia-builder-el-last  flex_column_div av-zero-column-padding  '     ><section  class='av_textblock_section av-jldha9u0-1de36ebe37e0916177556eb3c7393778 '   itemscope=\"itemscope\" itemtype=\"https:\/\/schema.org\/CreativeWork\" ><div class='avia_textblock'  itemprop=\"text\" ><h3>Dear visitors,<\/h3>\n<p>Have you been to Idrija, a town famous for the former mercury mine, the lace masterpiece \u2013 Idrija bobbin lace and the culinary speciality called Idrija \u201c\u017elikrofi\u201d (meat-filled dumplings)? Have you ever heard the sound of the Neanderthal bone flute from Divje babe archaeological park in the Cerkno region and tasted a delicious \u201cOcvirkovca\u201d \u2013 a roll with cracklings and small pieces of meat?<\/p>\n<p>And you most certainly remember the great writer France Bevk and the legendary Franja Partisan Hospital from your school days. We invite you to discover this hidden corner of the world in western Slovenia with us.<\/p>\n<\/div><\/section><\/div>\n<\/p>\n<\/div><\/div><\/div><!-- close content main div --><\/div><\/div><div id='av_section_3'  class='avia-section av-pwmzs-3-e142b65e09ab6d59caf504757178f41b main_color avia-section-default avia-no-border-styling  avia-builder-el-11  el_after_av_section  avia-builder-el-last  avia-bg-style-scroll container_wrap fullsize'  ><div class='container av-section-cont-open' ><div class='template-page content  av-content-full alpha units'><div class='post-entry post-entry-type-page post-entry-24135'><div class='entry-content-wrapper clearfix'>\n\n<style type=\"text\/css\" data-created_by=\"avia_inline_auto\" id=\"style-css-av-a45ps-2-3e64f0364ed14624ddc3ffd1c674c476\">\n.flex_column.av-a45ps-2-3e64f0364ed14624ddc3ffd1c674c476{\nborder-radius:0px 0px 0px 0px;\npadding:0px 0px 0px 0px;\n}\n<\/style>\n<div  class='flex_column av-a45ps-2-3e64f0364ed14624ddc3ffd1c674c476 av_one_full  avia-builder-el-12  avia-builder-el-no-sibling  first flex_column_div av-zero-column-padding  '     ><section  class='av_textblock_section av-jldha9u0-1-def9b1f6cf6f22664fbff1ed1d7a4adf '   itemscope=\"itemscope\" itemtype=\"https:\/\/schema.org\/CreativeWork\" ><div class='avia_textblock'  itemprop=\"text\" ><div class=\"wrap_seznam_programov\"><h4>You can choose from the following programmes:<\/h4><div class=\"wrap_cat\"><h3 id=\"Idrija_\u2013_the_UNESCO_heritage_site\">Idrija \u2013 the UNESCO heritage site<\/h3><div class=\"seznam_programov\"><a href=\"https:\/\/www.muzej-idrija-cerkno.si\/program-za-druzine\/grad-gewerkenegg-rudniski-grad\/\" class=\"first av_one_third\"><div class=\"imgprog\"><img decoding=\"async\" src=\"https:\/\/www.muzej-idrija-cerkno.si\/wp-content\/uploads\/2018\/08\/Programi-odrasli-zivljenje-na-gradu-448x448.jpg\"><div class=\"badge \">Guided tours<\/div><\/div><div class=\"naslov\">Grad Gewerkenegg \u2013 rudni\u0161ki grad<\/div><\/a><a href=\"https:\/\/www.muzej-idrija-cerkno.si\/program-za-druzine\/idrijska-kamst-tehniska-dediscina-rudnika-zivega-srebra\/\" class=\" av_one_third\"><div class=\"imgprog\"><img decoding=\"async\" src=\"https:\/\/www.muzej-idrija-cerkno.si\/wp-content\/uploads\/2018\/08\/Program-odrasli-idrijska-kamst-448x448.jpg\"><div class=\"badge \">Guided tours<\/div><\/div><div class=\"naslov\">Idrijska kam\u0161t &#8211; tehni\u0161ka dedi\u0161\u010dina rudnika \u017eivega srebra<\/div><\/a><a href=\"https:\/\/www.muzej-idrija-cerkno.si\/program-za-druzine\/idrijska-rudarska-hisa\/\" class=\" av_one_third\"><div class=\"imgprog\"><img decoding=\"async\" src=\"https:\/\/www.muzej-idrija-cerkno.si\/wp-content\/uploads\/2018\/08\/Program-odrasli-rudarska-hisa-448x448.jpg\"><div class=\"badge \">Guided tours<\/div><\/div><div class=\"naslov\">Idrijska rudarska hi\u0161a<\/div><\/a><a href=\"https:\/\/www.muzej-idrija-cerkno.si\/program-za-druzine\/tehniski-oddelek-muzeja-v-franciskovem-jasku\/\" class=\"first av_one_third\"><div class=\"imgprog\"><img decoding=\"async\" src=\"https:\/\/www.muzej-idrija-cerkno.si\/wp-content\/uploads\/2018\/08\/Program-odrasli-rudniski-stroji-448x448.jpg\"><div class=\"badge \">Guided tours<\/div><\/div><div class=\"naslov\">Tehni\u0161ki oddelek muzeja v Fran\u010di\u0161kovem ja\u0161ku<\/div><\/a><a href=\"https:\/\/www.muzej-idrija-cerkno.si\/program-za-druzine\/partizanska-tiskarna-slovenija-na-vojskem\/\" class=\" av_one_third\"><div class=\"imgprog\"><img decoding=\"async\" src=\"https:\/\/www.muzej-idrija-cerkno.si\/wp-content\/uploads\/2018\/08\/Program-odrasli-tiskarna-448x448.jpg\"><div class=\"badge \">Guided tours<\/div><\/div><div class=\"naslov\">Partizanska tiskarna Slovenija na Vojskem<\/div><\/a><a href=\"https:\/\/www.muzej-idrija-cerkno.si\/program-za-druzine\/gledaliska-predstava-ne-bojim-se-ne-hudica-ne-birica-z-vodenjem-po-stalni-razstavi\/\" class=\" av_one_third\"><div class=\"imgprog\"><img decoding=\"async\" src=\"https:\/\/www.muzej-idrija-cerkno.si\/wp-content\/uploads\/2025\/05\/melhiorca-448x448.jpg\"><div class=\"badge \">Guided tours<\/div><\/div><div class=\"naslov\">Gledali\u0161ka predstava &#8220;Ne bojim se ne hudi\u010da ne biri\u010da!&#8221; z vodenjem po stalni razstavi<\/div><\/a><\/div><\/div><div class=\"wrap_cat\"><h3 id=\"In_the_country_where_the_Primorska_region_ends_and_the_runners_(laufarji)_live...\">In the country where the Primorska region ends and the runners (laufarji) live...<\/h3><div class=\"seznam_programov\"><a href=\"https:\/\/www.muzej-idrija-cerkno.si\/program-za-druzine\/cerkljanski-muzej-v-cerknem\/\" class=\"first av_one_third\"><div class=\"imgprog\"><img decoding=\"async\" src=\"https:\/\/www.muzej-idrija-cerkno.si\/wp-content\/uploads\/2018\/08\/Program-odrasli-cerkljanski-muzej-448x448.jpg\"><div class=\"badge \">Guided tours<\/div><\/div><div class=\"naslov\">Cerkljanski muzej v Cerknem<\/div><\/a><a href=\"https:\/\/www.muzej-idrija-cerkno.si\/program-za-druzine\/partizanska-bolnica-franja-v-dolenjih-novakih-pri-cerknem-zaprta-do-preklica\/\" class=\" av_one_third\"><div class=\"imgprog\"><img decoding=\"async\" src=\"https:\/\/www.muzej-idrija-cerkno.si\/wp-content\/uploads\/2018\/08\/Program-odrasli-bolnica-franja-448x448.jpg\"><div class=\"badge \">Guided tours<\/div><\/div><div class=\"naslov\">Partizanska bolnica Franja v Dolenjih Novakih pri Cerknem &#8211; ZAPRTA do preklica<\/div><\/a><a href=\"https:\/\/www.muzej-idrija-cerkno.si\/program-za-druzine\/domacija-pisatelja-franceta-bevka-v-zakojci\/\" class=\" av_one_third\"><div class=\"imgprog\"><img decoding=\"async\" src=\"https:\/\/www.muzej-idrija-cerkno.si\/wp-content\/uploads\/2018\/08\/Program-odrasli-bevkova-hisa-448x448.jpg\"><div class=\"badge \">Guided tours<\/div><\/div><div class=\"naslov\">Doma\u010dija pisatelja Franceta Bevka v Zakojci<\/div><\/a><\/div><\/div><\/div>\n<\/div><\/section><\/div>\n\n","protected":false},"excerpt":{"rendered":"","protected":false},"author":11,"featured_media":0,"parent":5439,"menu_order":0,"comment_status":"closed","ping_status":"closed","template":"template_programi-za-druzine.php","meta":{"_acf_changed":false,"footnotes":""},"class_list":["post-24135","page","type-page","status-publish","hentry"],"acf":[],"yoast_head":"<!-- This site is optimized with the Yoast SEO plugin v27.2 - https:\/\/yoast.com\/product\/yoast-seo-wordpress\/ -->\n<title>Programmes for groups - Mestni muzej Idrija<\/title>\n<meta name=\"description\" content=\"Let yourself be charmed by the idyllic landscape with a rich mining history, unique culinary heritage and hospitable people. A guided tour for any taste!\" \/>\n<meta name=\"robots\" content=\"index, follow, max-snippet:-1, max-image-preview:large, max-video-preview:-1\" \/>\n<link rel=\"canonical\" href=\"https:\/\/www.muzej-idrija-cerkno.si\/en\/obiscite-nas\/programmes-for-groups\/\" \/>\n<meta property=\"og:locale\" content=\"en_US\" \/>\n<meta property=\"og:type\" content=\"article\" \/>\n<meta property=\"og:title\" content=\"Programmes for groups - Mestni muzej Idrija\" \/>\n<meta property=\"og:description\" content=\"Let yourself be charmed by the idyllic landscape with a rich mining history, unique culinary heritage and hospitable people. A guided tour for any taste!\" \/>\n<meta property=\"og:url\" content=\"https:\/\/www.muzej-idrija-cerkno.si\/en\/obiscite-nas\/programmes-for-groups\/\" \/>\n<meta property=\"og:site_name\" content=\"Mestni muzej Idrija\" \/>\n<meta property=\"article:modified_time\" content=\"2025-09-23T16:20:34+00:00\" \/>\n<meta name=\"twitter:card\" content=\"summary_large_image\" \/>\n<meta name=\"twitter:label1\" content=\"Est. reading time\" \/>\n\t<meta name=\"twitter:data1\" content=\"6 minutes\" \/>\n<script type=\"application\/ld+json\" class=\"yoast-schema-graph\">{\"@context\":\"https:\/\/schema.org\",\"@graph\":[{\"@type\":\"WebPage\",\"@id\":\"https:\/\/www.muzej-idrija-cerkno.si\/en\/obiscite-nas\/programmes-for-groups\/\",\"url\":\"https:\/\/www.muzej-idrija-cerkno.si\/en\/obiscite-nas\/programmes-for-groups\/\",\"name\":\"Programmes for groups - Mestni muzej Idrija\",\"isPartOf\":{\"@id\":\"https:\/\/www.muzej-idrija-cerkno.si\/#website\"},\"datePublished\":\"2025-09-23T16:13:12+00:00\",\"dateModified\":\"2025-09-23T16:20:34+00:00\",\"description\":\"Let yourself be charmed by the idyllic landscape with a rich mining history, unique culinary heritage and hospitable people. A guided tour for any taste!\",\"breadcrumb\":{\"@id\":\"https:\/\/www.muzej-idrija-cerkno.si\/en\/obiscite-nas\/programmes-for-groups\/#breadcrumb\"},\"inLanguage\":\"en-US\",\"potentialAction\":[{\"@type\":\"ReadAction\",\"target\":[\"https:\/\/www.muzej-idrija-cerkno.si\/en\/obiscite-nas\/programmes-for-groups\/\"]}]},{\"@type\":\"BreadcrumbList\",\"@id\":\"https:\/\/www.muzej-idrija-cerkno.si\/en\/obiscite-nas\/programmes-for-groups\/#breadcrumb\",\"itemListElement\":[{\"@type\":\"ListItem\",\"position\":1,\"name\":\"Home\",\"item\":\"https:\/\/www.muzej-idrija-cerkno.si\/en\/\"},{\"@type\":\"ListItem\",\"position\":2,\"name\":\"Visit us\",\"item\":\"https:\/\/www.muzej-idrija-cerkno.si\/en\/obiscite-nas\/\"},{\"@type\":\"ListItem\",\"position\":3,\"name\":\"Programmes for groups\"}]},{\"@type\":\"WebSite\",\"@id\":\"https:\/\/www.muzej-idrija-cerkno.si\/#website\",\"url\":\"https:\/\/www.muzej-idrija-cerkno.si\/\",\"name\":\"Mestni muzej Idrija\",\"description\":\"\u0160e eno spleti\u0161\u010de WordPress\",\"potentialAction\":[{\"@type\":\"SearchAction\",\"target\":{\"@type\":\"EntryPoint\",\"urlTemplate\":\"https:\/\/www.muzej-idrija-cerkno.si\/?s={search_term_string}\"},\"query-input\":{\"@type\":\"PropertyValueSpecification\",\"valueRequired\":true,\"valueName\":\"search_term_string\"}}],\"inLanguage\":\"en-US\"}]}<\/script>\n<!-- \/ Yoast SEO plugin. -->","yoast_head_json":{"title":"Programmes for groups - Mestni muzej Idrija","description":"Let yourself be charmed by the idyllic landscape with a rich mining history, unique culinary heritage and hospitable people. A guided tour for any taste!","robots":{"index":"index","follow":"follow","max-snippet":"max-snippet:-1","max-image-preview":"max-image-preview:large","max-video-preview":"max-video-preview:-1"},"canonical":"https:\/\/www.muzej-idrija-cerkno.si\/en\/obiscite-nas\/programmes-for-groups\/","og_locale":"en_US","og_type":"article","og_title":"Programmes for groups - Mestni muzej Idrija","og_description":"Let yourself be charmed by the idyllic landscape with a rich mining history, unique culinary heritage and hospitable people. A guided tour for any taste!","og_url":"https:\/\/www.muzej-idrija-cerkno.si\/en\/obiscite-nas\/programmes-for-groups\/","og_site_name":"Mestni muzej Idrija","article_modified_time":"2025-09-23T16:20:34+00:00","twitter_card":"summary_large_image","twitter_misc":{"Est. reading time":"6 minutes"},"schema":{"@context":"https:\/\/schema.org","@graph":[{"@type":"WebPage","@id":"https:\/\/www.muzej-idrija-cerkno.si\/en\/obiscite-nas\/programmes-for-groups\/","url":"https:\/\/www.muzej-idrija-cerkno.si\/en\/obiscite-nas\/programmes-for-groups\/","name":"Programmes for groups - Mestni muzej Idrija","isPartOf":{"@id":"https:\/\/www.muzej-idrija-cerkno.si\/#website"},"datePublished":"2025-09-23T16:13:12+00:00","dateModified":"2025-09-23T16:20:34+00:00","description":"Let yourself be charmed by the idyllic landscape with a rich mining history, unique culinary heritage and hospitable people. A guided tour for any taste!","breadcrumb":{"@id":"https:\/\/www.muzej-idrija-cerkno.si\/en\/obiscite-nas\/programmes-for-groups\/#breadcrumb"},"inLanguage":"en-US","potentialAction":[{"@type":"ReadAction","target":["https:\/\/www.muzej-idrija-cerkno.si\/en\/obiscite-nas\/programmes-for-groups\/"]}]},{"@type":"BreadcrumbList","@id":"https:\/\/www.muzej-idrija-cerkno.si\/en\/obiscite-nas\/programmes-for-groups\/#breadcrumb","itemListElement":[{"@type":"ListItem","position":1,"name":"Home","item":"https:\/\/www.muzej-idrija-cerkno.si\/en\/"},{"@type":"ListItem","position":2,"name":"Visit us","item":"https:\/\/www.muzej-idrija-cerkno.si\/en\/obiscite-nas\/"},{"@type":"ListItem","position":3,"name":"Programmes for groups"}]},{"@type":"WebSite","@id":"https:\/\/www.muzej-idrija-cerkno.si\/#website","url":"https:\/\/www.muzej-idrija-cerkno.si\/","name":"Mestni muzej Idrija","description":"\u0160e eno spleti\u0161\u010de WordPress","potentialAction":[{"@type":"SearchAction","target":{"@type":"EntryPoint","urlTemplate":"https:\/\/www.muzej-idrija-cerkno.si\/?s={search_term_string}"},"query-input":{"@type":"PropertyValueSpecification","valueRequired":true,"valueName":"search_term_string"}}],"inLanguage":"en-US"}]}},"_links":{"self":[{"href":"https:\/\/www.muzej-idrija-cerkno.si\/en\/wp-json\/wp\/v2\/pages\/24135","targetHints":{"allow":["GET"]}}],"collection":[{"href":"https:\/\/www.muzej-idrija-cerkno.si\/en\/wp-json\/wp\/v2\/pages"}],"about":[{"href":"https:\/\/www.muzej-idrija-cerkno.si\/en\/wp-json\/wp\/v2\/types\/page"}],"author":[{"embeddable":true,"href":"https:\/\/www.muzej-idrija-cerkno.si\/en\/wp-json\/wp\/v2\/users\/11"}],"replies":[{"embeddable":true,"href":"https:\/\/www.muzej-idrija-cerkno.si\/en\/wp-json\/wp\/v2\/comments?post=24135"}],"version-history":[{"count":4,"href":"https:\/\/www.muzej-idrija-cerkno.si\/en\/wp-json\/wp\/v2\/pages\/24135\/revisions"}],"predecessor-version":[{"id":24148,"href":"https:\/\/www.muzej-idrija-cerkno.si\/en\/wp-json\/wp\/v2\/pages\/24135\/revisions\/24148"}],"up":[{"embeddable":true,"href":"https:\/\/www.muzej-idrija-cerkno.si\/en\/wp-json\/wp\/v2\/pages\/5439"}],"wp:attachment":[{"href":"https:\/\/www.muzej-idrija-cerkno.si\/en\/wp-json\/wp\/v2\/media?parent=24135"}],"curies":[{"name":"wp","href":"https:\/\/api.w.org\/{rel}","templated":true}]}}