{"id":19133,"date":"2023-04-24T14:54:01","date_gmt":"2023-04-24T12:54:01","guid":{"rendered":"https:\/\/www.muzej-idrija-cerkno.si\/?page_id=19133"},"modified":"2023-04-26T08:57:47","modified_gmt":"2023-04-26T06:57:47","slug":"accessibility-statement","status":"publish","type":"page","link":"https:\/\/www.muzej-idrija-cerkno.si\/en\/accessibility-statement\/","title":{"rendered":"Accessibility statement"},"content":{"rendered":"\n<style type=\"text\/css\" data-created_by=\"avia_inline_auto\" id=\"style-css-av-2opkwyi-7a474ccfd75a10b91dc5b65333fc3ddb\">\n.avia-section.av-2opkwyi-7a474ccfd75a10b91dc5b65333fc3ddb{\nbackground-repeat:no-repeat;\nbackground-image:url(https:\/\/www.muzej-idrija-cerkno.si\/wp-content\/uploads\/2018\/08\/aktualno-header-1.jpg);\nbackground-position:0% 0%;\nbackground-attachment:scroll;\n}\n<\/style>\n<div id='av_section_1'  class='avia-section av-2opkwyi-7a474ccfd75a10b91dc5b65333fc3ddb main_color avia-section-default avia-no-border-styling  avia-builder-el-0  el_before_av_section  avia-builder-el-first  aktualno-header avia-bg-style-scroll av-minimum-height av-minimum-height-custom av-height-custom  container_wrap fullsize'  data-section-bg-repeat='no-repeat' data-av_minimum_height_px='460'><div class='container av-section-cont-open' style='height:460px'><main  role=\"main\" itemprop=\"mainContentOfPage\"  class='template-page content  av-content-full alpha units'><div class='post-entry post-entry-type-page post-entry-19133'><div class='entry-content-wrapper clearfix'>\n<section  class='av_textblock_section av-29sjxay-4ca483a8e7cc1de257f95e7bd55aacd2 '   itemscope=\"itemscope\" itemtype=\"https:\/\/schema.org\/CreativeWork\" ><div class='avia_textblock breadcrumbs'  itemprop=\"text\" ><div class=\"bcwrap\"><a href=\"https:\/\/www.muzej-idrija-cerkno.si\">Home<\/a><span class=\"bcsep\"><\/span><span class=\"currbc\">Accessibility statement<\/span><\/div>\n<\/div><\/section>\n<section  class='av_textblock_section av-1raiauy-973b62d93dc4ce169d8662ba718e0f0b '   itemscope=\"itemscope\" itemtype=\"https:\/\/schema.org\/CreativeWork\" ><div class='avia_textblock'  itemprop=\"text\" ><h1>Accessibility statement<\/h1>\n<\/div><\/section>\n\n<\/div><\/div><\/main><!-- close content main element --><\/div><\/div><div id='av_section_2'  class='avia-section av-yxoh16-ec872f12e6f5a7d4d2366e1e7da08651 main_color avia-section-default avia-no-border-styling  avia-builder-el-3  el_after_av_section  avia-builder-el-last  avia-bg-style-scroll container_wrap fullsize'  ><div class='container av-section-cont-open' ><div class='template-page content  av-content-full alpha units'><div class='post-entry post-entry-type-page post-entry-19133'><div class='entry-content-wrapper clearfix'>\n<section  class='av_textblock_section av-wmdxi2-935d9101f4644e99fd0abf2827da5cac '   itemscope=\"itemscope\" itemtype=\"https:\/\/schema.org\/CreativeWork\" ><div class='avia_textblock'  itemprop=\"text\" ><p>Idrija Municipal Museum is committed to providing accessibility in accordance with the<br \/>\n<a href=\"http:\/\/www.pisrs.si\/Pis.web\/pregledPredpisa?id=ZAKO7718\">Accessibility of Websites and Mobile Applications Act<\/a>. This accessibility statement applies<br \/>\nto the website <a href=\"https:\/\/www.muzej-idrija-cerkno.si\/en\/\">https:\/\/www.muzej-idrija-cerkno.si\/<\/a>.<\/p>\n<h2>Level of Compliance<\/h2>\n<p>Due to the exceptions listed below, the <a href=\"https:\/\/www.muzej-idrija-cerkno.si\/en\/\">https:\/\/www.muzej-idrija-cerkno.si\/<\/a>\u00a0website is<br \/>\npartly compliant with the <a href=\"http:\/\/www.pisrs.si\/Pis.web\/pregledPredpisa?id=ZAKO7718\">Accessibility of Websites and Mobile Applications Act<\/a>.<br \/>\nThe website is built in WordPress with PHP and JavaScript languages and Enfold<br \/>\ntheme templates to design webpages set in CSS (Cascading Style Sheets) language.<br \/>\nInteraction libraries and certain jQuery and Slick slider functionality are used.<br \/>\nThe performance and appearance of the websites have been tested in all popular<br \/>\nbrowsers and on different devices and operating systems.<br \/>\nWe try to follow the Web Content Accessibility Guidelines (WCAG) as closely as<br \/>\npossible when publishing content on the website.<\/p>\n<h2>Accessible Content<\/h2>\n<p>\u2022 the website is responsively designed, users can view the content on different devices<br \/>\n(computer, tablet, smartphone)<br \/>\n\u2022 displays content for users of assistive technologies<br \/>\n\u2022 the use of navigation is consistent and does not change between pages<br \/>\n\u2022 allows keyboard navigation<br \/>\n\u2022 has appropriate colour contrasts between the text and the background<br \/>\n\u2022 enables the annotation of images with alternative text<br \/>\n\u2022 enables the use of various title levels<\/p>\n<h2>Inaccessible Content<\/h2>\n<p>The accessibility of the Idrija Municipal Museum website is constantly being<br \/>\nmonitored and individual accessibility elements are being improved.<br \/>\nHowever, some content does not meet all the accessibility requirements set out<br \/>\nin the <a href=\"http:\/\/www.pisrs.si\/Pis.web\/pregledPredpisa?id=ZAKO7718\">Accessibility of Websites and Mobile Applications Act<\/a>.<br \/>\nUpon request, we will send you the inaccessible documents.<\/p>\n<p>Examples of such content are:<br \/>\n\u2022 scanned documents in PDF format (e.g. extended content \u2013 leaflets),<br \/>\n\u2022 programsko generirani dokumenti<\/p>\n<h2>Feedback and Contact Information<\/h2>\n<p>We want to make the website as user-friendly as possible. If you have any difficulties<br \/>\naccessing any of the content or information on this website,<br \/>\nor if you have any feedback or suggestions for improvement, please contact us<br \/>\nat <a href=\"mailto:tajnistvo@muzej-idrija-cerkno.si\">tajnistvo@muzej-idrija-cerkno.si<\/a> or by phone on 00386 537 266 00.<\/p>\n<h2>Monitoring the Implementation of the<\/h2>\n<h2>Provisions of the Accessibility of<\/h2>\n<h2>Websites and Mobile Applications Act<\/h2>\n<p>The Monitoring the Implementation of the Provisions of the Accessibility of<br \/>\nWebsites and Mobile Applications Act is done by:<br \/>\nMinistry of Digital Transformation<br \/>\nInspectorate of the Republic of Slovenia for the Information Society<br \/>\nDav\u010dna ulica 1<br \/>\n1000 Ljubljana<br \/>\nE-mail: gp.irsid@gov.si<br \/>\nWebsite: <a href=\"https:\/\/www.gov.si\/drzavni-organi\/organi-v-sestavi\/inspektorat-za-informacijsko-druzbo\/\">https:\/\/www.gov.si\/drzavni-organi\/organi-v-sestavi\/inspektorat-za-informacijsko-druzbo\/<\/a><\/p>\n<h2>Preparation of the Accessibility Statement<\/h2>\n<p>This statement was prepared on 20 April 2023 on the basis of a self-assessment.<\/p>\n<\/div><\/section>\n\n","protected":false},"excerpt":{"rendered":"","protected":false},"author":1,"featured_media":0,"parent":0,"menu_order":0,"comment_status":"closed","ping_status":"closed","template":"","meta":{"_acf_changed":false,"footnotes":""},"class_list":["post-19133","page","type-page","status-publish","hentry"],"acf":[],"yoast_head":"<!-- This site is optimized with the Yoast SEO plugin v27.2 - https:\/\/yoast.com\/product\/yoast-seo-wordpress\/ -->\n<title>Accessibility statement - Mestni muzej Idrija<\/title>\n<meta name=\"robots\" content=\"index, follow, max-snippet:-1, max-image-preview:large, max-video-preview:-1\" \/>\n<link rel=\"canonical\" href=\"https:\/\/www.muzej-idrija-cerkno.si\/en\/accessibility-statement\/\" \/>\n<meta property=\"og:locale\" content=\"en_US\" \/>\n<meta property=\"og:type\" content=\"article\" \/>\n<meta property=\"og:title\" content=\"Accessibility statement - Mestni muzej Idrija\" \/>\n<meta property=\"og:url\" content=\"https:\/\/www.muzej-idrija-cerkno.si\/en\/accessibility-statement\/\" \/>\n<meta property=\"og:site_name\" content=\"Mestni muzej Idrija\" \/>\n<meta property=\"article:modified_time\" content=\"2023-04-26T06:57:47+00:00\" \/>\n<meta name=\"twitter:card\" content=\"summary_large_image\" \/>\n<meta name=\"twitter:label1\" content=\"Est. reading time\" \/>\n\t<meta name=\"twitter:data1\" content=\"3 minutes\" \/>\n<script type=\"application\/ld+json\" class=\"yoast-schema-graph\">{\"@context\":\"https:\/\/schema.org\",\"@graph\":[{\"@type\":\"WebPage\",\"@id\":\"https:\/\/www.muzej-idrija-cerkno.si\/en\/accessibility-statement\/\",\"url\":\"https:\/\/www.muzej-idrija-cerkno.si\/en\/accessibility-statement\/\",\"name\":\"Accessibility statement - Mestni muzej Idrija\",\"isPartOf\":{\"@id\":\"https:\/\/www.muzej-idrija-cerkno.si\/#website\"},\"datePublished\":\"2023-04-24T12:54:01+00:00\",\"dateModified\":\"2023-04-26T06:57:47+00:00\",\"breadcrumb\":{\"@id\":\"https:\/\/www.muzej-idrija-cerkno.si\/en\/accessibility-statement\/#breadcrumb\"},\"inLanguage\":\"en-US\",\"potentialAction\":[{\"@type\":\"ReadAction\",\"target\":[\"https:\/\/www.muzej-idrija-cerkno.si\/en\/accessibility-statement\/\"]}]},{\"@type\":\"BreadcrumbList\",\"@id\":\"https:\/\/www.muzej-idrija-cerkno.si\/en\/accessibility-statement\/#breadcrumb\",\"itemListElement\":[{\"@type\":\"ListItem\",\"position\":1,\"name\":\"Home\",\"item\":\"https:\/\/www.muzej-idrija-cerkno.si\/en\/\"},{\"@type\":\"ListItem\",\"position\":2,\"name\":\"Accessibility statement\"}]},{\"@type\":\"WebSite\",\"@id\":\"https:\/\/www.muzej-idrija-cerkno.si\/#website\",\"url\":\"https:\/\/www.muzej-idrija-cerkno.si\/\",\"name\":\"Mestni muzej Idrija\",\"description\":\"\u0160e eno spleti\u0161\u010de WordPress\",\"potentialAction\":[{\"@type\":\"SearchAction\",\"target\":{\"@type\":\"EntryPoint\",\"urlTemplate\":\"https:\/\/www.muzej-idrija-cerkno.si\/?s={search_term_string}\"},\"query-input\":{\"@type\":\"PropertyValueSpecification\",\"valueRequired\":true,\"valueName\":\"search_term_string\"}}],\"inLanguage\":\"en-US\"}]}<\/script>\n<!-- \/ Yoast SEO plugin. -->","yoast_head_json":{"title":"Accessibility statement - Mestni muzej Idrija","robots":{"index":"index","follow":"follow","max-snippet":"max-snippet:-1","max-image-preview":"max-image-preview:large","max-video-preview":"max-video-preview:-1"},"canonical":"https:\/\/www.muzej-idrija-cerkno.si\/en\/accessibility-statement\/","og_locale":"en_US","og_type":"article","og_title":"Accessibility statement - Mestni muzej Idrija","og_url":"https:\/\/www.muzej-idrija-cerkno.si\/en\/accessibility-statement\/","og_site_name":"Mestni muzej Idrija","article_modified_time":"2023-04-26T06:57:47+00:00","twitter_card":"summary_large_image","twitter_misc":{"Est. reading time":"3 minutes"},"schema":{"@context":"https:\/\/schema.org","@graph":[{"@type":"WebPage","@id":"https:\/\/www.muzej-idrija-cerkno.si\/en\/accessibility-statement\/","url":"https:\/\/www.muzej-idrija-cerkno.si\/en\/accessibility-statement\/","name":"Accessibility statement - Mestni muzej Idrija","isPartOf":{"@id":"https:\/\/www.muzej-idrija-cerkno.si\/#website"},"datePublished":"2023-04-24T12:54:01+00:00","dateModified":"2023-04-26T06:57:47+00:00","breadcrumb":{"@id":"https:\/\/www.muzej-idrija-cerkno.si\/en\/accessibility-statement\/#breadcrumb"},"inLanguage":"en-US","potentialAction":[{"@type":"ReadAction","target":["https:\/\/www.muzej-idrija-cerkno.si\/en\/accessibility-statement\/"]}]},{"@type":"BreadcrumbList","@id":"https:\/\/www.muzej-idrija-cerkno.si\/en\/accessibility-statement\/#breadcrumb","itemListElement":[{"@type":"ListItem","position":1,"name":"Home","item":"https:\/\/www.muzej-idrija-cerkno.si\/en\/"},{"@type":"ListItem","position":2,"name":"Accessibility statement"}]},{"@type":"WebSite","@id":"https:\/\/www.muzej-idrija-cerkno.si\/#website","url":"https:\/\/www.muzej-idrija-cerkno.si\/","name":"Mestni muzej Idrija","description":"\u0160e eno spleti\u0161\u010de WordPress","potentialAction":[{"@type":"SearchAction","target":{"@type":"EntryPoint","urlTemplate":"https:\/\/www.muzej-idrija-cerkno.si\/?s={search_term_string}"},"query-input":{"@type":"PropertyValueSpecification","valueRequired":true,"valueName":"search_term_string"}}],"inLanguage":"en-US"}]}},"_links":{"self":[{"href":"https:\/\/www.muzej-idrija-cerkno.si\/en\/wp-json\/wp\/v2\/pages\/19133","targetHints":{"allow":["GET"]}}],"collection":[{"href":"https:\/\/www.muzej-idrija-cerkno.si\/en\/wp-json\/wp\/v2\/pages"}],"about":[{"href":"https:\/\/www.muzej-idrija-cerkno.si\/en\/wp-json\/wp\/v2\/types\/page"}],"author":[{"embeddable":true,"href":"https:\/\/www.muzej-idrija-cerkno.si\/en\/wp-json\/wp\/v2\/users\/1"}],"replies":[{"embeddable":true,"href":"https:\/\/www.muzej-idrija-cerkno.si\/en\/wp-json\/wp\/v2\/comments?post=19133"}],"version-history":[{"count":16,"href":"https:\/\/www.muzej-idrija-cerkno.si\/en\/wp-json\/wp\/v2\/pages\/19133\/revisions"}],"predecessor-version":[{"id":19164,"href":"https:\/\/www.muzej-idrija-cerkno.si\/en\/wp-json\/wp\/v2\/pages\/19133\/revisions\/19164"}],"wp:attachment":[{"href":"https:\/\/www.muzej-idrija-cerkno.si\/en\/wp-json\/wp\/v2\/media?parent=19133"}],"curies":[{"name":"wp","href":"https:\/\/api.w.org\/{rel}","templated":true}]}}