{"id":6459,"date":"2019-12-18T10:53:06","date_gmt":"2019-12-18T09:53:06","guid":{"rendered":"https:\/\/www.muzej-idrija-cerkno.si\/?page_id=6459"},"modified":"2019-12-18T10:53:06","modified_gmt":"2019-12-18T09:53:06","slug":"ereignisse-und-veranstaltungen","status":"publish","type":"page","link":"https:\/\/www.muzej-idrija-cerkno.si\/de\/aktualno\/ereignisse-und-veranstaltungen\/","title":{"rendered":"Ereignisse und Veranstaltungen"},"content":{"rendered":"\n<style type=\"text\/css\" data-created_by=\"avia_inline_auto\" id=\"style-css-av-jkc338aw-528a0c82730fdba7b9c22ca843fa7756\">\n.avia-section.av-jkc338aw-528a0c82730fdba7b9c22ca843fa7756{\nbackground-repeat:no-repeat;\nbackground-image:url(https:\/\/www.muzej-idrija-cerkno.si\/wp-content\/uploads\/2018\/08\/aktualno-header-1.jpg);\nbackground-position:0% 0%;\nbackground-attachment:scroll;\n}\n<\/style>\n<div id='av_section_1'  class='avia-section av-jkc338aw-528a0c82730fdba7b9c22ca843fa7756 main_color avia-section-default avia-no-border-styling  avia-builder-el-0  el_before_av_section  avia-builder-el-first  aktualno-header avia-bg-style-scroll av-minimum-height av-minimum-height-custom av-height-custom  container_wrap fullsize'  data-section-bg-repeat='no-repeat' data-av_minimum_height_px='460'><div class='container av-section-cont-open' style='height:460px'><main  role=\"main\" itemprop=\"mainContentOfPage\"  class='template-page content  av-content-full alpha units'><div class='post-entry post-entry-type-page post-entry-6459'><div class='entry-content-wrapper clearfix'>\n<section  class='av_textblock_section av-jkc35m6x-ba7822a8e40bd58317fc2c8c714a2c5c '   itemscope=\"itemscope\" itemtype=\"https:\/\/schema.org\/CreativeWork\" ><div class='avia_textblock breadcrumbs'  itemprop=\"text\" ><div class=\"bcwrap\"><a href=\"https:\/\/www.muzej-idrija-cerkno.si\">Startseite<\/a><span class=\"bcsep\"><\/span><a href=\"https:\/\/www.muzej-idrija-cerkno.si\/de\/aktualno\/\">Aktuelles<\/a><span class=\"bcsep\"><\/span><span class=\"currbc\">Ereignisse und Veranstaltungen<\/span><\/div>\n<\/div><\/section>\n<section  class='av_textblock_section av-jkc35uy8-8f8ccf999c9af147f390caa6ca7f8d2b '   itemscope=\"itemscope\" itemtype=\"https:\/\/schema.org\/CreativeWork\" ><div class='avia_textblock'  itemprop=\"text\" ><h1>Ereignisse und Veranstaltungen<\/h1>\n<\/div><\/section>\n\n<\/div><\/div><\/main><!-- close content main element --><\/div><\/div><div id='av_section_2'  class='avia-section av-brar5-03a803f15ce761f66211f1430bd3aa3f main_color avia-section-default avia-no-border-styling  avia-builder-el-3  el_after_av_section  el_before_av_section  avia-bg-style-scroll container_wrap fullsize'  ><div class='container av-section-cont-open' ><div class='template-page content  av-content-full alpha units'><div class='post-entry post-entry-type-page post-entry-6459'><div class='entry-content-wrapper clearfix'>\n<section  class='av_textblock_section av-jkhvqiqd-a734d15394ff6e15028e9f2f1db28468 '   itemscope=\"itemscope\" itemtype=\"https:\/\/schema.org\/CreativeWork\" ><div class='avia_textblock'  itemprop=\"text\" >[aktualno-dogodki]\n<\/div><\/section>\n<\/div><\/div><\/div><!-- close content main div --><\/div><\/div><div id='av_section_3'  class='avia-section av-700h-a8f9e0652ee2b67908d81a6d0e273272 main_color avia-section-default avia-no-border-styling  avia-builder-el-5  el_after_av_section  avia-builder-el-last  nl-subscribe avia-bg-style-scroll container_wrap fullsize'  ><div class='container av-section-cont-open' ><div class='template-page content  av-content-full alpha units'><div class='post-entry post-entry-type-page post-entry-6459'><div class='entry-content-wrapper clearfix'>\n\n<style type=\"text\/css\" data-created_by=\"avia_inline_auto\" id=\"style-css-av-4scp-09e64d89eddb4cab764c623111058b46\">\n.flex_column.av-4scp-09e64d89eddb4cab764c623111058b46{\nborder-radius:0px 0px 0px 0px;\npadding:0px 0px 0px 0px;\n}\n<\/style>\n<div  class='flex_column av-4scp-09e64d89eddb4cab764c623111058b46 av_one_third  avia-builder-el-6  el_before_av_two_third  avia-builder-el-first  first flex_column_div av-zero-column-padding  '     ><section  class='av_textblock_section av-jjtys646-32577991dc9030d1b7663b83fbbb1519 '   itemscope=\"itemscope\" itemtype=\"https:\/\/schema.org\/CreativeWork\" ><div class='avia_textblock'  itemprop=\"text\" ><h3>Nicht verpassen<\/h3>\n<p>Abonnieren Sie unseren Newsletter und seien Sie auf Laufendem mit aktuellen Ereignissen, Veranstaltungen und Ausstellungen.<\/p>\n\n<\/div><\/section><\/div>\n<style type=\"text\/css\" data-created_by=\"avia_inline_auto\" id=\"style-css-av-3krj-3495d411b3d6fa6e0c2fc1142bf02fb0\">\n.flex_column.av-3krj-3495d411b3d6fa6e0c2fc1142bf02fb0{\nborder-radius:0px 0px 0px 0px;\npadding:0px 0px 0px 0px;\n}\n<\/style>\n<div  class='flex_column av-3krj-3495d411b3d6fa6e0c2fc1142bf02fb0 av_two_third  avia-builder-el-8  el_after_av_one_third  avia-builder-el-last  flex_column_div av-zero-column-padding  '     ><section  class='av_textblock_section av-jjtys646-32577991dc9030d1b7663b83fbbb1519 '   itemscope=\"itemscope\" itemtype=\"https:\/\/schema.org\/CreativeWork\" ><div class='avia_textblock'  itemprop=\"text\" ><script type=\"text\/javascript\">\n\/* <![CDATA[ *\/\nvar gform;gform||(document.addEventListener(\"gform_main_scripts_loaded\",function(){gform.scriptsLoaded=!0}),document.addEventListener(\"gform\/theme\/scripts_loaded\",function(){gform.themeScriptsLoaded=!0}),window.addEventListener(\"DOMContentLoaded\",function(){gform.domLoaded=!0}),gform={domLoaded:!1,scriptsLoaded:!1,themeScriptsLoaded:!1,isFormEditor:()=>\"function\"==typeof InitializeEditor,callIfLoaded:function(o){return!(!gform.domLoaded||!gform.scriptsLoaded||!gform.themeScriptsLoaded&&!gform.isFormEditor()||(gform.isFormEditor()&&console.warn(\"The use of gform.initializeOnLoaded() is deprecated in the form editor context and will be removed in Gravity Forms 3.1.\"),o(),0))},initializeOnLoaded:function(o){gform.callIfLoaded(o)||(document.addEventListener(\"gform_main_scripts_loaded\",()=>{gform.scriptsLoaded=!0,gform.callIfLoaded(o)}),document.addEventListener(\"gform\/theme\/scripts_loaded\",()=>{gform.themeScriptsLoaded=!0,gform.callIfLoaded(o)}),window.addEventListener(\"DOMContentLoaded\",()=>{gform.domLoaded=!0,gform.callIfLoaded(o)}))},hooks:{action:{},filter:{}},addAction:function(o,r,e,t){gform.addHook(\"action\",o,r,e,t)},addFilter:function(o,r,e,t){gform.addHook(\"filter\",o,r,e,t)},doAction:function(o){gform.doHook(\"action\",o,arguments)},applyFilters:function(o){return gform.doHook(\"filter\",o,arguments)},removeAction:function(o,r){gform.removeHook(\"action\",o,r)},removeFilter:function(o,r,e){gform.removeHook(\"filter\",o,r,e)},addHook:function(o,r,e,t,n){null==gform.hooks[o][r]&&(gform.hooks[o][r]=[]);var d=gform.hooks[o][r];null==n&&(n=r+\"_\"+d.length),gform.hooks[o][r].push({tag:n,callable:e,priority:t=null==t?10:t})},doHook:function(r,o,e){var t;if(e=Array.prototype.slice.call(e,1),null!=gform.hooks[r][o]&&((o=gform.hooks[r][o]).sort(function(o,r){return o.priority-r.priority}),o.forEach(function(o){\"function\"!=typeof(t=o.callable)&&(t=window[t]),\"action\"==r?t.apply(null,e):e[0]=t.apply(null,e)})),\"filter\"==r)return e[0]},removeHook:function(o,r,t,n){var e;null!=gform.hooks[o][r]&&(e=(e=gform.hooks[o][r]).filter(function(o,r,e){return!!(null!=n&&n!=o.tag||null!=t&&t!=o.priority)}),gform.hooks[o][r]=e)}});\n\/* ]]> *\/\n<\/script>\n\n                <div class='gf_browser_gecko gform_wrapper gform_legacy_markup_wrapper gform-theme--no-framework gf_simple_horizontal_wrapper' data-form-theme='legacy' data-form-index='0' id='gform_wrapper_7' ><div id='gf_7' class='gform_anchor' tabindex='-1'><\/div><form method='post' enctype='multipart\/form-data' target='gform_ajax_frame_7' id='gform_7' class='gf_simple_horizontal' action='\/de\/wp-json\/wp\/v2\/pages\/6459#gf_7' data-formid='7' novalidate>\n                        <div class='gform-body gform_body'><ul id='gform_fields_7' class='gform_fields top_label form_sublabel_below description_below validation_below'><li id=\"field_7_1\" class=\"gfield gfield--type-text gfield--input-type-text gf_inline gfield_contains_required field_sublabel_below gfield--no-description field_description_below field_validation_below gfield_visibility_visible\"  ><label class='gfield_label gform-field-label screen-reader-text' for='input_7_1'>Vorname und Name<span class=\"gfield_required\"><span class=\"gfield_required gfield_required_asterisk\">*<\/span><\/span><\/label><div class='ginput_container ginput_container_text'><input name='input_1' id='input_7_1' type='text' value='' class='medium'    placeholder='Vorname und Name' aria-required=\"true\" aria-invalid=\"false\"   \/><\/div><\/li><li id=\"field_7_2\" class=\"gfield gfield--type-email gfield--input-type-email gf_inline gfield_contains_required field_sublabel_below gfield--no-description field_description_below field_validation_below gfield_visibility_visible\"  ><label class='gfield_label gform-field-label screen-reader-text' for='input_7_2'>E-mail<span class=\"gfield_required\"><span class=\"gfield_required gfield_required_asterisk\">*<\/span><\/span><\/label><div class='ginput_container ginput_container_email'>\n                            <input name='input_2' id='input_7_2' type='email' value='' class='medium'   placeholder='E-mail' aria-required=\"true\" aria-invalid=\"false\"  \/>\n                        <\/div><\/li><li id=\"field_7_7\" class=\"gfield gfield--type-checkbox gfield--type-choice gfield--input-type-checkbox gfield_contains_required field_sublabel_below gfield--no-description field_description_below field_validation_below gfield_visibility_visible\"  ><label class='gfield_label gform-field-label screen-reader-text gfield_label_before_complex' ><span class=\"gfield_required\"><span class=\"gfield_required gfield_required_asterisk\">*<\/span><\/span><\/label><div class='ginput_container ginput_container_checkbox'><ul class='gfield_checkbox' id='input_7_7'><li class='gchoice gchoice_7_7_1'>\n\t\t\t\t\t\t\t\t<input class='gfield-choice-input' name='input_7.1' type='checkbox'  value='Aufgrund der EU-Datenschutz-Grundverordnung (DSGVO), die am 25.05.2018 in Kraft tritt, m\u00fcssen wir Ihre schriftliche Genehmigung zum Benachrichtigen \u00fcber Ereignisse, Aktivit\u00e4ten und Neuigkeiten, die wir f\u00fcr Sie im Stadtmuseum Idrija vorbereiten, erlangen. Sie k\u00f6nnen sich vom Newsletter jederzeit abmelden, indem Sie eine entsprechende Antwort an tajnistvo@muzej-idrija-cerkno.si senden oder Abmelden klicken.'  id='choice_7_7_1'   \/>\n\t\t\t\t\t\t\t\t<label for='choice_7_7_1' id='label_7_7_1' class='gform-field-label gform-field-label--type-inline'>Aufgrund der EU-Datenschutz-Grundverordnung (DSGVO), die am 25.05.2018 in Kraft tritt, m\u00fcssen wir Ihre schriftliche Genehmigung zum Benachrichtigen \u00fcber Ereignisse, Aktivit\u00e4ten und Neuigkeiten, die wir f\u00fcr Sie im Stadtmuseum Idrija vorbereiten, erlangen. Sie k\u00f6nnen sich vom Newsletter jederzeit abmelden, indem Sie eine entsprechende Antwort an tajnistvo@muzej-idrija-cerkno.si senden oder Abmelden klicken.<\/label>\n\t\t\t\t\t\t\t<\/li><\/ul><\/div><\/li><li id=\"field_7_8\" class=\"gfield gfield--type-captcha gfield--input-type-captcha gfield--width-full field_sublabel_below gfield--no-description field_description_below hidden_label field_validation_below gfield_visibility_visible\"  ><label class='gfield_label gform-field-label' for='input_7_8'>CAPTCHA<\/label><div id='input_7_8' class='ginput_container ginput_recaptcha' data-sitekey='6LfLf7EqAAAAAHrklxkeqt-2SxMrtjf_KswZYmgT'  data-theme='light' data-tabindex='-1' data-size='invisible' data-badge='bottomright'><\/div><\/li><\/ul><\/div>\n        <div class='gform-footer gform_footer top_label'> <input type='submit' id='gform_submit_button_7' class='gform_button button' onclick='gform.submission.handleButtonClick(this);' data-submission-type='submit' value='Anmeldung zum Newsletter'  \/> <input type='hidden' name='gform_ajax' value='form_id=7&amp;title=&amp;description=&amp;tabindex=0&amp;theme=legacy&amp;styles=[]&amp;hash=0a840dfadaee6a055c10eb311ac3ced7' \/>\n            <input type='hidden' class='gform_hidden' name='gform_submission_method' data-js='gform_submission_method_7' value='iframe' \/>\n            <input type='hidden' class='gform_hidden' name='gform_theme' data-js='gform_theme_7' id='gform_theme_7' value='legacy' \/>\n            <input type='hidden' class='gform_hidden' name='gform_style_settings' data-js='gform_style_settings_7' id='gform_style_settings_7' value='[]' \/>\n            <input type='hidden' class='gform_hidden' name='is_submit_7' value='1' \/>\n            <input type='hidden' class='gform_hidden' name='gform_submit' value='7' \/>\n            \n            <input type='hidden' class='gform_hidden' name='gform_currency' data-currency='USD' value='L8jeDBWOvrPr8LMLiILd1QJWVhrjx6Hx5dfCwXaYcXYkm+71d+oYIYLQP3LgJOcYfzfnZTfrq1ccKYX9PNLhBlqfz9Q\/vSBhhu05hJxYWbV\/Eho=' \/>\n            <input type='hidden' class='gform_hidden' name='gform_unique_id' value='' \/>\n            <input type='hidden' class='gform_hidden' name='state_7' value='WyJbXSIsImI3ZWM1Nzk1ZjA4Njk5MGIzMmI3ZGU2NjQ5MjczZTU0Il0=' \/>\n            <input type='hidden' autocomplete='off' class='gform_hidden' name='gform_target_page_number_7' id='gform_target_page_number_7' value='0' \/>\n            <input type='hidden' autocomplete='off' class='gform_hidden' name='gform_source_page_number_7' id='gform_source_page_number_7' value='1' \/>\n            <input type='hidden' name='gform_field_values' value='' \/>\n            \n        <\/div>\n                        <\/form>\n                        <\/div>\n\t\t                <iframe style='display:none;width:0px;height:0px;' src='about:blank' name='gform_ajax_frame_7' id='gform_ajax_frame_7' title='Dieser iframe enth\u00e4lt die erforderliche Logik um Gravity Forms Formulare mit AJAX zu handhaben.'><\/iframe>\n\t\t                <script type=\"text\/javascript\">\n\/* <![CDATA[ *\/\n gform.initializeOnLoaded( function() {gformInitSpinner( 7, 'https:\/\/www.muzej-idrija-cerkno.si\/wp-content\/plugins\/gravityforms\/images\/spinner.svg', true );jQuery('#gform_ajax_frame_7').on('load',function(){var contents = jQuery(this).contents().find('*').html();var is_postback = contents.indexOf('GF_AJAX_POSTBACK') >= 0;if(!is_postback){return;}var form_content = jQuery(this).contents().find('#gform_wrapper_7');var is_confirmation = jQuery(this).contents().find('#gform_confirmation_wrapper_7').length > 0;var is_redirect = contents.indexOf('gformRedirect(){') >= 0;var is_form = form_content.length > 0 && ! is_redirect && ! is_confirmation;var mt = parseInt(jQuery('html').css('margin-top'), 10) + parseInt(jQuery('body').css('margin-top'), 10) + 100;if(is_form){jQuery('#gform_wrapper_7').html(form_content.html());if(form_content.hasClass('gform_validation_error')){jQuery('#gform_wrapper_7').addClass('gform_validation_error');} else {jQuery('#gform_wrapper_7').removeClass('gform_validation_error');}setTimeout( function() { \/* delay the scroll by 50 milliseconds to fix a bug in chrome *\/ jQuery(document).scrollTop(jQuery('#gform_wrapper_7').offset().top - mt); }, 50 );if(window['gformInitDatepicker']) {gformInitDatepicker();}if(window['gformInitPriceFields']) {gformInitPriceFields();}var current_page = jQuery('#gform_source_page_number_7').val();gformInitSpinner( 7, 'https:\/\/www.muzej-idrija-cerkno.si\/wp-content\/plugins\/gravityforms\/images\/spinner.svg', true );jQuery(document).trigger('gform_page_loaded', [7, current_page]);window['gf_submitting_7'] = false;}else if(!is_redirect){var confirmation_content = jQuery(this).contents().find('.GF_AJAX_POSTBACK').html();if(!confirmation_content){confirmation_content = contents;}jQuery('#gform_wrapper_7').replaceWith(confirmation_content);jQuery(document).scrollTop(jQuery('#gf_7').offset().top - mt);jQuery(document).trigger('gform_confirmation_loaded', [7]);window['gf_submitting_7'] = false;wp.a11y.speak(jQuery('#gform_confirmation_message_7').text());}else{jQuery('#gform_7').append(contents);if(window['gformRedirect']) {gformRedirect();}}jQuery(document).trigger(\"gform_pre_post_render\", [{ formId: \"7\", currentPage: \"current_page\", abort: function() { this.preventDefault(); } }]);        if (event && event.defaultPrevented) {                return;        }        const gformWrapperDiv = document.getElementById( \"gform_wrapper_7\" );        if ( gformWrapperDiv ) {            const visibilitySpan = document.createElement( \"span\" );            visibilitySpan.id = \"gform_visibility_test_7\";            gformWrapperDiv.insertAdjacentElement( \"afterend\", visibilitySpan );        }        const visibilityTestDiv = document.getElementById( \"gform_visibility_test_7\" );        let postRenderFired = false;        function triggerPostRender() {            if ( postRenderFired ) {                return;            }            postRenderFired = true;            gform.core.triggerPostRenderEvents( 7, current_page );            if ( visibilityTestDiv ) {                visibilityTestDiv.parentNode.removeChild( visibilityTestDiv );            }        }        function debounce( func, wait, immediate ) {            var timeout;            return function() {                var context = this, args = arguments;                var later = function() {                    timeout = null;                    if ( !immediate ) func.apply( context, args );                };                var callNow = immediate && !timeout;                clearTimeout( timeout );                timeout = setTimeout( later, wait );                if ( callNow ) func.apply( context, args );            };        }        const debouncedTriggerPostRender = debounce( function() {            triggerPostRender();        }, 200 );        if ( visibilityTestDiv && visibilityTestDiv.offsetParent === null ) {            const observer = new MutationObserver( ( mutations ) => {                mutations.forEach( ( mutation ) => {                    if ( mutation.type === 'attributes' && visibilityTestDiv.offsetParent !== null ) {                        debouncedTriggerPostRender();                        observer.disconnect();                    }                });            });            observer.observe( document.body, {                attributes: true,                childList: false,                subtree: true,                attributeFilter: [ 'style', 'class' ],            });        } else {            triggerPostRender();        }    } );} ); \n\/* ]]> *\/\n<\/script>\n\n<\/div><\/section><\/div>\n<\/p>\n","protected":false},"excerpt":{"rendered":"","protected":false},"author":1,"featured_media":0,"parent":5329,"menu_order":0,"comment_status":"closed","ping_status":"closed","template":"","meta":{"_acf_changed":false,"footnotes":""},"class_list":["post-6459","page","type-page","status-publish","hentry"],"acf":[],"yoast_head":"<!-- This site is optimized with the Yoast SEO plugin v27.2 - https:\/\/yoast.com\/product\/yoast-seo-wordpress\/ -->\n<title>Ereignisse und Veranstaltungen - Mestni muzej Idrija<\/title>\n<meta name=\"description\" content=\"Wenn Sie mitten in der unber\u00fchrten Natur ihre Beine erstrecken m\u00f6chten oder das reiche Kulturerbe genie\u00dfen wollen, dann sollten Sie auf jedem Fall an einem der kommenden Ereignisse teilnehmen.\" \/>\n<meta name=\"robots\" content=\"index, follow, max-snippet:-1, max-image-preview:large, max-video-preview:-1\" \/>\n<link rel=\"canonical\" href=\"https:\/\/www.muzej-idrija-cerkno.si\/de\/aktualno\/ereignisse-und-veranstaltungen\/\" \/>\n<meta property=\"og:locale\" content=\"de_DE\" \/>\n<meta property=\"og:type\" content=\"article\" \/>\n<meta property=\"og:title\" content=\"Ereignisse und Veranstaltungen - Mestni muzej Idrija\" \/>\n<meta property=\"og:description\" content=\"Wenn Sie mitten in der unber\u00fchrten Natur ihre Beine erstrecken m\u00f6chten oder das reiche Kulturerbe genie\u00dfen wollen, dann sollten Sie auf jedem Fall an einem der kommenden Ereignisse teilnehmen.\" \/>\n<meta property=\"og:url\" content=\"https:\/\/www.muzej-idrija-cerkno.si\/de\/aktualno\/ereignisse-und-veranstaltungen\/\" \/>\n<meta property=\"og:site_name\" content=\"Mestni muzej Idrija\" \/>\n<meta name=\"twitter:card\" content=\"summary_large_image\" \/>\n<meta name=\"twitter:label1\" content=\"Gesch\u00e4tzte Lesezeit\" \/>\n\t<meta name=\"twitter:data1\" content=\"3\u00a0Minuten\" \/>\n<script type=\"application\/ld+json\" class=\"yoast-schema-graph\">{\"@context\":\"https:\/\/schema.org\",\"@graph\":[{\"@type\":\"WebPage\",\"@id\":\"https:\/\/www.muzej-idrija-cerkno.si\/de\/aktualno\/ereignisse-und-veranstaltungen\/\",\"url\":\"https:\/\/www.muzej-idrija-cerkno.si\/de\/aktualno\/ereignisse-und-veranstaltungen\/\",\"name\":\"Ereignisse und Veranstaltungen - Mestni muzej Idrija\",\"isPartOf\":{\"@id\":\"https:\/\/www.muzej-idrija-cerkno.si\/#website\"},\"datePublished\":\"2019-12-18T09:53:06+00:00\",\"description\":\"Wenn Sie mitten in der unber\u00fchrten Natur ihre Beine erstrecken m\u00f6chten oder das reiche Kulturerbe genie\u00dfen wollen, dann sollten Sie auf jedem Fall an einem der kommenden Ereignisse teilnehmen.\",\"breadcrumb\":{\"@id\":\"https:\/\/www.muzej-idrija-cerkno.si\/de\/aktualno\/ereignisse-und-veranstaltungen\/#breadcrumb\"},\"inLanguage\":\"de\",\"potentialAction\":[{\"@type\":\"ReadAction\",\"target\":[\"https:\/\/www.muzej-idrija-cerkno.si\/de\/aktualno\/ereignisse-und-veranstaltungen\/\"]}]},{\"@type\":\"BreadcrumbList\",\"@id\":\"https:\/\/www.muzej-idrija-cerkno.si\/de\/aktualno\/ereignisse-und-veranstaltungen\/#breadcrumb\",\"itemListElement\":[{\"@type\":\"ListItem\",\"position\":1,\"name\":\"Home\",\"item\":\"https:\/\/www.muzej-idrija-cerkno.si\/de\/\"},{\"@type\":\"ListItem\",\"position\":2,\"name\":\"Aktuelles\",\"item\":\"https:\/\/www.muzej-idrija-cerkno.si\/de\/aktualno\/\"},{\"@type\":\"ListItem\",\"position\":3,\"name\":\"Ereignisse und Veranstaltungen\"}]},{\"@type\":\"WebSite\",\"@id\":\"https:\/\/www.muzej-idrija-cerkno.si\/#website\",\"url\":\"https:\/\/www.muzej-idrija-cerkno.si\/\",\"name\":\"Mestni muzej Idrija\",\"description\":\"\u0160e eno spleti\u0161\u010de WordPress\",\"potentialAction\":[{\"@type\":\"SearchAction\",\"target\":{\"@type\":\"EntryPoint\",\"urlTemplate\":\"https:\/\/www.muzej-idrija-cerkno.si\/?s={search_term_string}\"},\"query-input\":{\"@type\":\"PropertyValueSpecification\",\"valueRequired\":true,\"valueName\":\"search_term_string\"}}],\"inLanguage\":\"de\"}]}<\/script>\n<!-- \/ Yoast SEO plugin. -->","yoast_head_json":{"title":"Ereignisse und Veranstaltungen - Mestni muzej Idrija","description":"Wenn Sie mitten in der unber\u00fchrten Natur ihre Beine erstrecken m\u00f6chten oder das reiche Kulturerbe genie\u00dfen wollen, dann sollten Sie auf jedem Fall an einem der kommenden Ereignisse teilnehmen.","robots":{"index":"index","follow":"follow","max-snippet":"max-snippet:-1","max-image-preview":"max-image-preview:large","max-video-preview":"max-video-preview:-1"},"canonical":"https:\/\/www.muzej-idrija-cerkno.si\/de\/aktualno\/ereignisse-und-veranstaltungen\/","og_locale":"de_DE","og_type":"article","og_title":"Ereignisse und Veranstaltungen - Mestni muzej Idrija","og_description":"Wenn Sie mitten in der unber\u00fchrten Natur ihre Beine erstrecken m\u00f6chten oder das reiche Kulturerbe genie\u00dfen wollen, dann sollten Sie auf jedem Fall an einem der kommenden Ereignisse teilnehmen.","og_url":"https:\/\/www.muzej-idrija-cerkno.si\/de\/aktualno\/ereignisse-und-veranstaltungen\/","og_site_name":"Mestni muzej Idrija","twitter_card":"summary_large_image","twitter_misc":{"Gesch\u00e4tzte Lesezeit":"3\u00a0Minuten"},"schema":{"@context":"https:\/\/schema.org","@graph":[{"@type":"WebPage","@id":"https:\/\/www.muzej-idrija-cerkno.si\/de\/aktualno\/ereignisse-und-veranstaltungen\/","url":"https:\/\/www.muzej-idrija-cerkno.si\/de\/aktualno\/ereignisse-und-veranstaltungen\/","name":"Ereignisse und Veranstaltungen - Mestni muzej Idrija","isPartOf":{"@id":"https:\/\/www.muzej-idrija-cerkno.si\/#website"},"datePublished":"2019-12-18T09:53:06+00:00","description":"Wenn Sie mitten in der unber\u00fchrten Natur ihre Beine erstrecken m\u00f6chten oder das reiche Kulturerbe genie\u00dfen wollen, dann sollten Sie auf jedem Fall an einem der kommenden Ereignisse teilnehmen.","breadcrumb":{"@id":"https:\/\/www.muzej-idrija-cerkno.si\/de\/aktualno\/ereignisse-und-veranstaltungen\/#breadcrumb"},"inLanguage":"de","potentialAction":[{"@type":"ReadAction","target":["https:\/\/www.muzej-idrija-cerkno.si\/de\/aktualno\/ereignisse-und-veranstaltungen\/"]}]},{"@type":"BreadcrumbList","@id":"https:\/\/www.muzej-idrija-cerkno.si\/de\/aktualno\/ereignisse-und-veranstaltungen\/#breadcrumb","itemListElement":[{"@type":"ListItem","position":1,"name":"Home","item":"https:\/\/www.muzej-idrija-cerkno.si\/de\/"},{"@type":"ListItem","position":2,"name":"Aktuelles","item":"https:\/\/www.muzej-idrija-cerkno.si\/de\/aktualno\/"},{"@type":"ListItem","position":3,"name":"Ereignisse und Veranstaltungen"}]},{"@type":"WebSite","@id":"https:\/\/www.muzej-idrija-cerkno.si\/#website","url":"https:\/\/www.muzej-idrija-cerkno.si\/","name":"Mestni muzej Idrija","description":"\u0160e eno spleti\u0161\u010de WordPress","potentialAction":[{"@type":"SearchAction","target":{"@type":"EntryPoint","urlTemplate":"https:\/\/www.muzej-idrija-cerkno.si\/?s={search_term_string}"},"query-input":{"@type":"PropertyValueSpecification","valueRequired":true,"valueName":"search_term_string"}}],"inLanguage":"de"}]}},"_links":{"self":[{"href":"https:\/\/www.muzej-idrija-cerkno.si\/de\/wp-json\/wp\/v2\/pages\/6459","targetHints":{"allow":["GET"]}}],"collection":[{"href":"https:\/\/www.muzej-idrija-cerkno.si\/de\/wp-json\/wp\/v2\/pages"}],"about":[{"href":"https:\/\/www.muzej-idrija-cerkno.si\/de\/wp-json\/wp\/v2\/types\/page"}],"author":[{"embeddable":true,"href":"https:\/\/www.muzej-idrija-cerkno.si\/de\/wp-json\/wp\/v2\/users\/1"}],"replies":[{"embeddable":true,"href":"https:\/\/www.muzej-idrija-cerkno.si\/de\/wp-json\/wp\/v2\/comments?post=6459"}],"version-history":[{"count":1,"href":"https:\/\/www.muzej-idrija-cerkno.si\/de\/wp-json\/wp\/v2\/pages\/6459\/revisions"}],"predecessor-version":[{"id":6469,"href":"https:\/\/www.muzej-idrija-cerkno.si\/de\/wp-json\/wp\/v2\/pages\/6459\/revisions\/6469"}],"up":[{"embeddable":true,"href":"https:\/\/www.muzej-idrija-cerkno.si\/de\/wp-json\/wp\/v2\/pages\/5329"}],"wp:attachment":[{"href":"https:\/\/www.muzej-idrija-cerkno.si\/de\/wp-json\/wp\/v2\/media?parent=6459"}],"curies":[{"name":"wp","href":"https:\/\/api.w.org\/{rel}","templated":true}]}}