{"id":6330,"date":"2019-12-18T10:53:08","date_gmt":"2019-12-18T09:53:08","guid":{"rendered":"https:\/\/www.muzej-idrija-cerkno.si\/?page_id=6330"},"modified":"2020-01-09T08:52:36","modified_gmt":"2020-01-09T07:52:36","slug":"programme-fuer-erwachsenengruppen","status":"publish","type":"page","link":"https:\/\/www.muzej-idrija-cerkno.si\/de\/obiscite-nas\/programme-fuer-erwachsenengruppen\/","title":{"rendered":"Programme f\u00fcr Erwachsenengruppen"},"content":{"rendered":"\n<style type=\"text\/css\" data-created_by=\"avia_inline_auto\" id=\"style-css-av-jjtx9fil-cc2eaf674a017d439ff7f79c0ee56f20\">\n.avia-section.av-jjtx9fil-cc2eaf674a017d439ff7f79c0ee56f20{\nbackground-repeat:no-repeat;\nbackground-image:url(https:\/\/www.muzej-idrija-cerkno.si\/wp-content\/uploads\/2018\/07\/lokacije-bg-1.jpg);\nbackground-position:0% 0%;\nbackground-attachment:scroll;\n}\n<\/style>\n<div id='av_section_1'  class='avia-section av-jjtx9fil-cc2eaf674a017d439ff7f79c0ee56f20 main_color avia-section-default avia-no-border-styling  avia-builder-el-0  el_before_av_section  avia-builder-el-first  header header-hero header-top-menu-padding avia-bg-style-scroll container_wrap fullsize'  data-section-bg-repeat='no-repeat'><div class='container av-section-cont-open' ><main  role=\"main\" itemprop=\"mainContentOfPage\"  class='template-page content  av-content-full alpha units'><div class='post-entry post-entry-type-page post-entry-6330'><div class='entry-content-wrapper clearfix'>\n\n<style type=\"text\/css\" data-created_by=\"avia_inline_auto\" id=\"style-css-av-7emv-2c6cfb9aab43875b565a39dbaa7e3e02\">\n.flex_column.av-7emv-2c6cfb9aab43875b565a39dbaa7e3e02{\nborder-radius:0px 0px 0px 0px;\npadding:0px 0px 0px 0px;\n}\n<\/style>\n<div  class='flex_column av-7emv-2c6cfb9aab43875b565a39dbaa7e3e02 av_two_fifth  avia-builder-el-1  el_before_av_three_fifth  avia-builder-el-first  first flex_column_div av-zero-column-padding  '     ><p><section  class='av_textblock_section av-kiv-b5875610f34ac69491c271b819549c0d '   itemscope=\"itemscope\" itemtype=\"https:\/\/schema.org\/CreativeWork\" ><div class='avia_textblock single_breadcrumbs'  itemprop=\"text\" ><div class=\"bcwrap\"><a href=\"https:\/\/www.muzej-idrija-cerkno.si\">Startseite<\/a><span class=\"bcsep\"><\/span><a href=\"https:\/\/www.muzej-idrija-cerkno.si\/de\/obiscite-nas\/\">Besuchen Sie uns<\/a><span class=\"bcsep\"><\/span><span class=\"currbc\">Programme f\u00fcr Erwachsenengruppen<\/span><\/div>\n<\/div><\/section><br \/>\n<section  class='av_textblock_section av-kiv-6e785a5da9303b51a494d47ce64d517a '   itemscope=\"itemscope\" itemtype=\"https:\/\/schema.org\/CreativeWork\" ><div class='avia_textblock'  itemprop=\"text\" ><h1>Programme f\u00fcr Erwachsenengruppen<\/h1>\n<\/div><\/section><\/p><\/div>\n<style type=\"text\/css\" data-created_by=\"avia_inline_auto\" id=\"style-css-av-38kn-a4512eff9cae1e199044b641efa4768a\">\n.flex_column.av-38kn-a4512eff9cae1e199044b641efa4768a{\nborder-radius:0px 0px 0px 0px;\npadding:0px 0px 0px 0px;\n}\n<\/style>\n<div  class='flex_column av-38kn-a4512eff9cae1e199044b641efa4768a av_three_fifth  avia-builder-el-4  el_after_av_two_fifth  avia-builder-el-last  flex_column_div av-zero-column-padding  '     ><style type=\"text\/css\" data-created_by=\"avia_inline_auto\" id=\"style-css-av-jjzgdvec-d6d27d7858d37437a5b45c5e1424b859\">\n.avia-image-container.av-jjzgdvec-d6d27d7858d37437a5b45c5e1424b859 img.avia_image{\nbox-shadow:none;\n}\n.avia-image-container.av-jjzgdvec-d6d27d7858d37437a5b45c5e1424b859 .av-image-caption-overlay-center{\ncolor:#ffffff;\n}\n<\/style>\n<div  class='avia-image-container av-jjzgdvec-d6d27d7858d37437a5b45c5e1424b859 av-styling- avia-align-center  avia-builder-el-5  avia-builder-el-no-sibling '   itemprop=\"image\" itemscope=\"itemscope\" itemtype=\"https:\/\/schema.org\/ImageObject\" ><div class=\"avia-image-container-inner\"><div class=\"avia-image-overlay-wrap\"><img fetchpriority=\"high\" class='wp-image-5442 avia-img-lazy-loading-not-5442 avia_image ' src='https:\/\/www.muzej-idrija-cerkno.si\/wp-content\/uploads\/2018\/09\/obisciteNas-1.jpg' alt='' title='obisciteNas (1)'  height=\"550\" width=\"808\"  itemprop=\"thumbnailUrl\"  \/><\/div><\/div><\/div><\/div><\/div><\/div><\/main><!-- close content main element --><\/div><\/div><div id='av_section_2'  class='avia-section av-pwmzs-d1f983192921c79485e7e9e40445a21b main_color avia-section-default avia-no-border-styling  avia-builder-el-6  el_after_av_section  el_before_av_section  programi_nagovor avia-bg-style-scroll container_wrap fullsize'  ><div class='container av-section-cont-open' ><div class='template-page content  av-content-full alpha units'><div class='post-entry post-entry-type-page post-entry-6330'><div class='entry-content-wrapper clearfix'>\n\n<style type=\"text\/css\" data-created_by=\"avia_inline_auto\" id=\"style-css-av-mfpb4-2fcb7856bdc8566cccc6a3814ccd2eda\">\n.flex_column.av-mfpb4-2fcb7856bdc8566cccc6a3814ccd2eda{\nborder-radius:0px 0px 0px 0px;\npadding:0px 0px 0px 0px;\n}\n<\/style>\n<div  class='flex_column av-mfpb4-2fcb7856bdc8566cccc6a3814ccd2eda av_one_half  avia-builder-el-7  el_before_av_one_half  avia-builder-el-first  first flex_column_div av-zero-column-padding  '     ><section  class='av_textblock_section av-hdsp4-c5c9b6eb493dcf6f5cc4ffc14c64d99d '   itemscope=\"itemscope\" itemtype=\"https:\/\/schema.org\/CreativeWork\" ><div class='avia_textblock'  itemprop=\"text\" ><div class=\"ugodnosti_prog bgedelements\"><div class=\"posamezen_post\"><div class=\"innerpost\" style=\"background-image:url()\"><div class=\"ugodnosti_cont\"><div class=\"ugodnosti_ikona\"><img decoding=\"async\" src=\"https:\/\/www.muzej-idrija-cerkno.si\/wp-content\/uploads\/2018\/08\/Shape-2.svg\"><\/div><div class=\"ugodnosti_tekst\"><div class=\"ugodnosti_heading\">Eintrittskarten f\u00fcr Programme<\/div><div class=\"ugodnosti_opis\"><p>Zahle 2 Besichtigungen, <strong>die 3. ist gratis!<\/strong><\/p>\n<\/div><\/div><\/div><\/div><\/div><\/div>\n<\/div><\/section><\/div>\n<style type=\"text\/css\" data-created_by=\"avia_inline_auto\" id=\"style-css-av-a45ps-b4c8d409816ecbdca3cfa6a1724c9ed8\">\n.flex_column.av-a45ps-b4c8d409816ecbdca3cfa6a1724c9ed8{\nborder-radius:0px 0px 0px 0px;\npadding:0px 0px 0px 0px;\n}\n<\/style>\n<div  class='flex_column av-a45ps-b4c8d409816ecbdca3cfa6a1724c9ed8 av_one_half  avia-builder-el-9  el_after_av_one_half  avia-builder-el-last  flex_column_div av-zero-column-padding  '     ><section  class='av_textblock_section av-jldha9u0-1de36ebe37e0916177556eb3c7393778 '   itemscope=\"itemscope\" itemtype=\"https:\/\/schema.org\/CreativeWork\" ><div class='avia_textblock'  itemprop=\"text\" ><h3>Sehr geehrte Besucher!<\/h3>\n<p>Sind Sie schon in Idrija gewesen, welches f\u00fcr ehemaliges Quecksilberbergwerk, das gekl\u00f6ppelte Meisterwerk, die Idrija-Spitze, und die kulinarische Spezialit\u00e4t, die Maultaschen (\u201e\u017elikrofi\u201c) aus Idrija, weltweit bekannt ist? Haben Sie vielleicht schon die Stimme aus der Neandertalerfl\u00f6te aus Divje babe in der N\u00e4he von Cerkno geh\u00f6rt oder eine leckere Potize mit Grieben probiert?<\/p>\n<p>Sicher erinnern Sie sich aber aus der Schule noch an die Erz\u00e4hlungen des Schriftstellers France Bevk und das Partisanenlazarett Franja. Wir laden Sie ein, mit uns die geheimen Ecken in Westslowenien zu entdecken.<\/p>\n<\/div><\/section><\/div>\n<\/p>\n<\/div><\/div><\/div><!-- close content main div --><\/div><\/div><div id='av_section_3'  class='avia-section av-pwmzs-688c75ff5dcb081cb9149511764514fe main_color avia-section-default avia-no-border-styling  avia-builder-el-11  el_after_av_section  avia-builder-el-last  avia-bg-style-scroll container_wrap fullsize'  ><div class='container av-section-cont-open' ><div class='template-page content  av-content-full alpha units'><div class='post-entry post-entry-type-page post-entry-6330'><div class='entry-content-wrapper clearfix'>\n\n<style type=\"text\/css\" data-created_by=\"avia_inline_auto\" id=\"style-css-av-a45ps-decc750b6decb62fcc78f5004c8ffd2b\">\n.flex_column.av-a45ps-decc750b6decb62fcc78f5004c8ffd2b{\nborder-radius:0px 0px 0px 0px;\npadding:0px 0px 0px 0px;\n}\n<\/style>\n<div  class='flex_column av-a45ps-decc750b6decb62fcc78f5004c8ffd2b av_one_full  avia-builder-el-12  avia-builder-el-no-sibling  first flex_column_div av-zero-column-padding  '     ><section  class='av_textblock_section av-jldha9u0-1de36ebe37e0916177556eb3c7393778 '   itemscope=\"itemscope\" itemtype=\"https:\/\/schema.org\/CreativeWork\" ><div class='avia_textblock'  itemprop=\"text\" ><div class=\"wrap_seznam_programov\"><h4>Sie k\u00f6nnen unter folgenden Programmen w\u00e4hlen:<\/h4><div class=\"wrap_cat\"><h3 id=\"Idrija_\u2013_die_Stadt_des_Unesco-Welterbes\">Idrija \u2013 die Stadt des Unesco-Welterbes<\/h3><div class=\"seznam_programov\"><a href=\"https:\/\/www.muzej-idrija-cerkno.si\/de\/program-za-odrasle\/burg-gewerkenegg-bergwerkburg\/\" class=\"first av_one_third\"><div class=\"imgprog\"><img decoding=\"async\" src=\"https:\/\/www.muzej-idrija-cerkno.si\/wp-content\/uploads\/2018\/08\/Programi-odrasli-zivljenje-na-gradu-448x448.jpg\"><div class=\"badge \">Gef\u00fchrte Besichtigungen<\/div><\/div><div class=\"naslov\">Burg Gewerkenegg \u2013 Bergwerkburg<\/div><\/a><a href=\"https:\/\/www.muzej-idrija-cerkno.si\/de\/program-za-odrasle\/wasserpumpe-idrijska-kamst-technisches-erbe-des-quecksilberbergwerks\/\" class=\" av_one_third\"><div class=\"imgprog\"><img decoding=\"async\" src=\"https:\/\/www.muzej-idrija-cerkno.si\/wp-content\/uploads\/2018\/08\/Program-odrasli-idrijska-kamst-448x448.jpg\"><div class=\"badge \">Gef\u00fchrte Besichtigungen<\/div><\/div><div class=\"naslov\">Wasserpumpe Idrijska kam\u0161t \u2013 technisches Erbe des Quecksilberbergwerks<\/div><\/a><a href=\"https:\/\/www.muzej-idrija-cerkno.si\/de\/program-za-odrasle\/bergmannshaus-von-idrija\/\" class=\" av_one_third\"><div class=\"imgprog\"><img decoding=\"async\" src=\"https:\/\/www.muzej-idrija-cerkno.si\/wp-content\/uploads\/2018\/08\/Program-odrasli-rudarska-hisa-448x448.jpg\"><div class=\"badge \">Gef\u00fchrte Besichtigungen<\/div><\/div><div class=\"naslov\">Bergmannshaus von Idrija<\/div><\/a><a href=\"https:\/\/www.muzej-idrija-cerkno.si\/de\/program-za-odrasle\/technische-abteilung-des-museums-im-francisci-schacht\/\" class=\"first av_one_third\"><div class=\"imgprog\"><img decoding=\"async\" src=\"https:\/\/www.muzej-idrija-cerkno.si\/wp-content\/uploads\/2018\/08\/Program-odrasli-rudniski-stroji-448x448.jpg\"><div class=\"badge \">Gef\u00fchrte Besichtigungen<\/div><\/div><div class=\"naslov\">Technische Abteilung des Museums im Francisci-Schacht<\/div><\/a><a href=\"https:\/\/www.muzej-idrija-cerkno.si\/de\/program-za-odrasle\/partisanendruckerei-slovenija-auf-vojsko\/\" class=\" av_one_third\"><div class=\"imgprog\"><img decoding=\"async\" src=\"https:\/\/www.muzej-idrija-cerkno.si\/wp-content\/uploads\/2018\/08\/Program-odrasli-tiskarna-448x448.jpg\"><div class=\"badge \">Gef\u00fchrte Besichtigungen<\/div><\/div><div class=\"naslov\">Partisanendruckerei Slovenija auf Vojsko<\/div><\/a><\/div><\/div><div class=\"wrap_cat\"><h3 id=\"Im_Land,_wo_die_Region_Primorska_endet_und_die_Laufarji_zuhause_sind\u00a0\u2026\">Im Land, wo die Region Primorska endet und die Laufarji zuhause sind\u00a0\u2026<\/h3><div class=\"seznam_programov\"><a href=\"https:\/\/www.muzej-idrija-cerkno.si\/de\/program-za-odrasle\/museum-von-cerkno-in-cerkno\/\" class=\"first av_one_third\"><div class=\"imgprog\"><img decoding=\"async\" src=\"https:\/\/www.muzej-idrija-cerkno.si\/wp-content\/uploads\/2018\/08\/Program-odrasli-cerkljanski-muzej-448x448.jpg\"><div class=\"badge \">Gef\u00fchrte Besichtigungen<\/div><\/div><div class=\"naslov\">Museum von Cerkno in Cerkno<\/div><\/a><a href=\"https:\/\/www.muzej-idrija-cerkno.si\/de\/program-za-odrasle\/geburtshaus-des-schriftstellers-france-bevk-in-zakojca\/\" class=\" av_one_third\"><div class=\"imgprog\"><img decoding=\"async\" src=\"https:\/\/www.muzej-idrija-cerkno.si\/wp-content\/uploads\/2018\/08\/Program-odrasli-bevkova-hisa-448x448.jpg\"><div class=\"badge \">Gef\u00fchrte Besichtigungen<\/div><\/div><div class=\"naslov\">Geburtshaus des Schriftstellers France Bevk in Zakojca<\/div><\/a><\/div><\/div><\/div>\n<\/div><\/section><\/div>\n\n","protected":false},"excerpt":{"rendered":"","protected":false},"author":1,"featured_media":0,"parent":5441,"menu_order":0,"comment_status":"closed","ping_status":"closed","template":"template_programi-za-odrasle.php","meta":{"_acf_changed":false,"footnotes":""},"class_list":["post-6330","page","type-page","status-publish","hentry"],"acf":[],"yoast_head":"<!-- This site is optimized with the Yoast SEO plugin v27.2 - https:\/\/yoast.com\/product\/yoast-seo-wordpress\/ -->\n<title>Programme f\u00fcr Erwachsenengruppen - Mestni muzej Idrija<\/title>\n<meta name=\"description\" content=\"Lassen Sie sich von idyllischer Landschaft mit reicher Bergbaugeschichte, einzigartigem kulinarischen Erbe und gastfreundlichen Menschen verzaubern. Gef\u00fchrte Besichtigungen f\u00fcr jeden Geschmack!\" \/>\n<meta name=\"robots\" content=\"index, follow, max-snippet:-1, max-image-preview:large, max-video-preview:-1\" \/>\n<link rel=\"canonical\" href=\"https:\/\/www.muzej-idrija-cerkno.si\/de\/obiscite-nas\/programme-fuer-erwachsenengruppen\/\" \/>\n<meta property=\"og:locale\" content=\"de_DE\" \/>\n<meta property=\"og:type\" content=\"article\" \/>\n<meta property=\"og:title\" content=\"Programme f\u00fcr Erwachsenengruppen - Mestni muzej Idrija\" \/>\n<meta property=\"og:description\" content=\"Lassen Sie sich von idyllischer Landschaft mit reicher Bergbaugeschichte, einzigartigem kulinarischen Erbe und gastfreundlichen Menschen verzaubern. Gef\u00fchrte Besichtigungen f\u00fcr jeden Geschmack!\" \/>\n<meta property=\"og:url\" content=\"https:\/\/www.muzej-idrija-cerkno.si\/de\/obiscite-nas\/programme-fuer-erwachsenengruppen\/\" \/>\n<meta property=\"og:site_name\" content=\"Mestni muzej Idrija\" \/>\n<meta property=\"article:modified_time\" content=\"2020-01-09T07:52:36+00:00\" \/>\n<meta name=\"twitter:card\" content=\"summary_large_image\" \/>\n<meta name=\"twitter:label1\" content=\"Gesch\u00e4tzte Lesezeit\" \/>\n\t<meta name=\"twitter:data1\" content=\"5\u00a0Minuten\" \/>\n<script type=\"application\/ld+json\" class=\"yoast-schema-graph\">{\"@context\":\"https:\/\/schema.org\",\"@graph\":[{\"@type\":\"WebPage\",\"@id\":\"https:\/\/www.muzej-idrija-cerkno.si\/de\/obiscite-nas\/programme-fuer-erwachsenengruppen\/\",\"url\":\"https:\/\/www.muzej-idrija-cerkno.si\/de\/obiscite-nas\/programme-fuer-erwachsenengruppen\/\",\"name\":\"Programme f\u00fcr Erwachsenengruppen - Mestni muzej Idrija\",\"isPartOf\":{\"@id\":\"https:\/\/www.muzej-idrija-cerkno.si\/#website\"},\"datePublished\":\"2019-12-18T09:53:08+00:00\",\"dateModified\":\"2020-01-09T07:52:36+00:00\",\"description\":\"Lassen Sie sich von idyllischer Landschaft mit reicher Bergbaugeschichte, einzigartigem kulinarischen Erbe und gastfreundlichen Menschen verzaubern. Gef\u00fchrte Besichtigungen f\u00fcr jeden Geschmack!\",\"breadcrumb\":{\"@id\":\"https:\/\/www.muzej-idrija-cerkno.si\/de\/obiscite-nas\/programme-fuer-erwachsenengruppen\/#breadcrumb\"},\"inLanguage\":\"de\",\"potentialAction\":[{\"@type\":\"ReadAction\",\"target\":[\"https:\/\/www.muzej-idrija-cerkno.si\/de\/obiscite-nas\/programme-fuer-erwachsenengruppen\/\"]}]},{\"@type\":\"BreadcrumbList\",\"@id\":\"https:\/\/www.muzej-idrija-cerkno.si\/de\/obiscite-nas\/programme-fuer-erwachsenengruppen\/#breadcrumb\",\"itemListElement\":[{\"@type\":\"ListItem\",\"position\":1,\"name\":\"Home\",\"item\":\"https:\/\/www.muzej-idrija-cerkno.si\/de\/\"},{\"@type\":\"ListItem\",\"position\":2,\"name\":\"Besuchen Sie uns\",\"item\":\"https:\/\/www.muzej-idrija-cerkno.si\/de\/obiscite-nas\/\"},{\"@type\":\"ListItem\",\"position\":3,\"name\":\"Programme f\u00fcr Erwachsenengruppen\"}]},{\"@type\":\"WebSite\",\"@id\":\"https:\/\/www.muzej-idrija-cerkno.si\/#website\",\"url\":\"https:\/\/www.muzej-idrija-cerkno.si\/\",\"name\":\"Mestni muzej Idrija\",\"description\":\"\u0160e eno spleti\u0161\u010de WordPress\",\"potentialAction\":[{\"@type\":\"SearchAction\",\"target\":{\"@type\":\"EntryPoint\",\"urlTemplate\":\"https:\/\/www.muzej-idrija-cerkno.si\/?s={search_term_string}\"},\"query-input\":{\"@type\":\"PropertyValueSpecification\",\"valueRequired\":true,\"valueName\":\"search_term_string\"}}],\"inLanguage\":\"de\"}]}<\/script>\n<!-- \/ Yoast SEO plugin. -->","yoast_head_json":{"title":"Programme f\u00fcr Erwachsenengruppen - Mestni muzej Idrija","description":"Lassen Sie sich von idyllischer Landschaft mit reicher Bergbaugeschichte, einzigartigem kulinarischen Erbe und gastfreundlichen Menschen verzaubern. Gef\u00fchrte Besichtigungen f\u00fcr jeden Geschmack!","robots":{"index":"index","follow":"follow","max-snippet":"max-snippet:-1","max-image-preview":"max-image-preview:large","max-video-preview":"max-video-preview:-1"},"canonical":"https:\/\/www.muzej-idrija-cerkno.si\/de\/obiscite-nas\/programme-fuer-erwachsenengruppen\/","og_locale":"de_DE","og_type":"article","og_title":"Programme f\u00fcr Erwachsenengruppen - Mestni muzej Idrija","og_description":"Lassen Sie sich von idyllischer Landschaft mit reicher Bergbaugeschichte, einzigartigem kulinarischen Erbe und gastfreundlichen Menschen verzaubern. Gef\u00fchrte Besichtigungen f\u00fcr jeden Geschmack!","og_url":"https:\/\/www.muzej-idrija-cerkno.si\/de\/obiscite-nas\/programme-fuer-erwachsenengruppen\/","og_site_name":"Mestni muzej Idrija","article_modified_time":"2020-01-09T07:52:36+00:00","twitter_card":"summary_large_image","twitter_misc":{"Gesch\u00e4tzte Lesezeit":"5\u00a0Minuten"},"schema":{"@context":"https:\/\/schema.org","@graph":[{"@type":"WebPage","@id":"https:\/\/www.muzej-idrija-cerkno.si\/de\/obiscite-nas\/programme-fuer-erwachsenengruppen\/","url":"https:\/\/www.muzej-idrija-cerkno.si\/de\/obiscite-nas\/programme-fuer-erwachsenengruppen\/","name":"Programme f\u00fcr Erwachsenengruppen - Mestni muzej Idrija","isPartOf":{"@id":"https:\/\/www.muzej-idrija-cerkno.si\/#website"},"datePublished":"2019-12-18T09:53:08+00:00","dateModified":"2020-01-09T07:52:36+00:00","description":"Lassen Sie sich von idyllischer Landschaft mit reicher Bergbaugeschichte, einzigartigem kulinarischen Erbe und gastfreundlichen Menschen verzaubern. Gef\u00fchrte Besichtigungen f\u00fcr jeden Geschmack!","breadcrumb":{"@id":"https:\/\/www.muzej-idrija-cerkno.si\/de\/obiscite-nas\/programme-fuer-erwachsenengruppen\/#breadcrumb"},"inLanguage":"de","potentialAction":[{"@type":"ReadAction","target":["https:\/\/www.muzej-idrija-cerkno.si\/de\/obiscite-nas\/programme-fuer-erwachsenengruppen\/"]}]},{"@type":"BreadcrumbList","@id":"https:\/\/www.muzej-idrija-cerkno.si\/de\/obiscite-nas\/programme-fuer-erwachsenengruppen\/#breadcrumb","itemListElement":[{"@type":"ListItem","position":1,"name":"Home","item":"https:\/\/www.muzej-idrija-cerkno.si\/de\/"},{"@type":"ListItem","position":2,"name":"Besuchen Sie uns","item":"https:\/\/www.muzej-idrija-cerkno.si\/de\/obiscite-nas\/"},{"@type":"ListItem","position":3,"name":"Programme f\u00fcr Erwachsenengruppen"}]},{"@type":"WebSite","@id":"https:\/\/www.muzej-idrija-cerkno.si\/#website","url":"https:\/\/www.muzej-idrija-cerkno.si\/","name":"Mestni muzej Idrija","description":"\u0160e eno spleti\u0161\u010de WordPress","potentialAction":[{"@type":"SearchAction","target":{"@type":"EntryPoint","urlTemplate":"https:\/\/www.muzej-idrija-cerkno.si\/?s={search_term_string}"},"query-input":{"@type":"PropertyValueSpecification","valueRequired":true,"valueName":"search_term_string"}}],"inLanguage":"de"}]}},"_links":{"self":[{"href":"https:\/\/www.muzej-idrija-cerkno.si\/de\/wp-json\/wp\/v2\/pages\/6330","targetHints":{"allow":["GET"]}}],"collection":[{"href":"https:\/\/www.muzej-idrija-cerkno.si\/de\/wp-json\/wp\/v2\/pages"}],"about":[{"href":"https:\/\/www.muzej-idrija-cerkno.si\/de\/wp-json\/wp\/v2\/types\/page"}],"author":[{"embeddable":true,"href":"https:\/\/www.muzej-idrija-cerkno.si\/de\/wp-json\/wp\/v2\/users\/1"}],"replies":[{"embeddable":true,"href":"https:\/\/www.muzej-idrija-cerkno.si\/de\/wp-json\/wp\/v2\/comments?post=6330"}],"version-history":[{"count":3,"href":"https:\/\/www.muzej-idrija-cerkno.si\/de\/wp-json\/wp\/v2\/pages\/6330\/revisions"}],"predecessor-version":[{"id":8404,"href":"https:\/\/www.muzej-idrija-cerkno.si\/de\/wp-json\/wp\/v2\/pages\/6330\/revisions\/8404"}],"up":[{"embeddable":true,"href":"https:\/\/www.muzej-idrija-cerkno.si\/de\/wp-json\/wp\/v2\/pages\/5441"}],"wp:attachment":[{"href":"https:\/\/www.muzej-idrija-cerkno.si\/de\/wp-json\/wp\/v2\/media?parent=6330"}],"curies":[{"name":"wp","href":"https:\/\/api.w.org\/{rel}","templated":true}]}}