{"id":5855,"date":"2019-12-18T10:53:12","date_gmt":"2019-12-18T09:53:12","guid":{"rendered":"https:\/\/www.muzej-idrija-cerkno.si\/?page_id=5855"},"modified":"2019-12-19T09:48:54","modified_gmt":"2019-12-19T08:48:54","slug":"museumsgeschichte","status":"publish","type":"page","link":"https:\/\/www.muzej-idrija-cerkno.si\/de\/ueber-das-museum\/museumsgeschichte\/","title":{"rendered":"Museumsgeschichte"},"content":{"rendered":"<div id='av_section_1'  class='avia-section av-1051e-bf2209b0095c5c52a11ed683cbb1614c main_color avia-section-default avia-no-border-styling  avia-builder-el-0  el_before_av_section  avia-builder-el-first  avia-bg-style-scroll container_wrap fullsize'  ><div class='container av-section-cont-open' ><main  role=\"main\" itemprop=\"mainContentOfPage\"  class='template-page content  av-content-full alpha units'><div class='post-entry post-entry-type-page post-entry-5855'><div class='entry-content-wrapper clearfix'>\n<section  class='av_textblock_section av-jks223ci-d222087d073da0ffaa008c0b66aac84f '   itemscope=\"itemscope\" itemtype=\"https:\/\/schema.org\/CreativeWork\" ><div class='avia_textblock'  itemprop=\"text\" ><h2>Geschichte des Stadtmuseums Idrija<\/h2>\n<p>Das Stadtmuseum Idrija wurde am 21. Januar 1953 gegr\u00fcndet, \u201e\u2026 mit dem Zweck, f\u00fcr das Erbe des Quecksilberbergwerkes Idrija zu sorgen, Kulturdenkm\u00e4ler und andere Gegenst\u00e4nde zu verwalten und zu warten, welche dem Museum zur Verwaltung anvertraut wurden oder es selbst sammelt, und folgende Sammlungen zu systematisieren: Abteilung f\u00fcr Bergbautechnik, Abteilung f\u00fcr Geschichte mit getrennter Abteilung \u00fcber den Nationalbefreiungskampf, Abteilung f\u00fcr Naturkunde und Volkskunde (Ethnographie), sowie zu erforschen, sammeln, Ausstellungen vorzubereiten, Studienbibliothek zu organisieren und publizistische T\u00e4tigkeit zu entwickeln\u00a0\u2026\u201c. Die Basis f\u00fcr das Museum wurde mit einer geologischen, ethnologischen und allgemeingeschichtlichen Sammlung gesetzt. Zu den T\u00e4tigkeiten des Museums geh\u00f6rt vom Anfang an auch der Schutz des unbeweglichen Kulturerbes.<\/p>\n<p>Der erste Direktor des Museums war Sre\u010dko Logar, der Sitz aber das ehemalige Getreidelager \u2013 Bergwerklager. Im Jahr 1954 bekam das Museum die Burg Gewerkenegg zur Verwaltung, wo es noch heute seinen Sitz hat. In den letzten 30 Jahren wurden die T\u00e4tigkeiten des Museums von intensiven Renovierungen von den verwalteten Denkm\u00e4lern und neuen Ausstellungen gepr\u00e4gt (F\u00fcnf Jahrhunderte des Quecksilberbergwerkes und der Stadt Idrija; Meilensteine des 20. Jahrhunderts; Bergbaumaschinen und -ger\u00e4te; Leben und Arbeit von France Bevk; Die Region von Cerkno durch die Zeit; Der Fasching hat die Schuld!: die Geschichte \u00fcber die traditionellen Larven von Cerkno; Lebensweise des Bergmanns aus Idrija; Die Idrija-Spitze, eine mit dem Faden geschriebene Geschichte; Kley-Pumpe; eine Pr\u00e4sentation des Partisanenlazaretts Franja im Museum; Auf den Spuren des Merkurs: Idrija und Almad\u00e9n), die letzten f\u00fcnf Jahre wurden aber von der Digitalisierung (Inventarbuch in digitaler Form), Bewertung von Unterlagen und systematischer Arbeit mit immateriellem Erbe (Sammeln von Lebensgeschichten, Dokumentieren von Arbeitsprozessen, Eintragen von Einheiten ins Register) gepr\u00e4gt.<\/p>\n<\/div><\/section>\n\n<\/div><\/div><\/main><!-- close content main element --><\/div><\/div><div id='av_section_2'  class='avia-section av-15jva-b126233aaabe59db4fe8111f3d2421b8 main_color avia-section-default avia-no-border-styling  avia-builder-el-2  el_after_av_section  avia-builder-el-last  avia-bg-style-scroll container_wrap fullsize'  ><div class='container av-section-cont-open' ><div class='template-page content  av-content-full alpha units'><div class='post-entry post-entry-type-page post-entry-5855'><div class='entry-content-wrapper clearfix'>\n<section  class='av_textblock_section av-jks23x5l-a5e4c89b653562d7e777971d7d0ed513 '   itemscope=\"itemscope\" itemtype=\"https:\/\/schema.org\/CreativeWork\" ><div class='avia_textblock'  itemprop=\"text\" ><h3>Meilensteine in der Arbeit des Stadtmuseums Idrija<\/h3>\n<div class=\"wrap_timeline\"><div class=\"leto \"><div class=\"letnica\">1953<\/div><div class=\"leto_opis av-animated-generic right-to-left\"><p>Gr\u00fcndung des Museums; vom vorherigen Ausschuss (gegr\u00fcndet im Jahr 1952) \u00fcbernimmt das Museum die Bewirtschaftung von einigen Bergwerkgeb\u00e4uden und Ger\u00e4ten (Bergwerklager, Wasserpumpe Idrijska kam\u0161t, Kley-Pumpe, mehrere Maschinen und Ger\u00e4te aus der Sortieranlage, Schmelzerei und dem Kraftwerk)<\/p>\n<\/div><\/div><div class=\"leto \"><div class=\"letnica\">1954<\/div><div class=\"leto_opis av-animated-generic right-to-left\"><p>Ber\u00fchmte Wasserpumpe Idrijska kam\u0161t (bergbauliche Pumpanlage mit h\u00f6lzernem Antriebsrad mit einem Durchschnitt von 13,6\u00a0m aus 1790) ist zur Besichtigung er\u00f6ffnet; auf dem Burghof werden die meisten bergbaulichen Maschinen und Ger\u00e4te ausgestellt.<\/p>\n<\/div><\/div><div class=\"leto \"><div class=\"letnica\">1956<\/div><div class=\"leto_opis av-animated-generic right-to-left\"><p>In der Burg sind die ersten zwei Ausstellungsr\u00e4ume eingerichtet (geologisch-mineralogische Sammlung, Pirnat-Raum).<\/p>\n<p>Unter der Obhut des Museums begann die Zeitschrift f\u00fcr Heimatkunde Idrijski razgledi zu erscheinen.<\/p>\n<\/div><\/div><div class=\"leto \"><div class=\"letnica\">1957<\/div><div class=\"leto_opis av-animated-generic right-to-left\"><p>Dem Museum wurde auch die Verwaltung von Partisanendruckerei Slovenija auf Vojsko anvertraut.<\/p>\n<\/div><\/div><div class=\"leto \"><div class=\"letnica\">1963<\/div><div class=\"leto_opis av-animated-generic right-to-left\"><p>Das Museum \u00fcbernimmt die Bewirtschaftung des Partisanenlazaretts Franja in Dolenji Novaki bei Cerkno.<\/p>\n<\/div><\/div><div class=\"leto \"><div class=\"letnica\">1956\u20131968<\/div><div class=\"leto_opis av-animated-generic right-to-left\"><p>Erg\u00e4nzung von Museumssammlungen und neue permanente Ausstellungen: Sammlung zur Karst- und H\u00f6hlenkunde, Darstellung des Bergwerks, Abteilung \u00fcber das Rettungs- und Schutzwerkzeug, Abteilung \u00fcber den Nationalbefreiungskampf (NOB) und Abteilung f\u00fcr Kunst und Geschichte.<\/p>\n<\/div><\/div><div class=\"leto \"><div class=\"letnica\">1969<\/div><div class=\"leto_opis av-animated-generic right-to-left\"><p>Anf\u00e4nge von Galeriet\u00e4tigkeit \u00fcber bildende Kunst, Er\u00f6ffnung der Galerie Idrija und Organisation von ber\u00fchmten malerischen Kolonien.<\/p>\n<\/div><\/div><div class=\"leto \"><div class=\"letnica\">1972<\/div><div class=\"leto_opis av-animated-generic right-to-left\"><p>Der See Divje jezero, welchen das Stadtmuseum verwaltet, wurde zum ersten Naturmuseum in Slowenien erkl\u00e4rt.<\/p>\n<\/div><\/div><div class=\"leto \"><div class=\"letnica\">1978<\/div><div class=\"leto_opis av-animated-generic right-to-left\"><p>Er\u00f6ffnung von Abteilung \u00fcber den Nationalbefreiungskampf in der alten Grundschule in Cerkno.<\/p>\n<\/div><\/div><div class=\"leto \"><div class=\"letnica\">1985<\/div><div class=\"leto_opis av-animated-generic right-to-left\"><p>Ankauf des typischen Bergmannshauses von Idrija auf Bazovi\u0161ka 4 in Idrija und \u00dcbernahme des Geh\u00f6fts des Schriftstellers France Bevk in Zakojca.<\/p>\n<\/div><\/div><div class=\"leto \"><div class=\"letnica\">1988<\/div><div class=\"leto_opis av-animated-generic right-to-left\"><p>Anfang von g\u00e4nzlichen und systematischen Renovierungen der Burg Gewerkenegg auf der Grundlage des Restauration-Plans des Amtes f\u00fcr Denkmalschutz Nova Gorica.<\/p>\n<\/div><\/div><div class=\"leto \"><div class=\"letnica\">1989\u20131990<\/div><div class=\"leto_opis av-animated-generic right-to-left\"><p>Renovierung des Partisanenlazaretts Franja nach Steinrutsch, der im Januar 1989 den ganzen Zugangsweg versch\u00fcttete und Baracken am Eingang besch\u00e4digte.<\/p>\n<\/div><\/div><div class=\"leto \"><div class=\"letnica\">1990\u20132009<\/div><div class=\"leto_opis av-animated-generic right-to-left\"><p>\u00dcbertragung von bergbaulichen Maschinen und Ger\u00e4ten vom Burghof zum Francisci-Schacht, wo die technische Abteilung des Museums errichtet wird; f\u00fcr Besucher werden schrittweise einzelne Ausstellungsr\u00e4ume er\u00f6ffnet: Maschinen und Ger\u00e4te (1992, 1998), Bearbeitungsger\u00e4te (1998), Kley-Pumpe (2009).<\/p>\n<\/div><\/div><div class=\"leto \"><div class=\"letnica\">1990<\/div><div class=\"leto_opis av-animated-generic right-to-left\"><p>Zum 100-j\u00e4hrigen Jubil\u00e4um der Geburt des Schriftstellers France Bevk wurde das Museum in seinem Geh\u00f6ft in Zakojca er\u00f6ffnet.<\/p>\n<\/div><\/div><div class=\"leto \"><div class=\"letnica\">1991<\/div><div class=\"leto_opis av-animated-generic right-to-left\"><p>Die mehrj\u00e4hrige Renovierung der gebauten Wasserschleusen \u2013 klav\u017ee auf den Fl\u00fcssen Idrijca und Belca wird abgeschlossen.<\/p>\n<\/div><\/div><div class=\"leto \"><div class=\"letnica\">1990\u20131994<\/div><div class=\"leto_opis av-animated-generic right-to-left\"><p>Renovierungsarbeiten an der Wasserpumpe Idrijska kam\u0161t.<\/p>\n<\/div><\/div><div class=\"leto \"><div class=\"letnica\">1995<\/div><div class=\"leto_opis av-animated-generic right-to-left\"><p>Er\u00f6ffnung der modern gestalteten permanenten Ausstellung F\u00fcnf Jahrhunderte des Quecksilberbergwerkes und der Stadt Idrija im renovierten ersten Geschoss der Burg Gewerkenegg.<\/p>\n<\/div><\/div><div class=\"leto \"><div class=\"letnica\">1997<\/div><div class=\"leto_opis av-animated-generic right-to-left\"><p>Das Museum erhielt f\u00fcr die Ausstellung F\u00fcnf Jahrhunderte des Quecksilberbergwerkes und der Stadt Idrija und f\u00fcr seine g\u00e4nzliche T\u00e4tigkeit den Preis des Europ\u00e4isches Museumsforums Luigi Micheletti und wurde auch zum besten europ\u00e4ischen Museum f\u00fcr industrielles und technisches Erbe erkl\u00e4rt.<\/p>\n<\/div><\/div><div class=\"leto \"><div class=\"letnica\">1998\u20132001<\/div><div class=\"leto_opis av-animated-generic right-to-left\"><p>Renovierung des Museumshauses in Cerkno und Neugestaltung von R\u00e4umen f\u00fcr neue permanente und gelegentliche Ausstellungen.<\/p>\n<\/div><\/div><div class=\"leto \"><div class=\"letnica\">2000<\/div><div class=\"leto_opis av-animated-generic right-to-left\"><p>Auf dem Plateau \u00fcber der Wasserpumpe kann man Lokomotiven und Transportwagen zum Transport von Erz besichtigen.<\/p>\n<\/div><\/div><div class=\"leto \"><div class=\"letnica\">2002<\/div><div class=\"leto_opis av-animated-generic right-to-left\"><p>Darstellung des Lebensraums der Bergbaufamilie vom Anfang des 20. Jahrhunderts im renovierten Bergmannshaus von Idrija.<\/p>\n<\/div><\/div><div class=\"leto \"><div class=\"letnica\">2003<\/div><div class=\"leto_opis av-animated-generic right-to-left\"><p>Er\u00f6ffnung einer st\u00e4ndigen Ausstellung Meilensteine des 20. Jahrhunderts in der Burg Gewerkenegg in Idrija sowie der Region von Cerkno durch die Jahrhunderte im Museum von Cerkno.<\/p>\n<\/div><\/div><div class=\"leto \"><div class=\"letnica\">2005<\/div><div class=\"leto_opis av-animated-generic right-to-left\"><p>Abgeschlossene Renovierung von Wasserschleusen Kanomeljske klav\u017ee, die Rekonstruierung des Mechanismus f\u00fcr Tor\u00f6ffnung.<\/p>\n<\/div><\/div><div class=\"leto \"><div class=\"letnica\">2006<\/div><div class=\"leto_opis av-animated-generic right-to-left\"><p>Er\u00f6ffnung der permanenten Ausstellung Der Fasching hat die Schuld! Erz\u00e4hlung \u00fcber die Laufarji von Cerkno im Museum von Cerkno. Umfangreiche Sanierungsarbeiten am Geh\u00e4nge von Veliki Njiv\u010d \u00fcber der Schlucht Pasice haben erneut einen sicheren Besuch des Partisanenlazaretts Franja erm\u00f6glicht.<\/p>\n<\/div><\/div><div class=\"leto \"><div class=\"letnica\">2008<\/div><div class=\"leto_opis av-animated-generic right-to-left\"><p>Er\u00f6ffnung der permanenten Ausstellung Idrija-Spitze, eine mit dem Faden geschriebene Geschichte in der Burg von Idrija.<\/p>\n<\/div><\/div><div class=\"leto \"><div class=\"letnica\">2010<\/div><div class=\"leto_opis av-animated-generic right-to-left\"><p>Er\u00f6ffnung des renovierten Partisanenlazaretts Franja nach dem zerst\u00f6renden Hochwasser im September 2007.<\/p>\n<\/div><\/div><div class=\"leto \"><div class=\"letnica\">2012<\/div><div class=\"leto_opis av-animated-generic right-to-left\"><p>Quecksilbererbe. Almad\u00e9n und Idrija wurden auf die Liste des Weltkulturerbes von Unesco aufgenommen; das Museum betreibt viele Denkm\u00e4ler, welche auf die Unesco-Liste aufgenommen worden sind.<\/p>\n<\/div><\/div><div class=\"leto \"><div class=\"letnica\">2012\u20132014<\/div><div class=\"leto_opis av-animated-generic right-to-left\"><p>Das Museum ver\u00f6ffentlicht die erste Monographie \u00fcber die Idrija-Spitze in slowenischer und englischer Sprache <em>(Die Idrija-Spitze, eine mit dem Faden geschriebene Geschichte)<\/em>.<\/p>\n<\/div><\/div><div class=\"leto \"><div class=\"letnica\">2013<\/div><div class=\"leto_opis av-animated-generic right-to-left\"><p>Kl\u00f6ppeln der Idrija-Spitze ist durch die Initiative des Museums in das Register des immateriellen Kulturerbes eingetragen worden.<\/p>\n<p>Die permanente Ausstellung \u00fcber das Unesco-Erbe von Idrija und Almad\u00e9n mit dem Titel Auf den Spuren des Merkurs: Idrija und Almad\u00e9n er\u00f6ffnet worden.<\/p>\n<\/div><\/div><div class=\"leto \"><div class=\"letnica\">2014<\/div><div class=\"leto_opis av-animated-generic right-to-left\"><p>Eisregen besch\u00e4digte die Umgebung von Partisanendruckerei Slovenija, die Druckerei selbst blieb unbesch\u00e4digt.<\/p>\n<\/div><\/div><div class=\"leto \"><div class=\"letnica\">2017<\/div><div class=\"leto_opis av-animated-generic right-to-left\"><p>Mit statischer Sanierung von Arkadenpfeiler und Renovierung von Arkadenganges wurden die Hauptsanierungsarbeiten in der Burg Gewerkenegg abgeschlossen.<\/p>\n<\/div><\/div><div class=\"leto \"><div class=\"letnica\">2018<\/div><div class=\"leto_opis av-animated-generic right-to-left\"><p>Neugestaltung vom Lapidarium, in welchem die epigraphischen Denkm\u00e4ler vom 16. bis zum 19. Jahrhundert ausgestellt sind.<\/p>\n<p>Das Kl\u00f6ppeln von Spitze in Slowenien wurde auf die Repr\u00e4sentative Liste des immateriellen Kulturerbes der Menschheit von Unesco aufgenommen; das Museum hat an der Vorbereitung der Nominierung teilgenommen.<\/p>\n<\/div><\/div><\/div>\n<\/div><\/section>\n\n","protected":false},"excerpt":{"rendered":"","protected":false},"author":1,"featured_media":0,"parent":5746,"menu_order":0,"comment_status":"closed","ping_status":"closed","template":"template-o-muzeju_zgodovina-muzeja.php","meta":{"_acf_changed":false,"footnotes":""},"class_list":["post-5855","page","type-page","status-publish","hentry"],"acf":[],"yoast_head":"<!-- This site is optimized with the Yoast SEO plugin v27.2 - https:\/\/yoast.com\/product\/yoast-seo-wordpress\/ -->\n<title>Museumsgeschichte - Mestni muzej Idrija<\/title>\n<meta name=\"description\" content=\"Lesen Sie mehr \u00fcber die Ereignisse, welche seit der Er\u00f6ffnung im Jahr 1953 und bis heute am st\u00e4rksten die Entwicklung unseres Museums gepr\u00e4gt haben und unser Erbe in die Welt gebracht haben.\" \/>\n<meta name=\"robots\" content=\"index, follow, max-snippet:-1, max-image-preview:large, max-video-preview:-1\" \/>\n<link rel=\"canonical\" href=\"https:\/\/www.muzej-idrija-cerkno.si\/de\/ueber-das-museum\/museumsgeschichte\/\" \/>\n<meta property=\"og:locale\" content=\"de_DE\" \/>\n<meta property=\"og:type\" content=\"article\" \/>\n<meta property=\"og:title\" content=\"Museumsgeschichte - Mestni muzej Idrija\" \/>\n<meta property=\"og:description\" content=\"Lesen Sie mehr \u00fcber die Ereignisse, welche seit der Er\u00f6ffnung im Jahr 1953 und bis heute am st\u00e4rksten die Entwicklung unseres Museums gepr\u00e4gt haben und unser Erbe in die Welt gebracht haben.\" \/>\n<meta property=\"og:url\" content=\"https:\/\/www.muzej-idrija-cerkno.si\/de\/ueber-das-museum\/museumsgeschichte\/\" \/>\n<meta property=\"og:site_name\" content=\"Mestni muzej Idrija\" \/>\n<meta property=\"article:modified_time\" content=\"2019-12-19T08:48:54+00:00\" \/>\n<meta name=\"twitter:card\" content=\"summary_large_image\" \/>\n<meta name=\"twitter:label1\" content=\"Gesch\u00e4tzte Lesezeit\" \/>\n\t<meta name=\"twitter:data1\" content=\"3\u00a0Minuten\" \/>\n<script type=\"application\/ld+json\" class=\"yoast-schema-graph\">{\"@context\":\"https:\/\/schema.org\",\"@graph\":[{\"@type\":\"WebPage\",\"@id\":\"https:\/\/www.muzej-idrija-cerkno.si\/de\/ueber-das-museum\/museumsgeschichte\/\",\"url\":\"https:\/\/www.muzej-idrija-cerkno.si\/de\/ueber-das-museum\/museumsgeschichte\/\",\"name\":\"Museumsgeschichte - Mestni muzej Idrija\",\"isPartOf\":{\"@id\":\"https:\/\/www.muzej-idrija-cerkno.si\/#website\"},\"datePublished\":\"2019-12-18T09:53:12+00:00\",\"dateModified\":\"2019-12-19T08:48:54+00:00\",\"description\":\"Lesen Sie mehr \u00fcber die Ereignisse, welche seit der Er\u00f6ffnung im Jahr 1953 und bis heute am st\u00e4rksten die Entwicklung unseres Museums gepr\u00e4gt haben und unser Erbe in die Welt gebracht haben.\",\"breadcrumb\":{\"@id\":\"https:\/\/www.muzej-idrija-cerkno.si\/de\/ueber-das-museum\/museumsgeschichte\/#breadcrumb\"},\"inLanguage\":\"de\",\"potentialAction\":[{\"@type\":\"ReadAction\",\"target\":[\"https:\/\/www.muzej-idrija-cerkno.si\/de\/ueber-das-museum\/museumsgeschichte\/\"]}]},{\"@type\":\"BreadcrumbList\",\"@id\":\"https:\/\/www.muzej-idrija-cerkno.si\/de\/ueber-das-museum\/museumsgeschichte\/#breadcrumb\",\"itemListElement\":[{\"@type\":\"ListItem\",\"position\":1,\"name\":\"Home\",\"item\":\"https:\/\/www.muzej-idrija-cerkno.si\/de\/\"},{\"@type\":\"ListItem\",\"position\":2,\"name\":\"\u00dcber das Museum\",\"item\":\"https:\/\/www.muzej-idrija-cerkno.si\/de\/ueber-das-museum\/\"},{\"@type\":\"ListItem\",\"position\":3,\"name\":\"Museumsgeschichte\"}]},{\"@type\":\"WebSite\",\"@id\":\"https:\/\/www.muzej-idrija-cerkno.si\/#website\",\"url\":\"https:\/\/www.muzej-idrija-cerkno.si\/\",\"name\":\"Mestni muzej Idrija\",\"description\":\"\u0160e eno spleti\u0161\u010de WordPress\",\"potentialAction\":[{\"@type\":\"SearchAction\",\"target\":{\"@type\":\"EntryPoint\",\"urlTemplate\":\"https:\/\/www.muzej-idrija-cerkno.si\/?s={search_term_string}\"},\"query-input\":{\"@type\":\"PropertyValueSpecification\",\"valueRequired\":true,\"valueName\":\"search_term_string\"}}],\"inLanguage\":\"de\"}]}<\/script>\n<!-- \/ Yoast SEO plugin. -->","yoast_head_json":{"title":"Museumsgeschichte - Mestni muzej Idrija","description":"Lesen Sie mehr \u00fcber die Ereignisse, welche seit der Er\u00f6ffnung im Jahr 1953 und bis heute am st\u00e4rksten die Entwicklung unseres Museums gepr\u00e4gt haben und unser Erbe in die Welt gebracht haben.","robots":{"index":"index","follow":"follow","max-snippet":"max-snippet:-1","max-image-preview":"max-image-preview:large","max-video-preview":"max-video-preview:-1"},"canonical":"https:\/\/www.muzej-idrija-cerkno.si\/de\/ueber-das-museum\/museumsgeschichte\/","og_locale":"de_DE","og_type":"article","og_title":"Museumsgeschichte - Mestni muzej Idrija","og_description":"Lesen Sie mehr \u00fcber die Ereignisse, welche seit der Er\u00f6ffnung im Jahr 1953 und bis heute am st\u00e4rksten die Entwicklung unseres Museums gepr\u00e4gt haben und unser Erbe in die Welt gebracht haben.","og_url":"https:\/\/www.muzej-idrija-cerkno.si\/de\/ueber-das-museum\/museumsgeschichte\/","og_site_name":"Mestni muzej Idrija","article_modified_time":"2019-12-19T08:48:54+00:00","twitter_card":"summary_large_image","twitter_misc":{"Gesch\u00e4tzte Lesezeit":"3\u00a0Minuten"},"schema":{"@context":"https:\/\/schema.org","@graph":[{"@type":"WebPage","@id":"https:\/\/www.muzej-idrija-cerkno.si\/de\/ueber-das-museum\/museumsgeschichte\/","url":"https:\/\/www.muzej-idrija-cerkno.si\/de\/ueber-das-museum\/museumsgeschichte\/","name":"Museumsgeschichte - Mestni muzej Idrija","isPartOf":{"@id":"https:\/\/www.muzej-idrija-cerkno.si\/#website"},"datePublished":"2019-12-18T09:53:12+00:00","dateModified":"2019-12-19T08:48:54+00:00","description":"Lesen Sie mehr \u00fcber die Ereignisse, welche seit der Er\u00f6ffnung im Jahr 1953 und bis heute am st\u00e4rksten die Entwicklung unseres Museums gepr\u00e4gt haben und unser Erbe in die Welt gebracht haben.","breadcrumb":{"@id":"https:\/\/www.muzej-idrija-cerkno.si\/de\/ueber-das-museum\/museumsgeschichte\/#breadcrumb"},"inLanguage":"de","potentialAction":[{"@type":"ReadAction","target":["https:\/\/www.muzej-idrija-cerkno.si\/de\/ueber-das-museum\/museumsgeschichte\/"]}]},{"@type":"BreadcrumbList","@id":"https:\/\/www.muzej-idrija-cerkno.si\/de\/ueber-das-museum\/museumsgeschichte\/#breadcrumb","itemListElement":[{"@type":"ListItem","position":1,"name":"Home","item":"https:\/\/www.muzej-idrija-cerkno.si\/de\/"},{"@type":"ListItem","position":2,"name":"\u00dcber das Museum","item":"https:\/\/www.muzej-idrija-cerkno.si\/de\/ueber-das-museum\/"},{"@type":"ListItem","position":3,"name":"Museumsgeschichte"}]},{"@type":"WebSite","@id":"https:\/\/www.muzej-idrija-cerkno.si\/#website","url":"https:\/\/www.muzej-idrija-cerkno.si\/","name":"Mestni muzej Idrija","description":"\u0160e eno spleti\u0161\u010de WordPress","potentialAction":[{"@type":"SearchAction","target":{"@type":"EntryPoint","urlTemplate":"https:\/\/www.muzej-idrija-cerkno.si\/?s={search_term_string}"},"query-input":{"@type":"PropertyValueSpecification","valueRequired":true,"valueName":"search_term_string"}}],"inLanguage":"de"}]}},"_links":{"self":[{"href":"https:\/\/www.muzej-idrija-cerkno.si\/de\/wp-json\/wp\/v2\/pages\/5855","targetHints":{"allow":["GET"]}}],"collection":[{"href":"https:\/\/www.muzej-idrija-cerkno.si\/de\/wp-json\/wp\/v2\/pages"}],"about":[{"href":"https:\/\/www.muzej-idrija-cerkno.si\/de\/wp-json\/wp\/v2\/types\/page"}],"author":[{"embeddable":true,"href":"https:\/\/www.muzej-idrija-cerkno.si\/de\/wp-json\/wp\/v2\/users\/1"}],"replies":[{"embeddable":true,"href":"https:\/\/www.muzej-idrija-cerkno.si\/de\/wp-json\/wp\/v2\/comments?post=5855"}],"version-history":[{"count":2,"href":"https:\/\/www.muzej-idrija-cerkno.si\/de\/wp-json\/wp\/v2\/pages\/5855\/revisions"}],"predecessor-version":[{"id":7935,"href":"https:\/\/www.muzej-idrija-cerkno.si\/de\/wp-json\/wp\/v2\/pages\/5855\/revisions\/7935"}],"up":[{"embeddable":true,"href":"https:\/\/www.muzej-idrija-cerkno.si\/de\/wp-json\/wp\/v2\/pages\/5746"}],"wp:attachment":[{"href":"https:\/\/www.muzej-idrija-cerkno.si\/de\/wp-json\/wp\/v2\/media?parent=5855"}],"curies":[{"name":"wp","href":"https:\/\/api.w.org\/{rel}","templated":true}]}}