{"id":5454,"date":"2018-07-20T14:50:38","date_gmt":"2018-07-20T12:50:38","guid":{"rendered":"https:\/\/www.muzej-idrija-cerkno.si\/obiscite-nas\/kam-na-izlet\/"},"modified":"2019-12-18T10:53:07","modified_gmt":"2019-12-18T09:53:07","slug":"kam-na-izlet","status":"publish","type":"page","link":"https:\/\/www.muzej-idrija-cerkno.si\/de\/obiscite-nas\/kam-na-izlet\/","title":{"rendered":"Ausflugsziele"},"content":{"rendered":"\n<style type=\"text\/css\" data-created_by=\"avia_inline_auto\" id=\"style-css-av-jkc338aw-528a0c82730fdba7b9c22ca843fa7756\">\n.avia-section.av-jkc338aw-528a0c82730fdba7b9c22ca843fa7756{\nbackground-repeat:no-repeat;\nbackground-image:url(https:\/\/www.muzej-idrija-cerkno.si\/wp-content\/uploads\/2018\/08\/aktualno-header-1.jpg);\nbackground-position:0% 0%;\nbackground-attachment:scroll;\n}\n<\/style>\n<div id='av_section_1'  class='avia-section av-jkc338aw-528a0c82730fdba7b9c22ca843fa7756 main_color avia-section-default avia-no-border-styling  avia-builder-el-0  el_before_av_section  avia-builder-el-first  aktualno-header avia-bg-style-scroll av-minimum-height av-minimum-height-custom av-height-custom  container_wrap fullsize'  data-section-bg-repeat='no-repeat' data-av_minimum_height_px='460'><div class='container av-section-cont-open' style='height:460px'><main  role=\"main\" itemprop=\"mainContentOfPage\"  class='template-page content  av-content-full alpha units'><div class='post-entry post-entry-type-page post-entry-5454'><div class='entry-content-wrapper clearfix'>\n<section  class='av_textblock_section av-jkc35m6x-ba7822a8e40bd58317fc2c8c714a2c5c '   itemscope=\"itemscope\" itemtype=\"https:\/\/schema.org\/CreativeWork\" ><div class='avia_textblock breadcrumbs'  itemprop=\"text\" ><div class=\"bcwrap\"><a href=\"https:\/\/www.muzej-idrija-cerkno.si\">Startseite<\/a><span class=\"bcsep\"><\/span><a href=\"https:\/\/www.muzej-idrija-cerkno.si\/de\/obiscite-nas\/\">Besuchen Sie uns<\/a><span class=\"bcsep\"><\/span><span class=\"currbc\">Ausflugsziele<\/span><\/div>\n<\/div><\/section>\n<section  class='av_textblock_section av-jkc35uy8-8f8ccf999c9af147f390caa6ca7f8d2b '   itemscope=\"itemscope\" itemtype=\"https:\/\/schema.org\/CreativeWork\" ><div class='avia_textblock'  itemprop=\"text\" ><h1>Ausflugsziele<\/h1>\n<\/div><\/section>\n\n<\/div><\/div><\/main><!-- close content main element --><\/div><\/div><div id='kam-na-izlet'  class='avia-section av-1v5pr-9c7be6f7938f15a658d15cf61c2db15c main_color avia-section-default avia-no-border-styling  avia-builder-el-3  el_after_av_section  el_before_av_section  avia-bg-style-scroll container_wrap fullsize'  ><div class='container av-section-cont-open' ><div class='template-page content  av-content-full alpha units'><div class='post-entry post-entry-type-page post-entry-5454'><div class='entry-content-wrapper clearfix'>\n\n<style type=\"text\/css\" data-created_by=\"avia_inline_auto\" id=\"style-css-av-19czr-856fdfb8f8947459c529922c966dac70\">\n.flex_column.av-19czr-856fdfb8f8947459c529922c966dac70{\nborder-radius:0px 0px 0px 0px;\npadding:0px 0px 0px 0px;\n}\n<\/style>\n<div  class='flex_column av-19czr-856fdfb8f8947459c529922c966dac70 av_one_half  avia-builder-el-4  el_before_av_one_half  avia-builder-el-first  first flex_column_div av-zero-column-padding  '     ><section  class='av_textblock_section av-jl6b0amu-dcb5cabfa42a23f47019bbb9deb31cdb '   itemscope=\"itemscope\" itemtype=\"https:\/\/schema.org\/CreativeWork\" ><div class='avia_textblock'  itemprop=\"text\" ><h2>Haben Sie schon die Region von Idrija und Cerkno besucht?<\/h2>\n<p>Die h\u00fcgelige Landschaft mit zahlreichen Bergschluchten befindet sich im westlichen Teil Sloweniens, am \u00e4u\u00dfersten Rand Der K\u00fcstenregion, welche auf die Region des So\u010da-Flusses grenzt. Auf Bergen erstrecken sich bildhafte D\u00f6rfer. Die gr\u00f6\u00dften Verwaltungseinheiten sind Idrija und Cerkno.<\/p>\n<p>F\u00fcr ein leichteres Entdecken von Idrija und Cerkno haben wir f\u00fcr Sie ein paar Ideen vorbereitet.<\/p>\n<\/div><\/section><\/div>\n<style type=\"text\/css\" data-created_by=\"avia_inline_auto\" id=\"style-css-av-1158j-6252224cc5f60492633f71079a0cfb66\">\n.flex_column.av-1158j-6252224cc5f60492633f71079a0cfb66{\nborder-radius:0px 0px 0px 0px;\npadding:0px 0px 0px 0px;\n}\n<\/style>\n<div  class='flex_column av-1158j-6252224cc5f60492633f71079a0cfb66 av_one_half  avia-builder-el-6  el_after_av_one_half  avia-builder-el-last  flex_column_div av-zero-column-padding  '     ><section  class='av_textblock_section av-jl6b0amu-dcb5cabfa42a23f47019bbb9deb31cdb '   itemscope=\"itemscope\" itemtype=\"https:\/\/schema.org\/CreativeWork\" ><div class='avia_textblock'  itemprop=\"text\" ><div class=\"kam_na_izlet_zanimivosti bgedelements\"><div class=\"posamezen_post\"><div class=\"innerpost\" style=\"background-image:url(https:\/\/www.muzej-idrija-cerkno.si\/wp-content\/uploads\/2018\/10\/bg_kam_na_izlet-1.jpg);\"><h4>Haben Sie gewusst?<\/h4><div class=\"wrap_izleti_slider\"><div class=\"ste_vedeli_slide\"><div class=\"slideimg\"><img decoding=\"async\" src=\"https:\/\/www.muzej-idrija-cerkno.si\/wp-content\/uploads\/2018\/09\/stevedeli.jpg\"><\/div><div class=\"slidetext\">Laut der Legende entdeckte das Quecksilber in dem Becken beim Zusammenfluss von Idrijca und Nikova ein Hersteller von Holzgeschirr. Der legend\u00e4re Hersteller von Holzgeschirr wurde von Janko Tro\u0161t dargestellt, dem Anreger zur Gr\u00fcndung des Museums von Idrija und vielseitigen Kulturarbeiter.<\/div><\/div><div class=\"ste_vedeli_slide\"><div class=\"slideimg\"><img decoding=\"async\" src=\"https:\/\/www.muzej-idrija-cerkno.si\/wp-content\/uploads\/2018\/09\/stevedeli-vovkalica.jpg\"><\/div><div class=\"slidetext\">Das beliebte Tischspiel Volkalca spielten mit kleinen Bohnen Erwachsene und vor allem Kinder.<\/div><\/div><div class=\"ste_vedeli_slide\"><div class=\"slideimg\"><img decoding=\"async\" src=\"https:\/\/www.muzej-idrija-cerkno.si\/wp-content\/uploads\/2018\/09\/stevedeli-partizanski-dnevnik.jpg\"><\/div><div class=\"slidetext\">Zu den Redakteuren des Partisanentagebuchs, gedruckt von Partisanendruckerei Slovenija, geh\u00f6rte auch der Schriftsteller France Bevk.<\/div><\/div><div class=\"ste_vedeli_slide\"><div class=\"slideimg\"><img decoding=\"async\" src=\"https:\/\/www.muzej-idrija-cerkno.si\/wp-content\/uploads\/2018\/09\/stevedeli-kosrude.jpg\"><\/div><div class=\"slidetext\">Ein St\u00fcck des Erzes Cinnabarit auf der Ausstellung F\u00fcnf Jahrhunderte des Quecksilberbergwerkes und der Stadt Idrija in der Burg Gewerkenegg wiegt 9,6\u00a0kg. Das reichste Erz, welches auch bis zur 70 Prozent Quecksilber beinhaltete, haben die Bergm\u00e4nner auch Stahlerz genannt.<\/div><\/div><div class=\"ste_vedeli_slide\"><div class=\"slideimg\"><img decoding=\"async\" src=\"https:\/\/www.muzej-idrija-cerkno.si\/wp-content\/uploads\/2018\/09\/stevedeli-partizanskabolnica.jpg\"><\/div><div class=\"slidetext\">W\u00e4hrend des schnellen Baus von neuen Baracken im Lazarett Franja wurde im Mai 1944 auch ein Wasserspiel erbaut. Zuerst hatte das Wasserspiel die Form eines f\u00fcnfzackigen Sterns, musste aber auf Forderung der \u00c4rztin Franja umgeformt werden. Die Verwundeten und Personal freuten sich \u00fcber das Wasserspiel wie kleine Kinder.<\/div><\/div><div class=\"ste_vedeli_slide\"><div class=\"slideimg\"><img decoding=\"async\" src=\"https:\/\/www.muzej-idrija-cerkno.si\/wp-content\/uploads\/2018\/09\/stevedeli-franja.jpg\"><\/div><div class=\"slidetext\">Die \u00c4rztin Franja Bojc heiratete w\u00e4hrend des Kriegs (und nahm den Nachnamen Bidovec) in der nahegelegenen Sammelstelle f\u00fcr Verwundete im Gasthaus in Log, die Feier fand aber im Lazarett Franja statt. <\/div><\/div><div class=\"ste_vedeli_slide\"><div class=\"slideimg\"><img decoding=\"async\" src=\"https:\/\/www.muzej-idrija-cerkno.si\/wp-content\/uploads\/2018\/09\/stevedeli-kamst.jpg\"><\/div><div class=\"slidetext\">Das Wasserrad der Wasserpumpe Idrijska kam\u0161t hat einen Durchmesser von 13,6\u00a0m, was auch der Wert der Dichte von Quecksilber (kg\/dm3) ist.<\/div><\/div><\/div><\/div><\/div><\/div>\n<\/div><\/section><\/div>\n\n<\/div><\/div><\/div><!-- close content main div --><\/div><\/div><div id='av_section_3'  class='avia-section av-wh0z-d67cbd621c782a0b665cd02d21b32dfc main_color avia-section-default avia-no-border-styling  avia-builder-el-8  el_after_av_section  avia-builder-el-last  avia-bg-style-scroll container_wrap fullsize'  ><div class='container av-section-cont-open' ><div class='template-page content  av-content-full alpha units'><div class='post-entry post-entry-type-page post-entry-5454'><div class='entry-content-wrapper clearfix'>\n<section  class='av_textblock_section av-jl6bhgjg-48c8e4a4e2d2009af50938120913e54b '   itemscope=\"itemscope\" itemtype=\"https:\/\/schema.org\/CreativeWork\" ><div class='avia_textblock nasi-predlogi'  itemprop=\"text\" ><h2 style=\"text-align: center;\">Unsere Tipps f\u00fcr Ihren Ausflug<\/h2>\n<div class=\"wrap_izleti_list\"><div class=\"izlet\"><div class=\"av_one_half slika_izleta first\"><img decoding=\"async\" src=\"https:\/\/www.muzej-idrija-cerkno.si\/wp-content\/uploads\/2018\/07\/Grad-Gewerkenegg-zunaj-1.jpg\"><\/div><div class=\"av_one_half vsebina_izleta \"><h3>Ganztagesausflug f\u00fcr Senioren<\/h3><div class=\"wrap_timeline\"><div class=\"leto\"><div class=\"leto_opis\"><strong>Divje jezero  <\/strong>(1\u00a0km vor Idrija aus Richtung Ljubljana, Abzweigung nach Idrijska Bela)<\/p>\n<\/div><\/div><div class=\"leto\"><div class=\"leto_opis\"><strong>Burg Gewerkenegg <\/strong>(Idrija)<\/p>\n<\/div><\/div><div class=\"leto\"><div class=\"leto_opis\"><strong>Wasserpumpe Idrijska kam\u0161t <\/strong>oder ein Besuch von Gesch\u00e4ften mit Idrija-Spitze mit dem Einkauf (Idrija)<\/p>\nMittagessen\/Gasthaus Barbara, Gasthaus Kos, Gasthaus \u0160kafar, Gasthaus Ga\u010dnk in Log<\/p>\n<\/div><\/div><div class=\"leto\"><div class=\"leto_opis\"><strong>Partisanenlazarett Franja &#8211; wegen Sturmsch\u00e4den GESCHLOSSEN <\/strong>(Dolenji Novaki bei Cerkno)<\/p>\n<\/div><\/div><\/div><div class=\"avia-button-wrap avia-button-left  avia-builder-el-5  el_after_av_textblock  avia-builder-el-last  ow-button \"><a href=\"https:\/\/www.muzej-idrija-cerkno.si\/de\/izlet\/ganztagesausflug-fuer-senioren\/\" class=\"avia-button   avia-icon_select-no avia-color-theme-color avia-size-small avia-position-left \"><span class=\"avia_iconbox_title\">N\u00e4heres zum Ausflug<\/span><\/a><\/div><\/div><\/div><div class=\"izlet\"><div class=\"av_one_half vsebina_izleta first\"><h3>Sonntagsfamilienausflug<\/h3><div class=\"wrap_timeline\"><div class=\"leto\"><div class=\"leto_opis\"><strong>Partisanenlazarett Franja &#8211; wegen Sturmsch\u00e4den GESCHLOSSEN <\/strong>(Dolenji Novaki bei Cerkno) Mittagessen\/Gasthaus Ga\u010dnk in Log, Imbisstube Pr&#8216; Padkejc, Gasthaus und Pizzeria Pr&#8216; \u0160truklu<\/p>\n<\/div><\/div><div class=\"leto\"><div class=\"leto_opis\"><strong>Museum von Cerkno <\/strong><strong>\u2013 Ausstellung \u00fcber die Laufarji von Cerkno<\/strong> (Cerkno)<\/p>\n<\/div><\/div><div class=\"leto\"><div class=\"leto_opis\"><strong>Wasserpumpe Idrijska kam\u0161t <\/strong>Und der Spaziergang durch die Stadtmitte mit einer Eispause\/Konditorei Gabron, Konditorei Amigos, Kaffeehaus und Konditorei Emilija (Idrija)<\/p>\n<\/div><\/div><div class=\"leto\"><div class=\"leto_opis\"><strong>Wildsee Divje jezero und Naturbadeort Laj\u0161t in Idrijska Bela <\/strong>(1\u00a0km aus Idrija Richtung Idrija\u2013Ljubljana, Abzweigung nach Idrijska Bela).<\/p>\n<\/div><\/div><\/div><div class=\"avia-button-wrap avia-button-left  avia-builder-el-5  el_after_av_textblock  avia-builder-el-last  ow-button \"><a href=\"https:\/\/www.muzej-idrija-cerkno.si\/de\/izlet\/sonntagsfamilienausflug\/\" class=\"avia-button   avia-icon_select-no avia-color-theme-color avia-size-small avia-position-left \"><span class=\"avia_iconbox_title\">N\u00e4heres zum Ausflug<\/span><\/a><\/div><\/div><div class=\"av_one_half slika_izleta moveup\"><img decoding=\"async\" src=\"https:\/\/www.muzej-idrija-cerkno.si\/wp-content\/uploads\/2018\/11\/cerkljanski-muzej-zemljevid.jpg\"><\/div><\/div><div class=\"izlet\"><div class=\"av_one_half slika_izleta first\"><img decoding=\"async\" src=\"https:\/\/www.muzej-idrija-cerkno.si\/wp-content\/uploads\/2018\/09\/IMG_3221.jpg\"><\/div><div class=\"av_one_half vsebina_izleta \"><h3>Ein halbt\u00e4giger Ausflug f\u00fcr Gruppen \u2013 Auf den Spuren von herzlichen Menschen und flei\u00dfigen H\u00e4nden<\/h3><div class=\"wrap_timeline\"><div class=\"leto\"><div class=\"leto_opis\"><strong>Partisanenlazarett Franja &#8211; wegen Sturmsch\u00e4den GESCHLOSSEN <\/strong>(Dolenji Novaki bei Cerkno)<\/p>\n<\/div><\/div><div class=\"leto\"><div class=\"leto_opis\"><strong>Burg Gewerkenegg <\/strong><strong>\u2013 Ausstellung \u00fcber die Idrija-Spitze<\/strong><\/p>\nMittagessen\/Gasthaus Barbara, Gasthaus Kos, Gasthaus Pri \u0160kafarju (Idrija)<\/p>\n<\/div><\/div><div class=\"leto\"><div class=\"leto_opis\"><strong>Divje jezero <\/strong>(1\u00a0km aus Idrija Richtung Idrija\u2013Ljubljana, Abzweigung nach Idrijska Bela)<\/p>\n<\/div><\/div><\/div><div class=\"avia-button-wrap avia-button-left  avia-builder-el-5  el_after_av_textblock  avia-builder-el-last  ow-button \"><a href=\"https:\/\/www.muzej-idrija-cerkno.si\/de\/izlet\/ein-halbtaegiger-ausflug-fuer-gruppen-auf-den-spuren-von-herzlichen-menschen-und-fleissigen-haenden\/\" class=\"avia-button   avia-icon_select-no avia-color-theme-color avia-size-small avia-position-left \"><span class=\"avia_iconbox_title\">N\u00e4heres zum Ausflug<\/span><\/a><\/div><\/div><\/div><div class=\"izlet\"><div class=\"av_one_half vsebina_izleta first\"><h3>Halbt\u00e4giger Ausflug f\u00fcr Gruppen \u2013 das Unesco-Abenteuer von Idrija<\/h3><div class=\"wrap_timeline\"><div class=\"leto\"><div class=\"leto_opis\"><strong>Burg Gewerkenegg <\/strong>(Idrija)<\/p>\n<\/div><\/div><div class=\"leto\"><div class=\"leto_opis\"><strong>Bergmannshaus von Idrija <\/strong>Mittagessen\/Gasthaus Barbara, Gasthaus Kos, Gasthaus Pri \u0160kafarju (Idrija)<\/p>\n<\/div><\/div><div class=\"leto\"><div class=\"leto_opis\"><strong>Divje jezero <\/strong>(1\u00a0km aus Idrija Richtung Idrija\u2013Ljubljana, Abzweigung nach Idrijska Bela).<\/p>\n<\/div><\/div><\/div><div class=\"avia-button-wrap avia-button-left  avia-builder-el-5  el_after_av_textblock  avia-builder-el-last  ow-button \"><a href=\"https:\/\/www.muzej-idrija-cerkno.si\/de\/izlet\/halbtaegiger-ausflug-fuer-gruppen-das-unesco-abenteuer-von-idrija\/\" class=\"avia-button   avia-icon_select-no avia-color-theme-color avia-size-small avia-position-left \"><span class=\"avia_iconbox_title\">N\u00e4heres zum Ausflug<\/span><\/a><\/div><\/div><div class=\"av_one_half slika_izleta moveup\"><img decoding=\"async\" src=\"https:\/\/www.muzej-idrija-cerkno.si\/wp-content\/uploads\/2018\/07\/Rudarska-hisa-galerija-jedilnica-1.jpg\"><\/div><\/div><\/div>\n<\/div><\/section>\n\n","protected":false},"excerpt":{"rendered":"","protected":false},"author":1,"featured_media":0,"parent":5441,"menu_order":0,"comment_status":"closed","ping_status":"closed","template":"template-kam-na-izlet.php","meta":{"_acf_changed":false,"footnotes":""},"class_list":["post-5454","page","type-page","status-publish","hentry"],"acf":[],"yoast_head":"<!-- This site is optimized with the Yoast SEO plugin v27.2 - https:\/\/yoast.com\/product\/yoast-seo-wordpress\/ -->\n<title>Ausflugsziele - Mestni muzej Idrija<\/title>\n<meta name=\"description\" content=\"Machen sie auch einen Ausflug durch die bildhafte Welt der Region Idrija und Cerkno und genie\u00dfen Sie mithilfe unserer Ausflugstipps in unserem reichen Erbe.\" \/>\n<meta name=\"robots\" content=\"index, follow, max-snippet:-1, max-image-preview:large, max-video-preview:-1\" \/>\n<link rel=\"canonical\" href=\"https:\/\/www.muzej-idrija-cerkno.si\/de\/obiscite-nas\/kam-na-izlet\/\" \/>\n<meta property=\"og:locale\" content=\"de_DE\" \/>\n<meta property=\"og:type\" content=\"article\" \/>\n<meta property=\"og:title\" content=\"Ausflugsziele - Mestni muzej Idrija\" \/>\n<meta property=\"og:description\" content=\"Machen sie auch einen Ausflug durch die bildhafte Welt der Region Idrija und Cerkno und genie\u00dfen Sie mithilfe unserer Ausflugstipps in unserem reichen Erbe.\" \/>\n<meta property=\"og:url\" content=\"https:\/\/www.muzej-idrija-cerkno.si\/de\/obiscite-nas\/kam-na-izlet\/\" \/>\n<meta property=\"og:site_name\" content=\"Mestni muzej Idrija\" \/>\n<meta property=\"article:modified_time\" content=\"2019-12-18T09:53:07+00:00\" \/>\n<meta name=\"twitter:card\" content=\"summary_large_image\" \/>\n<meta name=\"twitter:label1\" content=\"Gesch\u00e4tzte Lesezeit\" \/>\n\t<meta name=\"twitter:data1\" content=\"4\u00a0Minuten\" \/>\n<script type=\"application\/ld+json\" class=\"yoast-schema-graph\">{\"@context\":\"https:\/\/schema.org\",\"@graph\":[{\"@type\":\"WebPage\",\"@id\":\"https:\/\/www.muzej-idrija-cerkno.si\/de\/obiscite-nas\/kam-na-izlet\/\",\"url\":\"https:\/\/www.muzej-idrija-cerkno.si\/de\/obiscite-nas\/kam-na-izlet\/\",\"name\":\"Ausflugsziele - Mestni muzej Idrija\",\"isPartOf\":{\"@id\":\"https:\/\/www.muzej-idrija-cerkno.si\/#website\"},\"datePublished\":\"2018-07-20T12:50:38+00:00\",\"dateModified\":\"2019-12-18T09:53:07+00:00\",\"description\":\"Machen sie auch einen Ausflug durch die bildhafte Welt der Region Idrija und Cerkno und genie\u00dfen Sie mithilfe unserer Ausflugstipps in unserem reichen Erbe.\",\"breadcrumb\":{\"@id\":\"https:\/\/www.muzej-idrija-cerkno.si\/de\/obiscite-nas\/kam-na-izlet\/#breadcrumb\"},\"inLanguage\":\"de\",\"potentialAction\":[{\"@type\":\"ReadAction\",\"target\":[\"https:\/\/www.muzej-idrija-cerkno.si\/de\/obiscite-nas\/kam-na-izlet\/\"]}]},{\"@type\":\"BreadcrumbList\",\"@id\":\"https:\/\/www.muzej-idrija-cerkno.si\/de\/obiscite-nas\/kam-na-izlet\/#breadcrumb\",\"itemListElement\":[{\"@type\":\"ListItem\",\"position\":1,\"name\":\"Home\",\"item\":\"https:\/\/www.muzej-idrija-cerkno.si\/de\/\"},{\"@type\":\"ListItem\",\"position\":2,\"name\":\"Besuchen Sie uns\",\"item\":\"https:\/\/www.muzej-idrija-cerkno.si\/de\/obiscite-nas\/\"},{\"@type\":\"ListItem\",\"position\":3,\"name\":\"Ausflugsziele\"}]},{\"@type\":\"WebSite\",\"@id\":\"https:\/\/www.muzej-idrija-cerkno.si\/#website\",\"url\":\"https:\/\/www.muzej-idrija-cerkno.si\/\",\"name\":\"Mestni muzej Idrija\",\"description\":\"\u0160e eno spleti\u0161\u010de WordPress\",\"potentialAction\":[{\"@type\":\"SearchAction\",\"target\":{\"@type\":\"EntryPoint\",\"urlTemplate\":\"https:\/\/www.muzej-idrija-cerkno.si\/?s={search_term_string}\"},\"query-input\":{\"@type\":\"PropertyValueSpecification\",\"valueRequired\":true,\"valueName\":\"search_term_string\"}}],\"inLanguage\":\"de\"}]}<\/script>\n<!-- \/ Yoast SEO plugin. -->","yoast_head_json":{"title":"Ausflugsziele - Mestni muzej Idrija","description":"Machen sie auch einen Ausflug durch die bildhafte Welt der Region Idrija und Cerkno und genie\u00dfen Sie mithilfe unserer Ausflugstipps in unserem reichen Erbe.","robots":{"index":"index","follow":"follow","max-snippet":"max-snippet:-1","max-image-preview":"max-image-preview:large","max-video-preview":"max-video-preview:-1"},"canonical":"https:\/\/www.muzej-idrija-cerkno.si\/de\/obiscite-nas\/kam-na-izlet\/","og_locale":"de_DE","og_type":"article","og_title":"Ausflugsziele - Mestni muzej Idrija","og_description":"Machen sie auch einen Ausflug durch die bildhafte Welt der Region Idrija und Cerkno und genie\u00dfen Sie mithilfe unserer Ausflugstipps in unserem reichen Erbe.","og_url":"https:\/\/www.muzej-idrija-cerkno.si\/de\/obiscite-nas\/kam-na-izlet\/","og_site_name":"Mestni muzej Idrija","article_modified_time":"2019-12-18T09:53:07+00:00","twitter_card":"summary_large_image","twitter_misc":{"Gesch\u00e4tzte Lesezeit":"4\u00a0Minuten"},"schema":{"@context":"https:\/\/schema.org","@graph":[{"@type":"WebPage","@id":"https:\/\/www.muzej-idrija-cerkno.si\/de\/obiscite-nas\/kam-na-izlet\/","url":"https:\/\/www.muzej-idrija-cerkno.si\/de\/obiscite-nas\/kam-na-izlet\/","name":"Ausflugsziele - Mestni muzej Idrija","isPartOf":{"@id":"https:\/\/www.muzej-idrija-cerkno.si\/#website"},"datePublished":"2018-07-20T12:50:38+00:00","dateModified":"2019-12-18T09:53:07+00:00","description":"Machen sie auch einen Ausflug durch die bildhafte Welt der Region Idrija und Cerkno und genie\u00dfen Sie mithilfe unserer Ausflugstipps in unserem reichen Erbe.","breadcrumb":{"@id":"https:\/\/www.muzej-idrija-cerkno.si\/de\/obiscite-nas\/kam-na-izlet\/#breadcrumb"},"inLanguage":"de","potentialAction":[{"@type":"ReadAction","target":["https:\/\/www.muzej-idrija-cerkno.si\/de\/obiscite-nas\/kam-na-izlet\/"]}]},{"@type":"BreadcrumbList","@id":"https:\/\/www.muzej-idrija-cerkno.si\/de\/obiscite-nas\/kam-na-izlet\/#breadcrumb","itemListElement":[{"@type":"ListItem","position":1,"name":"Home","item":"https:\/\/www.muzej-idrija-cerkno.si\/de\/"},{"@type":"ListItem","position":2,"name":"Besuchen Sie uns","item":"https:\/\/www.muzej-idrija-cerkno.si\/de\/obiscite-nas\/"},{"@type":"ListItem","position":3,"name":"Ausflugsziele"}]},{"@type":"WebSite","@id":"https:\/\/www.muzej-idrija-cerkno.si\/#website","url":"https:\/\/www.muzej-idrija-cerkno.si\/","name":"Mestni muzej Idrija","description":"\u0160e eno spleti\u0161\u010de WordPress","potentialAction":[{"@type":"SearchAction","target":{"@type":"EntryPoint","urlTemplate":"https:\/\/www.muzej-idrija-cerkno.si\/?s={search_term_string}"},"query-input":{"@type":"PropertyValueSpecification","valueRequired":true,"valueName":"search_term_string"}}],"inLanguage":"de"}]}},"_links":{"self":[{"href":"https:\/\/www.muzej-idrija-cerkno.si\/de\/wp-json\/wp\/v2\/pages\/5454","targetHints":{"allow":["GET"]}}],"collection":[{"href":"https:\/\/www.muzej-idrija-cerkno.si\/de\/wp-json\/wp\/v2\/pages"}],"about":[{"href":"https:\/\/www.muzej-idrija-cerkno.si\/de\/wp-json\/wp\/v2\/types\/page"}],"author":[{"embeddable":true,"href":"https:\/\/www.muzej-idrija-cerkno.si\/de\/wp-json\/wp\/v2\/users\/1"}],"replies":[{"embeddable":true,"href":"https:\/\/www.muzej-idrija-cerkno.si\/de\/wp-json\/wp\/v2\/comments?post=5454"}],"version-history":[{"count":3,"href":"https:\/\/www.muzej-idrija-cerkno.si\/de\/wp-json\/wp\/v2\/pages\/5454\/revisions"}],"predecessor-version":[{"id":5933,"href":"https:\/\/www.muzej-idrija-cerkno.si\/de\/wp-json\/wp\/v2\/pages\/5454\/revisions\/5933"}],"up":[{"embeddable":true,"href":"https:\/\/www.muzej-idrija-cerkno.si\/de\/wp-json\/wp\/v2\/pages\/5441"}],"wp:attachment":[{"href":"https:\/\/www.muzej-idrija-cerkno.si\/de\/wp-json\/wp\/v2\/media?parent=5454"}],"curies":[{"name":"wp","href":"https:\/\/api.w.org\/{rel}","templated":true}]}}