{"id":5417,"date":"2018-11-15T09:23:43","date_gmt":"2018-11-15T08:23:43","guid":{"rendered":"https:\/\/www.muzej-idrija-cerkno.si\/politika-zasebnosti\/"},"modified":"2019-12-18T10:53:08","modified_gmt":"2019-12-18T09:53:08","slug":"politika-zasebnosti","status":"publish","type":"page","link":"https:\/\/www.muzej-idrija-cerkno.si\/de\/politika-zasebnosti\/","title":{"rendered":"Datenschutz"},"content":{"rendered":"\n<style type=\"text\/css\" data-created_by=\"avia_inline_auto\" id=\"style-css-av-jkc338aw-528a0c82730fdba7b9c22ca843fa7756\">\n.avia-section.av-jkc338aw-528a0c82730fdba7b9c22ca843fa7756{\nbackground-repeat:no-repeat;\nbackground-image:url(https:\/\/www.muzej-idrija-cerkno.si\/wp-content\/uploads\/2018\/08\/aktualno-header-1.jpg);\nbackground-position:0% 0%;\nbackground-attachment:scroll;\n}\n<\/style>\n<div id='av_section_1'  class='avia-section av-jkc338aw-528a0c82730fdba7b9c22ca843fa7756 main_color avia-section-default avia-no-border-styling  avia-builder-el-0  el_before_av_section  avia-builder-el-first  aktualno-header avia-bg-style-scroll av-minimum-height av-minimum-height-custom av-height-custom  container_wrap fullsize'  data-section-bg-repeat='no-repeat' data-av_minimum_height_px='460'><div class='container av-section-cont-open' style='height:460px'><main  role=\"main\" itemprop=\"mainContentOfPage\"  class='template-page content  av-content-full alpha units'><div class='post-entry post-entry-type-page post-entry-5417'><div class='entry-content-wrapper clearfix'>\n<section  class='av_textblock_section av-jkc35m6x-ba7822a8e40bd58317fc2c8c714a2c5c '   itemscope=\"itemscope\" itemtype=\"https:\/\/schema.org\/CreativeWork\" ><div class='avia_textblock breadcrumbs'  itemprop=\"text\" ><div class=\"bcwrap\"><a href=\"https:\/\/www.muzej-idrija-cerkno.si\">Startseite<\/a><span class=\"bcsep\"><\/span><span class=\"currbc\">Datenschutz<\/span><\/div>\n<\/div><\/section>\n<section  class='av_textblock_section av-jkc35uy8-8f8ccf999c9af147f390caa6ca7f8d2b '   itemscope=\"itemscope\" itemtype=\"https:\/\/schema.org\/CreativeWork\" ><div class='avia_textblock'  itemprop=\"text\" ><h1>Datenschutz<\/h1>\n<\/div><\/section>\n\n<\/div><\/div><\/main><!-- close content main element --><\/div><\/div><div id='av_section_2'  class='avia-section av-31mlfy-33d8c8a0ee15b5b8a0af944418d5956e main_color avia-section-default avia-no-border-styling  avia-builder-el-3  el_after_av_section  avia-builder-el-last  avia-bg-style-scroll container_wrap fullsize'  ><div class='container av-section-cont-open' ><div class='template-page content  av-content-full alpha units'><div class='post-entry post-entry-type-page post-entry-5417'><div class='entry-content-wrapper clearfix'>\n<section  class='av_textblock_section av-joibvyb1-7b325a36f4017f31dcb8baaffc58d46f '   itemscope=\"itemscope\" itemtype=\"https:\/\/schema.org\/CreativeWork\" ><div class='avia_textblock'  itemprop=\"text\" ><h2><strong>1. Datenschutzerkl\u00e4rung<\/strong><\/h2>\n<p>Das Stadtmuseum Idrija respektiert Ihr Recht zum Datenschutz und ist verpflichtet, gem\u00e4\u00df den Gesetzen und<br \/>\nVorschriften zu handeln, welche den Personendatenschutz bestimmen. Der Zweck der Datenschutzerkl\u00e4rung ist, Sie zu<br \/>\ninformieren, wie die gesammelten personenbezogenen Daten angewendet werden und wie Sie eine \u00c4nderung beziehungsweise<br \/>\nL\u00f6schung von allen Daten, welche wir aufbewahren, verlangen k\u00f6nnen.<br \/>\nDas Stadtmuseum Idrija verpflichtet sich, die erfassten personenbezogenen Daten gem\u00e4\u00df dieser Datenschutzerkl\u00e4rung<br \/>\nzu verwenden.<\/p>\n<h2><strong>2. Allgemeines<\/strong><\/h2>\n<p>Die Benutzer dieser Internetseite k\u00f6nnen nat\u00fcrliche oder juristische Personen sein, wobei laut der EU-Datenschutz-Grundverordnung<br \/>\n(DSGVO) nur Daten von nat\u00fcrlichen Personen als personenbezogene Daten betrachtet werden.<br \/>\nDas Stadtmuseum Idrija verpflichtet sich, die personenbezogenen Daten, welche Sie uns durch die Anwendung unserer<br \/>\nInternetseite vermitteln, zu sch\u00fctzen. Zur Verhinderung von Zugriff Unbefugter zu diesen Daten oder ihrer Offenlegung,<br \/>\nzur Erhaltung der Genauigkeit dieser Daten und Sicherstellung ihrer entsprechenden Anwendung, verwenden wir unterschiedliche technische<br \/>\nund organisatorische Verfahren zum Schutz von personenbezogenen Daten gem\u00e4\u00df dem<br \/>\nDatenschutzgesetz.<br \/>\nWeil die Internetseite des Stadtmuseums Idrija auch Links zu anderen Internetseiten enth\u00e4lt, welche<br \/>\nin keiner Verbindung mit dem Stadtmuseum Idrija stehen, \u00fcbernehmen wir keine Verantwortung f\u00fcr den Datenschutz<br \/>\nauf diesen Internetseiten.<\/p>\n<h3>Besuch auf der Internetseite<\/h3>\n<p>Bei jedem Besuch auf der Internetseite des Stadtmuseums Idrija wird im Webserver mit der Anwendung von<br \/>\nGoogle Analytics eine Logdatei des Webservers gespeichert (IP-Nummer, Version des Browsers,<br \/>\nVersion des Betriebssystems, Sprache des Betriebssystems, Standort, Zeit des Besuches, Anzahl von Besuchern auf den Unterseiten<br \/>\nf\u00fcr einzelnen Besucher der Internetseite). Das Stadtmuseum Idrija bearbeitet auf diese Art erfasste Daten nicht<br \/>\ngesondert und verkn\u00fcpft sie nicht mit anderen Daten. Die Logdateien des Webservers werden unter den<br \/>\nBedingungen von Google Analytics gespeichert.<\/p>\n<h3>Anmeldung zum Newsletter (Nachrichten)<\/h3>\n<p>Wenn Sie sich an den Newsletter (Nachrichten) angemeldet haben, kann Sie das Stadtmuseum Idrija per<br \/>\nE-Mail \u00fcber seine Dienstleistungen und Produkte oder Neuigkeiten in seinem Angebot, Dienstleistungen und<br \/>\nProdukten, die unmittelbar ans Stadtmuseum Idrija verkn\u00fcpft sind, informieren. Wenn Sie diese Nachrichten nicht mehr erhalten m\u00f6chten, k\u00f6nnen<br \/>\nSie sich \u00fcber das Link f\u00fcr automatische Abmeldung in jedem Newsletter (Nachricht) abmelden.<br \/>\nDas Stadtmuseum Idrija erfasst personenbezogene Daten (Vorname und Name, E-Mail-Adresse) ausschlie\u00dflich<br \/>\n\u00fcber freiwillige Vermittlung von personenbezogenen Daten bei der Anmeldung an den Newsletter (Nachrichten). Alle Daten,<br \/>\ndie unter diesen Bedingungen erfasst werden, werden zum Zweck angewendet, f\u00fcr welchen Sie erfasst wurden, und werden nicht an<br \/>\nDritte ohne Ihre Einwilligung \u00fcbermittelt. Die Daten werden bis zur Abmeldung vom Newsletter (Nachrichten) gespeichert,<br \/>\ndanach werden sie gel\u00f6scht.<\/p>\n<h3>Umfragen<\/h3>\n<p>Das Stadtmuseum Idrija kann gelegentlich auf seiner Internetseite auch Umfragen ausf\u00fchren. Bei der Teilnahme an einer<br \/>\nUmfrage werden folgende Daten \u00fcber den Benutzer gespeichert: IP-Nummer, Zeit und Datum der Abgabe seiner Stimme.<br \/>\nDas Stadtmuseum Idrija erfasst Daten ausschlie\u00dflich bei freiwilliger \u00dcbermittlung von personenbezogenen Daten bei der Ausf\u00fcllung<br \/>\nder Umfrage. Die personenbezogenen Daten werden 1 Monat lang gespeichert, danach werden sie gel\u00f6scht.<\/p>\n<h2>3. Cookies<\/h2>\n<p>Das Stadtmuseum Idrija kann mit Cookies Informationen \u00fcber Ihre Benutzung der Internetseite erfassen.<\/p>\n<p>Ein Cookie ist eine kleine Datei, welche in den Computer des Benutzers geladen wird, als dieser eine bestimmte Internetseite<br \/>\nbesucht. Bei jedem erneuten Besuch wird die Internetseite Daten \u00fcber das heruntergeladene Cookie erfassen und<br \/>\nso den Besucher erkennen. Cookies sind f\u00fcr das Funktionieren von Internetseiten wichtig, um das Benutzererlebnis<br \/>\nzu verbessern. Mithilfe von Cookies kann man den Verkehr auf der Internetseite analysieren.<br \/>\n<a href=\"https:\/\/www.optiweb.com\/razlaga-piskotkov\/?host=optiweb.com\">Mehr zu Cookies<\/a><\/p>\n<h2>4. Nutzer von Daten<\/h2>\n<p>Die Nutzer von Daten sind der Administrator und Verwalter der Internetseite des Stadtmuseums Idrija.<br \/>\nFragen zum Datenschutz, der Art des Erfassens und der Anwendung von Daten oder Anfragen f\u00fcr zus\u00e4tzliche<br \/>\nInformationen wird Ihnen der Datenschutzbeauftragte f\u00fcr die Verwaltung personenbezogener Daten der Nutzer<br \/>\nder Internetseite beantworten:<\/p>\n<p>Stadtmuseum Idrija<br \/>\nPrelov\u010deva ulica 9, 5280 Idrija<br \/>\nAnsprechpartner: Mirjam Gnezda Bogataj<br \/>\nTelefonnummer: +386 (0)5 37 266 00<br \/>\nE-Mail-Adresse: mirjam.gnezda@muzej-idrija-cerkno.si<\/p>\n<\/div><\/section>\n\n","protected":false},"excerpt":{"rendered":"","protected":false},"author":1,"featured_media":0,"parent":0,"menu_order":0,"comment_status":"closed","ping_status":"closed","template":"","meta":{"_acf_changed":false,"footnotes":""},"class_list":["post-5417","page","type-page","status-publish","hentry"],"acf":[],"yoast_head":"<!-- This site is optimized with the Yoast SEO plugin v27.2 - https:\/\/yoast.com\/product\/yoast-seo-wordpress\/ -->\n<title>Datenschutz - Mestni muzej Idrija<\/title>\n<meta name=\"description\" content=\"Das Stadtmuseum Idrija respektiert Ihr Recht zum Datenschutz und ist verpflichtet, gem\u00e4\u00df den Gesetzen und Vorschriften zu handeln, welche den Personendatenschutz bestimmen.\" \/>\n<meta name=\"robots\" content=\"index, follow, max-snippet:-1, max-image-preview:large, max-video-preview:-1\" \/>\n<link rel=\"canonical\" href=\"https:\/\/www.muzej-idrija-cerkno.si\/de\/politika-zasebnosti\/\" \/>\n<meta property=\"og:locale\" content=\"de_DE\" \/>\n<meta property=\"og:type\" content=\"article\" \/>\n<meta property=\"og:title\" content=\"Datenschutz - Mestni muzej Idrija\" \/>\n<meta property=\"og:description\" content=\"Das Stadtmuseum Idrija respektiert Ihr Recht zum Datenschutz und ist verpflichtet, gem\u00e4\u00df den Gesetzen und Vorschriften zu handeln, welche den Personendatenschutz bestimmen.\" \/>\n<meta property=\"og:url\" content=\"https:\/\/www.muzej-idrija-cerkno.si\/de\/politika-zasebnosti\/\" \/>\n<meta property=\"og:site_name\" content=\"Mestni muzej Idrija\" \/>\n<meta property=\"article:modified_time\" content=\"2019-12-18T09:53:08+00:00\" \/>\n<meta name=\"twitter:card\" content=\"summary_large_image\" \/>\n<meta name=\"twitter:label1\" content=\"Gesch\u00e4tzte Lesezeit\" \/>\n\t<meta name=\"twitter:data1\" content=\"5\u00a0Minuten\" \/>\n<script type=\"application\/ld+json\" class=\"yoast-schema-graph\">{\"@context\":\"https:\/\/schema.org\",\"@graph\":[{\"@type\":\"WebPage\",\"@id\":\"https:\/\/www.muzej-idrija-cerkno.si\/de\/politika-zasebnosti\/\",\"url\":\"https:\/\/www.muzej-idrija-cerkno.si\/de\/politika-zasebnosti\/\",\"name\":\"Datenschutz - Mestni muzej Idrija\",\"isPartOf\":{\"@id\":\"https:\/\/www.muzej-idrija-cerkno.si\/#website\"},\"datePublished\":\"2018-11-15T08:23:43+00:00\",\"dateModified\":\"2019-12-18T09:53:08+00:00\",\"description\":\"Das Stadtmuseum Idrija respektiert Ihr Recht zum Datenschutz und ist verpflichtet, gem\u00e4\u00df den Gesetzen und Vorschriften zu handeln, welche den Personendatenschutz bestimmen.\",\"breadcrumb\":{\"@id\":\"https:\/\/www.muzej-idrija-cerkno.si\/de\/politika-zasebnosti\/#breadcrumb\"},\"inLanguage\":\"de\",\"potentialAction\":[{\"@type\":\"ReadAction\",\"target\":[\"https:\/\/www.muzej-idrija-cerkno.si\/de\/politika-zasebnosti\/\"]}]},{\"@type\":\"BreadcrumbList\",\"@id\":\"https:\/\/www.muzej-idrija-cerkno.si\/de\/politika-zasebnosti\/#breadcrumb\",\"itemListElement\":[{\"@type\":\"ListItem\",\"position\":1,\"name\":\"Home\",\"item\":\"https:\/\/www.muzej-idrija-cerkno.si\/de\/\"},{\"@type\":\"ListItem\",\"position\":2,\"name\":\"Datenschutz\"}]},{\"@type\":\"WebSite\",\"@id\":\"https:\/\/www.muzej-idrija-cerkno.si\/#website\",\"url\":\"https:\/\/www.muzej-idrija-cerkno.si\/\",\"name\":\"Mestni muzej Idrija\",\"description\":\"\u0160e eno spleti\u0161\u010de WordPress\",\"potentialAction\":[{\"@type\":\"SearchAction\",\"target\":{\"@type\":\"EntryPoint\",\"urlTemplate\":\"https:\/\/www.muzej-idrija-cerkno.si\/?s={search_term_string}\"},\"query-input\":{\"@type\":\"PropertyValueSpecification\",\"valueRequired\":true,\"valueName\":\"search_term_string\"}}],\"inLanguage\":\"de\"}]}<\/script>\n<!-- \/ Yoast SEO plugin. -->","yoast_head_json":{"title":"Datenschutz - Mestni muzej Idrija","description":"Das Stadtmuseum Idrija respektiert Ihr Recht zum Datenschutz und ist verpflichtet, gem\u00e4\u00df den Gesetzen und Vorschriften zu handeln, welche den Personendatenschutz bestimmen.","robots":{"index":"index","follow":"follow","max-snippet":"max-snippet:-1","max-image-preview":"max-image-preview:large","max-video-preview":"max-video-preview:-1"},"canonical":"https:\/\/www.muzej-idrija-cerkno.si\/de\/politika-zasebnosti\/","og_locale":"de_DE","og_type":"article","og_title":"Datenschutz - Mestni muzej Idrija","og_description":"Das Stadtmuseum Idrija respektiert Ihr Recht zum Datenschutz und ist verpflichtet, gem\u00e4\u00df den Gesetzen und Vorschriften zu handeln, welche den Personendatenschutz bestimmen.","og_url":"https:\/\/www.muzej-idrija-cerkno.si\/de\/politika-zasebnosti\/","og_site_name":"Mestni muzej Idrija","article_modified_time":"2019-12-18T09:53:08+00:00","twitter_card":"summary_large_image","twitter_misc":{"Gesch\u00e4tzte Lesezeit":"5\u00a0Minuten"},"schema":{"@context":"https:\/\/schema.org","@graph":[{"@type":"WebPage","@id":"https:\/\/www.muzej-idrija-cerkno.si\/de\/politika-zasebnosti\/","url":"https:\/\/www.muzej-idrija-cerkno.si\/de\/politika-zasebnosti\/","name":"Datenschutz - Mestni muzej Idrija","isPartOf":{"@id":"https:\/\/www.muzej-idrija-cerkno.si\/#website"},"datePublished":"2018-11-15T08:23:43+00:00","dateModified":"2019-12-18T09:53:08+00:00","description":"Das Stadtmuseum Idrija respektiert Ihr Recht zum Datenschutz und ist verpflichtet, gem\u00e4\u00df den Gesetzen und Vorschriften zu handeln, welche den Personendatenschutz bestimmen.","breadcrumb":{"@id":"https:\/\/www.muzej-idrija-cerkno.si\/de\/politika-zasebnosti\/#breadcrumb"},"inLanguage":"de","potentialAction":[{"@type":"ReadAction","target":["https:\/\/www.muzej-idrija-cerkno.si\/de\/politika-zasebnosti\/"]}]},{"@type":"BreadcrumbList","@id":"https:\/\/www.muzej-idrija-cerkno.si\/de\/politika-zasebnosti\/#breadcrumb","itemListElement":[{"@type":"ListItem","position":1,"name":"Home","item":"https:\/\/www.muzej-idrija-cerkno.si\/de\/"},{"@type":"ListItem","position":2,"name":"Datenschutz"}]},{"@type":"WebSite","@id":"https:\/\/www.muzej-idrija-cerkno.si\/#website","url":"https:\/\/www.muzej-idrija-cerkno.si\/","name":"Mestni muzej Idrija","description":"\u0160e eno spleti\u0161\u010de WordPress","potentialAction":[{"@type":"SearchAction","target":{"@type":"EntryPoint","urlTemplate":"https:\/\/www.muzej-idrija-cerkno.si\/?s={search_term_string}"},"query-input":{"@type":"PropertyValueSpecification","valueRequired":true,"valueName":"search_term_string"}}],"inLanguage":"de"}]}},"_links":{"self":[{"href":"https:\/\/www.muzej-idrija-cerkno.si\/de\/wp-json\/wp\/v2\/pages\/5417","targetHints":{"allow":["GET"]}}],"collection":[{"href":"https:\/\/www.muzej-idrija-cerkno.si\/de\/wp-json\/wp\/v2\/pages"}],"about":[{"href":"https:\/\/www.muzej-idrija-cerkno.si\/de\/wp-json\/wp\/v2\/types\/page"}],"author":[{"embeddable":true,"href":"https:\/\/www.muzej-idrija-cerkno.si\/de\/wp-json\/wp\/v2\/users\/1"}],"replies":[{"embeddable":true,"href":"https:\/\/www.muzej-idrija-cerkno.si\/de\/wp-json\/wp\/v2\/comments?post=5417"}],"version-history":[{"count":3,"href":"https:\/\/www.muzej-idrija-cerkno.si\/de\/wp-json\/wp\/v2\/pages\/5417\/revisions"}],"predecessor-version":[{"id":6964,"href":"https:\/\/www.muzej-idrija-cerkno.si\/de\/wp-json\/wp\/v2\/pages\/5417\/revisions\/6964"}],"wp:attachment":[{"href":"https:\/\/www.muzej-idrija-cerkno.si\/de\/wp-json\/wp\/v2\/media?parent=5417"}],"curies":[{"name":"wp","href":"https:\/\/api.w.org\/{rel}","templated":true}]}}