{"id":5409,"date":"2018-07-20T13:25:27","date_gmt":"2018-07-20T11:25:27","guid":{"rendered":"https:\/\/www.muzej-idrija-cerkno.si\/nase-zbirke\/"},"modified":"2019-12-18T10:53:14","modified_gmt":"2019-12-18T09:53:14","slug":"nase-zbirke","status":"publish","type":"page","link":"https:\/\/www.muzej-idrija-cerkno.si\/de\/nase-zbirke\/","title":{"rendered":"Unsere Sammlungen"},"content":{"rendered":"","protected":false},"excerpt":{"rendered":"","protected":false},"author":1,"featured_media":0,"parent":0,"menu_order":0,"comment_status":"closed","ping_status":"closed","template":"","meta":{"_acf_changed":false,"footnotes":""},"class_list":["post-5409","page","type-page","status-publish","hentry"],"acf":[],"yoast_head":"<!-- This site is optimized with the Yoast SEO plugin v27.2 - https:\/\/yoast.com\/product\/yoast-seo-wordpress\/ -->\n<title>Unsere Sammlungen - Mestni muzej Idrija<\/title>\n<meta name=\"description\" content=\"Unser Museum wird Sie mit bunter Auswahl an Sammlungen verzaubern, n\u00e4mlich mit Kl\u00f6ppel-, Kunst- und ethnologischen Sammlungen sowie mit bergbaulichen und geologischen Sammlungen. Alle Informationen \u00fcber die Sammlungen finden Sie auf dieser Seite.\" \/>\n<meta name=\"robots\" content=\"index, follow, max-snippet:-1, max-image-preview:large, max-video-preview:-1\" \/>\n<link rel=\"canonical\" href=\"https:\/\/www.muzej-idrija-cerkno.si\/de\/nase-zbirke\/\" \/>\n<meta property=\"og:locale\" content=\"de_DE\" \/>\n<meta property=\"og:type\" content=\"article\" \/>\n<meta property=\"og:title\" content=\"Unsere Sammlungen - Mestni muzej Idrija\" \/>\n<meta property=\"og:description\" content=\"Unser Museum wird Sie mit bunter Auswahl an Sammlungen verzaubern, n\u00e4mlich mit Kl\u00f6ppel-, Kunst- und ethnologischen Sammlungen sowie mit bergbaulichen und geologischen Sammlungen. Alle Informationen \u00fcber die Sammlungen finden Sie auf dieser Seite.\" \/>\n<meta property=\"og:url\" content=\"https:\/\/www.muzej-idrija-cerkno.si\/de\/nase-zbirke\/\" \/>\n<meta property=\"og:site_name\" content=\"Mestni muzej Idrija\" \/>\n<meta property=\"article:modified_time\" content=\"2019-12-18T09:53:14+00:00\" \/>\n<meta name=\"twitter:card\" content=\"summary_large_image\" \/>\n<script type=\"application\/ld+json\" class=\"yoast-schema-graph\">{\"@context\":\"https:\/\/schema.org\",\"@graph\":[{\"@type\":\"WebPage\",\"@id\":\"https:\/\/www.muzej-idrija-cerkno.si\/de\/nase-zbirke\/\",\"url\":\"https:\/\/www.muzej-idrija-cerkno.si\/de\/nase-zbirke\/\",\"name\":\"Unsere Sammlungen - Mestni muzej Idrija\",\"isPartOf\":{\"@id\":\"https:\/\/www.muzej-idrija-cerkno.si\/#website\"},\"datePublished\":\"2018-07-20T11:25:27+00:00\",\"dateModified\":\"2019-12-18T09:53:14+00:00\",\"description\":\"Unser Museum wird Sie mit bunter Auswahl an Sammlungen verzaubern, n\u00e4mlich mit Kl\u00f6ppel-, Kunst- und ethnologischen Sammlungen sowie mit bergbaulichen und geologischen Sammlungen. Alle Informationen \u00fcber die Sammlungen finden Sie auf dieser Seite.\",\"breadcrumb\":{\"@id\":\"https:\/\/www.muzej-idrija-cerkno.si\/de\/nase-zbirke\/#breadcrumb\"},\"inLanguage\":\"de\",\"potentialAction\":[{\"@type\":\"ReadAction\",\"target\":[\"https:\/\/www.muzej-idrija-cerkno.si\/de\/nase-zbirke\/\"]}]},{\"@type\":\"BreadcrumbList\",\"@id\":\"https:\/\/www.muzej-idrija-cerkno.si\/de\/nase-zbirke\/#breadcrumb\",\"itemListElement\":[{\"@type\":\"ListItem\",\"position\":1,\"name\":\"Home\",\"item\":\"https:\/\/www.muzej-idrija-cerkno.si\/de\/\"},{\"@type\":\"ListItem\",\"position\":2,\"name\":\"Unsere Sammlungen\"}]},{\"@type\":\"WebSite\",\"@id\":\"https:\/\/www.muzej-idrija-cerkno.si\/#website\",\"url\":\"https:\/\/www.muzej-idrija-cerkno.si\/\",\"name\":\"Mestni muzej Idrija\",\"description\":\"\u0160e eno spleti\u0161\u010de WordPress\",\"potentialAction\":[{\"@type\":\"SearchAction\",\"target\":{\"@type\":\"EntryPoint\",\"urlTemplate\":\"https:\/\/www.muzej-idrija-cerkno.si\/?s={search_term_string}\"},\"query-input\":{\"@type\":\"PropertyValueSpecification\",\"valueRequired\":true,\"valueName\":\"search_term_string\"}}],\"inLanguage\":\"de\"}]}<\/script>\n<!-- \/ Yoast SEO plugin. -->","yoast_head_json":{"title":"Unsere Sammlungen - Mestni muzej Idrija","description":"Unser Museum wird Sie mit bunter Auswahl an Sammlungen verzaubern, n\u00e4mlich mit Kl\u00f6ppel-, Kunst- und ethnologischen Sammlungen sowie mit bergbaulichen und geologischen Sammlungen. Alle Informationen \u00fcber die Sammlungen finden Sie auf dieser Seite.","robots":{"index":"index","follow":"follow","max-snippet":"max-snippet:-1","max-image-preview":"max-image-preview:large","max-video-preview":"max-video-preview:-1"},"canonical":"https:\/\/www.muzej-idrija-cerkno.si\/de\/nase-zbirke\/","og_locale":"de_DE","og_type":"article","og_title":"Unsere Sammlungen - Mestni muzej Idrija","og_description":"Unser Museum wird Sie mit bunter Auswahl an Sammlungen verzaubern, n\u00e4mlich mit Kl\u00f6ppel-, Kunst- und ethnologischen Sammlungen sowie mit bergbaulichen und geologischen Sammlungen. Alle Informationen \u00fcber die Sammlungen finden Sie auf dieser Seite.","og_url":"https:\/\/www.muzej-idrija-cerkno.si\/de\/nase-zbirke\/","og_site_name":"Mestni muzej Idrija","article_modified_time":"2019-12-18T09:53:14+00:00","twitter_card":"summary_large_image","schema":{"@context":"https:\/\/schema.org","@graph":[{"@type":"WebPage","@id":"https:\/\/www.muzej-idrija-cerkno.si\/de\/nase-zbirke\/","url":"https:\/\/www.muzej-idrija-cerkno.si\/de\/nase-zbirke\/","name":"Unsere Sammlungen - Mestni muzej Idrija","isPartOf":{"@id":"https:\/\/www.muzej-idrija-cerkno.si\/#website"},"datePublished":"2018-07-20T11:25:27+00:00","dateModified":"2019-12-18T09:53:14+00:00","description":"Unser Museum wird Sie mit bunter Auswahl an Sammlungen verzaubern, n\u00e4mlich mit Kl\u00f6ppel-, Kunst- und ethnologischen Sammlungen sowie mit bergbaulichen und geologischen Sammlungen. Alle Informationen \u00fcber die Sammlungen finden Sie auf dieser Seite.","breadcrumb":{"@id":"https:\/\/www.muzej-idrija-cerkno.si\/de\/nase-zbirke\/#breadcrumb"},"inLanguage":"de","potentialAction":[{"@type":"ReadAction","target":["https:\/\/www.muzej-idrija-cerkno.si\/de\/nase-zbirke\/"]}]},{"@type":"BreadcrumbList","@id":"https:\/\/www.muzej-idrija-cerkno.si\/de\/nase-zbirke\/#breadcrumb","itemListElement":[{"@type":"ListItem","position":1,"name":"Home","item":"https:\/\/www.muzej-idrija-cerkno.si\/de\/"},{"@type":"ListItem","position":2,"name":"Unsere Sammlungen"}]},{"@type":"WebSite","@id":"https:\/\/www.muzej-idrija-cerkno.si\/#website","url":"https:\/\/www.muzej-idrija-cerkno.si\/","name":"Mestni muzej Idrija","description":"\u0160e eno spleti\u0161\u010de WordPress","potentialAction":[{"@type":"SearchAction","target":{"@type":"EntryPoint","urlTemplate":"https:\/\/www.muzej-idrija-cerkno.si\/?s={search_term_string}"},"query-input":{"@type":"PropertyValueSpecification","valueRequired":true,"valueName":"search_term_string"}}],"inLanguage":"de"}]}},"_links":{"self":[{"href":"https:\/\/www.muzej-idrija-cerkno.si\/de\/wp-json\/wp\/v2\/pages\/5409","targetHints":{"allow":["GET"]}}],"collection":[{"href":"https:\/\/www.muzej-idrija-cerkno.si\/de\/wp-json\/wp\/v2\/pages"}],"about":[{"href":"https:\/\/www.muzej-idrija-cerkno.si\/de\/wp-json\/wp\/v2\/types\/page"}],"author":[{"embeddable":true,"href":"https:\/\/www.muzej-idrija-cerkno.si\/de\/wp-json\/wp\/v2\/users\/1"}],"replies":[{"embeddable":true,"href":"https:\/\/www.muzej-idrija-cerkno.si\/de\/wp-json\/wp\/v2\/comments?post=5409"}],"version-history":[{"count":1,"href":"https:\/\/www.muzej-idrija-cerkno.si\/de\/wp-json\/wp\/v2\/pages\/5409\/revisions"}],"predecessor-version":[{"id":5806,"href":"https:\/\/www.muzej-idrija-cerkno.si\/de\/wp-json\/wp\/v2\/pages\/5409\/revisions\/5806"}],"wp:attachment":[{"href":"https:\/\/www.muzej-idrija-cerkno.si\/de\/wp-json\/wp\/v2\/media?parent=5409"}],"curies":[{"name":"wp","href":"https:\/\/api.w.org\/{rel}","templated":true}]}}