{"id":5396,"date":"2018-07-20T13:24:48","date_gmt":"2018-07-20T11:24:48","guid":{"rendered":"https:\/\/www.muzej-idrija-cerkno.si\/lokacije-in-razstave\/"},"modified":"2019-12-18T10:53:09","modified_gmt":"2019-12-18T09:53:09","slug":"lokacije-in-razstave","status":"publish","type":"page","link":"https:\/\/www.muzej-idrija-cerkno.si\/de\/lokacije-in-razstave\/","title":{"rendered":"Standorte und Ausstellungen"},"content":{"rendered":"\n<style type=\"text\/css\" data-created_by=\"avia_inline_auto\" id=\"style-css-av-jjtx9fil-cc2eaf674a017d439ff7f79c0ee56f20\">\n.avia-section.av-jjtx9fil-cc2eaf674a017d439ff7f79c0ee56f20{\nbackground-repeat:no-repeat;\nbackground-image:url(https:\/\/www.muzej-idrija-cerkno.si\/wp-content\/uploads\/2018\/07\/lokacije-bg-1.jpg);\nbackground-position:0% 0%;\nbackground-attachment:scroll;\n}\n<\/style>\n<div id='av_section_1'  class='avia-section av-jjtx9fil-cc2eaf674a017d439ff7f79c0ee56f20 main_color avia-section-default avia-no-border-styling  avia-builder-el-0  el_before_av_section  avia-builder-el-first  header header-hero header-top-menu-padding avia-bg-style-scroll container_wrap fullsize'  data-section-bg-repeat='no-repeat'><div class='container av-section-cont-open' ><main  role=\"main\" itemprop=\"mainContentOfPage\"  class='template-page content  av-content-full alpha units'><div class='post-entry post-entry-type-page post-entry-5396'><div class='entry-content-wrapper clearfix'>\n\n<style type=\"text\/css\" data-created_by=\"avia_inline_auto\" id=\"style-css-av-7emv-2c6cfb9aab43875b565a39dbaa7e3e02\">\n.flex_column.av-7emv-2c6cfb9aab43875b565a39dbaa7e3e02{\nborder-radius:0px 0px 0px 0px;\npadding:0px 0px 0px 0px;\n}\n<\/style>\n<div  class='flex_column av-7emv-2c6cfb9aab43875b565a39dbaa7e3e02 av_two_fifth  avia-builder-el-1  el_before_av_three_fifth  avia-builder-el-first  first flex_column_div av-zero-column-padding  '     ><section  class='av_textblock_section av-kiv-6e785a5da9303b51a494d47ce64d517a '   itemscope=\"itemscope\" itemtype=\"https:\/\/schema.org\/CreativeWork\" ><div class='avia_textblock'  itemprop=\"text\" ><h1>Standorte und Ausstellungen<\/h1>\n<\/div><\/section><br \/>\n<section  class='av_textblock_section av-jjtxlc6c-ff567b8adb54577c339abddf56743dbb '   itemscope=\"itemscope\" itemtype=\"https:\/\/schema.org\/CreativeWork\" ><div class='avia_textblock'  itemprop=\"text\" ><p><strong>Ein Museum und acht Standorte<\/strong><\/p>\n<p>In der Region von Idrija sind unsere Standorte die Burg Gewerkenegg, Wasserpumpe Idrijska kam\u0161t, das Bergmannshaus von Idrija, die technische Abteilung des Museums im Francisci-Schacht und die Partisanendruckerei Slovenija auf Vojsko. In der Region von Cerkno besuchen Sie uns im Museum von Cerkno, im Partisanenlazarett Franja in der N\u00e4he von Dolenji Novaki bei Cerkno und am Geh\u00f6ft des Schriftstellers France Bevk in Zakojca.<\/p>\n<\/div><\/section><\/p><\/div>\n<style type=\"text\/css\" data-created_by=\"avia_inline_auto\" id=\"style-css-av-38kn-a4512eff9cae1e199044b641efa4768a\">\n.flex_column.av-38kn-a4512eff9cae1e199044b641efa4768a{\nborder-radius:0px 0px 0px 0px;\npadding:0px 0px 0px 0px;\n}\n<\/style>\n<div  class='flex_column av-38kn-a4512eff9cae1e199044b641efa4768a av_three_fifth  avia-builder-el-4  el_after_av_two_fifth  avia-builder-el-last  flex_column_div av-zero-column-padding  '     ><style type=\"text\/css\" data-created_by=\"avia_inline_auto\" id=\"style-css-av-jjzgdvec-6ed22ee08b65dcaf3a764ead057e3912\">\n.avia-image-container.av-jjzgdvec-6ed22ee08b65dcaf3a764ead057e3912 img.avia_image{\nbox-shadow:none;\n}\n.avia-image-container.av-jjzgdvec-6ed22ee08b65dcaf3a764ead057e3912 .av-image-caption-overlay-center{\ncolor:#ffffff;\n}\n<\/style>\n<div  class='avia-image-container av-jjzgdvec-6ed22ee08b65dcaf3a764ead057e3912 av-styling- avia-align-center  avia-builder-el-5  avia-builder-el-no-sibling '   itemprop=\"image\" itemscope=\"itemscope\" itemtype=\"https:\/\/schema.org\/ImageObject\" ><div class=\"avia-image-container-inner\"><div class=\"avia-image-overlay-wrap\"><img fetchpriority=\"high\" class='wp-image-5397 avia-img-lazy-loading-not-5397 avia_image ' src='https:\/\/www.muzej-idrija-cerkno.si\/wp-content\/uploads\/2018\/07\/lokacije-in-razstave-1.jpg' alt='' title='lokacije-in-razstave (1)'  height=\"550\" width=\"808\"  itemprop=\"thumbnailUrl\"  \/><\/div><\/div><\/div><\/div>\n\n<\/div><\/div><\/main><!-- close content main element --><\/div><\/div><div id='seznam-lokacij'  class='avia-section av-zj3r-a16b338f7104b129cd93d05f669f9e70 main_color avia-section-default avia-no-border-styling  avia-builder-el-6  el_after_av_section  avia-builder-el-last  avia-bg-style-scroll container_wrap fullsize'  ><div class='container av-section-cont-open' ><div class='template-page content  av-content-full alpha units'><div class='post-entry post-entry-type-page post-entry-5396'><div class='entry-content-wrapper clearfix'>\n<section  class='av_textblock_section av-jk27tmi6-45b78a3655f22bf654a26fdab9a2445d '   itemscope=\"itemscope\" itemtype=\"https:\/\/schema.org\/CreativeWork\" ><div class='avia_textblock'  itemprop=\"text\" ><div class=\"seznam_lokacij_wrap bgedelements greenbgs\"><div class=\"av_one_third first\"><a href=\"https:\/\/www.muzej-idrija-cerkno.si\/de\/lokacija\/burg-gewerkenegg\/\" class=\"imagewrap\"><img decoding=\"async\" src=\"https:\/\/www.muzej-idrija-cerkno.si\/wp-content\/uploads\/2018\/07\/gradG-1-420x420.jpg\"><div class=\"bgplustextwrap\"><div class=\"textdiv\">Burg Gewerkenegg<\/div><\/div><\/a><div class=\"seznam_lokacij_subtext\">Die Bergwerkburg vom Anfang des 16. Jahrhunderts mit dem Sitz des Stadtmuseums Idrija und Ausstellungen \u00fcber das Quecksilberbergwerk, die Stadt und Idrija-Spitze<\/div><\/div><div class=\"av_one_third \"><a href=\"https:\/\/www.muzej-idrija-cerkno.si\/de\/lokacija\/partisanenlazarett-franja\/\" class=\"imagewrap\"><img decoding=\"async\" src=\"https:\/\/www.muzej-idrija-cerkno.si\/wp-content\/uploads\/2018\/07\/bolnica-franja-2-420x420.jpg\"><div class=\"bgplustextwrap\"><div class=\"textdiv\">Partisanenlazarett Franja &#8211; wegen Sturmsch\u00e4den GESCHLOSSEN<\/div><\/div><\/a><div class=\"seznam_lokacij_subtext\">Denkmal zur Humanit\u00e4t aus dem 2. Weltkrieg in der Schlucht Pasice<\/div><\/div><div class=\"av_one_third \"><a href=\"https:\/\/www.muzej-idrija-cerkno.si\/de\/lokacija\/idrijski-kamst\/\" class=\"imagewrap\"><img decoding=\"async\" src=\"https:\/\/www.muzej-idrija-cerkno.si\/wp-content\/uploads\/2018\/07\/kamst-2-1-2-420x420.jpg\"><div class=\"bgplustextwrap\"><div class=\"textdiv\">Wasserpumpe Idrijska kam\u0161t<\/div><\/div><\/a><div class=\"seznam_lokacij_subtext\">Bergbaupumpe f\u00fcr Wasser aus dem Bergwerk aus dem Jahr 1790 mit dem gr\u00f6\u00dften h\u00f6lzernen Antriebsrad in Europa mit einem Durchmesser von 13,6\u00a0m<\/div><\/div><div class=\"av_one_half first\"><a href=\"https:\/\/www.muzej-idrija-cerkno.si\/de\/lokacija\/museum-von-cerkno\/\" class=\"imagewrap\"><img decoding=\"async\" src=\"https:\/\/www.muzej-idrija-cerkno.si\/wp-content\/uploads\/2018\/07\/cerkljanski-muzej-prikazna-662x662.jpg\"><div class=\"bgplustextwrap\"><div class=\"textdiv\">Museum von Cerkno<\/div><\/div><\/a><div class=\"seznam_lokacij_subtext\">Abteilung des Stadtmuseums Idrija mit Ausstellung \u00fcber die Cerkno-Region und Ausstellung \u00fcber die Laufarji aus Cerkno  <\/div><\/div><div class=\"av_one_half \"><a href=\"https:\/\/www.muzej-idrija-cerkno.si\/de\/lokacija\/bergmannshaus-von-idrija\/\" class=\"imagewrap\"><img decoding=\"async\" src=\"https:\/\/www.muzej-idrija-cerkno.si\/wp-content\/uploads\/2018\/07\/idrijska-rudarska-hisa-prikazna-662x662.jpg\"><div class=\"bgplustextwrap\"><div class=\"textdiv\">Bergmannshaus von Idrija<\/div><\/div><\/a><div class=\"seznam_lokacij_subtext\">Mehrgeschossiges Wohnhaus von Bergbaufamilien aus Idrija aus der zweiten H\u00e4lfte des 18. Jahrhunderts<\/div><\/div><div class=\"av_one_third first\"><a href=\"https:\/\/www.muzej-idrija-cerkno.si\/de\/lokacija\/geburtshaus-des-schriftstellers-france-bevk\/\" class=\"imagewrap\"><img decoding=\"async\" src=\"https:\/\/www.muzej-idrija-cerkno.si\/wp-content\/uploads\/2018\/07\/DSC_0140-420x420.jpg\"><div class=\"bgplustextwrap\"><div class=\"textdiv\">Geburtshaus des Schriftstellers France Bevk<\/div><\/div><\/a><div class=\"seznam_lokacij_subtext\">Das Volar-Haus im Geburtsort von Bevk, Zakojca, das zu einem Gedenkmuseum umgestaltet worden ist<\/div><\/div><div class=\"av_one_third \"><a href=\"https:\/\/www.muzej-idrija-cerkno.si\/de\/lokacija\/partisanendruckerei-slovenija\/\" class=\"imagewrap\"><img decoding=\"async\" src=\"https:\/\/www.muzej-idrija-cerkno.si\/wp-content\/uploads\/2018\/07\/partizanska-tiskarna-prikazna-420x420.jpg\"><div class=\"bgplustextwrap\"><div class=\"textdiv\">Partisanendruckerei Slovenija<\/div><\/div><\/a><div class=\"seznam_lokacij_subtext\">Die gr\u00f6\u00dfte illegale Partisanendruckerei in der Region von Primorska w\u00e4hrend des 2. Weltkriegs und ein authentischer Widerstandsdenkmal <\/div><\/div><div class=\"av_one_third \"><a href=\"https:\/\/www.muzej-idrija-cerkno.si\/de\/lokacija\/technische-abteilung-des-museums-im-francisci-schacht\/\" class=\"imagewrap\"><img decoding=\"async\" src=\"https:\/\/www.muzej-idrija-cerkno.si\/wp-content\/uploads\/2018\/07\/Franciskov-jasek-prikazna-420x420.jpg\"><div class=\"bgplustextwrap\"><div class=\"textdiv\">Technische Abteilung des Museums im Francisci-Schacht<\/div><\/div><\/a><div class=\"seznam_lokacij_subtext\">Eingangsgeb\u00e4ude des Quecksilberbergwerks Idrija aus 1792 mit technischer Abteilung des Museums <\/div><\/div><\/div>\n<\/div><\/section>\n\n","protected":false},"excerpt":{"rendered":"","protected":false},"author":1,"featured_media":0,"parent":0,"menu_order":0,"comment_status":"closed","ping_status":"closed","template":"","meta":{"_acf_changed":false,"footnotes":""},"class_list":["post-5396","page","type-page","status-publish","hentry"],"acf":[],"yoast_head":"<!-- This site is optimized with the Yoast SEO plugin v27.2 - https:\/\/yoast.com\/product\/yoast-seo-wordpress\/ -->\n<title>Standorte und Ausstellungen - Mestni muzej Idrija<\/title>\n<meta name=\"description\" content=\"Sie k\u00f6nnen die Sehensw\u00fcrdigkeiten im Rahmen unseres Museums an sogar acht Standorten bewundern. Entdecken Sie, wo Sie uns finden, und besuchen Sie uns.\" \/>\n<meta name=\"robots\" content=\"index, follow, max-snippet:-1, max-image-preview:large, max-video-preview:-1\" \/>\n<link rel=\"canonical\" href=\"https:\/\/www.muzej-idrija-cerkno.si\/de\/lokacije-in-razstave\/\" \/>\n<meta property=\"og:locale\" content=\"de_DE\" \/>\n<meta property=\"og:type\" content=\"article\" \/>\n<meta property=\"og:title\" content=\"Standorte und Ausstellungen - Mestni muzej Idrija\" \/>\n<meta property=\"og:description\" content=\"Sie k\u00f6nnen die Sehensw\u00fcrdigkeiten im Rahmen unseres Museums an sogar acht Standorten bewundern. Entdecken Sie, wo Sie uns finden, und besuchen Sie uns.\" \/>\n<meta property=\"og:url\" content=\"https:\/\/www.muzej-idrija-cerkno.si\/de\/lokacije-in-razstave\/\" \/>\n<meta property=\"og:site_name\" content=\"Mestni muzej Idrija\" \/>\n<meta property=\"article:modified_time\" content=\"2019-12-18T09:53:09+00:00\" \/>\n<meta name=\"twitter:card\" content=\"summary_large_image\" \/>\n<meta name=\"twitter:label1\" content=\"Gesch\u00e4tzte Lesezeit\" \/>\n\t<meta name=\"twitter:data1\" content=\"3\u00a0Minuten\" \/>\n<script type=\"application\/ld+json\" class=\"yoast-schema-graph\">{\"@context\":\"https:\/\/schema.org\",\"@graph\":[{\"@type\":\"WebPage\",\"@id\":\"https:\/\/www.muzej-idrija-cerkno.si\/de\/lokacije-in-razstave\/\",\"url\":\"https:\/\/www.muzej-idrija-cerkno.si\/de\/lokacije-in-razstave\/\",\"name\":\"Standorte und Ausstellungen - Mestni muzej Idrija\",\"isPartOf\":{\"@id\":\"https:\/\/www.muzej-idrija-cerkno.si\/#website\"},\"datePublished\":\"2018-07-20T11:24:48+00:00\",\"dateModified\":\"2019-12-18T09:53:09+00:00\",\"description\":\"Sie k\u00f6nnen die Sehensw\u00fcrdigkeiten im Rahmen unseres Museums an sogar acht Standorten bewundern. Entdecken Sie, wo Sie uns finden, und besuchen Sie uns.\",\"breadcrumb\":{\"@id\":\"https:\/\/www.muzej-idrija-cerkno.si\/de\/lokacije-in-razstave\/#breadcrumb\"},\"inLanguage\":\"de\",\"potentialAction\":[{\"@type\":\"ReadAction\",\"target\":[\"https:\/\/www.muzej-idrija-cerkno.si\/de\/lokacije-in-razstave\/\"]}]},{\"@type\":\"BreadcrumbList\",\"@id\":\"https:\/\/www.muzej-idrija-cerkno.si\/de\/lokacije-in-razstave\/#breadcrumb\",\"itemListElement\":[{\"@type\":\"ListItem\",\"position\":1,\"name\":\"Home\",\"item\":\"https:\/\/www.muzej-idrija-cerkno.si\/de\/\"},{\"@type\":\"ListItem\",\"position\":2,\"name\":\"Standorte und Ausstellungen\"}]},{\"@type\":\"WebSite\",\"@id\":\"https:\/\/www.muzej-idrija-cerkno.si\/#website\",\"url\":\"https:\/\/www.muzej-idrija-cerkno.si\/\",\"name\":\"Mestni muzej Idrija\",\"description\":\"\u0160e eno spleti\u0161\u010de WordPress\",\"potentialAction\":[{\"@type\":\"SearchAction\",\"target\":{\"@type\":\"EntryPoint\",\"urlTemplate\":\"https:\/\/www.muzej-idrija-cerkno.si\/?s={search_term_string}\"},\"query-input\":{\"@type\":\"PropertyValueSpecification\",\"valueRequired\":true,\"valueName\":\"search_term_string\"}}],\"inLanguage\":\"de\"}]}<\/script>\n<!-- \/ Yoast SEO plugin. -->","yoast_head_json":{"title":"Standorte und Ausstellungen - Mestni muzej Idrija","description":"Sie k\u00f6nnen die Sehensw\u00fcrdigkeiten im Rahmen unseres Museums an sogar acht Standorten bewundern. Entdecken Sie, wo Sie uns finden, und besuchen Sie uns.","robots":{"index":"index","follow":"follow","max-snippet":"max-snippet:-1","max-image-preview":"max-image-preview:large","max-video-preview":"max-video-preview:-1"},"canonical":"https:\/\/www.muzej-idrija-cerkno.si\/de\/lokacije-in-razstave\/","og_locale":"de_DE","og_type":"article","og_title":"Standorte und Ausstellungen - Mestni muzej Idrija","og_description":"Sie k\u00f6nnen die Sehensw\u00fcrdigkeiten im Rahmen unseres Museums an sogar acht Standorten bewundern. Entdecken Sie, wo Sie uns finden, und besuchen Sie uns.","og_url":"https:\/\/www.muzej-idrija-cerkno.si\/de\/lokacije-in-razstave\/","og_site_name":"Mestni muzej Idrija","article_modified_time":"2019-12-18T09:53:09+00:00","twitter_card":"summary_large_image","twitter_misc":{"Gesch\u00e4tzte Lesezeit":"3\u00a0Minuten"},"schema":{"@context":"https:\/\/schema.org","@graph":[{"@type":"WebPage","@id":"https:\/\/www.muzej-idrija-cerkno.si\/de\/lokacije-in-razstave\/","url":"https:\/\/www.muzej-idrija-cerkno.si\/de\/lokacije-in-razstave\/","name":"Standorte und Ausstellungen - Mestni muzej Idrija","isPartOf":{"@id":"https:\/\/www.muzej-idrija-cerkno.si\/#website"},"datePublished":"2018-07-20T11:24:48+00:00","dateModified":"2019-12-18T09:53:09+00:00","description":"Sie k\u00f6nnen die Sehensw\u00fcrdigkeiten im Rahmen unseres Museums an sogar acht Standorten bewundern. Entdecken Sie, wo Sie uns finden, und besuchen Sie uns.","breadcrumb":{"@id":"https:\/\/www.muzej-idrija-cerkno.si\/de\/lokacije-in-razstave\/#breadcrumb"},"inLanguage":"de","potentialAction":[{"@type":"ReadAction","target":["https:\/\/www.muzej-idrija-cerkno.si\/de\/lokacije-in-razstave\/"]}]},{"@type":"BreadcrumbList","@id":"https:\/\/www.muzej-idrija-cerkno.si\/de\/lokacije-in-razstave\/#breadcrumb","itemListElement":[{"@type":"ListItem","position":1,"name":"Home","item":"https:\/\/www.muzej-idrija-cerkno.si\/de\/"},{"@type":"ListItem","position":2,"name":"Standorte und Ausstellungen"}]},{"@type":"WebSite","@id":"https:\/\/www.muzej-idrija-cerkno.si\/#website","url":"https:\/\/www.muzej-idrija-cerkno.si\/","name":"Mestni muzej Idrija","description":"\u0160e eno spleti\u0161\u010de WordPress","potentialAction":[{"@type":"SearchAction","target":{"@type":"EntryPoint","urlTemplate":"https:\/\/www.muzej-idrija-cerkno.si\/?s={search_term_string}"},"query-input":{"@type":"PropertyValueSpecification","valueRequired":true,"valueName":"search_term_string"}}],"inLanguage":"de"}]}},"_links":{"self":[{"href":"https:\/\/www.muzej-idrija-cerkno.si\/de\/wp-json\/wp\/v2\/pages\/5396","targetHints":{"allow":["GET"]}}],"collection":[{"href":"https:\/\/www.muzej-idrija-cerkno.si\/de\/wp-json\/wp\/v2\/pages"}],"about":[{"href":"https:\/\/www.muzej-idrija-cerkno.si\/de\/wp-json\/wp\/v2\/types\/page"}],"author":[{"embeddable":true,"href":"https:\/\/www.muzej-idrija-cerkno.si\/de\/wp-json\/wp\/v2\/users\/1"}],"replies":[{"embeddable":true,"href":"https:\/\/www.muzej-idrija-cerkno.si\/de\/wp-json\/wp\/v2\/comments?post=5396"}],"version-history":[{"count":3,"href":"https:\/\/www.muzej-idrija-cerkno.si\/de\/wp-json\/wp\/v2\/pages\/5396\/revisions"}],"predecessor-version":[{"id":5804,"href":"https:\/\/www.muzej-idrija-cerkno.si\/de\/wp-json\/wp\/v2\/pages\/5396\/revisions\/5804"}],"wp:attachment":[{"href":"https:\/\/www.muzej-idrija-cerkno.si\/de\/wp-json\/wp\/v2\/media?parent=5396"}],"curies":[{"name":"wp","href":"https:\/\/api.w.org\/{rel}","templated":true}]}}