{"id":5378,"date":"2018-11-15T09:23:57","date_gmt":"2018-11-15T08:23:57","guid":{"rendered":"https:\/\/www.muzej-idrija-cerkno.si\/kolofon\/"},"modified":"2023-05-08T10:09:22","modified_gmt":"2023-05-08T08:09:22","slug":"kolofon","status":"publish","type":"page","link":"https:\/\/www.muzej-idrija-cerkno.si\/de\/kolofon\/","title":{"rendered":"Impressum"},"content":{"rendered":"\n<style type=\"text\/css\" data-created_by=\"avia_inline_auto\" id=\"style-css-av-jkc338aw-528a0c82730fdba7b9c22ca843fa7756\">\n.avia-section.av-jkc338aw-528a0c82730fdba7b9c22ca843fa7756{\nbackground-repeat:no-repeat;\nbackground-image:url(https:\/\/www.muzej-idrija-cerkno.si\/wp-content\/uploads\/2018\/08\/aktualno-header-1.jpg);\nbackground-position:0% 0%;\nbackground-attachment:scroll;\n}\n<\/style>\n<div id='av_section_1'  class='avia-section av-jkc338aw-528a0c82730fdba7b9c22ca843fa7756 main_color avia-section-default avia-no-border-styling  avia-builder-el-0  el_before_av_section  avia-builder-el-first  aktualno-header avia-bg-style-scroll av-minimum-height av-minimum-height-custom av-height-custom  container_wrap fullsize'  data-section-bg-repeat='no-repeat' data-av_minimum_height_px='460'><div class='container av-section-cont-open' style='height:460px'><main  role=\"main\" itemprop=\"mainContentOfPage\"  class='template-page content  av-content-full alpha units'><div class='post-entry post-entry-type-page post-entry-5378'><div class='entry-content-wrapper clearfix'>\n<section  class='av_textblock_section av-jkc35m6x-ba7822a8e40bd58317fc2c8c714a2c5c '   itemscope=\"itemscope\" itemtype=\"https:\/\/schema.org\/CreativeWork\" ><div class='avia_textblock breadcrumbs'  itemprop=\"text\" ><div class=\"bcwrap\"><a href=\"https:\/\/www.muzej-idrija-cerkno.si\">Startseite<\/a><span class=\"bcsep\"><\/span><span class=\"currbc\">Impressum<\/span><\/div>\n<\/div><\/section>\n<section  class='av_textblock_section av-jkc35uy8-8f8ccf999c9af147f390caa6ca7f8d2b '   itemscope=\"itemscope\" itemtype=\"https:\/\/schema.org\/CreativeWork\" ><div class='avia_textblock'  itemprop=\"text\" ><h1>Impressum<\/h1>\n<\/div><\/section>\n\n<\/div><\/div><\/main><!-- close content main element --><\/div><\/div><div id='av_section_2'  class='avia-section av-2yhusx-02a1d83af3530798653e21a9946ba720 main_color avia-section-default avia-no-border-styling  avia-builder-el-3  el_after_av_section  avia-builder-el-last  avia-bg-style-scroll container_wrap fullsize'  ><div class='container av-section-cont-open' ><div class='template-page content  av-content-full alpha units'><div class='post-entry post-entry-type-page post-entry-5378'><div class='entry-content-wrapper clearfix'>\n<section  class='av_textblock_section av-joibsts1-2f85c4dae0e58f2a9a49ce9459c6b47a '   itemscope=\"itemscope\" itemtype=\"https:\/\/schema.org\/CreativeWork\" ><div class='avia_textblock'  itemprop=\"text\" ><p><b>\u00a9 STADTMUSEUM IDRIJA, <\/b><\/p>\n<p><b>f\u00fcr das Museum Ivana Leskovec<\/b><\/p>\n<h2><\/h2>\n<p><b>Projektleiter:<\/b><span style=\"font-weight: 400;\"><br \/>\n<\/span><span style=\"font-weight: 400;\">Mirjam Gnezda Bogataj<\/span><\/p>\n<h2><\/h2>\n<p><b>Textautoren:<\/b><span style=\"font-weight: 400;\"><br \/>\n<\/span><span style=\"font-weight: 400;\">Mirjam Gnezda Bogataj, Ivana Leskovec<\/span><br \/>\n<span style=\"font-weight: 400;\">Miha Kosma\u010d\u00a0<\/span><span style=\"font-weight: 400;\"><br \/>\n<\/span><span style=\"font-weight: 400;\">Milojka Magajne<\/span><span style=\"font-weight: 400;\"><br \/>\n<\/span><span style=\"font-weight: 400;\">Marija Terpin Mlinar<\/span><br \/>\n<span style=\"font-weight: 400;\">Anton Zelenc<\/span><br \/>\n<span style=\"font-weight: 400;\">Sandro Oblak<\/span><span style=\"font-weight: 400;\"><br \/>\n<\/span><span style=\"font-weight: 400;\">Darko Viler\u00a0<\/span><span style=\"font-weight: 400;\"><br \/>\n<\/span><span style=\"font-weight: 400;\">Eva Gantar<\/span><br \/>\n<span style=\"font-weight: 400;\">Domen Erjavec<\/span><\/p>\n<h2><\/h2>\n<p><b>Fotografien:<\/b><span style=\"font-weight: 400;\"><br \/>\n<\/span><span style=\"font-weight: 400;\">Bojan Tav\u010dar<\/span><br \/>\n<span style=\"font-weight: 400;\">Marijan Mo\u010divnik<\/span><\/p>\n<h2><\/h2>\n<p><b>Deutsche \u00dcbersetzung:<\/b><br \/>\n<span style=\"font-weight: 400;\">Leemeta d.o.o., <\/span>Sonja Ben\u010dina<\/p>\n<h2><\/h2>\n<p><b>Entwurf, Design, Ausf\u00fchrung:<\/b><span style=\"font-weight: 400;\">\u00a0<a href=\"https:\/\/www.optiweb.com\/\">Optiweb<\/a><\/span><span style=\"font-weight: 400;\"><br \/>\n<\/span><b>Verantwortliche Person:<\/b><span style=\"font-weight: 400;\"> Miha Lavtar<\/span><\/p>\n<h2><\/h2>\n<\/div><\/section>\n\n","protected":false},"excerpt":{"rendered":"","protected":false},"author":1,"featured_media":0,"parent":0,"menu_order":0,"comment_status":"closed","ping_status":"closed","template":"","meta":{"_acf_changed":false,"footnotes":""},"class_list":["post-5378","page","type-page","status-publish","hentry"],"acf":[],"yoast_head":"<!-- This site is optimized with the Yoast SEO plugin v27.2 - https:\/\/yoast.com\/product\/yoast-seo-wordpress\/ -->\n<title>Impressum - Mestni muzej Idrija<\/title>\n<meta name=\"robots\" content=\"index, follow, max-snippet:-1, max-image-preview:large, max-video-preview:-1\" \/>\n<link rel=\"canonical\" href=\"https:\/\/www.muzej-idrija-cerkno.si\/de\/kolofon\/\" \/>\n<meta property=\"og:locale\" content=\"de_DE\" \/>\n<meta property=\"og:type\" content=\"article\" \/>\n<meta property=\"og:title\" content=\"Impressum - Mestni muzej Idrija\" \/>\n<meta property=\"og:url\" content=\"https:\/\/www.muzej-idrija-cerkno.si\/de\/kolofon\/\" \/>\n<meta property=\"og:site_name\" content=\"Mestni muzej Idrija\" \/>\n<meta property=\"article:modified_time\" content=\"2023-05-08T08:09:22+00:00\" \/>\n<meta name=\"twitter:card\" content=\"summary_large_image\" \/>\n<meta name=\"twitter:label1\" content=\"Gesch\u00e4tzte Lesezeit\" \/>\n\t<meta name=\"twitter:data1\" content=\"1\u00a0Minute\" \/>\n<script type=\"application\/ld+json\" class=\"yoast-schema-graph\">{\"@context\":\"https:\/\/schema.org\",\"@graph\":[{\"@type\":\"WebPage\",\"@id\":\"https:\/\/www.muzej-idrija-cerkno.si\/de\/kolofon\/\",\"url\":\"https:\/\/www.muzej-idrija-cerkno.si\/de\/kolofon\/\",\"name\":\"Impressum - Mestni muzej Idrija\",\"isPartOf\":{\"@id\":\"https:\/\/www.muzej-idrija-cerkno.si\/#website\"},\"datePublished\":\"2018-11-15T08:23:57+00:00\",\"dateModified\":\"2023-05-08T08:09:22+00:00\",\"breadcrumb\":{\"@id\":\"https:\/\/www.muzej-idrija-cerkno.si\/de\/kolofon\/#breadcrumb\"},\"inLanguage\":\"de\",\"potentialAction\":[{\"@type\":\"ReadAction\",\"target\":[\"https:\/\/www.muzej-idrija-cerkno.si\/de\/kolofon\/\"]}]},{\"@type\":\"BreadcrumbList\",\"@id\":\"https:\/\/www.muzej-idrija-cerkno.si\/de\/kolofon\/#breadcrumb\",\"itemListElement\":[{\"@type\":\"ListItem\",\"position\":1,\"name\":\"Home\",\"item\":\"https:\/\/www.muzej-idrija-cerkno.si\/de\/\"},{\"@type\":\"ListItem\",\"position\":2,\"name\":\"Impressum\"}]},{\"@type\":\"WebSite\",\"@id\":\"https:\/\/www.muzej-idrija-cerkno.si\/#website\",\"url\":\"https:\/\/www.muzej-idrija-cerkno.si\/\",\"name\":\"Mestni muzej Idrija\",\"description\":\"\u0160e eno spleti\u0161\u010de WordPress\",\"potentialAction\":[{\"@type\":\"SearchAction\",\"target\":{\"@type\":\"EntryPoint\",\"urlTemplate\":\"https:\/\/www.muzej-idrija-cerkno.si\/?s={search_term_string}\"},\"query-input\":{\"@type\":\"PropertyValueSpecification\",\"valueRequired\":true,\"valueName\":\"search_term_string\"}}],\"inLanguage\":\"de\"}]}<\/script>\n<!-- \/ Yoast SEO plugin. -->","yoast_head_json":{"title":"Impressum - Mestni muzej Idrija","robots":{"index":"index","follow":"follow","max-snippet":"max-snippet:-1","max-image-preview":"max-image-preview:large","max-video-preview":"max-video-preview:-1"},"canonical":"https:\/\/www.muzej-idrija-cerkno.si\/de\/kolofon\/","og_locale":"de_DE","og_type":"article","og_title":"Impressum - Mestni muzej Idrija","og_url":"https:\/\/www.muzej-idrija-cerkno.si\/de\/kolofon\/","og_site_name":"Mestni muzej Idrija","article_modified_time":"2023-05-08T08:09:22+00:00","twitter_card":"summary_large_image","twitter_misc":{"Gesch\u00e4tzte Lesezeit":"1\u00a0Minute"},"schema":{"@context":"https:\/\/schema.org","@graph":[{"@type":"WebPage","@id":"https:\/\/www.muzej-idrija-cerkno.si\/de\/kolofon\/","url":"https:\/\/www.muzej-idrija-cerkno.si\/de\/kolofon\/","name":"Impressum - Mestni muzej Idrija","isPartOf":{"@id":"https:\/\/www.muzej-idrija-cerkno.si\/#website"},"datePublished":"2018-11-15T08:23:57+00:00","dateModified":"2023-05-08T08:09:22+00:00","breadcrumb":{"@id":"https:\/\/www.muzej-idrija-cerkno.si\/de\/kolofon\/#breadcrumb"},"inLanguage":"de","potentialAction":[{"@type":"ReadAction","target":["https:\/\/www.muzej-idrija-cerkno.si\/de\/kolofon\/"]}]},{"@type":"BreadcrumbList","@id":"https:\/\/www.muzej-idrija-cerkno.si\/de\/kolofon\/#breadcrumb","itemListElement":[{"@type":"ListItem","position":1,"name":"Home","item":"https:\/\/www.muzej-idrija-cerkno.si\/de\/"},{"@type":"ListItem","position":2,"name":"Impressum"}]},{"@type":"WebSite","@id":"https:\/\/www.muzej-idrija-cerkno.si\/#website","url":"https:\/\/www.muzej-idrija-cerkno.si\/","name":"Mestni muzej Idrija","description":"\u0160e eno spleti\u0161\u010de WordPress","potentialAction":[{"@type":"SearchAction","target":{"@type":"EntryPoint","urlTemplate":"https:\/\/www.muzej-idrija-cerkno.si\/?s={search_term_string}"},"query-input":{"@type":"PropertyValueSpecification","valueRequired":true,"valueName":"search_term_string"}}],"inLanguage":"de"}]}},"_links":{"self":[{"href":"https:\/\/www.muzej-idrija-cerkno.si\/de\/wp-json\/wp\/v2\/pages\/5378","targetHints":{"allow":["GET"]}}],"collection":[{"href":"https:\/\/www.muzej-idrija-cerkno.si\/de\/wp-json\/wp\/v2\/pages"}],"about":[{"href":"https:\/\/www.muzej-idrija-cerkno.si\/de\/wp-json\/wp\/v2\/types\/page"}],"author":[{"embeddable":true,"href":"https:\/\/www.muzej-idrija-cerkno.si\/de\/wp-json\/wp\/v2\/users\/1"}],"replies":[{"embeddable":true,"href":"https:\/\/www.muzej-idrija-cerkno.si\/de\/wp-json\/wp\/v2\/comments?post=5378"}],"version-history":[{"count":4,"href":"https:\/\/www.muzej-idrija-cerkno.si\/de\/wp-json\/wp\/v2\/pages\/5378\/revisions"}],"predecessor-version":[{"id":19381,"href":"https:\/\/www.muzej-idrija-cerkno.si\/de\/wp-json\/wp\/v2\/pages\/5378\/revisions\/19381"}],"wp:attachment":[{"href":"https:\/\/www.muzej-idrija-cerkno.si\/de\/wp-json\/wp\/v2\/media?parent=5378"}],"curies":[{"name":"wp","href":"https:\/\/api.w.org\/{rel}","templated":true}]}}